{"id":7536,"date":"2024-01-08T09:29:02","date_gmt":"2024-01-08T09:29:02","guid":{"rendered":"https:\/\/wpapigments.com\/?post_type=product&amp;p=5762"},"modified":"2024-01-08T09:29:02","modified_gmt":"2024-01-08T09:29:02","slug":"pigment-orange-36-fast-orange-hl-p-o-36-cas-no-12236-62-3","status":"publish","type":"product","link":"https:\/\/wpachem.com\/tr\/urun\/pigment-orange-36-fast-orange-hl-p-o-36-cas-no-12236-62-3\/","title":{"rendered":"Pigment Turuncu 36 (H\u0131zl\u0131 Turuncu HL)\/PO36 CAS No.12236-62-3"},"content":{"rendered":"<p><strong>\u00d6zellik<\/strong><\/p>\n<p><strong><b>Erkek \u00d6zellikleri<\/b><\/strong>: K\u0131rm\u0131z\u0131 g\u00f6lge, iyi d\u00f6v\u00fc\u015f\u00fcr<\/p>\n<p><strong><b>Ba\u015fvuru:<\/b><\/strong><\/p>\n<ul>\n<li>Boya Kullan\u0131m\u0131: End\u00fcstriyel Boya, Toz Boya, Oto Boya, Dekoratif Kaplama, Tekstil Bask\u0131, Su Bazl\u0131 Boya.<\/li>\n<\/ul>","protected":false},"excerpt":{"rendered":"<p><strong><b>\u00dcr\u00fcn Ad\u0131<\/b><\/strong><strong><b>:<\/b><\/strong>H\u0131zl\u0131 Turuncu HL<\/p>\n<p><strong>Renk \u0130ndeksi:<\/strong>\u00a0PO36<\/p>\n<p><strong>D\u0131\u015f g\u00f6r\u00fcn\u00fc\u015f:<\/strong>\u00a0portakal tozu<\/p>\n<p><strong>CAS Numaras\u0131.<\/strong><strong>:<\/strong>12236-62-3<\/p>\n<p><strong>Di\u011fer Ad\u0131:<\/strong>BENZ\u0130M\u0130DAZALON TURUNCU HL\uff1b;S\u0130P\u0130GMETNORANGE36; Pigment Turuncu 36<\/p>","protected":false},"featured_media":7617,"template":"","meta":{"_acf_changed":false,"_gspb_post_css":""},"product_brand":[],"product_cat":[163,70],"product_tag":[],"class_list":{"0":"post-7536","1":"product","2":"type-product","3":"status-publish","4":"has-post-thumbnail","6":"product_cat-for-paints-and-coatings","7":"product_cat-organic-pigment","9":"first","10":"instock","11":"shipping-taxable","12":"product-type-simple"},"acf":[],"_links":{"self":[{"href":"https:\/\/wpachem.com\/tr\/wp-json\/wp\/v2\/product\/7536","targetHints":{"allow":["GET"]}}],"collection":[{"href":"https:\/\/wpachem.com\/tr\/wp-json\/wp\/v2\/product"}],"about":[{"href":"https:\/\/wpachem.com\/tr\/wp-json\/wp\/v2\/types\/product"}],"version-history":[{"count":0,"href":"https:\/\/wpachem.com\/tr\/wp-json\/wp\/v2\/product\/7536\/revisions"}],"wp:featuredmedia":[{"embeddable":true,"href":"https:\/\/wpachem.com\/tr\/wp-json\/wp\/v2\/media\/7617"}],"wp:attachment":[{"href":"https:\/\/wpachem.com\/tr\/wp-json\/wp\/v2\/media?parent=7536"}],"wp:term":[{"taxonomy":"product_brand","embeddable":true,"href":"https:\/\/wpachem.com\/tr\/wp-json\/wp\/v2\/product_brand?post=7536"},{"taxonomy":"product_cat","embeddable":true,"href":"https:\/\/wpachem.com\/tr\/wp-json\/wp\/v2\/product_cat?post=7536"},{"taxonomy":"product_tag","embeddable":true,"href":"https:\/\/wpachem.com\/tr\/wp-json\/wp\/v2\/product_tag?post=7536"}],"curies":[{"name":"wp","href":"https:\/\/api.w.org\/{rel}","templated":true}]}}