{"id":7538,"date":"2024-01-08T09:46:28","date_gmt":"2024-01-08T09:46:28","guid":{"rendered":"https:\/\/wpapigments.com\/?post_type=product&amp;p=5769"},"modified":"2024-01-08T09:46:28","modified_gmt":"2024-01-08T09:46:28","slug":"pigment-yellow-183-permanent-yellow-sgp-p-y-183-cas-no-65212-77-3","status":"publish","type":"product","link":"https:\/\/wpachem.com\/tr\/urun\/pigment-yellow-183-permanent-yellow-sgp-p-y-183-cas-no-65212-77-3\/","title":{"rendered":"Pigment Sar\u0131 183 (Kal\u0131c\u0131 Sar\u0131 SGP)\/PY183 CAS No.65212-77-3"},"content":{"rendered":"<p><strong>\u00d6zellik<\/strong><\/p>\n<p><strong><b>Erkek \u00d6zellikleri<\/b><\/strong>: \u0130yi da\u011f\u0131labilirlik, Plastik i\u00e7in \u00f6zel<\/p>\n<p><strong><b>Ba\u015fvuru:<\/b><\/strong><\/p>\n<ul>\n<li>Plastik Kullan\u0131m\u0131: PVC, PP, PE, PS, ABS, EVA, Kau\u00e7uk.<\/li>\n<\/ul>","protected":false},"excerpt":{"rendered":"<p><strong><b>\u00dcr\u00fcn Ad\u0131<\/b><\/strong><strong><b>:<\/b><\/strong><strong>\u00a0<\/strong>Kal\u0131c\u0131 Sar\u0131 SGP<\/p>\n<p><strong>Renk \u0130ndeksi:<\/strong>\u00a0PO183<\/p>\n<p><strong>D\u0131\u015f g\u00f6r\u00fcn\u00fc\u015f:<\/strong>\u00a0sar\u0131 toz<\/p>\n<p><strong>CAS Numaras\u0131.<\/strong><strong>:<\/strong>65212-77-3<\/p>\n<p><strong>Di\u011fer Ad\u0131:<\/strong>kalsiyum tuzu; Plasco sar\u0131s\u0131 183;Pigment Turuncusu 183<\/p>","protected":false},"featured_media":7620,"template":"","meta":{"_acf_changed":false,"_gspb_post_css":""},"product_brand":[],"product_cat":[70,161],"product_tag":[],"class_list":{"0":"post-7538","1":"product","2":"type-product","3":"status-publish","4":"has-post-thumbnail","6":"product_cat-organic-pigment","7":"product_cat-for-plastics","9":"first","10":"instock","11":"shipping-taxable","12":"product-type-simple"},"acf":[],"_links":{"self":[{"href":"https:\/\/wpachem.com\/tr\/wp-json\/wp\/v2\/product\/7538","targetHints":{"allow":["GET"]}}],"collection":[{"href":"https:\/\/wpachem.com\/tr\/wp-json\/wp\/v2\/product"}],"about":[{"href":"https:\/\/wpachem.com\/tr\/wp-json\/wp\/v2\/types\/product"}],"version-history":[{"count":0,"href":"https:\/\/wpachem.com\/tr\/wp-json\/wp\/v2\/product\/7538\/revisions"}],"wp:featuredmedia":[{"embeddable":true,"href":"https:\/\/wpachem.com\/tr\/wp-json\/wp\/v2\/media\/7620"}],"wp:attachment":[{"href":"https:\/\/wpachem.com\/tr\/wp-json\/wp\/v2\/media?parent=7538"}],"wp:term":[{"taxonomy":"product_brand","embeddable":true,"href":"https:\/\/wpachem.com\/tr\/wp-json\/wp\/v2\/product_brand?post=7538"},{"taxonomy":"product_cat","embeddable":true,"href":"https:\/\/wpachem.com\/tr\/wp-json\/wp\/v2\/product_cat?post=7538"},{"taxonomy":"product_tag","embeddable":true,"href":"https:\/\/wpachem.com\/tr\/wp-json\/wp\/v2\/product_tag?post=7538"}],"curies":[{"name":"wp","href":"https:\/\/api.w.org\/{rel}","templated":true}]}}