{"id":7541,"date":"2024-01-09T03:45:56","date_gmt":"2024-01-09T03:45:56","guid":{"rendered":"https:\/\/wpapigments.com\/?post_type=product&amp;p=5784"},"modified":"2024-01-09T03:45:56","modified_gmt":"2024-01-09T03:45:56","slug":"pigment-blue-15-pigment-bgncf-phthalo-blue-bgncf-p-b-154-cas-147-14-8","status":"publish","type":"product","link":"https:\/\/wpachem.com\/tr\/urun\/pigment-blue-15-pigment-bgncf-phthalo-blue-bgncf-p-b-154-cas-147-14-8\/","title":{"rendered":"Pigment Mavi 15\/Pigment BGNCF Ftalo Mavi BGNCF\/PB15:4 CAS 147-14-8"},"content":{"rendered":"<p><b>\u00dcr\u00fcn ad\u0131:<\/b><\/p>\n<p>Pigment Mavi 15<\/p>\n<p><b>Karakter:<\/b><br \/>\nPigment Blue 15, mor parlakl\u0131\u011fa sahip parlak mavi kristallerdir.<\/p>\n<p><b>Fiziksel ve kimyasal \u00f6zellikler:<\/b><\/p>\n<table width=\"753\">\n<tbody>\n<tr>\n<td colspan=\"2\" rowspan=\"2\" width=\"334\">\u7269\u5316\u6570\u636e<br \/>\nFiziksel Veriler<\/td>\n<td width=\"239\">Yo\u011funluk g\/CM3<\/td>\n<td width=\"180\">1.50-1.70<\/td>\n<\/tr>\n<tr>\n<td width=\"239\">\u5438\u6cb9\u91cf Ya\u011f Absorbsiyonu ml\/100g<\/td>\n<td width=\"180\">40-55<\/td>\n<\/tr>\n<tr>\n<td colspan=\"2\" rowspan=\"7\" width=\"334\">Amerika Birle\u015fik Devletleri<br \/>\nH\u0131zl\u0131l\u0131k \u00d6zellikleri<\/td>\n<td width=\"239\">I\u015f\u0131k Hasl\u0131\u011f\u0131<\/td>\n<td width=\"180\">7<\/td>\n<\/tr>\n<tr>\n<td width=\"239\">Is\u0131 Direnci<\/td>\n<td width=\"180\">260<\/td>\n<\/tr>\n<tr>\n<td width=\"239\">Suya Dayan\u0131kl\u0131l\u0131k<\/td>\n<td width=\"180\">5<\/td>\n<\/tr>\n<tr>\n<td width=\"239\">Ya\u011f Direnci<\/td>\n<td width=\"180\">5<\/td>\n<\/tr>\n<tr>\n<td width=\"239\">Asit Direnci<\/td>\n<td width=\"180\">5<\/td>\n<\/tr>\n<tr>\n<td width=\"239\">Alkali Direnci<\/td>\n<td width=\"180\">5<\/td>\n<\/tr>\n<tr>\n<td width=\"239\">Alkol Direnci<\/td>\n<td width=\"180\">5<\/td>\n<\/tr>\n<\/tbody>\n<\/table>\n<p>&nbsp;<\/p>\n<p><strong>Ba\u015fvuru:<\/strong><\/p>\n<p>Esas olarak Ofset M\u00fcrekkep i\u00e7in kullan\u0131l\u0131r<\/p>\n<p>1)M\u00fcrekkep Kullan\u0131m\u0131: Ofset M\u00fcrekkep, Metal Deko, Solvent Bazl\u0131 M\u00fcrekkep<\/p>\n<p>&nbsp;<\/p>","protected":false},"excerpt":{"rendered":"<p><strong>\u00dcr\u00fcn Ad\u0131:<\/strong> Pigment Mavi 15<\/p>\n<p><strong>Renk \u0130ndeksi:<\/strong> PB15:4<\/p>\n<p><strong>D\u0131\u015f g\u00f6r\u00fcn\u00fc\u015f:<\/strong> Mavi toz<\/p>\n<p><strong>CAS Numaras\u0131: <\/strong>147-14-8<\/p>\n<p><strong>Di\u011fer Ad\u0131:<\/strong><\/p>\n<p>LT-E201<br \/>\nceresbluebhr<br \/>\n(29H,31H-ftalin<br \/>\nkromateksimavibn<br \/>\ncalcotonebluegp<br \/>\nBak\u0131r(II) Ftalosiyanin (\u03b1-formu)<br \/>\noksiyaninato(2-)-N29,N30,N31,N32)bak\u0131r<br \/>\nPigment Blue 15 (s\u00fcblimasyonla safla\u015ft\u0131r\u0131lm\u0131\u015f)<\/p>\n<dl><\/dl>\n<p>&nbsp;<\/p>\n<p>&nbsp;<\/p>\n<p>&nbsp;<\/p>\n<p>&nbsp;<\/p>","protected":false},"featured_media":7631,"template":"","meta":{"_acf_changed":false,"_gspb_post_css":""},"product_brand":[],"product_cat":[70,162],"product_tag":[],"class_list":{"0":"post-7541","1":"product","2":"type-product","3":"status-publish","4":"has-post-thumbnail","6":"product_cat-organic-pigment","7":"product_cat-for-inks","9":"first","10":"instock","11":"shipping-taxable","12":"product-type-simple"},"acf":[],"_links":{"self":[{"href":"https:\/\/wpachem.com\/tr\/wp-json\/wp\/v2\/product\/7541","targetHints":{"allow":["GET"]}}],"collection":[{"href":"https:\/\/wpachem.com\/tr\/wp-json\/wp\/v2\/product"}],"about":[{"href":"https:\/\/wpachem.com\/tr\/wp-json\/wp\/v2\/types\/product"}],"version-history":[{"count":0,"href":"https:\/\/wpachem.com\/tr\/wp-json\/wp\/v2\/product\/7541\/revisions"}],"wp:featuredmedia":[{"embeddable":true,"href":"https:\/\/wpachem.com\/tr\/wp-json\/wp\/v2\/media\/7631"}],"wp:attachment":[{"href":"https:\/\/wpachem.com\/tr\/wp-json\/wp\/v2\/media?parent=7541"}],"wp:term":[{"taxonomy":"product_brand","embeddable":true,"href":"https:\/\/wpachem.com\/tr\/wp-json\/wp\/v2\/product_brand?post=7541"},{"taxonomy":"product_cat","embeddable":true,"href":"https:\/\/wpachem.com\/tr\/wp-json\/wp\/v2\/product_cat?post=7541"},{"taxonomy":"product_tag","embeddable":true,"href":"https:\/\/wpachem.com\/tr\/wp-json\/wp\/v2\/product_tag?post=7541"}],"curies":[{"name":"wp","href":"https:\/\/api.w.org\/{rel}","templated":true}]}}