{"id":7551,"date":"2024-01-09T08:33:49","date_gmt":"2024-01-09T08:33:49","guid":{"rendered":"https:\/\/wpapigments.com\/?post_type=product&amp;p=5832"},"modified":"2024-01-09T08:33:49","modified_gmt":"2024-01-09T08:33:49","slug":"pigment-green-7-phthalo-green-g%ef%bc%88vo-700b-p-g-7-cas-no-1328-53-6","status":"publish","type":"product","link":"https:\/\/wpachem.com\/tr\/urun\/pigment-green-7-phthalo-green-g%ef%bc%88vo-700b-p-g-7-cas-no-1328-53-6\/","title":{"rendered":"Pigment Ye\u015fil 7 (Ftalo Ye\u015fil G\uff08VO-700B))\/PG7 CAS No.1328-53-6"},"content":{"rendered":"<p><strong>\u00d6zellik<\/strong><\/p>\n<p><strong><b>Erkek \u00d6zellikleri<\/b><\/strong>:Mavi g\u00f6lge,Y\u00fcksek mukavemet,Y\u00fcksek parlakl\u0131k,\u00dcniversal tip<\/p>\n<p><strong><b>Ba\u015fvuru:<\/b><\/strong><\/p>\n<ul>\n<li>\u00a0Boya Kullan\u0131m\u0131: End\u00fcstriyel Boya, Toz Boya, Oto Boya, Dekoratif Kaplama, Tekstil Bask\u0131, Su Bazl\u0131 Boya.<\/li>\n<\/ul>","protected":false},"excerpt":{"rendered":"<p><strong><b>\u00dcr\u00fcn Ad\u0131<\/b><\/strong><strong><b>:<\/b><\/strong>Ftalo Ye\u015fil G\uff08VO-700B)<\/p>\n<p><strong>Renk \u0130ndeksi:<\/strong>\u00a0PY7<\/p>\n<p><strong>D\u0131\u015f g\u00f6r\u00fcn\u00fc\u015f:<\/strong>\u00a0ye\u015fil toz<\/p>\n<p><strong>CAS Numaras\u0131.<\/strong><strong>:<\/strong>1328-53-6<\/p>\n<p><strong>Di\u011fer Ad\u0131:<\/strong><strong>\u00a0<\/strong>pigment ye\u015fil 7<\/p>","protected":false},"featured_media":7633,"template":"","meta":{"_acf_changed":false,"_gspb_post_css":""},"product_brand":[],"product_cat":[163,70],"product_tag":[],"class_list":{"0":"post-7551","1":"product","2":"type-product","3":"status-publish","4":"has-post-thumbnail","6":"product_cat-for-paints-and-coatings","7":"product_cat-organic-pigment","9":"first","10":"instock","11":"shipping-taxable","12":"product-type-simple"},"acf":[],"_links":{"self":[{"href":"https:\/\/wpachem.com\/tr\/wp-json\/wp\/v2\/product\/7551","targetHints":{"allow":["GET"]}}],"collection":[{"href":"https:\/\/wpachem.com\/tr\/wp-json\/wp\/v2\/product"}],"about":[{"href":"https:\/\/wpachem.com\/tr\/wp-json\/wp\/v2\/types\/product"}],"version-history":[{"count":0,"href":"https:\/\/wpachem.com\/tr\/wp-json\/wp\/v2\/product\/7551\/revisions"}],"wp:featuredmedia":[{"embeddable":true,"href":"https:\/\/wpachem.com\/tr\/wp-json\/wp\/v2\/media\/7633"}],"wp:attachment":[{"href":"https:\/\/wpachem.com\/tr\/wp-json\/wp\/v2\/media?parent=7551"}],"wp:term":[{"taxonomy":"product_brand","embeddable":true,"href":"https:\/\/wpachem.com\/tr\/wp-json\/wp\/v2\/product_brand?post=7551"},{"taxonomy":"product_cat","embeddable":true,"href":"https:\/\/wpachem.com\/tr\/wp-json\/wp\/v2\/product_cat?post=7551"},{"taxonomy":"product_tag","embeddable":true,"href":"https:\/\/wpachem.com\/tr\/wp-json\/wp\/v2\/product_tag?post=7551"}],"curies":[{"name":"wp","href":"https:\/\/api.w.org\/{rel}","templated":true}]}}