{"id":7553,"date":"2024-01-11T08:25:37","date_gmt":"2024-01-11T08:25:37","guid":{"rendered":"https:\/\/wpapigments.com\/?post_type=product&amp;p=5843"},"modified":"2024-01-11T08:25:37","modified_gmt":"2024-01-11T08:25:37","slug":"pigment-black-26-ferromanganese-black-p-bk-26","status":"publish","type":"product","link":"https:\/\/wpachem.com\/tr\/urun\/pigment-black-26-ferromanganese-black-p-bk-26\/","title":{"rendered":"Pigment Siyah 26 Ferromanganez Siyah P.Bk.26"},"content":{"rendered":"<p><strong>\u00d6zellikleri:\u00a0<\/strong><\/p>\n<ul>\n<li>\u00a0Yo\u011funluk (g\/CM3): 5.0<\/li>\n<li>\u00a0Ya\u011f Absorbsiyonu ml\/100g: 25-30<\/li>\n<li>\u00a0Is\u0131 Direnci: 800<\/li>\n<li>\u00a0I\u015f\u0131k Hasl\u0131\u011f\u0131: 8<\/li>\n<li>\u00a0Asit Direnci: 5<\/li>\n<li>\u00a0Alkali Direnci: 5<\/li>\n<\/ul>\n<p><strong>Ba\u015fvuru:\u00a0<\/strong><\/p>\n<p>CI No.: P.Bk.26 Pigment Black 26 Ferromanganez Siyah\u0131, End\u00fcstriyel boya, Oto boyas\u0131, \u0130n\u015faat\/End\u00fcstriyel boya, PVC ve di\u011fer Plastiklerde kullan\u0131labilir.<\/p>","protected":false},"excerpt":{"rendered":"<p>\u00dcr\u00fcn Ad\u0131: Pigment Siyah 26<\/p>\n<p>Di\u011fer Ad\u0131: Ferromanganez Siyah<\/p>\n<p>G\u00f6r\u00fcn\u00fcm: Siyah Toz<\/p>\n<p>&nbsp;<\/p>","protected":false},"featured_media":7634,"template":"","meta":{"_acf_changed":false,"_gspb_post_css":""},"product_brand":[],"product_cat":[54],"product_tag":[],"class_list":{"0":"post-7553","1":"product","2":"type-product","3":"status-publish","4":"has-post-thumbnail","6":"product_cat-inorganic-pigments","8":"first","9":"instock","10":"shipping-taxable","11":"product-type-simple"},"acf":[],"_links":{"self":[{"href":"https:\/\/wpachem.com\/tr\/wp-json\/wp\/v2\/product\/7553","targetHints":{"allow":["GET"]}}],"collection":[{"href":"https:\/\/wpachem.com\/tr\/wp-json\/wp\/v2\/product"}],"about":[{"href":"https:\/\/wpachem.com\/tr\/wp-json\/wp\/v2\/types\/product"}],"version-history":[{"count":0,"href":"https:\/\/wpachem.com\/tr\/wp-json\/wp\/v2\/product\/7553\/revisions"}],"wp:featuredmedia":[{"embeddable":true,"href":"https:\/\/wpachem.com\/tr\/wp-json\/wp\/v2\/media\/7634"}],"wp:attachment":[{"href":"https:\/\/wpachem.com\/tr\/wp-json\/wp\/v2\/media?parent=7553"}],"wp:term":[{"taxonomy":"product_brand","embeddable":true,"href":"https:\/\/wpachem.com\/tr\/wp-json\/wp\/v2\/product_brand?post=7553"},{"taxonomy":"product_cat","embeddable":true,"href":"https:\/\/wpachem.com\/tr\/wp-json\/wp\/v2\/product_cat?post=7553"},{"taxonomy":"product_tag","embeddable":true,"href":"https:\/\/wpachem.com\/tr\/wp-json\/wp\/v2\/product_tag?post=7553"}],"curies":[{"name":"wp","href":"https:\/\/api.w.org\/{rel}","templated":true}]}}