{"id":7554,"date":"2024-01-11T08:41:45","date_gmt":"2024-01-11T08:41:45","guid":{"rendered":"https:\/\/wpapigments.com\/?post_type=product&amp;p=5848"},"modified":"2024-01-11T08:41:45","modified_gmt":"2024-01-11T08:41:45","slug":"pigment-black-27-cobalt-ferrochrome-nickel-black-p-bk-27","status":"publish","type":"product","link":"https:\/\/wpachem.com\/tr\/urun\/pigment-black-27-cobalt-ferrochrome-nickel-black-p-bk-27\/","title":{"rendered":"Pigment Siyah 27 Kobalt Ferrokrom Nikel siyah P.Bk.27"},"content":{"rendered":"<p><strong>\u00d6zellikleri:\u00a0<\/strong><\/p>\n<ul>\n<li>\u00a0Yo\u011funluk (g\/CM3): 5.2<\/li>\n<li>\u00a0Ya\u011f Absorbsiyonu ml\/100g: 25-31<\/li>\n<li>\u00a0Is\u0131 Direnci: 1100<\/li>\n<li>\u00a0I\u015f\u0131k Hasl\u0131\u011f\u0131: 8<\/li>\n<li>\u00a0Asit Direnci: 5<\/li>\n<li>\u00a0Alkali Direnci: 5<\/li>\n<\/ul>\n<p><strong>Ba\u015fvuru:\u00a0<\/strong><\/p>\n<p>CI No.: P.Bk.27 Pigment Siyah 27 Kobalt Ferrokrom Nikel siyah\u0131 End\u00fcstriyel boya, Oto boyas\u0131, \u0130n\u015faat\/End\u00fcstriyel boya, PVC ve di\u011fer Plastiklerde kullan\u0131labilir.<\/p>","protected":false},"excerpt":{"rendered":"<p>\u00dcr\u00fcn Ad\u0131: Pigment Siyah 27<\/p>\n<p>Di\u011fer Ad\u0131: Kobalt Ferrokrom Nikel siyah<\/p>\n<p>G\u00f6r\u00fcn\u00fcm: Siyah Toz<\/p>\n<p>&nbsp;<\/p>","protected":false},"featured_media":7637,"template":"","meta":{"_acf_changed":false,"_gspb_post_css":""},"product_brand":[],"product_cat":[54],"product_tag":[],"class_list":{"0":"post-7554","1":"product","2":"type-product","3":"status-publish","4":"has-post-thumbnail","6":"product_cat-inorganic-pigments","8":"first","9":"instock","10":"shipping-taxable","11":"product-type-simple"},"acf":[],"_links":{"self":[{"href":"https:\/\/wpachem.com\/tr\/wp-json\/wp\/v2\/product\/7554","targetHints":{"allow":["GET"]}}],"collection":[{"href":"https:\/\/wpachem.com\/tr\/wp-json\/wp\/v2\/product"}],"about":[{"href":"https:\/\/wpachem.com\/tr\/wp-json\/wp\/v2\/types\/product"}],"version-history":[{"count":0,"href":"https:\/\/wpachem.com\/tr\/wp-json\/wp\/v2\/product\/7554\/revisions"}],"wp:featuredmedia":[{"embeddable":true,"href":"https:\/\/wpachem.com\/tr\/wp-json\/wp\/v2\/media\/7637"}],"wp:attachment":[{"href":"https:\/\/wpachem.com\/tr\/wp-json\/wp\/v2\/media?parent=7554"}],"wp:term":[{"taxonomy":"product_brand","embeddable":true,"href":"https:\/\/wpachem.com\/tr\/wp-json\/wp\/v2\/product_brand?post=7554"},{"taxonomy":"product_cat","embeddable":true,"href":"https:\/\/wpachem.com\/tr\/wp-json\/wp\/v2\/product_cat?post=7554"},{"taxonomy":"product_tag","embeddable":true,"href":"https:\/\/wpachem.com\/tr\/wp-json\/wp\/v2\/product_tag?post=7554"}],"curies":[{"name":"wp","href":"https:\/\/api.w.org\/{rel}","templated":true}]}}