{"id":7559,"date":"2024-01-11T09:15:20","date_gmt":"2024-01-11T09:15:20","guid":{"rendered":"https:\/\/wpapigments.com\/?post_type=product&#038;p=5862"},"modified":"2024-06-12T05:31:30","modified_gmt":"2024-06-12T05:31:30","slug":"titanium-dioxide-wr-776-sulfate-process-coatingprinting-ink-using","status":"publish","type":"product","link":"https:\/\/wpachem.com\/tr\/urun\/titanium-dioxide-wr-776-sulfate-process-coatingprinting-ink-using\/","title":{"rendered":"Titanyum Dioksit WR 776 S\u00fclfat \u0130\u015flem Kaplama ve Bask\u0131 M\u00fcrekkebi Kullan\u0131m\u0131"},"content":{"rendered":"<p><strong>\u00d6zellikleri:<\/strong><\/p>\n<p>\u0130thal de\u011firmende \u0131slak \u00f6\u011f\u00fct\u00fclm\u00fc\u015f, iyi tanecik boyutu da\u011f\u0131l\u0131m\u0131na sahip, zirkonyum oksit ve al\u00fcminyum oksit inorganik bile\u015fiklerle kaplanm\u0131\u015f \u00e7ok ama\u00e7l\u0131 bir \u00fcr\u00fcnd\u00fcr.<\/p>\n<p>&nbsp;<\/p>\n<p><strong>\u015eartname:<\/strong><\/p>\n<table>\n<tbody>\n<tr>\n<td width=\"398\"><strong>\u00d6\u011feler<\/strong><\/p>\n<p>&nbsp;<\/td>\n<td width=\"202\"><strong>\u015eartname<\/strong><\/p>\n<p>&nbsp;<\/td>\n<td width=\"251\"><strong>Tipik Analiz<\/strong><\/p>\n<p>&nbsp;<\/td>\n<\/tr>\n<tr>\n<td width=\"398\">TiO2 i\u00e7eri\u011fi (wt%) min.<\/td>\n<td width=\"202\">95.0<\/td>\n<td width=\"251\">95.0<\/td>\n<\/tr>\n<tr>\n<td width=\"398\">Madde 105\u2103&#039;de (wt%) maksimum u\u00e7ucu.<\/td>\n<td width=\"202\">0.5<\/td>\n<td width=\"251\">0.3<\/td>\n<\/tr>\n<tr>\n<td width=\"398\">Suda \u00e7\u00f6z\u00fcnebilen madde (wt%) max.<\/td>\n<td width=\"202\">0.3<\/td>\n<td width=\"251\">0.2<\/td>\n<\/tr>\n<tr>\n<td width=\"398\">Elek \u00fczerindeki kal\u0131nt\u0131 (45\u03bcm) (wt%) maks.<\/td>\n<td width=\"202\">0.05<\/td>\n<td width=\"251\">0.02<\/td>\n<\/tr>\n<tr>\n<td width=\"398\">Sulu s\u00fcspansiyonun pH&#039;\u0131<\/td>\n<td width=\"202\">5.5-7.5<\/td>\n<td width=\"251\">6.5<\/td>\n<\/tr>\n<tr>\n<td width=\"398\">Renk (L*) min.<\/td>\n<td width=\"202\">94.5<\/td>\n<td width=\"251\">95.5<\/td>\n<\/tr>\n<tr>\n<td width=\"398\">Sa\u00e7\u0131lma g\u00fcc\u00fc (%) min.<\/td>\n<td width=\"202\">100<\/td>\n<td width=\"251\">110<\/td>\n<\/tr>\n<tr>\n<td width=\"398\">Rutil \u0130\u00e7eri\u011fi (%) min.<\/td>\n<td width=\"202\">98<\/td>\n<td width=\"251\">99<\/td>\n<\/tr>\n<tr>\n<td width=\"398\">Sulu ekstrakt\u0131n direnci (\u03a9\u00b7m) min.<\/td>\n<td width=\"202\">100<\/td>\n<td width=\"251\">120<\/td>\n<\/tr>\n<tr>\n<td width=\"398\">Ya\u011f emilimi (g\/100g) max.<\/td>\n<td width=\"202\">21<\/td>\n<td width=\"251\">18<\/td>\n<\/tr>\n<\/tbody>\n<\/table>\n<p>&nbsp;<\/p>\n<p><strong>Ba\u015fvuru:\u00a0<\/strong><\/p>\n<p>Genel ama\u00e7l\u0131 serigrafi m\u00fcrekkebi ile boya ve kaplama ama\u00e7l\u0131 kullan\u0131l\u0131r.<\/p>\n<p>&nbsp;<\/p>\n<p><strong>Paket:<\/strong> 25kg, 500kg, 1000kg torbalar<\/p>","protected":false},"excerpt":{"rendered":"<p>\u00dcr\u00fcn Ad\u0131: Titanyum Dioksit WR 776 S\u00fclfat \u0130\u015flem Kaplama ve Bask\u0131 M\u00fcrekkebi Kullan\u0131m\u0131<\/p>\n<p>CAS Numaras\u0131: 1317-80-2<\/p>\n<p>MF: Tio2<\/p>\n<p>EINECS Numaras\u0131: 215-282-2<\/p>\n<p>G\u00f6r\u00fcn\u00fcm: Beyaz toz<\/p>","protected":false},"featured_media":2103,"template":"","meta":{"_acf_changed":false,"_gspb_post_css":""},"product_brand":[],"product_cat":[67,164,54,66],"product_tag":[],"class_list":{"0":"post-7559","1":"product","2":"type-product","3":"status-publish","4":"has-post-thumbnail","6":"product_cat-sulfate-process","7":"product_cat-sulfate-process-titanium-dioxide","8":"product_cat-inorganic-pigments","9":"product_cat-titanium-dioxide","11":"first","12":"instock","13":"shipping-taxable","14":"product-type-simple"},"acf":[],"_links":{"self":[{"href":"https:\/\/wpachem.com\/tr\/wp-json\/wp\/v2\/product\/7559","targetHints":{"allow":["GET"]}}],"collection":[{"href":"https:\/\/wpachem.com\/tr\/wp-json\/wp\/v2\/product"}],"about":[{"href":"https:\/\/wpachem.com\/tr\/wp-json\/wp\/v2\/types\/product"}],"version-history":[{"count":0,"href":"https:\/\/wpachem.com\/tr\/wp-json\/wp\/v2\/product\/7559\/revisions"}],"wp:featuredmedia":[{"embeddable":true,"href":"https:\/\/wpachem.com\/tr\/wp-json\/wp\/v2\/media\/2103"}],"wp:attachment":[{"href":"https:\/\/wpachem.com\/tr\/wp-json\/wp\/v2\/media?parent=7559"}],"wp:term":[{"taxonomy":"product_brand","embeddable":true,"href":"https:\/\/wpachem.com\/tr\/wp-json\/wp\/v2\/product_brand?post=7559"},{"taxonomy":"product_cat","embeddable":true,"href":"https:\/\/wpachem.com\/tr\/wp-json\/wp\/v2\/product_cat?post=7559"},{"taxonomy":"product_tag","embeddable":true,"href":"https:\/\/wpachem.com\/tr\/wp-json\/wp\/v2\/product_tag?post=7559"}],"curies":[{"name":"wp","href":"https:\/\/api.w.org\/{rel}","templated":true}]}}