{"id":7560,"date":"2024-01-11T09:22:41","date_gmt":"2024-01-11T09:22:41","guid":{"rendered":"https:\/\/wpapigments.com\/?post_type=product&#038;p=5865"},"modified":"2024-06-12T05:28:17","modified_gmt":"2024-06-12T05:28:17","slug":"titanium-dioxide-wcr-568-chloride-process-masterbatch-using","status":"publish","type":"product","link":"https:\/\/wpachem.com\/tr\/urun\/titanium-dioxide-wcr-568-chloride-process-masterbatch-using\/","title":{"rendered":"Titanyum Dioksit WCR 568 Klor\u00fcr Proses Masterbatch&#039;i kullanarak"},"content":{"rendered":"<p><strong>\u00d6zellikleri:<\/strong><\/p>\n<p>WCR-568, geli\u015fmi\u015f klor\u00fcr i\u015flemiyle \u00fcretilen ve \u00f6zel inorganik ve organik i\u015flemlerle i\u015flenen bir rutil titanyum dioksit pigmentidir. \u00dcr\u00fcn, \u00f6zel y\u00fczey i\u015fleme teknolojisiyle y\u00fcksek \u00f6rt\u00fcc\u00fcl\u00fck, iyi da\u011f\u0131labilirlik, m\u00fckemmel kuru toz ak\u0131\u015fkanl\u0131\u011f\u0131 ve m\u00fckemmel i\u015fleme performans\u0131 kazan\u0131r. Benzersiz bir poliolefin masterbatch tipi titanyum dioksittir.<\/p>\n<p>&nbsp;<\/p>\n<p><strong>\u015eartname:<\/strong><\/p>\n<table>\n<tbody>\n<tr>\n<td width=\"426\">Y\u00fczey i\u015fleme<\/td>\n<td width=\"426\">Al ve Organikler<\/td>\n<\/tr>\n<tr>\n<td width=\"426\">Dereceli standart<\/td>\n<td width=\"426\">1S0591:R2:ASTM D-476-84:\u2161(\u2163)<\/td>\n<\/tr>\n<tr>\n<td width=\"426\">\u00d6zellik<\/td>\n<td width=\"426\">M\u00fclk<\/td>\n<\/tr>\n<tr>\n<td width=\"426\">Tio2&#039;nin k\u00fctle y\u00fczdesi<\/td>\n<td width=\"426\">\u226596.0<\/td>\n<\/tr>\n<tr>\n<td width=\"426\">Rutil d\u00f6n\u00fc\u015f\u00fcm oran\u0131<\/td>\n<td width=\"426\">\u226599,0<\/td>\n<\/tr>\n<tr>\n<td width=\"426\">Ya\u011f faz\u0131 hafifli\u011fi \uff08L*\uff09<\/td>\n<td width=\"426\">\u226597.0<\/td>\n<\/tr>\n<tr>\n<td width=\"426\">B*<\/td>\n<td width=\"426\">\u22642.0<\/td>\n<\/tr>\n<tr>\n<td width=\"426\">(Renklendirme g\u00fcc\u00fc) TCS<\/td>\n<td width=\"426\">\u22651900<\/td>\n<\/tr>\n<tr>\n<td width=\"426\">Ya\u011f emilimi \/g\/100g<\/td>\n<td width=\"426\">\u226416.0<\/td>\n<\/tr>\n<tr>\n<td width=\"426\">pH de\u011feri<\/td>\n<td width=\"426\">6.5-8.5<\/td>\n<\/tr>\n<tr>\n<td width=\"426\">105\u2103&#039;de u\u00e7ucu maddenin k\u00fctle y\u00fczdesi<\/td>\n<td width=\"426\">\u22640,3<\/td>\n<\/tr>\n<tr>\n<td width=\"426\">Su s\u0131v\u0131 direncini \u00e7\u0131kar\u0131r\/\u03a9.m<\/td>\n<td width=\"426\">\u2265100<\/td>\n<\/tr>\n<tr>\n<td width=\"426\">Renk Tonu (SCX)<\/td>\n<td width=\"426\">4.0-5.5<\/td>\n<\/tr>\n<tr>\n<td width=\"426\">G\u00f6rsel beyazl\u0131k<\/td>\n<td width=\"426\">En az de\u011fil<\/td>\n<\/tr>\n<tr>\n<td width=\"426\">CIE<\/td>\n<td width=\"426\">\u226590.0<\/td>\n<\/tr>\n<tr>\n<td width=\"426\">Taramalar\u0131n k\u00fctle y\u00fczdesi (600 mesh)<\/td>\n<td width=\"426\">\u2264 0,002<\/td>\n<\/tr>\n<\/tbody>\n<\/table>\n<p>&nbsp;<\/p>\n<p><strong><b>\u00dcr\u00fcn \u00f6zelli\u011fi<\/b><\/strong><strong><b>ve<\/b><\/strong><\/p>\n<ul>\n<li>\u00a0Mavimsi alt ton<\/li>\n<li>\u00a0G\u00fc\u00e7l\u00fc gizleme g\u00fcc\u00fc ve g\u00fc\u00e7l\u00fc renklendirme g\u00fcc\u00fc<\/li>\n<li>\u00a0Polimeritler aras\u0131nda kolayca da\u011f\u0131l\u0131r<\/li>\n<li>\u00a0M\u00fckemmel i\u015fleme performans\u0131<\/li>\n<\/ul>\n<p>&nbsp;<\/p>\n<p><strong><b>Ba\u015fl\u0131ca Uygulamalar<\/b><\/strong><\/p>\n<ul>\n<li>PE, PP, ABS gibi m\u00fchendislik plastikleri<\/li>\n<li>PS ve kopolimeri,plastik tezgah<\/li>\n<\/ul>\n<p>&nbsp;<\/p>\n<p><strong>Paket:<\/strong> 25kg, 500kg, 1000kg torbalar<\/p>","protected":false},"excerpt":{"rendered":"<p>\u00dcr\u00fcn Ad\u0131: Titanyum Dioksit WCR 568 Klor\u00fcr Proses Masterbatch&#039;i kullanarak<\/p>\n<p>CAS Numaras\u0131: 1317-80-2<\/p>\n<p>MF: Tio2<\/p>\n<p>EINECS Numaras\u0131: 215-282-2<\/p>\n<p>G\u00f6r\u00fcn\u00fcm: Beyaz toz<\/p>","protected":false},"featured_media":2103,"template":"","meta":{"_acf_changed":false,"_gspb_post_css":""},"product_brand":[],"product_cat":[68,165,54,66],"product_tag":[],"class_list":{"0":"post-7560","1":"product","2":"type-product","3":"status-publish","4":"has-post-thumbnail","6":"product_cat-chloride-process","7":"product_cat-chloride-process-titanium-dioxide","8":"product_cat-inorganic-pigments","9":"product_cat-titanium-dioxide","11":"first","12":"instock","13":"shipping-taxable","14":"product-type-simple"},"acf":[],"_links":{"self":[{"href":"https:\/\/wpachem.com\/tr\/wp-json\/wp\/v2\/product\/7560","targetHints":{"allow":["GET"]}}],"collection":[{"href":"https:\/\/wpachem.com\/tr\/wp-json\/wp\/v2\/product"}],"about":[{"href":"https:\/\/wpachem.com\/tr\/wp-json\/wp\/v2\/types\/product"}],"version-history":[{"count":0,"href":"https:\/\/wpachem.com\/tr\/wp-json\/wp\/v2\/product\/7560\/revisions"}],"wp:featuredmedia":[{"embeddable":true,"href":"https:\/\/wpachem.com\/tr\/wp-json\/wp\/v2\/media\/2103"}],"wp:attachment":[{"href":"https:\/\/wpachem.com\/tr\/wp-json\/wp\/v2\/media?parent=7560"}],"wp:term":[{"taxonomy":"product_brand","embeddable":true,"href":"https:\/\/wpachem.com\/tr\/wp-json\/wp\/v2\/product_brand?post=7560"},{"taxonomy":"product_cat","embeddable":true,"href":"https:\/\/wpachem.com\/tr\/wp-json\/wp\/v2\/product_cat?post=7560"},{"taxonomy":"product_tag","embeddable":true,"href":"https:\/\/wpachem.com\/tr\/wp-json\/wp\/v2\/product_tag?post=7560"}],"curies":[{"name":"wp","href":"https:\/\/api.w.org\/{rel}","templated":true}]}}