{"id":7561,"date":"2024-01-11T09:25:32","date_gmt":"2024-01-11T09:25:32","guid":{"rendered":"https:\/\/wpapigments.com\/?post_type=product&#038;p=5867"},"modified":"2024-06-12T05:28:16","modified_gmt":"2024-06-12T05:28:16","slug":"titanium-dioxide-wcr-588-chloride-process-coating-using","status":"publish","type":"product","link":"https:\/\/wpachem.com\/tr\/urun\/titanium-dioxide-wcr-588-chloride-process-coating-using\/","title":{"rendered":"Titanyum Dioksit WCR 588 Klor\u00fcr \u0130\u015flem Kaplamas\u0131"},"content":{"rendered":"<p><strong>\u00d6zellikleri:<\/strong><\/p>\n<p>WCR-588, klor\u00fcr i\u015flemiyle \u00fcretilen ve \u00f6zel y\u00fczey i\u015flemiyle i\u015flenen \u00e7ok ama\u00e7l\u0131 bir dioksit pigmentidir. Bu \u00fcr\u00fcn optimum par\u00e7ac\u0131k boyutu da\u011f\u0131l\u0131m\u0131na sahiptir. Kaplamalar, m\u00fcrekkepler, ka\u011f\u0131t ve plastikler dahil olmak \u00fczere \u00e7ok \u00e7e\u015fitli uygulamalarda y\u00fcksek performans sa\u011flamak \u00fczere tasarlanm\u0131\u015ft\u0131r. WCR-588, m\u00fc\u015fterilerin envanter maliyetini etkili bir \u015fekilde azaltan \u00e7e\u015fitli titanyum dioksit kullanma ihtiya\u00e7lar\u0131n\u0131 ayn\u0131 anda kar\u015f\u0131layabilir.<\/p>\n<p>&nbsp;<\/p>\n<p><strong>\u015eartname:<\/strong><\/p>\n<table>\n<tbody>\n<tr>\n<td width=\"426\">Y\u00fczey i\u015fleme<\/td>\n<td width=\"426\">Al ve Organikler<\/td>\n<\/tr>\n<tr>\n<td width=\"426\">Dereceli standart<\/td>\n<td width=\"426\">1S0591:R2:ASTM D-476-84:\u2161(V)\u3011<\/td>\n<\/tr>\n<tr>\n<td width=\"426\">\u00d6zellik<\/td>\n<td width=\"426\">Dizin<\/td>\n<\/tr>\n<tr>\n<td width=\"426\">Tio2&#039;nin k\u00fctle y\u00fczdesi<\/td>\n<td width=\"426\">94.0<\/td>\n<\/tr>\n<tr>\n<td width=\"426\">Rutil d\u00f6n\u00fc\u015f\u00fcm oran\u0131<\/td>\n<td width=\"426\">\u226599,0<\/td>\n<\/tr>\n<tr>\n<td width=\"426\">Ya\u011f faz\u0131 hafifli\u011fi<\/td>\n<td width=\"426\">\u226597.0<\/td>\n<\/tr>\n<tr>\n<td width=\"426\">B*<\/td>\n<td width=\"426\">\u22642.0<\/td>\n<\/tr>\n<tr>\n<td width=\"426\">(Renklendirme g\u00fcc\u00fc)TCS<\/td>\n<td width=\"426\">\u22651900<\/td>\n<\/tr>\n<tr>\n<td width=\"426\">Ya\u011f emilimi \/g\/100g<\/td>\n<td width=\"426\">\u226418.0<\/td>\n<\/tr>\n<tr>\n<td width=\"426\">pH de\u011feri<\/td>\n<td width=\"426\">6.0-8.5<\/td>\n<\/tr>\n<tr>\n<td width=\"426\">105\u2103&#039;de u\u00e7ucu maddenin k\u00fctle y\u00fczdesi<\/td>\n<td width=\"426\">\u22640,5<\/td>\n<\/tr>\n<tr>\n<td width=\"426\">Su s\u0131v\u0131 direncini \u00e7\u0131kar\u0131r\/\u03a9.m<\/td>\n<td width=\"426\">\u2265100<\/td>\n<\/tr>\n<tr>\n<td width=\"426\">Ya\u011f da\u011f\u0131tma<\/td>\n<td width=\"426\">\u22656.0<\/td>\n<\/tr>\n<tr>\n<td width=\"426\">Renk Tonu (SCX)<\/td>\n<td width=\"426\">3.5-5.0<\/td>\n<\/tr>\n<tr>\n<td width=\"426\">G\u00f6rsel beyazl\u0131k<\/td>\n<td width=\"426\">En az de\u011fil<\/td>\n<\/tr>\n<tr>\n<td width=\"426\">CIE<\/td>\n<td width=\"426\">\u2265 90.0<\/td>\n<\/tr>\n<tr>\n<td width=\"426\">Taramalar\u0131n k\u00fctle y\u00fczdesi (45 um)<\/td>\n<td width=\"426\">\u2264 0,05<\/td>\n<\/tr>\n<tr>\n<td width=\"426\">Temizlik<\/td>\n<td width=\"426\">\u2265 B S\u0131n\u0131f\u0131<\/td>\n<\/tr>\n<\/tbody>\n<\/table>\n<p>&nbsp;<\/p>\n<p><strong><b>\u00dcr\u00fcn \u00f6zelli\u011fi<\/b><\/strong><strong><b>ve<\/b><\/strong><\/p>\n<ul>\n<li>\u00a0Mavimsi alt ton<\/li>\n<li>\u00a0Y\u00fcksek parlakl\u0131k<\/li>\n<li>Y\u00fcksek dayan\u0131kl\u0131l\u0131k<\/li>\n<li>\u00a0\u00c7ok i\u015flevli<\/li>\n<\/ul>\n<p><strong><b>Ba\u015fl\u0131ca Uygulamalar<\/b><\/strong><\/p>\n<ul>\n<li>\u00a0\u0130\u00e7 ve d\u0131\u015f mekanlarda parlak, yar\u0131 parlak mimari kaplamalar; Otomotiv OEM ve yeniden kaplama boyalar\u0131, bobin kaplamalar; End\u00fcstriyel antikorozif kaplamalar, dekoratif kaplamalar ve toz kaplamalar;<\/li>\n<li>\u00a0Harfli bask\u0131, ofset bask\u0131, \u00e7ukur bask\u0131 ve di\u011fer m\u00fcrekkep uygulamalar\u0131;<\/li>\n<li>\u00a0M\u00fchendislik plastikleri, renklendirici, profil ve di\u011fer plastik uygulamalar\u0131<\/li>\n<\/ul>\n<p>&nbsp;<\/p>\n<p><strong>Paket:<\/strong> 25kg, 500kg, 1000kg torbalar<\/p>","protected":false},"excerpt":{"rendered":"<p>\u00dcr\u00fcn Ad\u0131: Titanyum Dioksit WCR 588 Klor\u00fcr \u0130\u015flem Kaplamas\u0131<\/p>\n<p>CAS Numaras\u0131: 1317-80-2<\/p>\n<p>MF: Tio2<\/p>\n<p>EINECS Numaras\u0131: 215-282-2<\/p>\n<p>G\u00f6r\u00fcn\u00fcm: Beyaz toz<\/p>","protected":false},"featured_media":2103,"template":"","meta":{"_acf_changed":false,"_gspb_post_css":""},"product_brand":[],"product_cat":[68,165,54,66],"product_tag":[],"class_list":{"0":"post-7561","1":"product","2":"type-product","3":"status-publish","4":"has-post-thumbnail","6":"product_cat-chloride-process","7":"product_cat-chloride-process-titanium-dioxide","8":"product_cat-inorganic-pigments","9":"product_cat-titanium-dioxide","11":"first","12":"instock","13":"shipping-taxable","14":"product-type-simple"},"acf":[],"_links":{"self":[{"href":"https:\/\/wpachem.com\/tr\/wp-json\/wp\/v2\/product\/7561","targetHints":{"allow":["GET"]}}],"collection":[{"href":"https:\/\/wpachem.com\/tr\/wp-json\/wp\/v2\/product"}],"about":[{"href":"https:\/\/wpachem.com\/tr\/wp-json\/wp\/v2\/types\/product"}],"version-history":[{"count":0,"href":"https:\/\/wpachem.com\/tr\/wp-json\/wp\/v2\/product\/7561\/revisions"}],"wp:featuredmedia":[{"embeddable":true,"href":"https:\/\/wpachem.com\/tr\/wp-json\/wp\/v2\/media\/2103"}],"wp:attachment":[{"href":"https:\/\/wpachem.com\/tr\/wp-json\/wp\/v2\/media?parent=7561"}],"wp:term":[{"taxonomy":"product_brand","embeddable":true,"href":"https:\/\/wpachem.com\/tr\/wp-json\/wp\/v2\/product_brand?post=7561"},{"taxonomy":"product_cat","embeddable":true,"href":"https:\/\/wpachem.com\/tr\/wp-json\/wp\/v2\/product_cat?post=7561"},{"taxonomy":"product_tag","embeddable":true,"href":"https:\/\/wpachem.com\/tr\/wp-json\/wp\/v2\/product_tag?post=7561"}],"curies":[{"name":"wp","href":"https:\/\/api.w.org\/{rel}","templated":true}]}}