{"id":7563,"date":"2024-01-11T09:59:59","date_gmt":"2024-01-11T09:59:59","guid":{"rendered":"https:\/\/wpapigments.com\/?post_type=product&#038;p=5875"},"modified":"2024-04-26T05:39:57","modified_gmt":"2024-04-26T05:39:57","slug":"pigment-yellow-42","status":"publish","type":"product","link":"https:\/\/wpachem.com\/tr\/urun\/pigment-yellow-42\/","title":{"rendered":"Pigment Sar\u0131 42 (Demir Oksit Sar\u0131 313)\/PY42 CAS No.51274-00-1"},"content":{"rendered":"<p><strong>\u00d6zellik<\/strong><\/p>\n<p><strong><b>Anne<\/b><\/strong><strong><b>Ben<\/b><\/strong><strong><b>n \u00d6zellikleri<\/b><\/strong>:Par\u00e7ac\u0131k \u015eekli \u0130\u011fne<\/p>\n<p><strong><b>Ba\u015fvuru:<\/b><\/strong><\/p>\n<ul>\n<li>M\u00fcrekkep Kullan\u0131m\u0131: Su bazl\u0131 m\u00fcrekkep<\/li>\n<li>Boya Kullan\u0131m\u0131:End\u00fcstriyel Boya, \u0130n\u015faat kaplamalar\u0131\/malzemeleri<\/li>\n<li>Plastik Kullan\u0131m\u0131: PVC<\/li>\n<\/ul>","protected":false},"excerpt":{"rendered":"<p><strong>\u00d6zellik<\/strong><\/p>\n<p><strong><b>\u00dcr\u00fcn Ad\u0131<\/b><\/strong><strong><b>:<\/b><\/strong>Demir Oksit Sar\u0131 313<\/p>\n<p><strong>Renk \u0130ndeksi:<\/strong>\u00a0PY42<\/p>\n<p><strong>D\u0131\u015f g\u00f6r\u00fcn\u00fc\u015f:<\/strong>\u00a0sar\u0131 toz<\/p>\n<p><strong>CAS Numaras\u0131.<\/strong><strong>:<\/strong>51274-00-1<\/p>","protected":false},"featured_media":7620,"template":"","meta":{"_acf_changed":false,"_gspb_post_css":""},"product_brand":[],"product_cat":[52,166,54,24],"product_tag":[],"class_list":{"0":"post-7563","1":"product","2":"type-product","3":"status-publish","4":"has-post-thumbnail","6":"product_cat-pigment","7":"product_cat-iron-oxide","8":"product_cat-inorganic-pigments","9":"product_cat-uncategorized","11":"first","12":"instock","13":"shipping-taxable","14":"product-type-simple"},"acf":[],"_links":{"self":[{"href":"https:\/\/wpachem.com\/tr\/wp-json\/wp\/v2\/product\/7563","targetHints":{"allow":["GET"]}}],"collection":[{"href":"https:\/\/wpachem.com\/tr\/wp-json\/wp\/v2\/product"}],"about":[{"href":"https:\/\/wpachem.com\/tr\/wp-json\/wp\/v2\/types\/product"}],"version-history":[{"count":0,"href":"https:\/\/wpachem.com\/tr\/wp-json\/wp\/v2\/product\/7563\/revisions"}],"wp:featuredmedia":[{"embeddable":true,"href":"https:\/\/wpachem.com\/tr\/wp-json\/wp\/v2\/media\/7620"}],"wp:attachment":[{"href":"https:\/\/wpachem.com\/tr\/wp-json\/wp\/v2\/media?parent=7563"}],"wp:term":[{"taxonomy":"product_brand","embeddable":true,"href":"https:\/\/wpachem.com\/tr\/wp-json\/wp\/v2\/product_brand?post=7563"},{"taxonomy":"product_cat","embeddable":true,"href":"https:\/\/wpachem.com\/tr\/wp-json\/wp\/v2\/product_cat?post=7563"},{"taxonomy":"product_tag","embeddable":true,"href":"https:\/\/wpachem.com\/tr\/wp-json\/wp\/v2\/product_tag?post=7563"}],"curies":[{"name":"wp","href":"https:\/\/api.w.org\/{rel}","templated":true}]}}