{"id":7567,"date":"2024-01-12T02:18:08","date_gmt":"2024-01-12T02:18:08","guid":{"rendered":"https:\/\/wpapigments.com\/?post_type=product&#038;p=5891"},"modified":"2024-04-07T08:31:05","modified_gmt":"2024-04-07T08:31:05","slug":"pigment-yellow-42-iron-oxide-yellow-y-903-p-y-42-cas-no-51274-00-1","status":"publish","type":"product","link":"https:\/\/wpachem.com\/tr\/urun\/pigment-yellow-42-iron-oxide-yellow-y-903-p-y-42-cas-no-51274-00-1\/","title":{"rendered":"Pigment Sar\u0131 42 (Demir Oksit Sar\u0131 Y-903)\/PY42 CAS No.51274-00-1"},"content":{"rendered":"<p><strong>\u00d6zellik<\/strong><\/p>\n<p><strong><b>Anne<\/b><\/strong><strong><b>Ben<\/b><\/strong><strong><b>n \u00d6zellikleri<\/b><\/strong>:Par\u00e7ac\u0131k \u015eekli \u0130\u011fne<\/p>\n<p><strong><b>Ba\u015fvuru:<\/b><\/strong><\/p>\n<ul>\n<li>M\u00fcrekkep Kullan\u0131m\u0131: Su bazl\u0131 m\u00fcrekkep<\/li>\n<li>Boya Kullan\u0131m\u0131:End\u00fcstriyel Boya, \u0130n\u015faat kaplamalar\u0131\/malzemeleri<\/li>\n<li>Plastik Kullan\u0131m\u0131: PVC<\/li>\n<\/ul>","protected":false},"excerpt":{"rendered":"<p><strong><b>\u00dcr\u00fcn Ad\u0131<\/b><\/strong><strong><b>:<\/b><\/strong><strong>\u00a0<\/strong>Demir Oksit Sar\u0131 Y-903<\/p>\n<p><strong>Renk \u0130ndeksi:<\/strong>\u00a0PY42<\/p>\n<p><strong>D\u0131\u015f g\u00f6r\u00fcn\u00fc\u015f:<\/strong>\u00a0sar\u0131 toz<\/p>\n<p><strong>CAS Numaras\u0131.<\/strong><strong>:<\/strong>51274-00-1<\/p>","protected":false},"featured_media":7641,"template":"","meta":{"_acf_changed":false,"_gspb_post_css":""},"product_brand":[],"product_cat":[166,54],"product_tag":[],"class_list":{"0":"post-7567","1":"product","2":"type-product","3":"status-publish","4":"has-post-thumbnail","6":"product_cat-iron-oxide","7":"product_cat-inorganic-pigments","9":"first","10":"instock","11":"shipping-taxable","12":"product-type-simple"},"acf":[],"_links":{"self":[{"href":"https:\/\/wpachem.com\/tr\/wp-json\/wp\/v2\/product\/7567","targetHints":{"allow":["GET"]}}],"collection":[{"href":"https:\/\/wpachem.com\/tr\/wp-json\/wp\/v2\/product"}],"about":[{"href":"https:\/\/wpachem.com\/tr\/wp-json\/wp\/v2\/types\/product"}],"version-history":[{"count":0,"href":"https:\/\/wpachem.com\/tr\/wp-json\/wp\/v2\/product\/7567\/revisions"}],"wp:featuredmedia":[{"embeddable":true,"href":"https:\/\/wpachem.com\/tr\/wp-json\/wp\/v2\/media\/7641"}],"wp:attachment":[{"href":"https:\/\/wpachem.com\/tr\/wp-json\/wp\/v2\/media?parent=7567"}],"wp:term":[{"taxonomy":"product_brand","embeddable":true,"href":"https:\/\/wpachem.com\/tr\/wp-json\/wp\/v2\/product_brand?post=7567"},{"taxonomy":"product_cat","embeddable":true,"href":"https:\/\/wpachem.com\/tr\/wp-json\/wp\/v2\/product_cat?post=7567"},{"taxonomy":"product_tag","embeddable":true,"href":"https:\/\/wpachem.com\/tr\/wp-json\/wp\/v2\/product_tag?post=7567"}],"curies":[{"name":"wp","href":"https:\/\/api.w.org\/{rel}","templated":true}]}}