{"id":7605,"date":"2024-01-12T06:40:00","date_gmt":"2024-01-12T06:40:00","guid":{"rendered":"https:\/\/wpapigments.com\/?post_type=product&amp;p=6064"},"modified":"2024-01-12T06:40:00","modified_gmt":"2024-01-12T06:40:00","slug":"pigment-brown-24-chrome-antimony-titanium-buff-2466%ef%bc%89p-br-24-cas-no-68186-90-3","status":"publish","type":"product","link":"https:\/\/wpachem.com\/tr\/urun\/pigment-brown-24-chrome-antimony-titanium-buff-2466%ef%bc%89p-br-24-cas-no-68186-90-3\/","title":{"rendered":"Pigment Kahverengi 24 (Krom Antimon Titanyum Buff 2466\uff09P.Br.24 CAS No.68186-90-3"},"content":{"rendered":"<p><strong>\u00d6zellik<\/strong><\/p>\n<p><strong><b>Anne<\/b><\/strong><strong><b>Ben<\/b><\/strong><strong><b>n \u00d6zellikleri<\/b><\/strong>: kahverengi toz<\/p>\n<p><strong><b>Ba\u015fvuru:<\/b><\/strong><\/p>\n<ul>\n<li>Boya Kullan\u0131m\u0131:End\u00fcstriyel Boya,Oto Boya,Bina kaplama\/malzemeleri<\/li>\n<li>Plastik Kullan\u0131m\u0131: PVC, di\u011fer Plastik<\/li>\n<\/ul>","protected":false},"excerpt":{"rendered":"<p><strong><b>\u00dcr\u00fcn Ad\u0131<\/b><\/strong><strong><b>:<\/b><\/strong><strong>\u00a0<\/strong>Krom Antimon Titanyum Cila 2466<\/p>\n<p><strong>Renk \u0130ndeksi:<\/strong>\u00a0P.Br.24<\/p>\n<p><strong>D\u0131\u015f g\u00f6r\u00fcn\u00fc\u015f:<\/strong>\u00a0kahverengi toz<\/p>\n<p><strong>CAS Numaras\u0131.<\/strong><strong>: <\/strong>68186-90-3<\/p>","protected":false},"featured_media":7668,"template":"","meta":{"_acf_changed":false,"_gspb_post_css":""},"product_brand":[],"product_cat":[54],"product_tag":[],"class_list":{"0":"post-7605","1":"product","2":"type-product","3":"status-publish","4":"has-post-thumbnail","6":"product_cat-inorganic-pigments","8":"first","9":"instock","10":"shipping-taxable","11":"product-type-simple"},"acf":[],"_links":{"self":[{"href":"https:\/\/wpachem.com\/tr\/wp-json\/wp\/v2\/product\/7605","targetHints":{"allow":["GET"]}}],"collection":[{"href":"https:\/\/wpachem.com\/tr\/wp-json\/wp\/v2\/product"}],"about":[{"href":"https:\/\/wpachem.com\/tr\/wp-json\/wp\/v2\/types\/product"}],"version-history":[{"count":0,"href":"https:\/\/wpachem.com\/tr\/wp-json\/wp\/v2\/product\/7605\/revisions"}],"wp:featuredmedia":[{"embeddable":true,"href":"https:\/\/wpachem.com\/tr\/wp-json\/wp\/v2\/media\/7668"}],"wp:attachment":[{"href":"https:\/\/wpachem.com\/tr\/wp-json\/wp\/v2\/media?parent=7605"}],"wp:term":[{"taxonomy":"product_brand","embeddable":true,"href":"https:\/\/wpachem.com\/tr\/wp-json\/wp\/v2\/product_brand?post=7605"},{"taxonomy":"product_cat","embeddable":true,"href":"https:\/\/wpachem.com\/tr\/wp-json\/wp\/v2\/product_cat?post=7605"},{"taxonomy":"product_tag","embeddable":true,"href":"https:\/\/wpachem.com\/tr\/wp-json\/wp\/v2\/product_tag?post=7605"}],"curies":[{"name":"wp","href":"https:\/\/api.w.org\/{rel}","templated":true}]}}