{"id":7826,"date":"2024-04-26T06:11:22","date_gmt":"2024-04-26T06:11:22","guid":{"rendered":"https:\/\/wpachem.com\/?post_type=product&#038;p=7826"},"modified":"2024-04-26T06:30:53","modified_gmt":"2024-04-26T06:30:53","slug":"styrene-13-butadiene-polymer-sbs-cas9003-55-8","status":"publish","type":"product","link":"https:\/\/wpachem.com\/tr\/urun\/styrene-13-butadiene-polymer-sbs-cas9003-55-8\/","title":{"rendered":"Stiren, 1,3-b\u00fctadien polimer SBS CAS9003-55-8"},"content":{"rendered":"<table id=\"mbox\" class=\"mbox\">\n<tbody>\n<tr>\n<td align=\"right\" width=\"90px\"><span style=\"color: #cccccc;\">MF\uff1a<\/span><\/td>\n<td>C36H42X2<\/td>\n<\/tr>\n<tr>\n<td align=\"right\" width=\"90px\"><span style=\"color: #cccccc;\">MW\uff1a<\/span><\/td>\n<td>474.72<\/td>\n<\/tr>\n<tr>\n<td align=\"right\" width=\"90px\"><span style=\"color: #cccccc;\">CAS\uff1a<\/span><\/td>\n<td>9003-55-8<\/td>\n<\/tr>\n<\/tbody>\n<\/table>\n<table class=\"table table-bordered\">\n<tbody>\n<tr>\n<td>Fiziksel ve Kimyasal \u00d6zellikler<\/td>\n<td>Kimyasal \u00f6zellikleri aras\u0131nda s\u0131v\u0131 lateks (Amerikan SBR2000 tipi gibi) ve kat\u0131 kau\u00e7uk (Amerikan SBRl028 tipi gibi) bulunur. Stiren kokusu, benzin, benzen ve kloroformda tamamen \u00e7\u00f6z\u00fcnmez. Ba\u011f\u0131l yo\u011funluk 0,9~0,95&#039;tir ve cam ge\u00e7i\u015f s\u0131cakl\u0131\u011f\u0131 -60 \u2103 ~-75 \u2103&#039;dir. 50\/50 lateksin pH de\u011feri 10,0~11,5&#039;tir ve kat\u0131 i\u00e7eri\u011fi 41% ~ 63%&#039;dir. 75\/25 lateksin pH de\u011feri 9,5~11,0&#039;d\u0131r ve kat\u0131 i\u00e7eri\u011fi 26% ~ 42%&#039;dir.<\/td>\n<\/tr>\n<\/tbody>\n<\/table>\n<p><img fetchpriority=\"high\" decoding=\"async\" class=\"alignnone size-full wp-image-7833\" src=\"https:\/\/wpachem.com\/wp-content\/uploads\/2024\/04\/SBS.jpg\" alt=\"\" width=\"1044\" height=\"552\" srcset=\"https:\/\/wpachem.com\/wp-content\/uploads\/2024\/04\/SBS.jpg 1044w, https:\/\/wpachem.com\/wp-content\/uploads\/2024\/04\/SBS-300x159.jpg 300w, https:\/\/wpachem.com\/wp-content\/uploads\/2024\/04\/SBS-1024x541.jpg 1024w, https:\/\/wpachem.com\/wp-content\/uploads\/2024\/04\/SBS-768x406.jpg 768w, https:\/\/wpachem.com\/wp-content\/uploads\/2024\/04\/SBS-18x10.jpg 18w, https:\/\/wpachem.com\/wp-content\/uploads\/2024\/04\/SBS-600x317.jpg 600w\" sizes=\"(max-width: 1044px) 100vw, 1044px\" \/><\/p>\n<p>&nbsp;<\/p>\n<table class=\"table table-bordered\">\n<tbody>\n<tr>\n<td>E\u015f anlaml\u0131lar<\/td>\n<td>SBS kar\u0131\u015f\u0131m\u0131<br \/>\nB\u00fctadien-stiren lateks<br \/>\nB\u00fctadien-stiren re\u00e7inesi<br \/>\nStiren-b\u00fctadien lateks<br \/>\nStiren B\u00fctadien Kau\u00e7uk<br \/>\nStiren-b\u00fctadien kopolimerleri<br \/>\nStiren-b\u00fctadien kau\u00e7uk 1500<br \/>\nStiren-b\u00fctadien kau\u00e7uk 1712<br \/>\nStiren-b\u00fctadien kau\u00e7uk 1502<br \/>\nStiren-b\u00fctadien kau\u00e7uk lateks<br \/>\nStiren, 1,3-b\u00fctadien polimeri<br \/>\nStiren-b\u00fctadien kau\u00e7uk (1503)<br \/>\nStiren-b\u00fctadien kau\u00e7uk, ya\u011fla geni\u015fletilmi\u015f<br \/>\nSBS Termoplastik elastomer kar\u0131\u015f\u0131k gran\u00fcl<br \/>\nBenzen, etenil-, 1,3-b\u00fctadienli polimer<\/td>\n<\/tr>\n<\/tbody>\n<\/table>","protected":false},"excerpt":{"rendered":"<h4>Stiren, 1,3-b\u00fctadien polimeri<\/h4>\n<h4>CAS: 9003-55-8<\/h4>\n<h4>Molek\u00fcler Form\u00fcl: C12H14<\/h4>","protected":false},"featured_media":7831,"template":"","meta":{"_acf_changed":false,"_gspb_post_css":""},"product_brand":[],"product_cat":[62],"product_tag":[],"class_list":{"0":"post-7826","1":"product","2":"type-product","3":"status-publish","4":"has-post-thumbnail","6":"product_cat-rubberplastic-ingredients","8":"first","9":"instock","10":"shipping-taxable","11":"product-type-simple"},"acf":[],"_links":{"self":[{"href":"https:\/\/wpachem.com\/tr\/wp-json\/wp\/v2\/product\/7826","targetHints":{"allow":["GET"]}}],"collection":[{"href":"https:\/\/wpachem.com\/tr\/wp-json\/wp\/v2\/product"}],"about":[{"href":"https:\/\/wpachem.com\/tr\/wp-json\/wp\/v2\/types\/product"}],"version-history":[{"count":0,"href":"https:\/\/wpachem.com\/tr\/wp-json\/wp\/v2\/product\/7826\/revisions"}],"wp:featuredmedia":[{"embeddable":true,"href":"https:\/\/wpachem.com\/tr\/wp-json\/wp\/v2\/media\/7831"}],"wp:attachment":[{"href":"https:\/\/wpachem.com\/tr\/wp-json\/wp\/v2\/media?parent=7826"}],"wp:term":[{"taxonomy":"product_brand","embeddable":true,"href":"https:\/\/wpachem.com\/tr\/wp-json\/wp\/v2\/product_brand?post=7826"},{"taxonomy":"product_cat","embeddable":true,"href":"https:\/\/wpachem.com\/tr\/wp-json\/wp\/v2\/product_cat?post=7826"},{"taxonomy":"product_tag","embeddable":true,"href":"https:\/\/wpachem.com\/tr\/wp-json\/wp\/v2\/product_tag?post=7826"}],"curies":[{"name":"wp","href":"https:\/\/api.w.org\/{rel}","templated":true}]}}