{"id":7835,"date":"2024-04-26T06:59:48","date_gmt":"2024-04-26T06:59:48","guid":{"rendered":"https:\/\/wpachem.com\/?post_type=product&#038;p=7835"},"modified":"2024-04-26T08:03:38","modified_gmt":"2024-04-26T08:03:38","slug":"s-adenosyl-l-methionine-disulfate-tosylate-sam-1801e-cas-29908-03-0","status":"publish","type":"product","link":"https:\/\/wpachem.com\/tr\/urun\/s-adenosyl-l-methionine-disulfate-tosylate-sam-1801e-cas-29908-03-0\/","title":{"rendered":"S-Adenosil-L-Metionin Dis\u00fclfat Tosilat SAM-1801E SAM-1802E SAM-1901H CAS 29908-03-0"},"content":{"rendered":"<p>SAM-1801E<br \/>\n\u00d6zellikler\uff1aRadyal blok kopolimer M\u00fckemmel d\u00fc\u015f\u00fck s\u0131cakl\u0131k performans\u0131<br \/>\nUygulamalar\uff1aAsfalt d\u00f6\u015feme modifikasyonu Su ge\u00e7irmez membran modifikasyonu<\/p>\n<table class=\"table table-bordered\">\n<tbody>\n<tr>\n<td>E\u015f anlaml\u0131lar<\/td>\n<\/tr>\n<\/tbody>\n<\/table>\n<p>SAM-E ADEMETIONINE adenosilmetionin metioniniladenilat S-Adenosil-L-metionin p-Toluens\u00fclfonat tuzu S-ADENOZ\u0130L-L-MET\u0130ON\u0130N S-(5-Adenosil)-L-metionin S-(5\u2032-Adenosil)-L-metionin ADEMET\u0130YO\u0130ND\u0130S\u00dcLFATETOS\u0130LAT S-Adenosil-L-Metionin Dis\u00fclfat Tosilat 5-Deoksiadenozin-5-L-metionin dis\u00fclfat ditosilat adenozin,5\u2032-((l-3-amino-3-karboksipropil)metils\u00fclfonio)-5\u2032-deoksi-,hidroksit, (3-amino-3-karboksipropil){[5-(6-amino-9H-purin-9-il)-3,4-dihidroksitetrahidrofuran-2-il]metil}metils\u00fclfonyum (tercih edilmeyen ad) 2-amino-4-[{[(2S,3S,4R,5R)-5-(6-amino-9H-purin-9-il)-3,4-dihidroksitetrahidrofuran-2-il]metil}(metil)s\u00fclfonio]b\u00fctanoat (tercih edilmeyen ad) (3-amino-3-karboksipropil){[(2S,3S,4R,5R)-5-(6-amino-9H-purin-9-il)-3,4-dihidroksitetrahidrofuran-2-il]metil}metils\u00fclfonyum (tercih edilmeyen ad) (2S)-2-amino-4-[{[(2S,3S,4R,5R)-5-(6-amino-9H-purin-9-il)-3,4-dihidroksitetrahidrofuran-2-il]metil}(metil)s\u00fclfonio]b\u00fctanoat (tercih edilmeyen ad) [(3S)-3-amino-3-karboksipropil]{[(2S,3S,4R,5R)-5-(6-amino-9H-purin-9-il)-3,4-dihidroksitetrahidrofuran-2-il]metil}metils\u00fclfonyum (tercih edilmeyen isim)<\/p>","protected":false},"excerpt":{"rendered":"<table id=\"mbox\" class=\"mbox\">\n<tbody>\n<tr>\n<td align=\"right\" width=\"90px\"><span style=\"color: #cccccc;\">MF\uff1a<\/span><\/td>\n<td>C15H22N6O5S<\/td>\n<\/tr>\n<tr>\n<td align=\"right\" width=\"90px\"><span style=\"color: #cccccc;\">MW\uff1a<\/span><\/td>\n<td>398.44<\/td>\n<\/tr>\n<tr>\n<td align=\"right\" width=\"90px\"><span style=\"color: #cccccc;\">CAS\uff1a<\/span><\/td>\n<td>29908-03-0<\/td>\n<\/tr>\n<\/tbody>\n<\/table>","protected":false},"featured_media":7836,"template":"","meta":{"_acf_changed":false,"_gspb_post_css":""},"product_brand":[],"product_cat":[62],"product_tag":[],"class_list":{"0":"post-7835","1":"product","2":"type-product","3":"status-publish","4":"has-post-thumbnail","6":"product_cat-rubberplastic-ingredients","8":"first","9":"instock","10":"shipping-taxable","11":"product-type-simple"},"acf":[],"_links":{"self":[{"href":"https:\/\/wpachem.com\/tr\/wp-json\/wp\/v2\/product\/7835","targetHints":{"allow":["GET"]}}],"collection":[{"href":"https:\/\/wpachem.com\/tr\/wp-json\/wp\/v2\/product"}],"about":[{"href":"https:\/\/wpachem.com\/tr\/wp-json\/wp\/v2\/types\/product"}],"version-history":[{"count":0,"href":"https:\/\/wpachem.com\/tr\/wp-json\/wp\/v2\/product\/7835\/revisions"}],"wp:featuredmedia":[{"embeddable":true,"href":"https:\/\/wpachem.com\/tr\/wp-json\/wp\/v2\/media\/7836"}],"wp:attachment":[{"href":"https:\/\/wpachem.com\/tr\/wp-json\/wp\/v2\/media?parent=7835"}],"wp:term":[{"taxonomy":"product_brand","embeddable":true,"href":"https:\/\/wpachem.com\/tr\/wp-json\/wp\/v2\/product_brand?post=7835"},{"taxonomy":"product_cat","embeddable":true,"href":"https:\/\/wpachem.com\/tr\/wp-json\/wp\/v2\/product_cat?post=7835"},{"taxonomy":"product_tag","embeddable":true,"href":"https:\/\/wpachem.com\/tr\/wp-json\/wp\/v2\/product_tag?post=7835"}],"curies":[{"name":"wp","href":"https:\/\/api.w.org\/{rel}","templated":true}]}}