{"id":7842,"date":"2024-04-26T08:23:22","date_gmt":"2024-04-26T08:23:22","guid":{"rendered":"https:\/\/wpachem.com\/?post_type=product&#038;p=7842"},"modified":"2024-04-26T08:23:23","modified_gmt":"2024-04-26T08:23:23","slug":"tetraphenylethylene-tpe-cas-632-51-9","status":"publish","type":"product","link":"https:\/\/wpachem.com\/tr\/urun\/tetraphenylethylene-tpe-cas-632-51-9\/","title":{"rendered":"Tetrafeniletilen TPE CAS 632-51-9"},"content":{"rendered":"<table class=\"table\">\n<tbody>\n<tr>\n<td>Ba\u015fvuru<\/td>\n<td>Dinamik kovalent imin jelinin l\u00fcminesan bir sens\u00f6r olarak sentezlenmesinde, 1,1,2, 2-tetra-stiren bir reaktif olarak kullan\u0131ld\u0131. \u00c7al\u0131\u015fmalar, 1,1,2, 2-tetrastirenin (TPE) bir ila\u00e7 da\u011f\u0131t\u0131m sisteminin par\u00e7as\u0131 olan kendili\u011finden l\u00fcminesan nanopartik\u00fcllere birle\u015ftirilebilece\u011fini, sistemin agregasyon kaynakl\u0131 emisyon g\u00f6sterdi\u011fini ve h\u00fccrelerde kolayca izlenebilece\u011fini g\u00f6stermi\u015ftir.<\/td>\n<\/tr>\n<tr>\n<td>Ba\u015fvuru<\/td>\n<td>Tetrafeniletilen, yap\u0131larda, t\u0131bbi cihaz, paketleme ve elektrikli ev aletlerinin \u00fcretiminde kullan\u0131labilen bir bile\u015fiktir.<\/p>\n<table class=\"table table-bordered\">\n<tbody>\n<tr>\n<td>E\u015f anlaml\u0131lar<\/td>\n<td>TPE<br \/>\nTetrafeniletilen<br \/>\nTetrafeniletilen<br \/>\nTETRAFEN\u0130LET\u0130LEN<br \/>\ntetrafeniletilen<br \/>\n1,1,2,2-Tetrafenileten<br \/>\n1,1,2,2-Tetrafeniletilen<br \/>\n1,1,2,2-TETRAFEN\u0130LET\u0130LEN<br \/>\nalfa,beta-Difenilstilben<br \/>\n(1,2,2-Trifenilvinil)benzen<br \/>\n1,1\u2032,1\u201d,1\u201d&#039;-eten-1,1,2,2-tetrayltetrabenzen<br \/>\n1,1\u2032,1\u201d,1\u201d&#039;-(1,2-etendiiliden)tetrakis-benzen<\/td>\n<\/tr>\n<tr>\n<td>CAS<\/td>\n<td>632-51-9<\/td>\n<\/tr>\n<tr>\n<td>EINECS<\/td>\n<td>211-179-1<\/td>\n<\/tr>\n<tr>\n<td>InChI<\/td>\n<td>InChI=1\/C26H20\/c1-5-13-21(14-6-1)25(22-15-7-2-8-16-22)26(23-17-9-3-10-18-23)24-19-11-4-12-20-24\/h1-20H<\/td>\n<\/tr>\n<tr>\n<td>InChIKey<\/td>\n<td>JLZUZNKTTIRERF-UHFFFAOYSA-N<\/td>\n<\/tr>\n<\/tbody>\n<\/table>\n<\/td>\n<\/tr>\n<\/tbody>\n<\/table>","protected":false},"excerpt":{"rendered":"<h4>CAS: 632-51-9<\/h4>\n<h4>Molek\u00fcler Form\u00fcl: C26H20<\/h4>","protected":false},"featured_media":7843,"template":"","meta":{"_acf_changed":false,"_gspb_post_css":""},"product_brand":[],"product_cat":[62],"product_tag":[],"class_list":{"0":"post-7842","1":"product","2":"type-product","3":"status-publish","4":"has-post-thumbnail","6":"product_cat-rubberplastic-ingredients","8":"first","9":"instock","10":"shipping-taxable","11":"product-type-simple"},"acf":[],"_links":{"self":[{"href":"https:\/\/wpachem.com\/tr\/wp-json\/wp\/v2\/product\/7842","targetHints":{"allow":["GET"]}}],"collection":[{"href":"https:\/\/wpachem.com\/tr\/wp-json\/wp\/v2\/product"}],"about":[{"href":"https:\/\/wpachem.com\/tr\/wp-json\/wp\/v2\/types\/product"}],"version-history":[{"count":0,"href":"https:\/\/wpachem.com\/tr\/wp-json\/wp\/v2\/product\/7842\/revisions"}],"wp:featuredmedia":[{"embeddable":true,"href":"https:\/\/wpachem.com\/tr\/wp-json\/wp\/v2\/media\/7843"}],"wp:attachment":[{"href":"https:\/\/wpachem.com\/tr\/wp-json\/wp\/v2\/media?parent=7842"}],"wp:term":[{"taxonomy":"product_brand","embeddable":true,"href":"https:\/\/wpachem.com\/tr\/wp-json\/wp\/v2\/product_brand?post=7842"},{"taxonomy":"product_cat","embeddable":true,"href":"https:\/\/wpachem.com\/tr\/wp-json\/wp\/v2\/product_cat?post=7842"},{"taxonomy":"product_tag","embeddable":true,"href":"https:\/\/wpachem.com\/tr\/wp-json\/wp\/v2\/product_tag?post=7842"}],"curies":[{"name":"wp","href":"https:\/\/api.w.org\/{rel}","templated":true}]}}