{"id":7846,"date":"2024-04-26T08:45:39","date_gmt":"2024-04-26T08:45:39","guid":{"rendered":"https:\/\/wpachem.com\/?post_type=product&#038;p=7846"},"modified":"2024-04-26T08:45:40","modified_gmt":"2024-04-26T08:45:40","slug":"sis-a-synthetic-polymer-material-composed-of-styrene-isoprene-and-styrene-monomers-alternately-arranged-in-a-block-structure","status":"publish","type":"product","link":"https:\/\/wpachem.com\/tr\/urun\/sis-a-synthetic-polymer-material-composed-of-styrene-isoprene-and-styrene-monomers-alternately-arranged-in-a-block-structure\/","title":{"rendered":"SIS, stiren, izopren ve stiren monomerlerinin blok yap\u0131da d\u00f6n\u00fc\u015f\u00fcml\u00fc olarak d\u00fczenlenmesiyle olu\u015fan sentetik bir polimer malzemedir."},"content":{"rendered":"<p>E\u015f anlaml\u0131lar<\/p>\n<p>S\u0131\u00e7anlardan SIS TCP228 RANTES K\u00fc\u00e7\u00fck ind\u00fcklenebilir sitokin A5 T h\u00fccresine \u00f6zg\u00fc protein P228 T h\u00fccresine \u00f6zg\u00fc RANTES proteini Stiren-izopren-stiren kau\u00e7uk<\/p>\n<h3 class=\"info\">SIS \u2013\u00a0<strong>Fiziko-kimyasal \u00d6zellikler<\/strong><\/h3>\n<div class=\"portlet-body\">\n<table class=\"table table-bordered\">\n<tbody>\n<tr>\n<td>Depolama Ko\u015fulu<\/td>\n<td>-20\u00b0C<\/td>\n<\/tr>\n<tr>\n<td>Kullanmak<\/td>\n<td>Enerji tasarrufu sa\u011flayan yap\u0131\u015ft\u0131r\u0131c\u0131 ve kirlilik i\u00e7ermeyen, d\u00fc\u015f\u00fck enerji t\u00fcketimi, \u0131s\u0131ya dayan\u0131kl\u0131 bas\u0131nca duyarl\u0131 yap\u0131\u015ft\u0131r\u0131c\u0131 olarak kullan\u0131l\u0131r, ayr\u0131ca t\u0131bbi, elektrik, paketleme, kompozit film ve di\u011fer end\u00fcstrilerde yayg\u0131n olarak kullan\u0131l\u0131r<\/td>\n<\/tr>\n<\/tbody>\n<\/table>\n<\/div>\n<p>&nbsp;<\/p>","protected":false},"excerpt":{"rendered":"<div class=\"portlet-body\">\n<table class=\"table table-bordered\">\n<tbody>\n<tr>\n<td><\/td>\n<\/tr>\n<\/tbody>\n<\/table>\n<\/div>\n<h3>SIS \u2013\u00a0<strong>girii\u015f<\/strong><\/h3>\n<div>SIS(SIS), blok yap\u0131da d\u00f6n\u00fc\u015f\u00fcml\u00fc olarak d\u00fczenlenmi\u015f stiren, izopren ve stiren monomerlerinden olu\u015fan sentetik bir polimer malzemedir. SIS&#039;in do\u011fas\u0131, kullan\u0131m\u0131, y\u00f6ntemi ve g\u00fcvenli\u011fi hakk\u0131nda baz\u0131 bilgiler \u015funlard\u0131r:<\/p>\n<p>Do\u011fa:<br \/>\n1. Elastikiyet: SIS iyi elastikiyete ve dayan\u0131kl\u0131l\u0131\u011fa sahiptir ve gerilmeden sonra ilk \u015feklini geri kazanabilir.<br \/>\n2. Viskozite: SIS y\u00fcksek viskoziteye sahiptir ve iyi yap\u0131\u015fma performans\u0131 sa\u011flayabilir.<br \/>\n3. So\u011fu\u011fa dayan\u0131kl\u0131l\u0131k: SIS d\u00fc\u015f\u00fck s\u0131cakl\u0131klarda bile iyi elastikiyetini ve viskozitesini koruyabilir.<br \/>\n4. Kimyasal diren\u00e7: SIS, baz\u0131 yayg\u0131n \u00e7\u00f6z\u00fcc\u00fclere ve kimyasallara kar\u015f\u0131 iyi bir dirence sahiptir.<\/p>\n<p>Kullanmak:<br \/>\n1. Yap\u0131\u015ft\u0131r\u0131c\u0131: SIS, ka\u011f\u0131t, plastik, ah\u015fap ve di\u011fer malzemelerin yap\u0131\u015ft\u0131r\u0131lmas\u0131nda yap\u0131\u015ft\u0131r\u0131c\u0131 alan\u0131nda yayg\u0131n olarak kullan\u0131lmaktad\u0131r.<br \/>\n2. S\u0131zd\u0131rmazl\u0131k filmi malzemesi: SIS, iletken malzemeler i\u00e7in s\u0131zd\u0131rmazl\u0131k filmi gibi termoplastik s\u0131zd\u0131rmazl\u0131k filmi malzemesi olarak kullan\u0131labilir.<br \/>\n3. Y\u00fcksek elastik malzeme: SIS genellikle kau\u00e7uk negatifler, yaylar, contalar vb. gibi elastik ve yumu\u015fak malzemelerin haz\u0131rlanmas\u0131nda kullan\u0131l\u0131r.<\/p>\n<p>Y\u00f6ntem:<br \/>\nSIS&#039;in haz\u0131rlanmas\u0131 genellikle polimerizasyonla tamamlan\u0131r. Stiren ve izopren uygun bir reaksiyon kab\u0131na belirli bir oranda eklenir ve polimerizasyon ba\u015flat\u0131c\u0131lar\u0131 ve di\u011fer katk\u0131 maddeleri eklenir, polimerizasyon reaksiyonu uygun reaksiyon ko\u015fullar\u0131 alt\u0131nda (\u00f6rn. s\u0131cakl\u0131k, zaman, vb.) ger\u00e7ekle\u015ftirilerek SIS elde edilir.<\/p>\n<p>G\u00fcvenlik Bilgileri:<br \/>\n1. SIS genellikle stabil ve g\u00fcvenlidir, ancak haz\u0131rlama ve kullanma s\u0131ras\u0131nda yan\u0131c\u0131 veya zararl\u0131 maddelerin olu\u015fmas\u0131ndan ka\u00e7\u0131n\u0131lmal\u0131d\u0131r.<br \/>\n2. SIS ile \u00e7al\u0131\u015f\u0131rken cilt ve g\u00f6zlerle temas\u0131 \u00f6nlemek i\u00e7in uygun koruyucu eldiven ve g\u00f6zl\u00fck tak\u0131lmas\u0131 \u00f6nerilir.<br \/>\n3. SIS\u2019in kazara solunmas\u0131 veya yutulmas\u0131 durumunda en k\u0131sa s\u00fcrede havaland\u0131r\u0131lan bir yere al\u0131nmal\u0131 ve t\u0131bbi tedavi al\u0131nmal\u0131d\u0131r.<br \/>\n4. SIS&#039;i saklarken ve kullan\u0131rken l\u00fctfen ilgili g\u00fcvenlik uygulama kurallar\u0131na ve \u00e7evre d\u00fczenlemelerine uyun.<\/p><\/div>","protected":false},"featured_media":7847,"template":"","meta":{"_acf_changed":false,"_gspb_post_css":""},"product_brand":[],"product_cat":[62],"product_tag":[168],"class_list":{"0":"post-7846","1":"product","2":"type-product","3":"status-publish","4":"has-post-thumbnail","6":"product_cat-rubberplastic-ingredients","7":"product_tag-sealing-film-material","9":"first","10":"instock","11":"shipping-taxable","12":"product-type-simple"},"acf":[],"_links":{"self":[{"href":"https:\/\/wpachem.com\/tr\/wp-json\/wp\/v2\/product\/7846","targetHints":{"allow":["GET"]}}],"collection":[{"href":"https:\/\/wpachem.com\/tr\/wp-json\/wp\/v2\/product"}],"about":[{"href":"https:\/\/wpachem.com\/tr\/wp-json\/wp\/v2\/types\/product"}],"version-history":[{"count":0,"href":"https:\/\/wpachem.com\/tr\/wp-json\/wp\/v2\/product\/7846\/revisions"}],"wp:featuredmedia":[{"embeddable":true,"href":"https:\/\/wpachem.com\/tr\/wp-json\/wp\/v2\/media\/7847"}],"wp:attachment":[{"href":"https:\/\/wpachem.com\/tr\/wp-json\/wp\/v2\/media?parent=7846"}],"wp:term":[{"taxonomy":"product_brand","embeddable":true,"href":"https:\/\/wpachem.com\/tr\/wp-json\/wp\/v2\/product_brand?post=7846"},{"taxonomy":"product_cat","embeddable":true,"href":"https:\/\/wpachem.com\/tr\/wp-json\/wp\/v2\/product_cat?post=7846"},{"taxonomy":"product_tag","embeddable":true,"href":"https:\/\/wpachem.com\/tr\/wp-json\/wp\/v2\/product_tag?post=7846"}],"curies":[{"name":"wp","href":"https:\/\/api.w.org\/{rel}","templated":true}]}}