{"id":7849,"date":"2024-04-26T09:19:04","date_gmt":"2024-04-26T09:19:04","guid":{"rendered":"https:\/\/wpachem.com\/?post_type=product&#038;p=7849"},"modified":"2024-04-26T09:19:05","modified_gmt":"2024-04-26T09:19:05","slug":"sebs-yh-507-567-yh-505-yh-506-506h-es-series-sebs-sebs-yh-520-sebs-yh-535","status":"publish","type":"product","link":"https:\/\/wpachem.com\/tr\/urun\/sebs-yh-507-567-yh-505-yh-506-506h-es-series-sebs-sebs-yh-520-sebs-yh-535\/","title":{"rendered":"SEBS YH-507\/567\/YH-505 YH-506\/506H ES serisi SEBS SEBS YH-520 SEBS YH-535"},"content":{"rendered":"<p>Kendinden yap\u0131\u015fkanl\u0131 koruyucu film i\u00e7in SEBS<\/p>\n<p>SEBS YH-507\/567<\/p>\n<p>\u00d6zellikler: Do\u011frusal blok kopolimeri Di-blok i\u00e7erir<\/p>\n<p>Uygulamalar: Donan\u0131m, elektronik, mimari, otomotiv boyas\u0131, paslanmaz \u00e7elik, optik cihazlar, film \u00fczerinde co\u5410 film vb. dahil olmak \u00fczere end\u00fcstrideki nesnelerin y\u00fczeyini korumak i\u00e7in koruyucu filmde yap\u0131\u015fkan tabaka haz\u0131rlamak. Plastik modifikasyonu<\/p>\n<p>Ambalaj: 13 kg PE torba<\/p>\n<p>&nbsp;<\/p>\n<p>Y\u00fcksek ak\u0131\u015fkanl\u0131\u011fa sahip SEBS s\u0131n\u0131f\u0131<\/p>\n<p>SEBS YH-505<\/p>\n<p>\u00d6zellikler :<br \/>\nDo\u011frusal blok kopolimer<br \/>\nY\u00fcksek ak\u0131\u015fkanl\u0131k<br \/>\nPoliolefinlerle iyi uyumluluk<br \/>\nM\u00fckemmel i\u015flenebilirlik<\/p>\n<p>Uygulamalar \uff1a<br \/>\nOtomotiv kaplama derisi<\/p>\n<p>Deri g\u00f6r\u00fcn\u00fcml\u00fc<\/p>\n<p>Elastik elyaf iplik<\/p>\n<p>Ambalaj: 13 kg PE torba<\/p>\n<p>&nbsp;<\/p>\n<p>T\u0131bbi SEBS s\u0131n\u0131flar\u0131 SEBS YH-506\/506H<\/p>\n<p>\u00d6zellikler :<br \/>\nY\u00fcksek vinil yap\u0131s\u0131<br \/>\nPP ile iyi uyumluluk<\/p>\n<p>Uygulamalar \uff1a<br \/>\n\u0130nf\u00fczyon t\u00fcpleri, kateterler ve kafa derisi akupunkturu gibi t\u0131bbi cihazlar<\/p>\n<p>\u0130la\u00e7 ambalaj\u0131<\/p>\n<p>Plastik modifikasyonu<\/p>\n<p>ES serisi SEBS<\/p>\n<p>ES serisi \u00fcr\u00fcnler, stiren-b\u00fctadien kopolimerlerinin hidrojene edilmi\u015f \u00fcr\u00fcnleridir. Y\u00fcksek elastikiyet mod\u00fcl\u00fc ve \u00e7ekme mukavemeti, m\u00fckemmel \u00e7izilme direnci ve kaplama performans\u0131 ile, delinmeye kar\u015f\u0131 dayan\u0131kl\u0131 askeri ayakkab\u0131lar, kur\u015fun ge\u00e7irmez cam ara katman ve \u00e7izilmeye dayan\u0131kl\u0131 tel \u00fcr\u00fcnleri vb. yap\u0131m\u0131nda kullan\u0131labilirler. Daha da \u00f6nemlisi, bu yap\u0131ya sahip polimerler, geleneksel SEBS&#039;ye k\u0131yasla k\u00f6p\u00fcrme s\u0131ras\u0131nda daha y\u00fcksek bir erime mukavemetine sahiptir ve h\u00fccre kopmas\u0131na daha az e\u011filimlidir. \u0130yi bir kapal\u0131 devre h\u00fccre yap\u0131s\u0131 elde edebilirler ve bunlardan haz\u0131rlanan k\u00f6p\u00fck malzemeleri daha iyi geri tepme ve s\u0131k\u0131\u015ft\u0131rma \u00f6zelliklerine sahiptir. Bu nedenle, \u00f6zellikle ayakkab\u0131 malzemeleri ve levhalar\u0131 vb. k\u00f6p\u00fcrtmek i\u00e7in uygundurlar.<\/p>\n<p>SEBS YH-520<\/p>\n<p>\u00d6zellikler :<br \/>\nStiren-b\u00fctadien blok kopolimeri<\/p>\n<p>Y\u00fcksek elastikiyet mod\u00fcl\u00fc, \u00e7izilme direnci ve delinme direnci<\/p>\n<p>K\u00f6p\u00fcrt\u00fcld\u00fckten sonra m\u00fckemmel geri tepme ve s\u0131k\u0131\u015ft\u0131rma \u00f6zellikleri<\/p>\n<p>Uygulamalar\uff1a<br \/>\nY\u00fcksek geri tepmeli spor ayakkab\u0131s\u0131 k\u00f6p\u00fck orta taban<br \/>\nG\u00fcvenlik cam\u0131 s\u0131k\u0131\u015ft\u0131rma filmi (PVB filminin yerine)<\/p>\n<p>SEBS YH-535<\/p>\n<p>\u00d6zellikler :<br \/>\nStiren-b\u00fctadien blok kopolimeri<br \/>\nY\u00fcksek geri tepme performans\u0131<\/p>\n<p>Uygulamalar: K\u00f6p\u00fck malzemelerin dayan\u0131kl\u0131l\u0131\u011f\u0131n\u0131 ve \u00e7ekme direncini art\u0131rmak i\u00e7in EVA&#039;y\u0131 modifiye etmek i\u00e7in OBC&#039;nin de\u011fi\u015ftirilmesi<\/p>\n<p>De\u011fi\u015ftirilmemi\u015f EVA ile kar\u015f\u0131la\u015ft\u0131r\u0131ld\u0131\u011f\u0131nda, OBC ve 535 k\u00f6p\u00fck malzemelerin dayan\u0131kl\u0131l\u0131\u011f\u0131n\u0131 ve b\u00fcz\u00fclme direncini \u00f6nemli \u00f6l\u00e7\u00fcde art\u0131rabilir ve 535&#039;in etkisi OBC&#039;ye e\u015fde\u011ferdir, baz\u0131 g\u00f6stergeler OBC&#039;den daha \u00fcst\u00fcnd\u00fcr.<\/p>","protected":false},"excerpt":{"rendered":"<p>Kendinden yap\u0131\u015fkanl\u0131 koruyucu film i\u00e7in SEBS SEBS YH-507\/567 \u00d6zellikler: Do\u011frusal blok kopolimer Di-blok i\u00e7erir Uygulamalar: Donan\u0131m, elektronik, mimari, otomotiv boyas\u0131, paslanmaz \u00e7elik, optik cihazlar, film \u00fczerinde co\u5410 film vb. dahil olmak \u00fczere end\u00fcstrideki nesnelerin y\u00fczeyini korumak i\u00e7in koruyucu filmde yap\u0131\u015fkan tabaka haz\u0131rlamak. Plastik modifikasyonu Ambalaj: 13 kg PE torba Y\u00fcksek ak\u0131\u015fkanl\u0131kl\u0131 SEBS s\u0131n\u0131f\u0131 SEBS YH-505 \u00d6zellikler: Do\u011frusal [\u2026]<\/p>","protected":false},"featured_media":7852,"template":"","meta":{"_acf_changed":false,"_gspb_post_css":""},"product_brand":[],"product_cat":[62],"product_tag":[],"class_list":{"0":"post-7849","1":"product","2":"type-product","3":"status-publish","4":"has-post-thumbnail","6":"product_cat-rubberplastic-ingredients","8":"first","9":"instock","10":"shipping-taxable","11":"product-type-simple"},"acf":[],"_links":{"self":[{"href":"https:\/\/wpachem.com\/tr\/wp-json\/wp\/v2\/product\/7849","targetHints":{"allow":["GET"]}}],"collection":[{"href":"https:\/\/wpachem.com\/tr\/wp-json\/wp\/v2\/product"}],"about":[{"href":"https:\/\/wpachem.com\/tr\/wp-json\/wp\/v2\/types\/product"}],"version-history":[{"count":0,"href":"https:\/\/wpachem.com\/tr\/wp-json\/wp\/v2\/product\/7849\/revisions"}],"wp:featuredmedia":[{"embeddable":true,"href":"https:\/\/wpachem.com\/tr\/wp-json\/wp\/v2\/media\/7852"}],"wp:attachment":[{"href":"https:\/\/wpachem.com\/tr\/wp-json\/wp\/v2\/media?parent=7849"}],"wp:term":[{"taxonomy":"product_brand","embeddable":true,"href":"https:\/\/wpachem.com\/tr\/wp-json\/wp\/v2\/product_brand?post=7849"},{"taxonomy":"product_cat","embeddable":true,"href":"https:\/\/wpachem.com\/tr\/wp-json\/wp\/v2\/product_cat?post=7849"},{"taxonomy":"product_tag","embeddable":true,"href":"https:\/\/wpachem.com\/tr\/wp-json\/wp\/v2\/product_tag?post=7849"}],"curies":[{"name":"wp","href":"https:\/\/api.w.org\/{rel}","templated":true}]}}