{"id":7854,"date":"2024-04-28T06:54:50","date_gmt":"2024-04-28T06:54:50","guid":{"rendered":"https:\/\/wpachem.com\/?post_type=product&#038;p=7854"},"modified":"2024-04-28T07:08:52","modified_gmt":"2024-04-28T07:08:52","slug":"ssbr-solution-styrene-butadiene-rubber","status":"publish","type":"product","link":"https:\/\/wpachem.com\/tr\/urun\/ssbr-solution-styrene-butadiene-rubber\/","title":{"rendered":"SSBR \u00c7\u00f6z\u00fcm\u00fc stiren b\u00fctadien kau\u00e7uk SSBR YH-3103 YH-5103"},"content":{"rendered":"<h3>\u00c7\u00f6z\u00fcm stiren b\u00fctadien kau\u00e7uk \u2013\u00a0<strong>girii\u015f<\/strong><\/h3>\n<div>\n<p>SSBR (Stiren-B\u00fctadien Kau\u00e7uk), Stiren-B\u00fctadien Kau\u00e7uk olarak da bilinir, bir t\u00fcr sentetik Kau\u00e7uktur. Esas olarak iki bile\u015fi\u011fin, stiren ve b\u00fctadienin polimerizasyonuyla yap\u0131l\u0131r.<\/p>\n<p>SSBR&#039;nin \u00f6zellikleri \u015funlard\u0131r:<br \/>\n1. \u0130yi a\u015f\u0131nma direncine ve ya\u015flanma direncine sahip oldu\u011fundan lastik sekt\u00f6r\u00fcnde yayg\u0131n olarak kullan\u0131l\u0131r.<br \/>\n2. \u0130yi elastikiyete ve so\u011fuk direncine sahip oldu\u011fundan kau\u00e7uk conta ve titre\u015fim emici gibi \u00fcr\u00fcnlerin imalat\u0131nda kullan\u0131lmaya uygundur.<br \/>\n3. Y\u00fcksek y\u0131rt\u0131lma mukavemeti ve elastik mod\u00fcl\u00fcne sahiptir, b\u00f6ylece kau\u00e7uk \u00fcr\u00fcnlerde iyi mukavemet ve sertlik sa\u011flayabilir.<\/p>\n<p>SSBR&#039;nin ba\u015fl\u0131ca kullan\u0131m alanlar\u0131 \u015funlard\u0131r:<br \/>\n1. Lastik imalat\u0131: SSBR, m\u00fckemmel a\u015f\u0131nma direnci ve kavrama sa\u011flamak amac\u0131yla lastik s\u0131rtlar\u0131nda ve yan bile\u015fiklerinde yayg\u0131n olarak kullan\u0131l\u0131r.<br \/>\n2. End\u00fcstriyel kau\u00e7uk \u00fcr\u00fcnleri: kau\u00e7uk contalar, kau\u00e7uk titre\u015fim emiciler, konvey\u00f6r bantlar, kau\u00e7uk astarlar ve di\u011fer uygulamalar dahil.<br \/>\n3. Bot, eldiven ve di\u011fer kau\u00e7uk \u00fcr\u00fcnler: SSBR&#039;nin iyi esnekli\u011fi ve so\u011fuk direnci, onu so\u011fuk ge\u00e7irmez bot, i\u015f eldiveni ve di\u011fer \u00fcr\u00fcnlerin \u00fcretimi i\u00e7in ideal bir malzeme haline getirir.<\/p>\n<p>haz\u0131rlama y\u00f6ntemi, SSBR genellikle polimerizasyon reaksiyonu ile sentezlenir. En yayg\u0131n \u00fcretim y\u00f6ntemi, polimerizasyon ba\u015flat\u0131c\u0131lar\u0131 ve d\u00fczenleyicileri tan\u0131tarak em\u00fclsiyon polimerizasyonu veya \u00e7\u00f6zelti polimerizasyonu yoluyla stiren ve b\u00fctadieni polimer zincirlerine polimerize etmektir.<\/p>\n<p>G\u00fcvenlik bilgileri i\u00e7in SSBR&#039;yi kullan\u0131rken ve saklarken a\u015fa\u011f\u0131dakileri g\u00f6z \u00f6n\u00fcnde bulundurun:<br \/>\n1. Cilt ve g\u00f6zlerle do\u011frudan temas\u0131ndan ka\u00e7\u0131n\u0131n, uygun koruyucu eldiven ve g\u00f6zl\u00fck tak\u0131n.<br \/>\n2. A\u015f\u0131r\u0131 SSBR par\u00e7ac\u0131klar\u0131n\u0131 solumaktan ka\u00e7\u0131nmak i\u00e7in iyi havaland\u0131r\u0131lm\u0131\u015f bir alanda \u00e7al\u0131\u015f\u0131n.<br \/>\n3. Di\u011fer maddelerle g\u00fcvenli olmayan reaksiyonlardan ka\u00e7\u0131nmak i\u00e7in tedarik\u00e7inin sa\u011flad\u0131\u011f\u0131 kullan\u0131m ve elle\u00e7leme \u00f6nerilerini izleyin.<br \/>\n4. SSBR\u2019yi kuru, serin ve havaland\u0131r\u0131lm\u0131\u015f bir yerde, ate\u015ften ve yan\u0131c\u0131 maddelerden uzakta saklay\u0131n.<\/p>\n<\/div>\n<p>&nbsp;<\/p>\n<p>SSBR YH-3103<\/p>\n<p>\u00d6zellikler :<br \/>\nRastgele kopolimer<br \/>\nY\u00fcksek darbe direnci<br \/>\n\u0130yi optik \u00f6zellik<\/p>\n<p>Uygulamalar \uff1a<br \/>\nABS\\PS modifikasyonu<br \/>\nAsfalt modifikasyonu<br \/>\nAyakkab\u0131<\/p>\n<p>&nbsp;<\/p>\n<p>SSBR YH-5103<\/p>\n<p>\u00d6zellikler :<br \/>\nRastgele kopolimer<\/p>\n<p>Y\u00fcksek stiren i\u00e7eri\u011fi<\/p>\n<p>Ayakkab\u0131 yap\u0131m\u0131nda a\u015f\u0131nma direnci, y\u00fcksek mukavemet, iyi \u015feffafl\u0131k ve boyutsal kararl\u0131l\u0131k<\/p>\n<p>Uygulamalar\uff1a<br \/>\nAyakkab\u0131<br \/>\nPlastik modifikasyonu<br \/>\nYorulmak<\/p>\n<p>&nbsp;<\/p>","protected":false},"excerpt":{"rendered":"<table class=\"table table-bordered\">\n<tbody>\n<tr>\n<td>\u0130ngilizce<\/td>\n<td>\u00c7\u00f6z\u00fcm stiren b\u00fctadien kau\u00e7uk<\/td>\n<\/tr>\n<tr>\n<td>\u82f1\u6587\u522b\u540d<\/td>\n<td>\u00c7\u00f6z\u00fcm stiren b\u00fctadien kau\u00e7uk<br \/>\nSSBR<br \/>\nStiren-b\u00fctadien kau\u00e7u\u011funun \u00e7\u00f6zelti polimerizasyonu<\/td>\n<\/tr>\n<\/tbody>\n<\/table>\n<p>Ambalaj: 25kg ka\u011f\u0131t torba<\/p>","protected":false},"featured_media":7855,"template":"","meta":{"_acf_changed":false,"_gspb_post_css":""},"product_brand":[],"product_cat":[62],"product_tag":[],"class_list":{"0":"post-7854","1":"product","2":"type-product","3":"status-publish","4":"has-post-thumbnail","6":"product_cat-rubberplastic-ingredients","8":"first","9":"instock","10":"shipping-taxable","11":"product-type-simple"},"acf":[],"_links":{"self":[{"href":"https:\/\/wpachem.com\/tr\/wp-json\/wp\/v2\/product\/7854","targetHints":{"allow":["GET"]}}],"collection":[{"href":"https:\/\/wpachem.com\/tr\/wp-json\/wp\/v2\/product"}],"about":[{"href":"https:\/\/wpachem.com\/tr\/wp-json\/wp\/v2\/types\/product"}],"version-history":[{"count":0,"href":"https:\/\/wpachem.com\/tr\/wp-json\/wp\/v2\/product\/7854\/revisions"}],"wp:featuredmedia":[{"embeddable":true,"href":"https:\/\/wpachem.com\/tr\/wp-json\/wp\/v2\/media\/7855"}],"wp:attachment":[{"href":"https:\/\/wpachem.com\/tr\/wp-json\/wp\/v2\/media?parent=7854"}],"wp:term":[{"taxonomy":"product_brand","embeddable":true,"href":"https:\/\/wpachem.com\/tr\/wp-json\/wp\/v2\/product_brand?post=7854"},{"taxonomy":"product_cat","embeddable":true,"href":"https:\/\/wpachem.com\/tr\/wp-json\/wp\/v2\/product_cat?post=7854"},{"taxonomy":"product_tag","embeddable":true,"href":"https:\/\/wpachem.com\/tr\/wp-json\/wp\/v2\/product_tag?post=7854"}],"curies":[{"name":"wp","href":"https:\/\/api.w.org\/{rel}","templated":true}]}}