{"id":7859,"date":"2024-04-28T07:19:08","date_gmt":"2024-04-28T07:19:08","guid":{"rendered":"https:\/\/wpachem.com\/?post_type=product&#038;p=7859"},"modified":"2024-04-28T07:22:18","modified_gmt":"2024-04-28T07:22:18","slug":"butadiene-isoprene-rubber-bir-yh-3670","status":"publish","type":"product","link":"https:\/\/wpachem.com\/tr\/urun\/butadiene-isoprene-rubber-bir-yh-3670\/","title":{"rendered":"B\u00fctadien-\u0130zopren Kau\u00e7uk BIR YH-3670"},"content":{"rendered":"<p>\u00d6zellikler :<br \/>\nTarak Dall\u0131 B\u00fctadien \u0130zopren Kau\u00e7uk Kopolimeri<br \/>\nY\u00fcksek \u0131slak kayma direnci<br \/>\nD\u00fc\u015f\u00fck s\u0131k\u0131\u015ft\u0131rma \u0131s\u0131 \u00fcretimi<br \/>\nS\u00f6n\u00fcmleme \u00f6zelli\u011fi<\/p>\n<p>Uygulamalar \uff1a<\/p>\n<p>Yorulmak<\/p>\n<p>G\u00fcr\u00fclt\u00fc azaltma ve \u015fok emilimi<\/p>","protected":false},"excerpt":{"rendered":"<p>\u00d6zellikler \uff1a Tarak-Dall\u0131 b\u00fctadien izopren kau\u00e7uk kopolimeri Y\u00fcksek \u0131slak kayma direnci D\u00fc\u015f\u00fck s\u0131k\u0131\u015ft\u0131rma \u0131s\u0131s\u0131 \u00fcretimi S\u00f6n\u00fcmleme \u00f6zelli\u011fi Uygulamalar \uff1a Lastik G\u00fcr\u00fclt\u00fc azaltma ve \u015fok emilimi<\/p>","protected":false},"featured_media":7860,"template":"","meta":{"_acf_changed":false,"_gspb_post_css":""},"product_brand":[],"product_cat":[62],"product_tag":[],"class_list":{"0":"post-7859","1":"product","2":"type-product","3":"status-publish","4":"has-post-thumbnail","6":"product_cat-rubberplastic-ingredients","8":"first","9":"instock","10":"shipping-taxable","11":"product-type-simple"},"acf":[],"_links":{"self":[{"href":"https:\/\/wpachem.com\/tr\/wp-json\/wp\/v2\/product\/7859","targetHints":{"allow":["GET"]}}],"collection":[{"href":"https:\/\/wpachem.com\/tr\/wp-json\/wp\/v2\/product"}],"about":[{"href":"https:\/\/wpachem.com\/tr\/wp-json\/wp\/v2\/types\/product"}],"version-history":[{"count":0,"href":"https:\/\/wpachem.com\/tr\/wp-json\/wp\/v2\/product\/7859\/revisions"}],"wp:featuredmedia":[{"embeddable":true,"href":"https:\/\/wpachem.com\/tr\/wp-json\/wp\/v2\/media\/7860"}],"wp:attachment":[{"href":"https:\/\/wpachem.com\/tr\/wp-json\/wp\/v2\/media?parent=7859"}],"wp:term":[{"taxonomy":"product_brand","embeddable":true,"href":"https:\/\/wpachem.com\/tr\/wp-json\/wp\/v2\/product_brand?post=7859"},{"taxonomy":"product_cat","embeddable":true,"href":"https:\/\/wpachem.com\/tr\/wp-json\/wp\/v2\/product_cat?post=7859"},{"taxonomy":"product_tag","embeddable":true,"href":"https:\/\/wpachem.com\/tr\/wp-json\/wp\/v2\/product_tag?post=7859"}],"curies":[{"name":"wp","href":"https:\/\/api.w.org\/{rel}","templated":true}]}}