{"id":7863,"date":"2024-04-30T07:24:00","date_gmt":"2024-04-30T07:24:00","guid":{"rendered":"https:\/\/wpachem.com\/?post_type=product&#038;p=7863"},"modified":"2024-04-30T07:24:01","modified_gmt":"2024-04-30T07:24:01","slug":"seps-hydrogenated-styrene-ethylene-propylene-styrene","status":"publish","type":"product","link":"https:\/\/wpachem.com\/tr\/urun\/seps-hydrogenated-styrene-ethylene-propylene-styrene\/","title":{"rendered":"SEPS Hidrojene Stiren-Etilen\/Propilen-Stiren"},"content":{"rendered":"<p>Hidrojene Stiren-Etilen\/Propilen-Stiren (SEPS), Stiren-\u0130zopren-Stiren (SIS) blok kopolimerlerindeki konjuge doymam\u0131\u015f \u00e7ift ba\u011flar\u0131n se\u00e7ici olarak hidrojenlenmesiyle elde edilen yeni bir termoplastik elastomerdir. \u015eu anda yaln\u0131zca ABD&#039;den Kuraray, Japonya&#039;dan Kuraray ve \u00c7in&#039;den Balin Petrochemical ve Zhejiang Zhongli, SEPS i\u00e7in end\u00fcstriyel \u00fcretim kapasitesine sahiptir. SEPS, m\u00fckemmel antioksidan \u00f6zelliklerinin yan\u0131 s\u0131ra ola\u011fan\u00fcst\u00fc hava ko\u015fullar\u0131na dayan\u0131kl\u0131l\u0131k, asit ve alkali direnci, a\u015f\u0131nma direnci ve esneklik sergiler ve bu da onu pratik uygulamalarda geleneksel y\u0131ld\u0131z \u015fekilli ve do\u011frusal SIS&#039;ten \u00fcst\u00fcn k\u0131lar. SEPS, \u00f6nemli ara\u015ft\u0131rma de\u011feriyle t\u0131bbi, g\u0131da ve 5G ileti\u015fimi gibi alanlarda geni\u015f beklentilere sahiptir.<\/p>","protected":false},"excerpt":{"rendered":"<p>Hidrojene Stiren-Etilen\/Propilen-Stiren (SEPS), Stiren-\u0130zopren-Stiren (SIS) blok kopolimerlerindeki konjuge doymam\u0131\u015f \u00e7ift ba\u011flar\u0131n se\u00e7ici olarak hidrojenlenmesiyle elde edilen yeni bir termoplastik elastomerdir. \u015eu anda yaln\u0131zca ABD&#039;den Kuraray, Japonya&#039;dan Kuraray ve \u00c7in&#039;den Balin Petrochemical ve Zhejiang Zhongli, SEPS i\u00e7in end\u00fcstriyel \u00fcretim kapasitesine sahiptir. SEPS, m\u00fckemmel antioksidan \u00f6zelliklerin yan\u0131 s\u0131ra ola\u011fan\u00fcst\u00fc hava [\u2026]<\/p>","protected":false},"featured_media":7864,"template":"","meta":{"_acf_changed":false,"_gspb_post_css":""},"product_brand":[],"product_cat":[62],"product_tag":[],"class_list":{"0":"post-7863","1":"product","2":"type-product","3":"status-publish","4":"has-post-thumbnail","6":"product_cat-rubberplastic-ingredients","8":"first","9":"instock","10":"shipping-taxable","11":"product-type-simple"},"acf":[],"_links":{"self":[{"href":"https:\/\/wpachem.com\/tr\/wp-json\/wp\/v2\/product\/7863","targetHints":{"allow":["GET"]}}],"collection":[{"href":"https:\/\/wpachem.com\/tr\/wp-json\/wp\/v2\/product"}],"about":[{"href":"https:\/\/wpachem.com\/tr\/wp-json\/wp\/v2\/types\/product"}],"version-history":[{"count":0,"href":"https:\/\/wpachem.com\/tr\/wp-json\/wp\/v2\/product\/7863\/revisions"}],"wp:featuredmedia":[{"embeddable":true,"href":"https:\/\/wpachem.com\/tr\/wp-json\/wp\/v2\/media\/7864"}],"wp:attachment":[{"href":"https:\/\/wpachem.com\/tr\/wp-json\/wp\/v2\/media?parent=7863"}],"wp:term":[{"taxonomy":"product_brand","embeddable":true,"href":"https:\/\/wpachem.com\/tr\/wp-json\/wp\/v2\/product_brand?post=7863"},{"taxonomy":"product_cat","embeddable":true,"href":"https:\/\/wpachem.com\/tr\/wp-json\/wp\/v2\/product_cat?post=7863"},{"taxonomy":"product_tag","embeddable":true,"href":"https:\/\/wpachem.com\/tr\/wp-json\/wp\/v2\/product_tag?post=7863"}],"curies":[{"name":"wp","href":"https:\/\/api.w.org\/{rel}","templated":true}]}}