{"id":7869,"date":"2024-04-30T07:43:55","date_gmt":"2024-04-30T07:43:55","guid":{"rendered":"https:\/\/wpachem.com\/?post_type=product&#038;p=7869"},"modified":"2024-04-30T07:43:56","modified_gmt":"2024-04-30T07:43:56","slug":"ebs-ethylene-bis-stearamide-cas-110-30-5","status":"publish","type":"product","link":"https:\/\/wpachem.com\/tr\/urun\/ebs-ethylene-bis-stearamide-cas-110-30-5\/","title":{"rendered":"EBS Etilen Bis Stearamid CAS 110-30-5"},"content":{"rendered":"<table class=\"table table-bordered\">\n<tbody>\n<tr>\n<td>\u0130sim<\/td>\n<td>Etilen Bis Stearamid<\/td>\n<\/tr>\n<tr>\n<td>E\u015f anlaml\u0131lar<\/td>\n<td>EBS<br \/>\n1,2-distearamidoetan<br \/>\n<a href=\"https:\/\/www.chembk.com\/en\/chem\/Ethylene%20Bis%20Stearamide\" target=\"_blank\" rel=\"noopener\">Etilen Bis Steara<\/a>M<a href=\"https:\/\/www.chembk.com\/en\/chem\/Ethylene%20Bis%20Stearamide\" target=\"_blank\" rel=\"noopener\">fikir<\/a><br \/>\nN,N-etilendi(stearamid)<br \/>\nN,N&#039;-etilen bis-stearamid<br \/>\n2,5-diheksadesilheksandiamid<br \/>\nN,N-Etilenbisoktadekanamid<br \/>\nN,N&#039;-etan-1,2-diildioktadekanamid<\/td>\n<\/tr>\n<\/tbody>\n<\/table>\n<h3 class=\"info\">Etilen Bis Stearamid \u2013\u00a0<strong>Fiziko-kimyasal \u00d6zellikler<\/strong><\/h3>\n<div class=\"portlet-body\">\n<table class=\"table table-bordered\">\n<tbody>\n<tr>\n<td>Molek\u00fcler Form\u00fcl<\/td>\n<td>C38H76N2O2<\/td>\n<\/tr>\n<tr>\n<td>Mol k\u00fctlesi<\/td>\n<td>593.02<\/td>\n<\/tr>\n<tr>\n<td>Yo\u011funluk<\/td>\n<td>0,901 g\/cm<sup>3<\/sup><\/td>\n<\/tr>\n<tr>\n<td>Erime Noktas\u0131<\/td>\n<td>144-146\u2103<\/td>\n<\/tr>\n<tr>\n<td>\u00d6nemli Nokta<\/td>\n<td>760 mmHg&#039;de 724.138\u00b0C<\/td>\n<\/tr>\n<tr>\n<td>Alevlenme noktas\u0131<\/td>\n<td>391.745\u00b0C<\/td>\n<\/tr>\n<tr>\n<td>Buhar Bas\u0131nc\u0131<\/td>\n<td>25\u00b0C&#039;de 0mmHg<\/td>\n<\/tr>\n<tr>\n<td>D\u0131\u015f g\u00f6r\u00fcn\u00fc\u015f<\/td>\n<td>Beyaz, mumsu kat\u0131<\/td>\n<\/tr>\n<tr>\n<td>Depolama Ko\u015fulu<\/td>\n<td>Oda S\u0131cakl\u0131\u011f\u0131<\/td>\n<\/tr>\n<tr>\n<td>K\u0131r\u0131lma \u0130ndeksi<\/td>\n<td>1.475<\/td>\n<\/tr>\n<tr>\n<td>MDL<\/td>\n<td>MFCD00059224<\/td>\n<\/tr>\n<\/tbody>\n<\/table>\n<\/div>\n<h3 class=\"info\">Etilen Bis Stearamid \u2013\u00a0<strong>Risk ve G\u00fcvenlik<\/strong><\/h3>\n<div class=\"portlet-body\">\n<table class=\"table table-bordered\">\n<tbody>\n<tr>\n<td>Tehlike Sembolleri<\/td>\n<td>Xi \u2013 Tahri\u015f edici<\/td>\n<\/tr>\n<tr>\n<td>Risk Kodlar\u0131<\/td>\n<td>R36\/37\/38 \u2013 G\u00f6zleri, solunum sistemini ve cildi tahri\u015f edicidir.<\/td>\n<\/tr>\n<tr>\n<td>G\u00fcvenlik A\u00e7\u0131klamas\u0131<\/td>\n<td>S26 \u2013 G\u00f6z ile temas\u0131nda derhal bol su ile y\u0131kay\u0131n\u0131z ve doktora ba\u015fvurunuz.<br \/>\nS36 \u2013 Uygun koruyucu giysi giyin.<\/td>\n<\/tr>\n<\/tbody>\n<\/table>\n<p>&nbsp;<\/p>\n<\/div>","protected":false},"excerpt":{"rendered":"<table class=\"table table-bordered\">\n<tbody>\n<tr>\n<td>CAS<\/td>\n<td>110-30-5<\/td>\n<\/tr>\n<tr>\n<td>EINECS<\/td>\n<td>203-755-6<\/td>\n<\/tr>\n<tr>\n<td>InChI<\/td>\n<td>InChI=1\/C38H76N2O2\/c1-3-5-7-9-11-13-15-17-19-21-23-25-27-29-31-35(37(39)41)33-34-36(38(40) )42)32-30-28-26-24-22-20-18-16-14-12-10-8-6-4-2\/h35-36H,3-34H2,1-2H3,(H2,39,41)(H2,40,42)<\/td>\n<\/tr>\n<\/tbody>\n<\/table>\n<p><strong>Etilen Bis Stearamid \u2013 Giri\u015f<\/strong><br \/>\nN,N&#039;-(etan -1, 2-diil) distearamid, dioktil asetat olarak da bilinir, organik bir bile\u015fiktir. A\u015fa\u011f\u0131da, do\u011fas\u0131, kullan\u0131m\u0131, haz\u0131rlanmas\u0131 ve g\u00fcvenlik bilgileri hakk\u0131nda k\u0131sa bir a\u00e7\u0131klama bulunmaktad\u0131r.<\/p>\n<p>Do\u011fa:<br \/>\nN,N&#039;-(Etan -1, 2-diil) bisstearamid renksiz ila soluk sar\u0131 mumsu bir kat\u0131d\u0131r. \u0130yi termal kararl\u0131l\u0131\u011fa ve d\u00fc\u015f\u00fck u\u00e7uculu\u011fa sahiptir. Oda s\u0131cakl\u0131\u011f\u0131nda suda \u00e7\u00f6z\u00fcnmez, ancak alkoller, ketonlar ve aromatik hidrokarbonlar gibi organik \u00e7\u00f6z\u00fcc\u00fclerde \u00e7\u00f6z\u00fcn\u00fcr.<\/p>\n<p>Kullanmak:<br \/>\nN,N&#039;-(etan -1, 2-diil) bisstearamid \u00f6ncelikle bir ya\u011flay\u0131c\u0131 ve plastikle\u015ftirici olarak kullan\u0131l\u0131r. D\u00fc\u015f\u00fck bir erime noktas\u0131na ve y\u00fcksek bir s\u00fcrt\u00fcnme katsay\u0131s\u0131na sahiptir, bu nedenle genellikle plastik \u00fcr\u00fcnler, kau\u00e7uk \u00fcr\u00fcnler ve greslerin \u00fcretiminde kullan\u0131l\u0131r. Ayr\u0131ca, y\u00fcksek performansl\u0131 kaplamalar\u0131n, m\u00fcrekkeplerin ve yap\u0131\u015ft\u0131r\u0131c\u0131lar\u0131n haz\u0131rlanmas\u0131nda katk\u0131 maddesi olarak da kullan\u0131labilir.<\/p>\n<p>Haz\u0131rlan\u0131\u015f Y\u00f6ntemi:<br \/>\nN,N&#039;-(etan -1, 2-diil) bisstearamidin haz\u0131rlanmas\u0131 genellikle oksalik asidin oktanol ile reaksiyona sokulmas\u0131yla elde edilir. Spesifik ad\u0131m, oksalik asit ve oktanol\u00fcn bir kataliz\u00f6r varl\u0131\u011f\u0131nda esterle\u015ftirilerek N,N&#039;-(etan -1, 2-diil) distearamidin \u00fcretilmesidir. Reaksiyon s\u00fcrecinin verimi ve safl\u0131\u011f\u0131 iyile\u015ftirmek i\u00e7in reaksiyon s\u0131cakl\u0131\u011f\u0131n\u0131 ve reaksiyon s\u00fcresini kontrol etmesi gerekir.<\/p>\n<p>G\u00fcvenlik Bilgileri:<br \/>\nN,N&#039;-(etan -1, 2-diil) distearamid d\u00fc\u015f\u00fck toksisiteye sahiptir, ancak baz\u0131 g\u00fcvenlik konular\u0131na dikkat edilmelidir. Ciltte, g\u00f6zlerde ve solunum sisteminde tahri\u015fe neden olabilir, bu nedenle \u00e7al\u0131\u015fma s\u0131ras\u0131nda eldiven, g\u00f6zl\u00fck ve maske gibi uygun koruyucu \u00f6nlemlerin al\u0131nmas\u0131 gerekir. Ayn\u0131 zamanda yanmas\u0131n\u0131 \u00f6nlemek i\u00e7in y\u00fcksek s\u0131cakl\u0131k veya ate\u015f kaynaklar\u0131na uzun s\u00fcreli maruziyetten de ka\u00e7\u0131n\u0131lmal\u0131d\u0131r. Depolama ve ta\u015f\u0131ma s\u0131ras\u0131nda g\u00fc\u00e7l\u00fc asitlerden, alkalilerden ve oksidanlardan uzak tutulmal\u0131, serin ve havaland\u0131r\u0131lm\u0131\u015f bir yerde saklanmal\u0131d\u0131r. Bir s\u0131z\u0131nt\u0131 meydana geldi\u011finde, \u00e7evresel etkiyi \u00f6nlemek i\u00e7in h\u0131zla giderilmeli ve su kayna\u011f\u0131na veya topra\u011fa girmesi \u00f6nlenmelidir. Gerekirse, kullanmadan \u00f6nce ilgili kimyasallar i\u00e7in g\u00fcvenlik y\u00f6nergelerinin okunmas\u0131 ve uygulanmas\u0131 \u00f6nerilir.<\/p>","protected":false},"featured_media":7870,"template":"","meta":{"_acf_changed":false,"_gspb_post_css":""},"product_brand":[],"product_cat":[62],"product_tag":[],"class_list":{"0":"post-7869","1":"product","2":"type-product","3":"status-publish","4":"has-post-thumbnail","6":"product_cat-rubberplastic-ingredients","8":"first","9":"instock","10":"shipping-taxable","11":"product-type-simple"},"acf":[],"_links":{"self":[{"href":"https:\/\/wpachem.com\/tr\/wp-json\/wp\/v2\/product\/7869","targetHints":{"allow":["GET"]}}],"collection":[{"href":"https:\/\/wpachem.com\/tr\/wp-json\/wp\/v2\/product"}],"about":[{"href":"https:\/\/wpachem.com\/tr\/wp-json\/wp\/v2\/types\/product"}],"version-history":[{"count":0,"href":"https:\/\/wpachem.com\/tr\/wp-json\/wp\/v2\/product\/7869\/revisions"}],"wp:featuredmedia":[{"embeddable":true,"href":"https:\/\/wpachem.com\/tr\/wp-json\/wp\/v2\/media\/7870"}],"wp:attachment":[{"href":"https:\/\/wpachem.com\/tr\/wp-json\/wp\/v2\/media?parent=7869"}],"wp:term":[{"taxonomy":"product_brand","embeddable":true,"href":"https:\/\/wpachem.com\/tr\/wp-json\/wp\/v2\/product_brand?post=7869"},{"taxonomy":"product_cat","embeddable":true,"href":"https:\/\/wpachem.com\/tr\/wp-json\/wp\/v2\/product_cat?post=7869"},{"taxonomy":"product_tag","embeddable":true,"href":"https:\/\/wpachem.com\/tr\/wp-json\/wp\/v2\/product_tag?post=7869"}],"curies":[{"name":"wp","href":"https:\/\/api.w.org\/{rel}","templated":true}]}}