{"id":4365,"date":"2023-06-30T02:47:54","date_gmt":"2023-06-30T02:47:54","guid":{"rendered":"https:\/\/site2.easyceotech.com\/?page_id=4365"},"modified":"2023-06-30T02:56:03","modified_gmt":"2023-06-30T02:56:03","slug":"thank-you","status":"publish","type":"page","link":"https:\/\/wpachem.com\/vi\/thank-you\/","title":{"rendered":"C\u1ea3m \u01a1n"},"content":{"rendered":"<div data-elementor-type=\"wp-page\" data-elementor-id=\"4365\" class=\"elementor elementor-4365\" data-elementor-post-type=\"page\">\n\t\t\t\t<div data-particle_enable=\"false\" data-particle-mobile-disabled=\"false\" class=\"elementor-element elementor-element-77106ce e-flex e-con-boxed e-con e-parent\" data-id=\"77106ce\" data-element_type=\"container\" data-settings=\"{&quot;background_background&quot;:&quot;classic&quot;}\">\n\t\t\t\t\t<div class=\"e-con-inner\">\n\t\t\t\t<div class=\"elementor-element elementor-element-f7acefd exad-sticky-section-no exad-glass-effect-no elementor-widget elementor-widget-heading\" data-id=\"f7acefd\" data-element_type=\"widget\" data-widget_type=\"heading.default\">\n\t\t\t\t<div class=\"elementor-widget-container\">\n\t\t\t\t\t<h1 class=\"elementor-heading-title elementor-size-default\">C\u1ea3m \u01a1n!<\/h1>\t\t\t\t<\/div>\n\t\t\t\t<\/div>\n\t\t\t\t<div class=\"elementor-element elementor-element-7ebc4ea exad-sticky-section-no exad-glass-effect-no elementor-widget elementor-widget-text-editor\" data-id=\"7ebc4ea\" data-element_type=\"widget\" data-widget_type=\"text-editor.default\">\n\t\t\t\t<div class=\"elementor-widget-container\">\n\t\t\t\t\t\t\t\t\t<p>C\u1ea3m \u01a1n b\u1ea1n \u0111\u00e3 g\u1eedi tin nh\u1eafn cho ch\u00fang t\u00f4i. Tin nh\u1eafn c\u1ee7a b\u1ea1n \u0111\u00e3 \u0111\u01b0\u1ee3c g\u1eedi th\u00e0nh c\u00f4ng. Nh\u00f3m WPA s\u1ebd ph\u1ea3n h\u1ed3i b\u1ea1n s\u1edbm nh\u1ea5t c\u00f3 th\u1ec3.<\/p>\t\t\t\t\t\t\t\t<\/div>\n\t\t\t\t<\/div>\n\t\t\t\t\t<\/div>\n\t\t\t\t<\/div>\n\t\t\t\t<\/div>","protected":false},"excerpt":{"rendered":"<p>C\u1ea3m \u01a1n b\u1ea1n! C\u1ea3m \u01a1n b\u1ea1n \u0111\u00e3 g\u1eedi tin nh\u1eafn cho ch\u00fang t\u00f4i. Tin nh\u1eafn c\u1ee7a b\u1ea1n \u0111\u00e3 \u0111\u01b0\u1ee3c g\u1eedi th\u00e0nh c\u00f4ng. Nh\u00f3m WPA s\u1ebd ph\u1ea3n h\u1ed3i b\u1ea1n s\u1edbm nh\u1ea5t c\u00f3 th\u1ec3.<\/p>","protected":false},"author":1,"featured_media":0,"parent":0,"menu_order":0,"comment_status":"closed","ping_status":"closed","template":"","meta":{"_acf_changed":false,"_gspb_post_css":"","footnotes":""},"class_list":["post-4365","page","type-page","status-publish","hentry"],"blocksy_meta":[],"acf":[],"_links":{"self":[{"href":"https:\/\/wpachem.com\/vi\/wp-json\/wp\/v2\/pages\/4365","targetHints":{"allow":["GET"]}}],"collection":[{"href":"https:\/\/wpachem.com\/vi\/wp-json\/wp\/v2\/pages"}],"about":[{"href":"https:\/\/wpachem.com\/vi\/wp-json\/wp\/v2\/types\/page"}],"author":[{"embeddable":true,"href":"https:\/\/wpachem.com\/vi\/wp-json\/wp\/v2\/users\/1"}],"replies":[{"embeddable":true,"href":"https:\/\/wpachem.com\/vi\/wp-json\/wp\/v2\/comments?post=4365"}],"version-history":[{"count":0,"href":"https:\/\/wpachem.com\/vi\/wp-json\/wp\/v2\/pages\/4365\/revisions"}],"wp:attachment":[{"href":"https:\/\/wpachem.com\/vi\/wp-json\/wp\/v2\/media?parent=4365"}],"curies":[{"name":"wp","href":"https:\/\/api.w.org\/{rel}","templated":true}]}}