{"id":5285,"date":"2023-11-28T03:03:00","date_gmt":"2023-11-28T03:03:00","guid":{"rendered":"https:\/\/wpachem.com\/?page_id=5285"},"modified":"2023-11-28T03:09:26","modified_gmt":"2023-11-28T03:09:26","slug":"pigments-dyes-division","status":"publish","type":"page","link":"https:\/\/wpachem.com\/vi\/pigments-dyes-division\/","title":{"rendered":"B\u1ed9 ph\u1eadn b\u1ed9t m\u00e0u v\u00e0 thu\u1ed1c nhu\u1ed9m"},"content":{"rendered":"<div data-elementor-type=\"wp-page\" data-elementor-id=\"5285\" class=\"elementor elementor-5285\" data-elementor-post-type=\"page\">\n\t\t\t\t\t\t<section data-particle_enable=\"false\" data-particle-mobile-disabled=\"false\" data-exad-particle-enable=\"false\" class=\"elementor-section elementor-top-section elementor-element elementor-element-419450e ct-section-stretched elementor-section-height-min-height elementor-section-boxed elementor-section-height-default elementor-section-items-middle exad-parallax-effect-no exad-background-color-change-no exad-glass-effect-no exad-sticky-section-no\" data-id=\"419450e\" data-element_type=\"section\" data-settings=\"{&quot;background_background&quot;:&quot;classic&quot;,&quot;shape_divider_bottom&quot;:&quot;waves&quot;}\">\n\t\t\t\t\t<div class=\"elementor-shape elementor-shape-bottom\" aria-hidden=\"true\" data-negative=\"false\">\n\t\t\t<svg xmlns=\"http:\/\/www.w3.org\/2000\/svg\" viewbox=\"0 0 1000 100\" preserveaspectratio=\"none\">\n\t<path class=\"elementor-shape-fill\" d=\"M421.9,6.5c22.6-2.5,51.5,0.4,75.5,5.3c23.6,4.9,70.9,23.5,100.5,35.7c75.8,32.2,133.7,44.5,192.6,49.7\tc23.6,2.1,48.7,3.5,103.4-2.5c54.7-6,106.2-25.6,106.2-25.6V0H0v30.3c0,0,72,32.6,158.4,30.5c39.2-0.7,92.8-6.7,134-22.4\tc21.2-8.1,52.2-18.2,79.7-24.2C399.3,7.9,411.6,7.5,421.9,6.5z\"\/>\n<\/svg>\t\t<\/div>\n\t\t\t\t\t<div class=\"elementor-container elementor-column-gap-default\">\n\t\t\t\t\t<div class=\"elementor-column elementor-col-100 elementor-top-column elementor-element elementor-element-1d08d16 exad-glass-effect-no exad-sticky-section-no\" data-id=\"1d08d16\" data-element_type=\"column\">\n\t\t\t<div class=\"elementor-widget-wrap elementor-element-populated\">\n\t\t\t\t\t\t<div class=\"elementor-element elementor-element-2a8a3ee exad-sticky-section-no exad-glass-effect-no elementor-widget elementor-widget-heading\" data-id=\"2a8a3ee\" data-element_type=\"widget\" data-widget_type=\"heading.default\">\n\t\t\t\t<div class=\"elementor-widget-container\">\n\t\t\t\t\t<h1 class=\"elementor-heading-title elementor-size-default\">B\u1ed9 ph\u1eadn b\u1ed9t m\u00e0u v\u00e0 thu\u1ed1c nhu\u1ed9m<\/h1>\t\t\t\t<\/div>\n\t\t\t\t<\/div>\n\t\t\t\t\t<\/div>\n\t\t<\/div>\n\t\t\t\t\t<\/div>\n\t\t<\/section>\n\t\t<div data-particle_enable=\"false\" data-particle-mobile-disabled=\"false\" class=\"elementor-element elementor-element-b981cd3 e-flex e-con-boxed e-con e-parent\" data-id=\"b981cd3\" data-element_type=\"container\" data-settings=\"{&quot;background_background&quot;:&quot;classic&quot;}\">\n\t\t\t\t\t<div class=\"e-con-inner\">\n\t\t<div data-particle_enable=\"false\" data-particle-mobile-disabled=\"false\" class=\"elementor-element elementor-element-ba1379c e-con-full e-flex e-con e-child\" data-id=\"ba1379c\" data-element_type=\"container\">\n\t\t\t\t<div class=\"elementor-element elementor-element-ff8c15d exad-sticky-section-no exad-glass-effect-no elementor-widget elementor-widget-text-editor\" data-id=\"ff8c15d\" data-element_type=\"widget\" data-widget_type=\"text-editor.default\">\n\t\t\t\t<div class=\"elementor-widget-container\">\n\t\t\t\t\t\t\t\t\t<p>WPA l\u00e0 nh\u00e0 cung c\u1ea5p d\u1ecbch v\u1ee5 b\u1ed9t m\u00e0u \u0111\u1eb7c bi\u1ec7t h\u00e0ng \u0111\u1ea7u t\u1ea1i Trung Qu\u1ed1c. Ch\u00fang t\u00f4i c\u00f3 nhi\u1ec1u lo\u1ea1i s\u1ea3n ph\u1ea9m trong ph\u00e2n kh\u00fac b\u1ed9t m\u00e0u \u0111\u1eb7c bi\u1ec7t, bao g\u1ed3m l\u1edbp ph\u1ee7, nh\u1ef1a, cao su, m\u1ef1c, gi\u1ea5y v\u00e0 c\u00e1c \u1ee9ng d\u1ee5ng kh\u00e1c. Ho\u1ea1t \u0111\u1ed9ng kinh doanh c\u1ed1t l\u00f5i c\u1ee7a ch\u00fang t\u00f4i, titanium dioxide, \u0111ang h\u1ee3p t\u00e1c v\u1edbi c\u00e1c nh\u00e0 s\u1ea3n xu\u1ea5t titanium dioxide n\u1ed5i ti\u1ebfng trong ng\u00e0nh th\u00f4ng qua h\u00ecnh th\u1ee9c \u0111\u1ea1i l\u00fd v\u00e0 c\u1ed5 ph\u1ea7n, v\u1edbi c\u00e1c k\u00eanh cung \u1ee9ng c\u1ea1nh tranh v\u00e0 h\u1ed7 tr\u1ee3 k\u1ef9 thu\u1eadt t\u1eeb c\u00e1c chuy\u00ean gia trong nhi\u1ec1u ng\u00e0nh kh\u00e1c nhau. T\u00ednh \u0111\u1ebfn n\u0103m 2023, h\u01a1n 20.000 t\u1ea5n \u0111\u00e3 \u0111\u01b0\u1ee3c b\u00e1n tr\u00ean to\u00e0n c\u1ea7u. Ch\u00fang t\u00f4i c\u00f3 th\u1ec3 cung c\u1ea5p titanium dioxide b\u1eb1ng ph\u01b0\u01a1ng ph\u00e1p axit sunfuric, ph\u01b0\u01a1ng ph\u00e1p clo h\u00f3a v\u00e0 titanium dioxide chuy\u00ean d\u1ee5ng (v\u00ed d\u1ee5: c\u1ea5p th\u1ef1c ph\u1ea9m, c\u1ea5p m\u1ef9 ph\u1ea9m, c\u1ea5p \u0111i\u1ec7n t\u1eed). D\u1ef1a v\u00e0o c\u00e1c ph\u00f2ng th\u00ed nghi\u1ec7m c\u1ee7a c\u00e1c nh\u00e0 m\u00e1y \u0111\u1ed1i t\u00e1c, ch\u00fang t\u00f4i cam k\u1ebft cung c\u1ea5p nguy\u00ean li\u1ec7u th\u00f4 ch\u1ea5t l\u01b0\u1ee3ng cao v\u00e0 \u1ed5n \u0111\u1ecbnh, c\u0169ng nh\u01b0 c\u00e1c s\u1ea3n ph\u1ea9m t\u00f9y ch\u1ec9nh v\u00e0 gi\u1ea3i ph\u00e1p s\u1ea3n ph\u1ea9m chuy\u00ean nghi\u1ec7p cho kh\u00e1ch h\u00e0ng c\u1ee7a m\u00ecnh. S\u1ea3n ph\u1ea9m c\u1ee7a ch\u00fang t\u00f4i \u0111\u01b0\u1ee3c xu\u1ea5t kh\u1ea9u sang Ch\u00e2u \u00c2u, Ch\u00e2u \u00c1, B\u1eafc v\u00e0 Nam M\u1ef9.<\/p>\t\t\t\t\t\t\t\t<\/div>\n\t\t\t\t<\/div>\n\t\t\t\t<\/div>\n\t\t<div data-particle_enable=\"false\" data-particle-mobile-disabled=\"false\" class=\"elementor-element elementor-element-04dbd7b e-con-full e-flex e-con e-child\" data-id=\"04dbd7b\" data-element_type=\"container\" data-settings=\"{&quot;background_background&quot;:&quot;classic&quot;}\">\n\t\t\t\t<div class=\"elementor-element elementor-element-e2f9a73 exad-sticky-section-no exad-glass-effect-no elementor-widget elementor-widget-spacer\" data-id=\"e2f9a73\" data-element_type=\"widget\" data-widget_type=\"spacer.default\">\n\t\t\t\t<div class=\"elementor-widget-container\">\n\t\t\t\t\t\t\t<div class=\"elementor-spacer\">\n\t\t\t<div class=\"elementor-spacer-inner\"><\/div>\n\t\t<\/div>\n\t\t\t\t\t\t<\/div>\n\t\t\t\t<\/div>\n\t\t\t\t<\/div>\n\t\t\t\t\t<\/div>\n\t\t\t\t<\/div>\n\t\t\t\t<\/div>","protected":false},"excerpt":{"rendered":"<p>Pigments &#038; Dyes Division WPA is a leading specialty pigment service provider in China. We have a wide range of products in the specialty pigment segment, covering coatings, plastics, rubber, ink, paper and other applications. Our core business, titanium dioxide, is cooperating with famous titanium dioxide producers in the industry through the way of agent [&hellip;]<\/p>","protected":false},"author":3,"featured_media":0,"parent":0,"menu_order":0,"comment_status":"closed","ping_status":"closed","template":"","meta":{"_acf_changed":false,"_gspb_post_css":"","footnotes":""},"class_list":["post-5285","page","type-page","status-publish","hentry"],"blocksy_meta":[],"acf":[],"_links":{"self":[{"href":"https:\/\/wpachem.com\/vi\/wp-json\/wp\/v2\/pages\/5285","targetHints":{"allow":["GET"]}}],"collection":[{"href":"https:\/\/wpachem.com\/vi\/wp-json\/wp\/v2\/pages"}],"about":[{"href":"https:\/\/wpachem.com\/vi\/wp-json\/wp\/v2\/types\/page"}],"author":[{"embeddable":true,"href":"https:\/\/wpachem.com\/vi\/wp-json\/wp\/v2\/users\/3"}],"replies":[{"embeddable":true,"href":"https:\/\/wpachem.com\/vi\/wp-json\/wp\/v2\/comments?post=5285"}],"version-history":[{"count":0,"href":"https:\/\/wpachem.com\/vi\/wp-json\/wp\/v2\/pages\/5285\/revisions"}],"wp:attachment":[{"href":"https:\/\/wpachem.com\/vi\/wp-json\/wp\/v2\/media?parent=5285"}],"curies":[{"name":"wp","href":"https:\/\/api.w.org\/{rel}","templated":true}]}}