{"id":5293,"date":"2023-11-28T03:07:34","date_gmt":"2023-11-28T03:07:34","guid":{"rendered":"https:\/\/wpachem.com\/?page_id=5293"},"modified":"2023-11-28T03:10:13","modified_gmt":"2023-11-28T03:10:13","slug":"rubber-plastic-chemicals-division","status":"publish","type":"page","link":"https:\/\/wpachem.com\/vi\/rubber-plastic-chemicals-division\/","title":{"rendered":"B\u1ed9 ph\u1eadn H\u00f3a ch\u1ea5t Cao su &amp; Nh\u1ef1a"},"content":{"rendered":"<div data-elementor-type=\"wp-page\" data-elementor-id=\"5293\" class=\"elementor elementor-5293\" data-elementor-post-type=\"page\">\n\t\t\t\t\t\t<section data-particle_enable=\"false\" data-particle-mobile-disabled=\"false\" data-exad-particle-enable=\"false\" class=\"elementor-section elementor-top-section elementor-element elementor-element-368579c ct-section-stretched elementor-section-height-min-height elementor-section-boxed elementor-section-height-default elementor-section-items-middle exad-parallax-effect-no exad-background-color-change-no exad-glass-effect-no exad-sticky-section-no\" data-id=\"368579c\" data-element_type=\"section\" data-settings=\"{&quot;background_background&quot;:&quot;classic&quot;,&quot;shape_divider_bottom&quot;:&quot;waves&quot;}\">\n\t\t\t\t\t<div class=\"elementor-shape elementor-shape-bottom\" aria-hidden=\"true\" data-negative=\"false\">\n\t\t\t<svg xmlns=\"http:\/\/www.w3.org\/2000\/svg\" viewbox=\"0 0 1000 100\" preserveaspectratio=\"none\">\n\t<path class=\"elementor-shape-fill\" d=\"M421.9,6.5c22.6-2.5,51.5,0.4,75.5,5.3c23.6,4.9,70.9,23.5,100.5,35.7c75.8,32.2,133.7,44.5,192.6,49.7\tc23.6,2.1,48.7,3.5,103.4-2.5c54.7-6,106.2-25.6,106.2-25.6V0H0v30.3c0,0,72,32.6,158.4,30.5c39.2-0.7,92.8-6.7,134-22.4\tc21.2-8.1,52.2-18.2,79.7-24.2C399.3,7.9,411.6,7.5,421.9,6.5z\"\/>\n<\/svg>\t\t<\/div>\n\t\t\t\t\t<div class=\"elementor-container elementor-column-gap-default\">\n\t\t\t\t\t<div class=\"elementor-column elementor-col-100 elementor-top-column elementor-element elementor-element-6b4b850 exad-glass-effect-no exad-sticky-section-no\" data-id=\"6b4b850\" data-element_type=\"column\">\n\t\t\t<div class=\"elementor-widget-wrap elementor-element-populated\">\n\t\t\t\t\t\t<div class=\"elementor-element elementor-element-8484edb exad-sticky-section-no exad-glass-effect-no elementor-widget elementor-widget-heading\" data-id=\"8484edb\" data-element_type=\"widget\" data-widget_type=\"heading.default\">\n\t\t\t\t<div class=\"elementor-widget-container\">\n\t\t\t\t\t<h1 class=\"elementor-heading-title elementor-size-default\">B\u1ed9 ph\u1eadn H\u00f3a ch\u1ea5t Cao su &amp; Nh\u1ef1a<\/h1>\t\t\t\t<\/div>\n\t\t\t\t<\/div>\n\t\t\t\t\t<\/div>\n\t\t<\/div>\n\t\t\t\t\t<\/div>\n\t\t<\/section>\n\t\t<div data-particle_enable=\"false\" data-particle-mobile-disabled=\"false\" class=\"elementor-element elementor-element-4eecb7e e-flex e-con-boxed e-con e-parent\" data-id=\"4eecb7e\" data-element_type=\"container\" data-settings=\"{&quot;background_background&quot;:&quot;classic&quot;}\">\n\t\t\t\t\t<div class=\"e-con-inner\">\n\t\t<div data-particle_enable=\"false\" data-particle-mobile-disabled=\"false\" class=\"elementor-element elementor-element-fa7c063 e-con-full e-flex e-con e-child\" data-id=\"fa7c063\" data-element_type=\"container\">\n\t\t\t\t<div class=\"elementor-element elementor-element-b301740 exad-sticky-section-no exad-glass-effect-no elementor-widget elementor-widget-text-editor\" data-id=\"b301740\" data-element_type=\"widget\" data-widget_type=\"text-editor.default\">\n\t\t\t\t<div class=\"elementor-widget-container\">\n\t\t\t\t\t\t\t\t\t<p>WPA \u0111\u00e3 t\u1eadp trung v\u00e0o l\u0129nh v\u1ef1c cao su trong h\u01a1n 10 n\u0103m v\u00e0 l\u00e0 nh\u00e0 cung c\u1ea5p d\u1ecbch v\u1ee5 v\u1eadt li\u1ec7u ph\u1ee5 gia cao su h\u00e0ng \u0111\u1ea7u t\u1ea1i Trung Qu\u1ed1c. T\u1ea1i c\u00e1c qu\u1ed1c gia s\u1ea3n xu\u1ea5t v\u00e0 cung c\u1ea5p ph\u1ee5 gia cao su l\u1edbn nh\u1ea5t th\u1ebf gi\u1edbi, ch\u00fang t\u00f4i \u0111\u00e3 t\u00edch h\u1ee3p c\u00e1c ngu\u1ed3n l\u1ef1c v\u00e0 k\u00eanh cung \u1ee9ng ch\u1ea5t l\u01b0\u1ee3ng cao c\u1ee7a ng\u00e0nh, \u0111\u1ed3ng th\u1eddi c\u00f3 m\u1ed1i li\u00ean h\u1ec7 v\u00e0 h\u1ee3p t\u00e1c ch\u1eb7t ch\u1ebd v\u1edbi c\u00e1c nh\u00e0 s\u1ea3n xu\u1ea5t trong v\u00e0 ngo\u00e0i n\u01b0\u1edbc n\u1ed5i ti\u1ebfng. S\u1ea3n ph\u1ea9m c\u1ee7a ch\u00fang t\u00f4i bao g\u1ed3m ch\u1ea5t t\u0103ng t\u1ed1c cao su, ch\u1ea5t ch\u1ed1ng oxy h\u00f3a cao su, ch\u1ea5t l\u01b0u h\u00f3a, ph\u1ee5 gia cao su ch\u1ee9c n\u0103ng v\u00e0 cao su \u0111\u1eb7c bi\u1ec7t. C\u00e1c l\u0129nh v\u1ef1c \u1ee9ng d\u1ee5ng bao g\u1ed3m t\u1ea5t c\u1ea3 c\u00e1c lo\u1ea1i s\u1ea3n ph\u1ea9m cao su, bao g\u1ed3m l\u1ed1p xe, \u1ed1ng cao su, d\u00e2y \u0111ai cao su, t\u1ea5m cao su v\u00e0 \u0111\u1ebf gi\u00e0y cao su. S\u1ea3n ph\u1ea9m c\u1ee7a ch\u00fang t\u00f4i \u0111\u01b0\u1ee3c xu\u1ea5t kh\u1ea9u sang Ch\u00e2u \u00c2u, Ch\u00e2u \u00c1, B\u1eafc M\u1ef9 v\u00e0 Nam M\u1ef9.<\/p>\t\t\t\t\t\t\t\t<\/div>\n\t\t\t\t<\/div>\n\t\t\t\t<\/div>\n\t\t<div data-particle_enable=\"false\" data-particle-mobile-disabled=\"false\" class=\"elementor-element elementor-element-1f0876a e-con-full e-flex e-con e-child\" data-id=\"1f0876a\" data-element_type=\"container\" data-settings=\"{&quot;background_background&quot;:&quot;classic&quot;}\">\n\t\t\t\t<div class=\"elementor-element elementor-element-50d2cdf exad-sticky-section-no exad-glass-effect-no elementor-widget elementor-widget-spacer\" data-id=\"50d2cdf\" data-element_type=\"widget\" data-widget_type=\"spacer.default\">\n\t\t\t\t<div class=\"elementor-widget-container\">\n\t\t\t\t\t\t\t<div class=\"elementor-spacer\">\n\t\t\t<div class=\"elementor-spacer-inner\"><\/div>\n\t\t<\/div>\n\t\t\t\t\t\t<\/div>\n\t\t\t\t<\/div>\n\t\t\t\t<\/div>\n\t\t\t\t\t<\/div>\n\t\t\t\t<\/div>\n\t\t\t\t<\/div>","protected":false},"excerpt":{"rendered":"<p>B\u1ed9 ph\u1eadn H\u00f3a ch\u1ea5t Cao su &amp; Nh\u1ef1a WPA \u0111\u00e3 t\u1eadp trung v\u00e0o l\u0129nh v\u1ef1c cao su h\u01a1n 10 n\u0103m v\u00e0 l\u00e0 nh\u00e0 cung c\u1ea5p d\u1ecbch v\u1ee5 v\u1eadt li\u1ec7u ph\u1ee5 gia cao su h\u00e0ng \u0111\u1ea7u t\u1ea1i Trung Qu\u1ed1c. T\u1ea1i c\u00e1c qu\u1ed1c gia s\u1ea3n xu\u1ea5t v\u00e0 cung c\u1ea5p ph\u1ee5 gia cao su l\u1edbn nh\u1ea5t th\u1ebf gi\u1edbi, ch\u00fang t\u00f4i \u0111\u00e3 t\u00edch h\u1ee3p c\u00e1c ngu\u1ed3n l\u1ef1c v\u00e0 k\u00eanh cung \u1ee9ng ch\u1ea5t l\u01b0\u1ee3ng cao c\u1ee7a ng\u00e0nh, \u0111\u1ed3ng th\u1eddi c\u00f3 m\u1ed1i li\u00ean h\u1ec7 v\u00e0 h\u1ee3p t\u00e1c ch\u1eb7t ch\u1ebd [\u2026]<\/p>","protected":false},"author":3,"featured_media":0,"parent":0,"menu_order":0,"comment_status":"closed","ping_status":"closed","template":"","meta":{"_acf_changed":false,"_gspb_post_css":"","footnotes":""},"class_list":["post-5293","page","type-page","status-publish","hentry"],"blocksy_meta":[],"acf":[],"_links":{"self":[{"href":"https:\/\/wpachem.com\/vi\/wp-json\/wp\/v2\/pages\/5293","targetHints":{"allow":["GET"]}}],"collection":[{"href":"https:\/\/wpachem.com\/vi\/wp-json\/wp\/v2\/pages"}],"about":[{"href":"https:\/\/wpachem.com\/vi\/wp-json\/wp\/v2\/types\/page"}],"author":[{"embeddable":true,"href":"https:\/\/wpachem.com\/vi\/wp-json\/wp\/v2\/users\/3"}],"replies":[{"embeddable":true,"href":"https:\/\/wpachem.com\/vi\/wp-json\/wp\/v2\/comments?post=5293"}],"version-history":[{"count":0,"href":"https:\/\/wpachem.com\/vi\/wp-json\/wp\/v2\/pages\/5293\/revisions"}],"wp:attachment":[{"href":"https:\/\/wpachem.com\/vi\/wp-json\/wp\/v2\/media?parent=5293"}],"curies":[{"name":"wp","href":"https:\/\/api.w.org\/{rel}","templated":true}]}}