{"id":5301,"date":"2023-11-28T03:11:01","date_gmt":"2023-11-28T03:11:01","guid":{"rendered":"https:\/\/wpachem.com\/?page_id=5301"},"modified":"2023-11-28T03:14:03","modified_gmt":"2023-11-28T03:14:03","slug":"personal-care-and-cosmetic-ingredients-division","status":"publish","type":"page","link":"https:\/\/wpachem.com\/vi\/personal-care-and-cosmetic-ingredients-division\/","title":{"rendered":"B\u1ed9 ph\u1eadn Ch\u0103m s\u00f3c c\u00e1 nh\u00e2n v\u00e0 Th\u00e0nh ph\u1ea7n m\u1ef9 ph\u1ea9m"},"content":{"rendered":"<div data-elementor-type=\"wp-page\" data-elementor-id=\"5301\" class=\"elementor elementor-5301\" data-elementor-post-type=\"page\">\n\t\t\t\t\t\t<section data-particle_enable=\"false\" data-particle-mobile-disabled=\"false\" data-exad-particle-enable=\"false\" class=\"elementor-section elementor-top-section elementor-element elementor-element-db2e752 ct-section-stretched elementor-section-height-min-height elementor-section-boxed elementor-section-height-default elementor-section-items-middle exad-parallax-effect-no exad-background-color-change-no exad-glass-effect-no exad-sticky-section-no\" data-id=\"db2e752\" data-element_type=\"section\" data-settings=\"{&quot;background_background&quot;:&quot;classic&quot;,&quot;shape_divider_bottom&quot;:&quot;waves&quot;}\">\n\t\t\t\t\t\t\t<div class=\"elementor-background-overlay\"><\/div>\n\t\t\t\t\t\t<div class=\"elementor-shape elementor-shape-bottom\" aria-hidden=\"true\" data-negative=\"false\">\n\t\t\t<svg xmlns=\"http:\/\/www.w3.org\/2000\/svg\" viewbox=\"0 0 1000 100\" preserveaspectratio=\"none\">\n\t<path class=\"elementor-shape-fill\" d=\"M421.9,6.5c22.6-2.5,51.5,0.4,75.5,5.3c23.6,4.9,70.9,23.5,100.5,35.7c75.8,32.2,133.7,44.5,192.6,49.7\tc23.6,2.1,48.7,3.5,103.4-2.5c54.7-6,106.2-25.6,106.2-25.6V0H0v30.3c0,0,72,32.6,158.4,30.5c39.2-0.7,92.8-6.7,134-22.4\tc21.2-8.1,52.2-18.2,79.7-24.2C399.3,7.9,411.6,7.5,421.9,6.5z\"\/>\n<\/svg>\t\t<\/div>\n\t\t\t\t\t<div class=\"elementor-container elementor-column-gap-default\">\n\t\t\t\t\t<div class=\"elementor-column elementor-col-100 elementor-top-column elementor-element elementor-element-8a4e424 exad-glass-effect-no exad-sticky-section-no\" data-id=\"8a4e424\" data-element_type=\"column\">\n\t\t\t<div class=\"elementor-widget-wrap elementor-element-populated\">\n\t\t\t\t\t\t<div class=\"elementor-element elementor-element-d7af9b0 exad-sticky-section-no exad-glass-effect-no elementor-widget elementor-widget-heading\" data-id=\"d7af9b0\" data-element_type=\"widget\" data-widget_type=\"heading.default\">\n\t\t\t\t<div class=\"elementor-widget-container\">\n\t\t\t\t\t<h1 class=\"elementor-heading-title elementor-size-default\">B\u1ed9 ph\u1eadn Ch\u0103m s\u00f3c c\u00e1 nh\u00e2n v\u00e0 Th\u00e0nh ph\u1ea7n m\u1ef9 ph\u1ea9m<\/h1>\t\t\t\t<\/div>\n\t\t\t\t<\/div>\n\t\t\t\t\t<\/div>\n\t\t<\/div>\n\t\t\t\t\t<\/div>\n\t\t<\/section>\n\t\t<div data-particle_enable=\"false\" data-particle-mobile-disabled=\"false\" class=\"elementor-element elementor-element-3e4de06 e-flex e-con-boxed e-con e-parent\" data-id=\"3e4de06\" data-element_type=\"container\" data-settings=\"{&quot;background_background&quot;:&quot;classic&quot;}\">\n\t\t\t\t\t<div class=\"e-con-inner\">\n\t\t<div data-particle_enable=\"false\" data-particle-mobile-disabled=\"false\" class=\"elementor-element elementor-element-ea31193 e-con-full e-flex e-con e-child\" data-id=\"ea31193\" data-element_type=\"container\">\n\t\t\t\t<div class=\"elementor-element elementor-element-c304c82 exad-sticky-section-no exad-glass-effect-no elementor-widget elementor-widget-text-editor\" data-id=\"c304c82\" data-element_type=\"widget\" data-widget_type=\"text-editor.default\">\n\t\t\t\t<div class=\"elementor-widget-container\">\n\t\t\t\t\t\t\t\t\t<p>Ch\u00fang t\u00f4i cung c\u1ea5p nhi\u1ec1u lo\u1ea1i nguy\u00ean li\u1ec7u th\u00f4 d\u00f9ng trong m\u1ef9 ph\u1ea9m v\u1edbi nhi\u1ec1u ch\u1ee9c n\u0103ng kh\u00e1c nhau, ch\u1eb3ng h\u1ea1n nh\u01b0 \u201cch\u1ea5t l\u00e0m \u0111\u1eb7c, ch\u1ea5t b\u1ea3o qu\u1ea3n, ch\u1ea5t \u0111\u1ed9n, ch\u1ea5t t\u1ea1o ng\u1ecdc trai, ch\u1ea5t ch\u1ed1ng oxy h\u00f3a, ch\u1ea5t \u0111i\u1ec1u ch\u1ec9nh \u0111\u1ed9 PH, v.v., v\u00e0 c\u00e1c nguy\u00ean li\u1ec7u th\u00f4 c\u00f3 hi\u1ec7u qu\u1ea3 nh\u01b0 ch\u1ea5t l\u00e0m m\u1ec1m, ch\u1ea5t d\u01b0\u1ee1ng \u1ea9m, ch\u1ea5t t\u1ea9y r\u1eeda, ch\u1ea5t t\u1ea1o m\u00e0u, ch\u1ea5t l\u00e0m tr\u1eafng, thu\u1ed1c nhu\u1ed9m t\u00f3c, v.v., \u0111\u01b0\u1ee3c s\u1eed d\u1ee5ng r\u1ed9ng r\u00e3i trong l\u0129nh v\u1ef1c ch\u0103m s\u00f3c da, trang \u0111i\u1ec3m, n\u01b0\u1edbc hoa, kem ch\u1ed1ng n\u1eafng v\u00e0 c\u00e1c h\u00f3a ch\u1ea5t h\u00e0ng ng\u00e0y kh\u00e1c. V\u1edbi s\u1ef1 b\u1ed5 sung c\u1ee7a c\u00e1c c\u1ed1 v\u1ea5n k\u1ef9 thu\u1eadt n\u1ed5i ti\u1ebfng trong ng\u00e0nh, WPA \u0111\u00e1nh gi\u00e1 c\u00e1c nguy\u00ean li\u1ec7u th\u00f4 m\u1edbi v\u1ec1 m\u1eb7t tu\u00e2n th\u1ee7, r\u1ee7i ro, m\u1ee9c \u0111\u1ed9 \u1ee9ng d\u1ee5ng, chu\u1ed7i cung \u1ee9ng v\u00e0 c\u00e1c kh\u00eda c\u1ea1nh kh\u00e1c theo \u0111\u1ed9ng l\u1ef1c th\u1ecb tr\u01b0\u1eddng, s\u00e0ng l\u1ecdc c\u00e1c nh\u00e0 cung c\u1ea5p ch\u1ea5t l\u01b0\u1ee3ng cao, cung c\u1ea5p c\u00e1c s\u1ea3n ph\u1ea9m ch\u1ea5t l\u01b0\u1ee3ng cao v\u00e0 \u0111\u1ed3ng th\u1eddi \u0111\u00e1p \u1ee9ng c\u00e1c y\u00eau c\u1ea7u d\u1ecbch v\u1ee5 c\u1ee7a c\u00e1c kh\u00e1ch h\u00e0ng kh\u00e1c nhau \u0111\u1ec3 l\u1eadp c\u00f4ng th\u1ee9c theo h\u1ec7 th\u1ed1ng \u1ee9ng d\u1ee5ng.<\/p>\t\t\t\t\t\t\t\t<\/div>\n\t\t\t\t<\/div>\n\t\t\t\t<\/div>\n\t\t<div data-particle_enable=\"false\" data-particle-mobile-disabled=\"false\" class=\"elementor-element elementor-element-9b011d6 e-con-full e-flex e-con e-child\" data-id=\"9b011d6\" data-element_type=\"container\" data-settings=\"{&quot;background_background&quot;:&quot;classic&quot;}\">\n\t\t\t\t<div class=\"elementor-element elementor-element-3c52c2c exad-sticky-section-no exad-glass-effect-no elementor-widget elementor-widget-spacer\" data-id=\"3c52c2c\" data-element_type=\"widget\" data-widget_type=\"spacer.default\">\n\t\t\t\t<div class=\"elementor-widget-container\">\n\t\t\t\t\t\t\t<div class=\"elementor-spacer\">\n\t\t\t<div class=\"elementor-spacer-inner\"><\/div>\n\t\t<\/div>\n\t\t\t\t\t\t<\/div>\n\t\t\t\t<\/div>\n\t\t\t\t<\/div>\n\t\t\t\t\t<\/div>\n\t\t\t\t<\/div>\n\t\t\t\t<\/div>","protected":false},"excerpt":{"rendered":"<p>B\u1ed9 ph\u1eadn Ch\u0103m s\u00f3c C\u00e1 nh\u00e2n v\u00e0 Th\u00e0nh ph\u1ea7n M\u1ef9 ph\u1ea9m Ch\u00fang t\u00f4i cung c\u1ea5p nhi\u1ec1u lo\u1ea1i nguy\u00ean li\u1ec7u th\u00f4 d\u00f9ng trong m\u1ef9 ph\u1ea9m v\u1edbi nhi\u1ec1u ch\u1ee9c n\u0103ng kh\u00e1c nhau, ch\u1eb3ng h\u1ea1n nh\u01b0 \u201cch\u1ea5t l\u00e0m \u0111\u1eb7c, ch\u1ea5t b\u1ea3o qu\u1ea3n, ch\u1ea5t \u0111\u1ed9n, ch\u1ea5t t\u1ea1o ng\u1ecdc trai, ch\u1ea5t ch\u1ed1ng oxy h\u00f3a, ch\u1ea5t \u0111i\u1ec1u ch\u1ec9nh \u0111\u1ed9 pH, v.v., v\u00e0 c\u00e1c nguy\u00ean li\u1ec7u th\u00f4 c\u00f3 hi\u1ec7u qu\u1ea3 nh\u01b0 ch\u1ea5t l\u00e0m m\u1ec1m, ch\u1ea5t d\u01b0\u1ee1ng \u1ea9m, ch\u1ea5t t\u1ea9y r\u1eeda, ch\u1ea5t t\u1ea1o m\u00e0u, ch\u1ea5t l\u00e0m tr\u1eafng, thu\u1ed1c nhu\u1ed9m t\u00f3c, v.v., \u0111\u01b0\u1ee3c s\u1eed d\u1ee5ng r\u1ed9ng r\u00e3i trong l\u0129nh v\u1ef1c ch\u0103m s\u00f3c da, trang \u0111i\u1ec3m, n\u01b0\u1edbc hoa, [\u2026]<\/p>","protected":false},"author":3,"featured_media":0,"parent":0,"menu_order":0,"comment_status":"closed","ping_status":"closed","template":"","meta":{"_acf_changed":false,"_gspb_post_css":"","footnotes":""},"class_list":["post-5301","page","type-page","status-publish","hentry"],"blocksy_meta":[],"acf":[],"_links":{"self":[{"href":"https:\/\/wpachem.com\/vi\/wp-json\/wp\/v2\/pages\/5301","targetHints":{"allow":["GET"]}}],"collection":[{"href":"https:\/\/wpachem.com\/vi\/wp-json\/wp\/v2\/pages"}],"about":[{"href":"https:\/\/wpachem.com\/vi\/wp-json\/wp\/v2\/types\/page"}],"author":[{"embeddable":true,"href":"https:\/\/wpachem.com\/vi\/wp-json\/wp\/v2\/users\/3"}],"replies":[{"embeddable":true,"href":"https:\/\/wpachem.com\/vi\/wp-json\/wp\/v2\/comments?post=5301"}],"version-history":[{"count":0,"href":"https:\/\/wpachem.com\/vi\/wp-json\/wp\/v2\/pages\/5301\/revisions"}],"wp:attachment":[{"href":"https:\/\/wpachem.com\/vi\/wp-json\/wp\/v2\/media?parent=5301"}],"curies":[{"name":"wp","href":"https:\/\/api.w.org\/{rel}","templated":true}]}}