{"id":5320,"date":"2023-11-28T03:18:21","date_gmt":"2023-11-28T03:18:21","guid":{"rendered":"https:\/\/wpachem.com\/?page_id=5320"},"modified":"2023-11-28T03:19:51","modified_gmt":"2023-11-28T03:19:51","slug":"electronic-chemicals-division","status":"publish","type":"page","link":"https:\/\/wpachem.com\/vi\/electronic-chemicals-division\/","title":{"rendered":"B\u1ed9 ph\u1eadn H\u00f3a ch\u1ea5t \u0110i\u1ec7n t\u1eed"},"content":{"rendered":"<div data-elementor-type=\"wp-page\" data-elementor-id=\"5320\" class=\"elementor elementor-5320\" data-elementor-post-type=\"page\">\n\t\t\t\t\t\t<section data-particle_enable=\"false\" data-particle-mobile-disabled=\"false\" data-exad-particle-enable=\"false\" class=\"elementor-section elementor-top-section elementor-element elementor-element-644bc26 ct-section-stretched elementor-section-height-min-height elementor-section-boxed elementor-section-height-default elementor-section-items-middle exad-parallax-effect-no exad-background-color-change-no exad-glass-effect-no exad-sticky-section-no\" data-id=\"644bc26\" data-element_type=\"section\" data-settings=\"{&quot;background_background&quot;:&quot;classic&quot;,&quot;shape_divider_bottom&quot;:&quot;waves&quot;}\">\n\t\t\t\t\t<div class=\"elementor-shape elementor-shape-bottom\" aria-hidden=\"true\" data-negative=\"false\">\n\t\t\t<svg xmlns=\"http:\/\/www.w3.org\/2000\/svg\" viewbox=\"0 0 1000 100\" preserveaspectratio=\"none\">\n\t<path class=\"elementor-shape-fill\" d=\"M421.9,6.5c22.6-2.5,51.5,0.4,75.5,5.3c23.6,4.9,70.9,23.5,100.5,35.7c75.8,32.2,133.7,44.5,192.6,49.7\tc23.6,2.1,48.7,3.5,103.4-2.5c54.7-6,106.2-25.6,106.2-25.6V0H0v30.3c0,0,72,32.6,158.4,30.5c39.2-0.7,92.8-6.7,134-22.4\tc21.2-8.1,52.2-18.2,79.7-24.2C399.3,7.9,411.6,7.5,421.9,6.5z\"\/>\n<\/svg>\t\t<\/div>\n\t\t\t\t\t<div class=\"elementor-container elementor-column-gap-default\">\n\t\t\t\t\t<div class=\"elementor-column elementor-col-100 elementor-top-column elementor-element elementor-element-57ebff0 exad-glass-effect-no exad-sticky-section-no\" data-id=\"57ebff0\" data-element_type=\"column\">\n\t\t\t<div class=\"elementor-widget-wrap elementor-element-populated\">\n\t\t\t\t\t\t<div class=\"elementor-element elementor-element-e91bbbb exad-sticky-section-no exad-glass-effect-no elementor-widget elementor-widget-heading\" data-id=\"e91bbbb\" data-element_type=\"widget\" data-widget_type=\"heading.default\">\n\t\t\t\t<div class=\"elementor-widget-container\">\n\t\t\t\t\t<h1 class=\"elementor-heading-title elementor-size-default\">B\u1ed9 ph\u1eadn H\u00f3a ch\u1ea5t \u0110i\u1ec7n t\u1eed<\/h1>\t\t\t\t<\/div>\n\t\t\t\t<\/div>\n\t\t\t\t\t<\/div>\n\t\t<\/div>\n\t\t\t\t\t<\/div>\n\t\t<\/section>\n\t\t<div data-particle_enable=\"false\" data-particle-mobile-disabled=\"false\" class=\"elementor-element elementor-element-e82a010 e-flex e-con-boxed e-con e-parent\" data-id=\"e82a010\" data-element_type=\"container\" data-settings=\"{&quot;background_background&quot;:&quot;classic&quot;}\">\n\t\t\t\t\t<div class=\"e-con-inner\">\n\t\t<div data-particle_enable=\"false\" data-particle-mobile-disabled=\"false\" class=\"elementor-element elementor-element-b444e1b e-con-full e-flex e-con e-child\" data-id=\"b444e1b\" data-element_type=\"container\">\n\t\t\t\t<div class=\"elementor-element elementor-element-4fba602 exad-sticky-section-no exad-glass-effect-no elementor-widget elementor-widget-text-editor\" data-id=\"4fba602\" data-element_type=\"widget\" data-widget_type=\"text-editor.default\">\n\t\t\t\t<div class=\"elementor-widget-container\">\n\t\t\t\t\t\t\t\t\t<p>V\u1edbi s\u1ef1 ph\u00e1t tri\u1ec3n li\u00ean t\u1ee5c c\u1ee7a c\u00e1c lo\u1ea1i xe n\u0103ng l\u01b0\u1ee3ng m\u1edbi, linh ki\u1ec7n \u0111i\u1ec7n t\u1eed, s\u1ea3n ph\u1ea9m l\u01b0u tr\u1eef n\u0103ng l\u01b0\u1ee3ng, b\u1ea3ng m\u1ea1ch in, s\u1ea3n xu\u1ea5t m\u00e1y m\u00f3c c\u00f4ng nghi\u1ec7p v\u00e0 ti\u00eau d\u00f9ng v\u00e0 \u0111\u00f3ng g\u00f3i v\u1edbi nhi\u1ec1u lo\u1ea1i h\u00f3a ch\u1ea5t v\u00e0 v\u1eadt li\u1ec7u c\u00f4ng nghi\u1ec7p, c\u00e1c \u1ee9ng d\u1ee5ng c\u00f4ng nghi\u1ec7p ti\u1ebfp t\u1ee5c \u0111\u01b0\u1ee3c chia nh\u1ecf, cho c\u00e1c \u1ee9ng d\u1ee5ng kh\u00e1c nhau, v\u00e0 d\u1ea7n d\u1ea7n n\u00e2ng c\u1ea5p v\u00e0 l\u1eb7p \u0111i l\u1eb7p l\u1ea1i c\u00e1c h\u00f3a ch\u1ea5t \u0111i\u1ec7n t\u1eed c\u00f3 ch\u1ee9c n\u0103ng v\u00e0 kh\u00e1c bi\u1ec7t h\u01a1n. C\u00f4ng ty ch\u00fang t\u00f4i c\u00f3 th\u1ec3 cung c\u1ea5p nhi\u1ec1u lo\u1ea1i h\u00f3a ch\u1ea5t \u0111i\u1ec7n t\u1eed ch\u1ea5t l\u01b0\u1ee3ng cao, th\u00e2n thi\u1ec7n v\u1edbi m\u00f4i tr\u01b0\u1eddng, c\u00f3 gi\u00e1 tr\u1ecb gia t\u0103ng cao \u0111\u1ec3 \u0111\u00e1p \u1ee9ng c\u00e1c nhu c\u1ea7u v\u1ec1 ch\u1ea5t n\u1ec1n, ch\u1ea5t c\u1ea3n quang, h\u00f3a ch\u1ea5t m\u1ea1, v\u1eadt li\u1ec7u \u0111\u00f3ng g\u00f3i, thu\u1ed1c th\u1eed c\u00f3 \u0111\u1ed9 tinh khi\u1ebft cao, kh\u00ed \u0111\u1eb7c bi\u1ec7t, dung m\u00f4i, ch\u1ea5t pha t\u1ea1p tr\u01b0\u1edbc khi l\u00e0m s\u1ea1ch, m\u1eb7t n\u1ea1 th\u00f4ng l\u01b0\u1ee3ng, axit v\u00e0 ch\u1ea5t \u0103n m\u00f2n, ch\u1ea5t k\u1ebft d\u00ednh \u0111\u1eb7c bi\u1ec7t \u0111i\u1ec7n t\u1eed v\u00e0 v\u1eadt li\u1ec7u ph\u1ee5 tr\u1ee3 v\u00e0 c\u00e1c nhu c\u1ea7u ch\u1ee9c n\u0103ng kh\u00e1c.<\/p>\t\t\t\t\t\t\t\t<\/div>\n\t\t\t\t<\/div>\n\t\t\t\t<\/div>\n\t\t<div data-particle_enable=\"false\" data-particle-mobile-disabled=\"false\" class=\"elementor-element elementor-element-8b6b90e e-con-full e-flex e-con e-child\" data-id=\"8b6b90e\" data-element_type=\"container\" data-settings=\"{&quot;background_background&quot;:&quot;classic&quot;}\">\n\t\t\t\t<div class=\"elementor-element elementor-element-12c041a exad-sticky-section-no exad-glass-effect-no elementor-widget elementor-widget-spacer\" data-id=\"12c041a\" data-element_type=\"widget\" data-widget_type=\"spacer.default\">\n\t\t\t\t<div class=\"elementor-widget-container\">\n\t\t\t\t\t\t\t<div class=\"elementor-spacer\">\n\t\t\t<div class=\"elementor-spacer-inner\"><\/div>\n\t\t<\/div>\n\t\t\t\t\t\t<\/div>\n\t\t\t\t<\/div>\n\t\t\t\t<\/div>\n\t\t\t\t\t<\/div>\n\t\t\t\t<\/div>\n\t\t\t\t<\/div>","protected":false},"excerpt":{"rendered":"<p>Ng\u00e0nh H\u00f3a ch\u1ea5t \u0110i\u1ec7n t\u1eed V\u1edbi s\u1ef1 ph\u00e1t tri\u1ec3n kh\u00f4ng ng\u1eebng c\u1ee7a c\u00e1c lo\u1ea1i xe n\u0103ng l\u01b0\u1ee3ng m\u1edbi, linh ki\u1ec7n \u0111i\u1ec7n t\u1eed, s\u1ea3n ph\u1ea9m l\u01b0u tr\u1eef n\u0103ng l\u01b0\u1ee3ng, b\u1ea3ng m\u1ea1ch in, s\u1ea3n xu\u1ea5t v\u00e0 \u0111\u00f3ng g\u00f3i m\u00e1y m\u00f3c c\u00f4ng nghi\u1ec7p v\u00e0 ti\u00eau d\u00f9ng v\u1edbi nhi\u1ec1u lo\u1ea1i h\u00f3a ch\u1ea5t v\u00e0 v\u1eadt li\u1ec7u kh\u00e1c nhau, c\u00e1c \u1ee9ng d\u1ee5ng c\u00f4ng nghi\u1ec7p ti\u1ebfp t\u1ee5c \u0111\u01b0\u1ee3c ph\u00e2n chia, cho c\u00e1c \u1ee9ng d\u1ee5ng kh\u00e1c nhau v\u00e0 d\u1ea7n d\u1ea7n n\u00e2ng c\u1ea5p v\u00e0 l\u1eb7p l\u1ea1i c\u00e1c h\u00f3a ch\u1ea5t \u0111i\u1ec7n t\u1eed c\u00f3 ch\u1ee9c n\u0103ng v\u00e0 kh\u00e1c bi\u1ec7t h\u01a1n. Ch\u00fang t\u00f4i [\u2026]<\/p>","protected":false},"author":3,"featured_media":0,"parent":0,"menu_order":0,"comment_status":"closed","ping_status":"closed","template":"","meta":{"_acf_changed":false,"_gspb_post_css":"","footnotes":""},"class_list":["post-5320","page","type-page","status-publish","hentry"],"blocksy_meta":[],"acf":[],"_links":{"self":[{"href":"https:\/\/wpachem.com\/vi\/wp-json\/wp\/v2\/pages\/5320","targetHints":{"allow":["GET"]}}],"collection":[{"href":"https:\/\/wpachem.com\/vi\/wp-json\/wp\/v2\/pages"}],"about":[{"href":"https:\/\/wpachem.com\/vi\/wp-json\/wp\/v2\/types\/page"}],"author":[{"embeddable":true,"href":"https:\/\/wpachem.com\/vi\/wp-json\/wp\/v2\/users\/3"}],"replies":[{"embeddable":true,"href":"https:\/\/wpachem.com\/vi\/wp-json\/wp\/v2\/comments?post=5320"}],"version-history":[{"count":0,"href":"https:\/\/wpachem.com\/vi\/wp-json\/wp\/v2\/pages\/5320\/revisions"}],"wp:attachment":[{"href":"https:\/\/wpachem.com\/vi\/wp-json\/wp\/v2\/media?parent=5320"}],"curies":[{"name":"wp","href":"https:\/\/api.w.org\/{rel}","templated":true}]}}