{"id":5328,"date":"2023-11-28T03:23:09","date_gmt":"2023-11-28T03:23:09","guid":{"rendered":"https:\/\/wpachem.com\/?page_id=5328"},"modified":"2023-11-28T03:23:51","modified_gmt":"2023-11-28T03:23:51","slug":"flavor-fragrance-division","status":"publish","type":"page","link":"https:\/\/wpachem.com\/vi\/flavor-fragrance-division\/","title":{"rendered":"B\u1ed9 ph\u1eadn H\u01b0\u01a1ng v\u1ecb &amp; H\u01b0\u01a1ng th\u01a1m"},"content":{"rendered":"<div data-elementor-type=\"wp-page\" data-elementor-id=\"5328\" class=\"elementor elementor-5328\" data-elementor-post-type=\"page\">\n\t\t\t\t\t\t<section data-particle_enable=\"false\" data-particle-mobile-disabled=\"false\" data-exad-particle-enable=\"false\" class=\"elementor-section elementor-top-section elementor-element elementor-element-92f977d ct-section-stretched elementor-section-height-min-height elementor-section-boxed elementor-section-height-default elementor-section-items-middle exad-parallax-effect-no exad-background-color-change-no exad-glass-effect-no exad-sticky-section-no\" data-id=\"92f977d\" data-element_type=\"section\" data-settings=\"{&quot;background_background&quot;:&quot;classic&quot;,&quot;shape_divider_bottom&quot;:&quot;waves&quot;}\">\n\t\t\t\t\t<div class=\"elementor-shape elementor-shape-bottom\" aria-hidden=\"true\" data-negative=\"false\">\n\t\t\t<svg xmlns=\"http:\/\/www.w3.org\/2000\/svg\" viewbox=\"0 0 1000 100\" preserveaspectratio=\"none\">\n\t<path class=\"elementor-shape-fill\" d=\"M421.9,6.5c22.6-2.5,51.5,0.4,75.5,5.3c23.6,4.9,70.9,23.5,100.5,35.7c75.8,32.2,133.7,44.5,192.6,49.7\tc23.6,2.1,48.7,3.5,103.4-2.5c54.7-6,106.2-25.6,106.2-25.6V0H0v30.3c0,0,72,32.6,158.4,30.5c39.2-0.7,92.8-6.7,134-22.4\tc21.2-8.1,52.2-18.2,79.7-24.2C399.3,7.9,411.6,7.5,421.9,6.5z\"\/>\n<\/svg>\t\t<\/div>\n\t\t\t\t\t<div class=\"elementor-container elementor-column-gap-default\">\n\t\t\t\t\t<div class=\"elementor-column elementor-col-100 elementor-top-column elementor-element elementor-element-20e4e84 exad-glass-effect-no exad-sticky-section-no\" data-id=\"20e4e84\" data-element_type=\"column\">\n\t\t\t<div class=\"elementor-widget-wrap elementor-element-populated\">\n\t\t\t\t\t\t<div class=\"elementor-element elementor-element-c4b52ee exad-sticky-section-no exad-glass-effect-no elementor-widget elementor-widget-heading\" data-id=\"c4b52ee\" data-element_type=\"widget\" data-widget_type=\"heading.default\">\n\t\t\t\t<div class=\"elementor-widget-container\">\n\t\t\t\t\t<h1 class=\"elementor-heading-title elementor-size-default\">B\u1ed9 ph\u1eadn H\u01b0\u01a1ng v\u1ecb &amp; H\u01b0\u01a1ng th\u01a1m<\/h1>\t\t\t\t<\/div>\n\t\t\t\t<\/div>\n\t\t\t\t\t<\/div>\n\t\t<\/div>\n\t\t\t\t\t<\/div>\n\t\t<\/section>\n\t\t<div data-particle_enable=\"false\" data-particle-mobile-disabled=\"false\" class=\"elementor-element elementor-element-a3be692 e-flex e-con-boxed e-con e-parent\" data-id=\"a3be692\" data-element_type=\"container\" data-settings=\"{&quot;background_background&quot;:&quot;classic&quot;}\">\n\t\t\t\t\t<div class=\"e-con-inner\">\n\t\t<div data-particle_enable=\"false\" data-particle-mobile-disabled=\"false\" class=\"elementor-element elementor-element-02e58ea e-con-full e-flex e-con e-child\" data-id=\"02e58ea\" data-element_type=\"container\">\n\t\t\t\t<div class=\"elementor-element elementor-element-0873dd5 exad-sticky-section-no exad-glass-effect-no elementor-widget elementor-widget-text-editor\" data-id=\"0873dd5\" data-element_type=\"widget\" data-widget_type=\"text-editor.default\">\n\t\t\t\t<div class=\"elementor-widget-container\">\n\t\t\t\t\t\t\t\t\t<p>WPA \u0111\u00e3 h\u00ecnh th\u00e0nh n\u00ean c\u1ed1t l\u00f5i c\u1ee7a l\u1ee3i th\u1ebf c\u1ea1nh tranh ri\u00eang c\u1ee7a m\u00ecnh trong m\u1ed9t s\u1ed1 h\u01b0\u01a1ng v\u1ecb v\u00e0 n\u01b0\u1edbc hoa s\u1ed1 l\u01b0\u1ee3ng l\u1edbn, kh\u00f4ng ch\u1ec9 xu\u1ea5t kh\u1ea9u nhi\u1ec1u lo\u1ea1i h\u01b0\u01a1ng v\u1ecb v\u00e0 n\u01b0\u1edbc hoa s\u1ed1 l\u01b0\u1ee3ng l\u1edbn nh\u01b0 menthol, vanillin, linalool, coumarin, maltol, v.v. m\u00e0 c\u00f2n xu\u1ea5t kh\u1ea9u c\u00e1c s\u1ea3n ph\u1ea9m ch\u1ee9c n\u0103ng h\u00f3a v\u00e0 kh\u00e1c bi\u1ec7t kh\u00e1c. Ch\u00fang \u0111\u01b0\u1ee3c s\u1eed d\u1ee5ng r\u1ed9ng r\u00e3i trong th\u1ef1c ph\u1ea9m, thu\u1ed1c men, s\u1eed d\u1ee5ng h\u00e0ng ng\u00e0y v\u00e0 c\u00e1c s\u1ea3n ph\u1ea9m h\u01b0\u01a1ng li\u1ec7u kh\u00e1c. Vi\u1ec7c cung c\u1ea5p c\u00e1c lo\u1ea1i h\u01b0\u01a1ng v\u1ecb v\u00e0 s\u1ea3n ph\u1ea9m h\u01b0\u01a1ng li\u1ec7u kh\u00e1c nhau k\u1ebft h\u1ee3p v\u1edbi c\u00e1c s\u1ea3n ph\u1ea9m v\u00e0 bao b\u00ec t\u00f9y ch\u1ec9nh, li\u00ean t\u1ee5c theo \u0111u\u1ed5i vi\u1ec7c c\u1eadp nh\u1eadt s\u1ea3n ph\u1ea9m trong khi \u0111\u00e1p \u1ee9ng nhu c\u1ea7u c\u1ee7a kh\u00e1ch h\u00e0ng v\u1ec1 c\u00e1c lo\u1ea1i h\u01b0\u01a1ng li\u1ec7u v\u00e0 d\u1ecbch v\u1ee5 kh\u00e1c nhau.<\/p>\t\t\t\t\t\t\t\t<\/div>\n\t\t\t\t<\/div>\n\t\t\t\t<\/div>\n\t\t<div data-particle_enable=\"false\" data-particle-mobile-disabled=\"false\" class=\"elementor-element elementor-element-a968a94 e-con-full e-flex e-con e-child\" data-id=\"a968a94\" data-element_type=\"container\" data-settings=\"{&quot;background_background&quot;:&quot;classic&quot;}\">\n\t\t\t\t<div class=\"elementor-element elementor-element-e2e3c88 exad-sticky-section-no exad-glass-effect-no elementor-widget elementor-widget-spacer\" data-id=\"e2e3c88\" data-element_type=\"widget\" data-widget_type=\"spacer.default\">\n\t\t\t\t<div class=\"elementor-widget-container\">\n\t\t\t\t\t\t\t<div class=\"elementor-spacer\">\n\t\t\t<div class=\"elementor-spacer-inner\"><\/div>\n\t\t<\/div>\n\t\t\t\t\t\t<\/div>\n\t\t\t\t<\/div>\n\t\t\t\t<\/div>\n\t\t\t\t\t<\/div>\n\t\t\t\t<\/div>\n\t\t\t\t<\/div>","protected":false},"excerpt":{"rendered":"<p>B\u1ed9 ph\u1eadn H\u01b0\u01a1ng li\u1ec7u &amp; H\u01b0\u01a1ng th\u01a1m WPA \u0111\u00e3 h\u00ecnh th\u00e0nh n\u00ean c\u1ed1t l\u00f5i l\u1ee3i th\u1ebf c\u1ea1nh tranh c\u1ee7a ri\u00eang m\u00ecnh trong m\u1ed9t s\u1ed1 lo\u1ea1i h\u01b0\u01a1ng li\u1ec7u v\u00e0 n\u01b0\u1edbc hoa b\u00e1n bu\u00f4n, kh\u00f4ng ch\u1ec9 xu\u1ea5t kh\u1ea9u \u0111a d\u1ea1ng c\u00e1c s\u1ea3n ph\u1ea9m h\u01b0\u01a1ng li\u1ec7u v\u00e0 n\u01b0\u1edbc hoa b\u00e1n bu\u00f4n nh\u01b0 menthol, vanillin, linalool, coumarin, maltol, v.v., m\u00e0 c\u00f2n xu\u1ea5t kh\u1ea9u c\u00e1c s\u1ea3n ph\u1ea9m ch\u1ee9c n\u0103ng v\u00e0 kh\u00e1c bi\u1ec7t kh\u00e1c. Ch\u00fang \u0111\u01b0\u1ee3c s\u1eed d\u1ee5ng r\u1ed9ng r\u00e3i trong th\u1ef1c ph\u1ea9m, d\u01b0\u1ee3c ph\u1ea9m, \u0111\u1ed3 d\u00f9ng h\u00e0ng ng\u00e0y [\u2026]<\/p>","protected":false},"author":3,"featured_media":0,"parent":0,"menu_order":0,"comment_status":"closed","ping_status":"closed","template":"","meta":{"_acf_changed":false,"_gspb_post_css":"","footnotes":""},"class_list":["post-5328","page","type-page","status-publish","hentry"],"blocksy_meta":[],"acf":[],"_links":{"self":[{"href":"https:\/\/wpachem.com\/vi\/wp-json\/wp\/v2\/pages\/5328","targetHints":{"allow":["GET"]}}],"collection":[{"href":"https:\/\/wpachem.com\/vi\/wp-json\/wp\/v2\/pages"}],"about":[{"href":"https:\/\/wpachem.com\/vi\/wp-json\/wp\/v2\/types\/page"}],"author":[{"embeddable":true,"href":"https:\/\/wpachem.com\/vi\/wp-json\/wp\/v2\/users\/3"}],"replies":[{"embeddable":true,"href":"https:\/\/wpachem.com\/vi\/wp-json\/wp\/v2\/comments?post=5328"}],"version-history":[{"count":0,"href":"https:\/\/wpachem.com\/vi\/wp-json\/wp\/v2\/pages\/5328\/revisions"}],"wp:attachment":[{"href":"https:\/\/wpachem.com\/vi\/wp-json\/wp\/v2\/media?parent=5328"}],"curies":[{"name":"wp","href":"https:\/\/api.w.org\/{rel}","templated":true}]}}