{"id":5412,"date":"2023-12-06T03:17:59","date_gmt":"2023-12-06T03:17:59","guid":{"rendered":"https:\/\/wpachem.com\/?page_id=5412"},"modified":"2023-12-06T03:28:09","modified_gmt":"2023-12-06T03:28:09","slug":"our-history","status":"publish","type":"page","link":"https:\/\/wpachem.com\/vi\/our-history\/","title":{"rendered":"L\u1ecbch s\u1eed c\u1ee7a ch\u00fang t\u00f4i"},"content":{"rendered":"<div data-elementor-type=\"wp-page\" data-elementor-id=\"5412\" class=\"elementor elementor-5412\" data-elementor-post-type=\"page\">\n\t\t\t\t\t\t<section data-particle_enable=\"false\" data-particle-mobile-disabled=\"false\" data-exad-particle-enable=\"false\" class=\"elementor-section elementor-top-section elementor-element elementor-element-f4cbdc4 ct-section-stretched elementor-section-height-min-height elementor-section-boxed elementor-section-height-default elementor-section-items-middle exad-parallax-effect-no exad-background-color-change-no exad-glass-effect-no exad-sticky-section-no\" data-id=\"f4cbdc4\" data-element_type=\"section\" data-settings=\"{&quot;background_background&quot;:&quot;classic&quot;,&quot;shape_divider_bottom&quot;:&quot;waves&quot;}\">\n\t\t\t\t\t<div class=\"elementor-shape elementor-shape-bottom\" aria-hidden=\"true\" data-negative=\"false\">\n\t\t\t<svg xmlns=\"http:\/\/www.w3.org\/2000\/svg\" viewbox=\"0 0 1000 100\" preserveaspectratio=\"none\">\n\t<path class=\"elementor-shape-fill\" d=\"M421.9,6.5c22.6-2.5,51.5,0.4,75.5,5.3c23.6,4.9,70.9,23.5,100.5,35.7c75.8,32.2,133.7,44.5,192.6,49.7\tc23.6,2.1,48.7,3.5,103.4-2.5c54.7-6,106.2-25.6,106.2-25.6V0H0v30.3c0,0,72,32.6,158.4,30.5c39.2-0.7,92.8-6.7,134-22.4\tc21.2-8.1,52.2-18.2,79.7-24.2C399.3,7.9,411.6,7.5,421.9,6.5z\"\/>\n<\/svg>\t\t<\/div>\n\t\t\t\t\t<div class=\"elementor-container elementor-column-gap-default\">\n\t\t\t\t\t<div class=\"elementor-column elementor-col-100 elementor-top-column elementor-element elementor-element-70d7ba5 exad-glass-effect-no exad-sticky-section-no\" data-id=\"70d7ba5\" data-element_type=\"column\">\n\t\t\t<div class=\"elementor-widget-wrap elementor-element-populated\">\n\t\t\t\t\t\t<div class=\"elementor-element elementor-element-3d1fdd7 exad-sticky-section-no exad-glass-effect-no elementor-widget elementor-widget-heading\" data-id=\"3d1fdd7\" data-element_type=\"widget\" data-widget_type=\"heading.default\">\n\t\t\t\t<div class=\"elementor-widget-container\">\n\t\t\t\t\t<h1 class=\"elementor-heading-title elementor-size-default\">L\u1ecbch s\u1eed c\u1ee7a ch\u00fang t\u00f4i<\/h1>\t\t\t\t<\/div>\n\t\t\t\t<\/div>\n\t\t\t\t\t<\/div>\n\t\t<\/div>\n\t\t\t\t\t<\/div>\n\t\t<\/section>\n\t\t<div data-particle_enable=\"false\" data-particle-mobile-disabled=\"false\" class=\"elementor-element elementor-element-46681fc e-flex e-con-boxed e-con e-parent\" data-id=\"46681fc\" data-element_type=\"container\">\n\t\t\t\t\t<div class=\"e-con-inner\">\n\t\t\t\t<div class=\"elementor-element elementor-element-992c388 exad-sticky-section-no exad-glass-effect-no elementor-widget elementor-widget-eael-content-timeline\" data-id=\"992c388\" data-element_type=\"widget\" data-widget_type=\"eael-content-timeline.default\">\n\t\t\t\t<div class=\"elementor-widget-container\">\n\t\t\t\t\t\t\t<div id=\"eael-content-timeline-992c388\" class=\"content-timeline-layout-right date-position-inside horizontal-timeline-wrapper\" data-slide_to_scroll=\"{&quot;desktop&quot;:1,&quot;mobile&quot;:1,&quot;tablet&quot;:1}\">\n\t\t\t<div class=\"eael-content-timeline-container\">\n\t\t\t\t<div class=\"eael-content-timeline-container\">\n\t\t\t\t\t\t\t\t\t\t\t\t\t\t\t\t\t\t\t\t\t\t\t<div class=\"eael-content-timeline-block\">\n    <div class=\"eael-content-timeline-line\">\n        <div class=\"eael-content-timeline-inner\"><\/div>\n    <\/div>\n    <div class=\"eael-content-timeline-img eael-picture\"><\/div><div class=\"eael-content-timeline-content\"><h2 class=\"eael-timeline-title\">B\u1ed1i c\u1ea3nh s\u00e1ng l\u1eadp<\/h2><p>Nh\u1eefng ng\u01b0\u1eddi s\u00e1ng l\u1eadp v\u00e0 \u0111\u1ed9i ng\u0169 c\u1ed1t c\u00e1n c\u1ee7a c\u00f4ng ty c\u00f3 h\u01a1n 15 n\u0103m kinh nghi\u1ec7m trong ng\u00e0nh h\u00f3a ch\u1ea5t v\u00e0 ch\u00fang t\u00f4i ti\u1ebfn h\u00e0nh kinh doanh d\u1ef1a tr\u00ean n\u1ec1n t\u1ea3ng n\u00e0y.<\/p><span class=\"eael-date\">B\u1eaft \u0111\u1ea7u<\/span><\/div><\/div>\t\t\t\t\t\t\t\t\t\t\t\t\t\t\t\t\t\t<div class=\"eael-content-timeline-block\">\n    <div class=\"eael-content-timeline-line\">\n        <div class=\"eael-content-timeline-inner\"><\/div>\n    <\/div>\n    <div class=\"eael-content-timeline-img eael-picture\"><\/div><div class=\"eael-content-timeline-content\"><h2 class=\"eael-timeline-title\">Th\u00e0nh l\u1eadp<\/h2><p>C\u00f4ng ty \u0111\u01b0\u1ee3c th\u00e0nh l\u1eadp v\u1edbi s\u1ea3n ph\u1ea9m kinh doanh c\u1ed1t l\u00f5i l\u00e0 titan dioxit, ch\u1ee7 y\u1ebfu xu\u1ea5t kh\u1ea9u sang th\u1ecb tr\u01b0\u1eddng Nga.<\/p><span class=\"eael-date\">2017<\/span><\/div><\/div>\t\t\t\t\t\t\t\t\t\t\t\t\t\t\t\t\t\t<div class=\"eael-content-timeline-block\">\n    <div class=\"eael-content-timeline-line\">\n        <div class=\"eael-content-timeline-inner\"><\/div>\n    <\/div>\n    <div class=\"eael-content-timeline-img eael-picture\"><\/div><div class=\"eael-content-timeline-content\"><h2 class=\"eael-timeline-title\">Ra m\u1eaft n\u1ec1n t\u1ea3ng tr\u1ef1c tuy\u1ebfn<\/h2><p>M\u1edf tr\u1ea1m qu\u1ed1c t\u1ebf Alibaba, n\u1ec1n t\u1ea3ng v\u1eadn h\u00e0nh tr\u1ef1c tuy\u1ebfn tr\u1ea1m \u0111\u1ed9c l\u1eadp c\u1ee7a Google. B\u1eaft \u0111\u1ea7u qu\u1ea3ng b\u00e1 n\u1ec1n t\u1ea3ng v\u00e0 v\u1eadn h\u00e0nh tr\u1ef1c tuy\u1ebfn.<\/p><span class=\"eael-date\">2019<\/span><\/div><\/div>\t\t\t\t\t\t\t\t\t\t\t\t\t\t\t\t\t\t<div class=\"eael-content-timeline-block\">\n    <div class=\"eael-content-timeline-line\">\n        <div class=\"eael-content-timeline-inner\"><\/div>\n    <\/div>\n    <div class=\"eael-content-timeline-img eael-picture\"><\/div><div class=\"eael-content-timeline-content\"><h2 class=\"eael-timeline-title\">C\u00f4ng ty Qu\u1ea3n l\u00fd chu\u1ed7i cung \u1ee9ng \u0111\u01b0\u1ee3c th\u00e0nh l\u1eadp<\/h2><p>Th\u00e0nh l\u1eadp Shanghai Weican Supply Chain Management Co., Ltd. \u0111\u1ec3 cung c\u1ea5p cho kh\u00e1ch h\u00e0ng d\u1ecbch v\u1ee5 t\u00e0i ch\u00ednh \u0111a d\u1ea1ng v\u1edbi s\u1ef1 h\u1ed7 tr\u1ee3 c\u1ee7a Zhejiang NetSense Business, C&amp;D Group v\u00e0 c\u00e1c c\u00f4ng ty t\u00e0i ch\u00ednh qu\u1ed1c t\u1ebf. \u0110\u1ed3ng th\u1eddi, ch\u00fang t\u00f4i cam k\u1ebft ph\u00e1t tri\u1ec3n v\u00e0 c\u1ea3i thi\u1ec7n n\u0103ng l\u1ef1c chu\u1ed7i cung \u1ee9ng h\u1eadu c\u1ea7n c\u1ee7a ri\u00eang m\u00ecnh \u0111\u1ec3 cung c\u1ea5p cho kh\u00e1ch h\u00e0ng to\u00e0n c\u1ea7u d\u1ecbch v\u1ee5 h\u1eadu c\u1ea7n v\u00e0 v\u1eadn chuy\u1ec3n t\u1eadn n\u01a1i ngo\u00e0i vi\u1ec7c mua s\u1eafm s\u1ea3n ph\u1ea9m.<\/p><span class=\"eael-date\">2020<\/span><\/div><\/div>\t\t\t\t\t\t\t\t\t\t\t\t\t\t\t\t\t\t<div class=\"eael-content-timeline-block\">\n    <div class=\"eael-content-timeline-line\">\n        <div class=\"eael-content-timeline-inner\"><\/div>\n    <\/div>\n    <div class=\"eael-content-timeline-img eael-picture\"><\/div><div class=\"eael-content-timeline-content\"><h2 class=\"eael-timeline-title\">M\u1edf r\u1ed9ng th\u1ecb tr\u01b0\u1eddng to\u00e0n c\u1ea7u<\/h2><p>Ch\u1ee7 \u0111\u1ed9ng m\u1edf r\u1ed9ng th\u1ecb tr\u01b0\u1eddng to\u00e0n c\u1ea7u v\u00e0 xu\u1ea5t kh\u1ea9u sang h\u01a1n 20 qu\u1ed1c gia.<\/p><span class=\"eael-date\">2022<\/span><\/div><\/div>\t\t\t\t\t\t\t\t\t\t\t\t\t\t\t\t\t\t<div class=\"eael-content-timeline-block\">\n    <div class=\"eael-content-timeline-line\">\n        <div class=\"eael-content-timeline-inner\"><\/div>\n    <\/div>\n    <div class=\"eael-content-timeline-img eael-picture\"><\/div><div class=\"eael-content-timeline-content\"><h2 class=\"eael-timeline-title\">C\u00f4ng ty t\u1eadp \u0111o\u00e0n \u0111\u01b0\u1ee3c th\u00e0nh l\u1eadp<\/h2><p>V\u1edbi m\u1ee5c ti\u00eau m\u1edbi l\u00e0 &quot;n\u1ec1n t\u1ea3ng mua s\u1eafm m\u1ed9t c\u1eeda cho h\u00f3a ch\u1ea5t v\u00e0 chu\u1ed7i cung \u1ee9ng \u0111a qu\u1ed1c gia&quot;, ch\u00fang t\u00f4i s\u1ebd th\u00e0nh l\u1eadp m\u1ed9t nh\u00f3m c\u00f4ng ty v\u00e0 th\u00e0nh l\u1eadp c\u00e1c v\u0103n ph\u00f2ng \u1edf n\u01b0\u1edbc ngo\u00e0i, c\u00e1c nh\u00f3m \u1edf n\u01b0\u1edbc ngo\u00e0i v\u00e0 c\u00e1c kho \u1edf n\u01b0\u1edbc ngo\u00e0i. \u0110\u1ed3ng th\u1eddi, ch\u00fang t\u00f4i s\u1ebd t\u1eadp trung v\u00e0o b\u1ed9t m\u00e0u v\u00e0 thu\u1ed1c nhu\u1ed9m v\u00e0 h\u00f3a ch\u1ea5t sinh h\u1ecdc. M\u1ea3ng kinh doanh b\u1ed9t m\u00e0u v\u00e0 thu\u1ed1c nhu\u1ed9m \u0111\u00e3 h\u1ee3p t\u00e1c v\u1edbi VOXCO, m\u1ed9t nh\u00e0 m\u00e1y c\u1ee7a \u1ea4n \u0110\u1ed9, \u0111\u1ec3 t\u1ea1o ra th\u01b0\u01a1ng hi\u1ec7u ri\u00eang th\u00f4ng qua kinh nghi\u1ec7m s\u1ea3n xu\u1ea5t phong ph\u00fa, n\u0103ng l\u1ef1c s\u1ea3n xu\u1ea5t m\u1ea1nh m\u1ebd v\u00e0 c\u00e1c ph\u00f2ng th\u00ed nghi\u1ec7m chuy\u00ean bi\u1ec7t.<\/p><span class=\"eael-date\">2023<\/span><\/div><\/div>\t\t\t\t<\/div>\n\t\t\t<\/div>\n\t\t<\/div>\n\t\t\t\t\t<\/div>\n\t\t\t\t<\/div>\n\t\t\t\t\t<\/div>\n\t\t\t\t<\/div>\n\t\t\t\t<\/div>","protected":false},"excerpt":{"rendered":"<p>L\u1ecbch s\u1eed c\u1ee7a ch\u00fang t\u00f4i B\u1ed1i c\u1ea3nh th\u00e0nh l\u1eadp Nh\u1eefng ng\u01b0\u1eddi s\u00e1ng l\u1eadp v\u00e0 \u0111\u1ed9i ng\u0169 c\u1ed1t l\u00f5i c\u1ee7a c\u00f4ng ty c\u00f3 h\u01a1n 15 n\u0103m kinh nghi\u1ec7m trong ng\u00e0nh c\u00f4ng nghi\u1ec7p h\u00f3a ch\u1ea5t v\u00e0 ch\u00fang t\u00f4i ti\u1ebfn h\u00e0nh kinh doanh d\u1ef1a tr\u00ean n\u1ec1n t\u1ea3ng n\u00e0y. B\u1eaft \u0111\u1ea7u Th\u00e0nh l\u1eadp C\u00f4ng ty \u0111\u01b0\u1ee3c th\u00e0nh l\u1eadp v\u1edbi titanium dioxide l\u00e0 s\u1ea3n ph\u1ea9m kinh doanh c\u1ed1t l\u00f5i, ch\u1ee7 y\u1ebfu xu\u1ea5t kh\u1ea9u sang th\u1ecb tr\u01b0\u1eddng Nga. 2017 Ra m\u1eaft n\u1ec1n t\u1ea3ng tr\u1ef1c tuy\u1ebfn [\u2026]<\/p>","protected":false},"author":3,"featured_media":0,"parent":0,"menu_order":0,"comment_status":"closed","ping_status":"closed","template":"","meta":{"_acf_changed":false,"_gspb_post_css":"","footnotes":""},"class_list":["post-5412","page","type-page","status-publish","hentry"],"blocksy_meta":[],"acf":[],"_links":{"self":[{"href":"https:\/\/wpachem.com\/vi\/wp-json\/wp\/v2\/pages\/5412","targetHints":{"allow":["GET"]}}],"collection":[{"href":"https:\/\/wpachem.com\/vi\/wp-json\/wp\/v2\/pages"}],"about":[{"href":"https:\/\/wpachem.com\/vi\/wp-json\/wp\/v2\/types\/page"}],"author":[{"embeddable":true,"href":"https:\/\/wpachem.com\/vi\/wp-json\/wp\/v2\/users\/3"}],"replies":[{"embeddable":true,"href":"https:\/\/wpachem.com\/vi\/wp-json\/wp\/v2\/comments?post=5412"}],"version-history":[{"count":0,"href":"https:\/\/wpachem.com\/vi\/wp-json\/wp\/v2\/pages\/5412\/revisions"}],"wp:attachment":[{"href":"https:\/\/wpachem.com\/vi\/wp-json\/wp\/v2\/media?parent=5412"}],"curies":[{"name":"wp","href":"https:\/\/api.w.org\/{rel}","templated":true}]}}