{"id":5443,"date":"2023-12-07T05:41:44","date_gmt":"2023-12-07T05:41:44","guid":{"rendered":"https:\/\/wpachem.com\/?page_id=5443"},"modified":"2024-05-06T06:31:05","modified_gmt":"2024-05-06T06:31:05","slug":"brand-interpretation","status":"publish","type":"page","link":"https:\/\/wpachem.com\/vi\/brand-interpretation\/","title":{"rendered":"Gi\u1ea3i th\u00edch th\u01b0\u01a1ng hi\u1ec7u"},"content":{"rendered":"<div data-elementor-type=\"wp-page\" data-elementor-id=\"5443\" class=\"elementor elementor-5443\" data-elementor-post-type=\"page\">\n\t\t\t\t\t\t<section data-particle_enable=\"false\" data-particle-mobile-disabled=\"false\" data-exad-particle-enable=\"false\" class=\"elementor-section elementor-top-section elementor-element elementor-element-c18aaff ct-section-stretched elementor-section-height-min-height elementor-section-boxed elementor-section-height-default elementor-section-items-middle exad-parallax-effect-no exad-background-color-change-no exad-glass-effect-no exad-sticky-section-no\" data-id=\"c18aaff\" data-element_type=\"section\" data-settings=\"{&quot;background_background&quot;:&quot;classic&quot;,&quot;shape_divider_bottom&quot;:&quot;waves&quot;}\">\n\t\t\t\t\t<div class=\"elementor-shape elementor-shape-bottom\" aria-hidden=\"true\" data-negative=\"false\">\n\t\t\t<svg xmlns=\"http:\/\/www.w3.org\/2000\/svg\" viewbox=\"0 0 1000 100\" preserveaspectratio=\"none\">\n\t<path class=\"elementor-shape-fill\" d=\"M421.9,6.5c22.6-2.5,51.5,0.4,75.5,5.3c23.6,4.9,70.9,23.5,100.5,35.7c75.8,32.2,133.7,44.5,192.6,49.7\tc23.6,2.1,48.7,3.5,103.4-2.5c54.7-6,106.2-25.6,106.2-25.6V0H0v30.3c0,0,72,32.6,158.4,30.5c39.2-0.7,92.8-6.7,134-22.4\tc21.2-8.1,52.2-18.2,79.7-24.2C399.3,7.9,411.6,7.5,421.9,6.5z\"\/>\n<\/svg>\t\t<\/div>\n\t\t\t\t\t<div class=\"elementor-container elementor-column-gap-default\">\n\t\t\t\t\t<div class=\"elementor-column elementor-col-100 elementor-top-column elementor-element elementor-element-41bebf2 exad-glass-effect-no exad-sticky-section-no\" data-id=\"41bebf2\" data-element_type=\"column\">\n\t\t\t<div class=\"elementor-widget-wrap elementor-element-populated\">\n\t\t\t\t\t\t<div class=\"elementor-element elementor-element-f4847ae exad-sticky-section-no exad-glass-effect-no elementor-widget elementor-widget-heading\" data-id=\"f4847ae\" data-element_type=\"widget\" data-widget_type=\"heading.default\">\n\t\t\t\t<div class=\"elementor-widget-container\">\n\t\t\t\t\t<h1 class=\"elementor-heading-title elementor-size-default\">Gi\u1ea3i th\u00edch th\u01b0\u01a1ng hi\u1ec7u<\/h1>\t\t\t\t<\/div>\n\t\t\t\t<\/div>\n\t\t\t\t\t<\/div>\n\t\t<\/div>\n\t\t\t\t\t<\/div>\n\t\t<\/section>\n\t\t<div data-particle_enable=\"false\" data-particle-mobile-disabled=\"false\" class=\"elementor-element elementor-element-67dbfa2 e-flex e-con-boxed e-con e-parent\" data-id=\"67dbfa2\" data-element_type=\"container\">\n\t\t\t\t\t<div class=\"e-con-inner\">\n\t\t<div data-particle_enable=\"false\" data-particle-mobile-disabled=\"false\" class=\"elementor-element elementor-element-b96172b e-con-full e-flex e-con e-child\" data-id=\"b96172b\" data-element_type=\"container\">\n\t\t\t\t<div class=\"elementor-element elementor-element-fc46724 exad-sticky-section-no exad-glass-effect-no elementor-widget elementor-widget-heading\" data-id=\"fc46724\" data-element_type=\"widget\" data-widget_type=\"heading.default\">\n\t\t\t\t<div class=\"elementor-widget-container\">\n\t\t\t\t\t<h6 class=\"elementor-heading-title elementor-size-default\">Gi\u1ea3i th\u00edch th\u01b0\u01a1ng hi\u1ec7u<\/h6>\t\t\t\t<\/div>\n\t\t\t\t<\/div>\n\t\t\t\t<div class=\"elementor-element elementor-element-9eb917b exad-sticky-section-no exad-glass-effect-no elementor-widget elementor-widget-heading\" data-id=\"9eb917b\" data-element_type=\"widget\" data-widget_type=\"heading.default\">\n\t\t\t\t<div class=\"elementor-widget-container\">\n\t\t\t\t\t<h2 class=\"elementor-heading-title elementor-size-default\">Logo th\u1ec3 hi\u1ec7n tri\u1ebft l\u00fd v\u00e0 gi\u00e1 tr\u1ecb c\u1ee7a ch\u00fang t\u00f4i<\/h2>\t\t\t\t<\/div>\n\t\t\t\t<\/div>\n\t\t\t\t<div class=\"elementor-element elementor-element-300d7f1 elementor-position-left elementor-view-default elementor-mobile-position-top exad-sticky-section-no exad-glass-effect-no elementor-widget elementor-widget-icon-box\" data-id=\"300d7f1\" data-element_type=\"widget\" data-widget_type=\"icon-box.default\">\n\t\t\t\t<div class=\"elementor-widget-container\">\n\t\t\t\t\t\t\t<div class=\"elementor-icon-box-wrapper\">\n\n\t\t\t\t\t\t<div class=\"elementor-icon-box-icon\">\n\t\t\t\t<span  class=\"elementor-icon\">\n\t\t\t\t<svg xmlns=\"http:\/\/www.w3.org\/2000\/svg\" xmlns:xlink=\"http:\/\/www.w3.org\/1999\/xlink\" class=\"icon\" viewbox=\"0 0 1024 1024\" width=\"200\" height=\"200\"><path d=\"M499.2 951.466667c-234.666667 0-426.666667-192-426.666667-426.666667 0-17.066667 0-38.4 4.266667-55.466667 4.266667-12.8 12.8-17.066667 25.6-17.066666 12.8 4.266667 17.066667 12.8 17.066667 25.6-4.266667 12.8-4.266667 29.866667-4.266667 46.933333 0 213.333333 170.666667 384 384 384s384-170.666667 384-384-170.666667-384-384-384c-25.6 0-46.933333 4.266667-72.533333 8.533333-12.8 0-21.333333-4.266667-25.6-17.066666 0-12.8 4.266667-21.333333 17.066666-25.6 25.6-4.266667 51.2-8.533333 81.066667-8.533334 234.666667 0 426.666667 192 426.666667 426.666667s-192 426.666667-426.666667 426.666667z\"><\/path><path d=\"M119.466667 418.133333h-8.533334c-8.533333-4.266667-17.066667-17.066667-12.8-29.866666 42.666667-119.466667 128-213.333333 238.933334-256 12.8-4.266667 21.333333 0 25.6 12.8 4.266667 12.8 0 21.333333-12.8 25.6C256 213.333333 174.933333 298.666667 140.8 405.333333c-4.266667 8.533333-12.8 12.8-21.333333 12.8z\"><\/path><path d=\"M605.866667 558.933333c-4.266667 0-12.8 0-17.066667-4.266666l-128-128c-8.533333-8.533333-8.533333-21.333333 0-29.866667s21.333333-8.533333 29.866667 0l128 128c8.533333 8.533333 8.533333 21.333333 0 29.866667 0 4.266667-8.533333 4.266667-12.8 4.266666z\"><\/path><path d=\"M473.6 691.2c-4.266667 0-12.8 0-17.066667-4.266667-8.533333-8.533333-8.533333-21.333333 0-29.866666l128-128c8.533333-8.533333 21.333333-8.533333 29.866667 0s8.533333 21.333333 0 29.866666l-128 128c0 4.266667-8.533333 4.266667-12.8 4.266667z\"><\/path><\/svg>\t\t\t\t<\/span>\n\t\t\t<\/div>\n\t\t\t\n\t\t\t\t\t\t<div class=\"elementor-icon-box-content\">\n\n\t\t\t\t\n\t\t\t\t\t\t\t\t\t<p class=\"elementor-icon-box-description\">\n\t\t\t\t\t\t\u00dd \u0111\u1ecbnh ban \u0111\u1ea7u l\u00e0 \u0111\u1ec3 th\u1ea3m th\u1ef1c v\u1eadt ph\u00e1t tri\u1ec3n m\u1ea1nh m\u1ebd, t\u01b0\u1ee3ng tr\u01b0ng cho s\u1ef1 ph\u00e1t tri\u1ec3n m\u1ea1nh m\u1ebd trong ho\u1ea1t \u0111\u1ed9ng kinh doanh c\u1ee7a c\u00f4ng ty.\n\t\t\t\t\t<\/p>\n\t\t\t\t\n\t\t\t<\/div>\n\t\t\t\n\t\t<\/div>\n\t\t\t\t\t\t<\/div>\n\t\t\t\t<\/div>\n\t\t\t\t<div class=\"elementor-element elementor-element-e6bc498 elementor-position-left elementor-view-default elementor-mobile-position-top exad-sticky-section-no exad-glass-effect-no elementor-widget elementor-widget-icon-box\" data-id=\"e6bc498\" data-element_type=\"widget\" data-widget_type=\"icon-box.default\">\n\t\t\t\t<div class=\"elementor-widget-container\">\n\t\t\t\t\t\t\t<div class=\"elementor-icon-box-wrapper\">\n\n\t\t\t\t\t\t<div class=\"elementor-icon-box-icon\">\n\t\t\t\t<span  class=\"elementor-icon\">\n\t\t\t\t<svg xmlns=\"http:\/\/www.w3.org\/2000\/svg\" xmlns:xlink=\"http:\/\/www.w3.org\/1999\/xlink\" class=\"icon\" viewbox=\"0 0 1024 1024\" width=\"200\" height=\"200\"><path d=\"M499.2 951.466667c-234.666667 0-426.666667-192-426.666667-426.666667 0-17.066667 0-38.4 4.266667-55.466667 4.266667-12.8 12.8-17.066667 25.6-17.066666 12.8 4.266667 17.066667 12.8 17.066667 25.6-4.266667 12.8-4.266667 29.866667-4.266667 46.933333 0 213.333333 170.666667 384 384 384s384-170.666667 384-384-170.666667-384-384-384c-25.6 0-46.933333 4.266667-72.533333 8.533333-12.8 0-21.333333-4.266667-25.6-17.066666 0-12.8 4.266667-21.333333 17.066666-25.6 25.6-4.266667 51.2-8.533333 81.066667-8.533334 234.666667 0 426.666667 192 426.666667 426.666667s-192 426.666667-426.666667 426.666667z\"><\/path><path d=\"M119.466667 418.133333h-8.533334c-8.533333-4.266667-17.066667-17.066667-12.8-29.866666 42.666667-119.466667 128-213.333333 238.933334-256 12.8-4.266667 21.333333 0 25.6 12.8 4.266667 12.8 0 21.333333-12.8 25.6C256 213.333333 174.933333 298.666667 140.8 405.333333c-4.266667 8.533333-12.8 12.8-21.333333 12.8z\"><\/path><path d=\"M605.866667 558.933333c-4.266667 0-12.8 0-17.066667-4.266666l-128-128c-8.533333-8.533333-8.533333-21.333333 0-29.866667s21.333333-8.533333 29.866667 0l128 128c8.533333 8.533333 8.533333 21.333333 0 29.866667 0 4.266667-8.533333 4.266667-12.8 4.266666z\"><\/path><path d=\"M473.6 691.2c-4.266667 0-12.8 0-17.066667-4.266667-8.533333-8.533333-8.533333-21.333333 0-29.866666l128-128c8.533333-8.533333 21.333333-8.533333 29.866667 0s8.533333 21.333333 0 29.866666l-128 128c0 4.266667-8.533333 4.266667-12.8 4.266667z\"><\/path><\/svg>\t\t\t\t<\/span>\n\t\t\t<\/div>\n\t\t\t\n\t\t\t\t\t\t<div class=\"elementor-icon-box-content\">\n\n\t\t\t\t\n\t\t\t\t\t\t\t\t\t<p class=\"elementor-icon-box-description\">\n\t\t\t\t\t\tV\u00f2ng benzen h\u1eefu c\u01a1 v\u00e0 h\u00ecnh elip trong logo th\u1ec3 hi\u1ec7n \u0111\u1ecbnh v\u1ecb c\u1ee7a c\u00f4ng ty: Ch\u00fang t\u00f4i l\u00e0 n\u1ec1n t\u1ea3ng chu\u1ed7i cung \u1ee9ng h\u00f3a ch\u1ea5t qu\u1ed1c t\u1ebf, cung c\u1ea5p d\u1ecbch v\u1ee5 mua s\u1eafm tr\u1ecdn g\u00f3i.\n\n\n\n\n\n\n\n\t\t\t\t\t<\/p>\n\t\t\t\t\n\t\t\t<\/div>\n\t\t\t\n\t\t<\/div>\n\t\t\t\t\t\t<\/div>\n\t\t\t\t<\/div>\n\t\t\t\t<div class=\"elementor-element elementor-element-4c80c6d elementor-position-left elementor-view-default elementor-mobile-position-top exad-sticky-section-no exad-glass-effect-no elementor-widget elementor-widget-icon-box\" data-id=\"4c80c6d\" data-element_type=\"widget\" data-widget_type=\"icon-box.default\">\n\t\t\t\t<div class=\"elementor-widget-container\">\n\t\t\t\t\t\t\t<div class=\"elementor-icon-box-wrapper\">\n\n\t\t\t\t\t\t<div class=\"elementor-icon-box-icon\">\n\t\t\t\t<span  class=\"elementor-icon\">\n\t\t\t\t<svg xmlns=\"http:\/\/www.w3.org\/2000\/svg\" xmlns:xlink=\"http:\/\/www.w3.org\/1999\/xlink\" class=\"icon\" viewbox=\"0 0 1024 1024\" width=\"200\" height=\"200\"><path d=\"M499.2 951.466667c-234.666667 0-426.666667-192-426.666667-426.666667 0-17.066667 0-38.4 4.266667-55.466667 4.266667-12.8 12.8-17.066667 25.6-17.066666 12.8 4.266667 17.066667 12.8 17.066667 25.6-4.266667 12.8-4.266667 29.866667-4.266667 46.933333 0 213.333333 170.666667 384 384 384s384-170.666667 384-384-170.666667-384-384-384c-25.6 0-46.933333 4.266667-72.533333 8.533333-12.8 0-21.333333-4.266667-25.6-17.066666 0-12.8 4.266667-21.333333 17.066666-25.6 25.6-4.266667 51.2-8.533333 81.066667-8.533334 234.666667 0 426.666667 192 426.666667 426.666667s-192 426.666667-426.666667 426.666667z\"><\/path><path d=\"M119.466667 418.133333h-8.533334c-8.533333-4.266667-17.066667-17.066667-12.8-29.866666 42.666667-119.466667 128-213.333333 238.933334-256 12.8-4.266667 21.333333 0 25.6 12.8 4.266667 12.8 0 21.333333-12.8 25.6C256 213.333333 174.933333 298.666667 140.8 405.333333c-4.266667 8.533333-12.8 12.8-21.333333 12.8z\"><\/path><path d=\"M605.866667 558.933333c-4.266667 0-12.8 0-17.066667-4.266666l-128-128c-8.533333-8.533333-8.533333-21.333333 0-29.866667s21.333333-8.533333 29.866667 0l128 128c8.533333 8.533333 8.533333 21.333333 0 29.866667 0 4.266667-8.533333 4.266667-12.8 4.266666z\"><\/path><path d=\"M473.6 691.2c-4.266667 0-12.8 0-17.066667-4.266667-8.533333-8.533333-8.533333-21.333333 0-29.866666l128-128c8.533333-8.533333 21.333333-8.533333 29.866667 0s8.533333 21.333333 0 29.866666l-128 128c0 4.266667-8.533333 4.266667-12.8 4.266667z\"><\/path><\/svg>\t\t\t\t<\/span>\n\t\t\t<\/div>\n\t\t\t\n\t\t\t\t\t\t<div class=\"elementor-icon-box-content\">\n\n\t\t\t\t\n\t\t\t\t\t\t\t\t\t<p class=\"elementor-icon-box-description\">\n\t\t\t\t\t\tH\u00ecnh d\u1ea1ng t\u1ebf b\u00e0o h\u00ecnh elip nhi\u1ec1u m\u00e0u trong logo t\u01b0\u1ee3ng tr\u01b0ng cho c\u00f4ng ngh\u1ec7 sinh h\u1ecdc, m\u1ed9t trong nh\u1eefng \u0111\u01a1n v\u1ecb kinh doanh quan tr\u1ecdng c\u1ee7a c\u00f4ng ty.\n\n\n\n\n\n\n\n\n\t\t\t\t\t<\/p>\n\t\t\t\t\n\t\t\t<\/div>\n\t\t\t\n\t\t<\/div>\n\t\t\t\t\t\t<\/div>\n\t\t\t\t<\/div>\n\t\t\t\t<div class=\"elementor-element elementor-element-c6ea2f2 elementor-position-left elementor-view-default elementor-mobile-position-top exad-sticky-section-no exad-glass-effect-no elementor-widget elementor-widget-icon-box\" data-id=\"c6ea2f2\" data-element_type=\"widget\" data-widget_type=\"icon-box.default\">\n\t\t\t\t<div class=\"elementor-widget-container\">\n\t\t\t\t\t\t\t<div class=\"elementor-icon-box-wrapper\">\n\n\t\t\t\t\t\t<div class=\"elementor-icon-box-icon\">\n\t\t\t\t<span  class=\"elementor-icon\">\n\t\t\t\t<svg xmlns=\"http:\/\/www.w3.org\/2000\/svg\" xmlns:xlink=\"http:\/\/www.w3.org\/1999\/xlink\" class=\"icon\" viewbox=\"0 0 1024 1024\" width=\"200\" height=\"200\"><path d=\"M499.2 951.466667c-234.666667 0-426.666667-192-426.666667-426.666667 0-17.066667 0-38.4 4.266667-55.466667 4.266667-12.8 12.8-17.066667 25.6-17.066666 12.8 4.266667 17.066667 12.8 17.066667 25.6-4.266667 12.8-4.266667 29.866667-4.266667 46.933333 0 213.333333 170.666667 384 384 384s384-170.666667 384-384-170.666667-384-384-384c-25.6 0-46.933333 4.266667-72.533333 8.533333-12.8 0-21.333333-4.266667-25.6-17.066666 0-12.8 4.266667-21.333333 17.066666-25.6 25.6-4.266667 51.2-8.533333 81.066667-8.533334 234.666667 0 426.666667 192 426.666667 426.666667s-192 426.666667-426.666667 426.666667z\"><\/path><path d=\"M119.466667 418.133333h-8.533334c-8.533333-4.266667-17.066667-17.066667-12.8-29.866666 42.666667-119.466667 128-213.333333 238.933334-256 12.8-4.266667 21.333333 0 25.6 12.8 4.266667 12.8 0 21.333333-12.8 25.6C256 213.333333 174.933333 298.666667 140.8 405.333333c-4.266667 8.533333-12.8 12.8-21.333333 12.8z\"><\/path><path d=\"M605.866667 558.933333c-4.266667 0-12.8 0-17.066667-4.266666l-128-128c-8.533333-8.533333-8.533333-21.333333 0-29.866667s21.333333-8.533333 29.866667 0l128 128c8.533333 8.533333 8.533333 21.333333 0 29.866667 0 4.266667-8.533333 4.266667-12.8 4.266666z\"><\/path><path d=\"M473.6 691.2c-4.266667 0-12.8 0-17.066667-4.266667-8.533333-8.533333-8.533333-21.333333 0-29.866666l128-128c8.533333-8.533333 21.333333-8.533333 29.866667 0s8.533333 21.333333 0 29.866666l-128 128c0 4.266667-8.533333 4.266667-12.8 4.266667z\"><\/path><\/svg>\t\t\t\t<\/span>\n\t\t\t<\/div>\n\t\t\t\n\t\t\t\t\t\t<div class=\"elementor-icon-box-content\">\n\n\t\t\t\t\n\t\t\t\t\t\t\t\t\t<p class=\"elementor-icon-box-description\">\n\t\t\t\t\t\tM\u00e0u \u0111\u1ecf, v\u00e0ng v\u00e0 xanh c\u1ee7a<b> &quot;WPA&quot; <\/b>t\u01b0\u1ee3ng tr\u01b0ng cho ho\u1ea1t \u0111\u1ed9ng kinh doanh c\u1ed1t l\u00f5i c\u1ee7a c\u00f4ng ty - b\u1ed9t m\u00e0u.\n\n\n\n\n\n\n\n\n\n\t\t\t\t\t<\/p>\n\t\t\t\t\n\t\t\t<\/div>\n\t\t\t\n\t\t<\/div>\n\t\t\t\t\t\t<\/div>\n\t\t\t\t<\/div>\n\t\t\t\t<div class=\"elementor-element elementor-element-e3eb134 elementor-position-left elementor-view-default elementor-mobile-position-top exad-sticky-section-no exad-glass-effect-no elementor-widget elementor-widget-icon-box\" data-id=\"e3eb134\" data-element_type=\"widget\" data-widget_type=\"icon-box.default\">\n\t\t\t\t<div class=\"elementor-widget-container\">\n\t\t\t\t\t\t\t<div class=\"elementor-icon-box-wrapper\">\n\n\t\t\t\t\t\t<div class=\"elementor-icon-box-icon\">\n\t\t\t\t<span  class=\"elementor-icon\">\n\t\t\t\t<svg xmlns=\"http:\/\/www.w3.org\/2000\/svg\" xmlns:xlink=\"http:\/\/www.w3.org\/1999\/xlink\" class=\"icon\" viewbox=\"0 0 1024 1024\" width=\"200\" height=\"200\"><path d=\"M499.2 951.466667c-234.666667 0-426.666667-192-426.666667-426.666667 0-17.066667 0-38.4 4.266667-55.466667 4.266667-12.8 12.8-17.066667 25.6-17.066666 12.8 4.266667 17.066667 12.8 17.066667 25.6-4.266667 12.8-4.266667 29.866667-4.266667 46.933333 0 213.333333 170.666667 384 384 384s384-170.666667 384-384-170.666667-384-384-384c-25.6 0-46.933333 4.266667-72.533333 8.533333-12.8 0-21.333333-4.266667-25.6-17.066666 0-12.8 4.266667-21.333333 17.066666-25.6 25.6-4.266667 51.2-8.533333 81.066667-8.533334 234.666667 0 426.666667 192 426.666667 426.666667s-192 426.666667-426.666667 426.666667z\"><\/path><path d=\"M119.466667 418.133333h-8.533334c-8.533333-4.266667-17.066667-17.066667-12.8-29.866666 42.666667-119.466667 128-213.333333 238.933334-256 12.8-4.266667 21.333333 0 25.6 12.8 4.266667 12.8 0 21.333333-12.8 25.6C256 213.333333 174.933333 298.666667 140.8 405.333333c-4.266667 8.533333-12.8 12.8-21.333333 12.8z\"><\/path><path d=\"M605.866667 558.933333c-4.266667 0-12.8 0-17.066667-4.266666l-128-128c-8.533333-8.533333-8.533333-21.333333 0-29.866667s21.333333-8.533333 29.866667 0l128 128c8.533333 8.533333 8.533333 21.333333 0 29.866667 0 4.266667-8.533333 4.266667-12.8 4.266666z\"><\/path><path d=\"M473.6 691.2c-4.266667 0-12.8 0-17.066667-4.266667-8.533333-8.533333-8.533333-21.333333 0-29.866666l128-128c8.533333-8.533333 21.333333-8.533333 29.866667 0s8.533333 21.333333 0 29.866666l-128 128c0 4.266667-8.533333 4.266667-12.8 4.266667z\"><\/path><\/svg>\t\t\t\t<\/span>\n\t\t\t<\/div>\n\t\t\t\n\t\t\t\t\t\t<div class=\"elementor-icon-box-content\">\n\n\t\t\t\t\n\t\t\t\t\t\t\t\t\t<p class=\"elementor-icon-box-description\">\n\t\t\t\t\t\t<b>&quot;WPA&quot;<\/b> vi\u1ebft t\u1eaft c\u1ee7a \u201cCh\u00fang t\u00f4i cung c\u1ea5p gi\u00e1 tr\u1ecb gia t\u0103ng cho h\u00f3a ch\u1ea5t\u201d \u2013 c\u0169ng th\u1ec3 hi\u1ec7n tri\u1ebft l\u00fd ph\u00e1t tri\u1ec3n v\u00e0 gi\u00e1 tr\u1ecb c\u1ed1t l\u00f5i c\u1ee7a c\u00f4ng ty.\n\n\n\n\n\n\n\n\n\n\n\n\n\n\n\n\t\t\t\t\t<\/p>\n\t\t\t\t\n\t\t\t<\/div>\n\t\t\t\n\t\t<\/div>\n\t\t\t\t\t\t<\/div>\n\t\t\t\t<\/div>\n\t\t\t\t<\/div>\n\t\t<div data-particle_enable=\"false\" data-particle-mobile-disabled=\"false\" class=\"elementor-element elementor-element-1efcfb6 e-con-full e-flex e-con e-child\" data-id=\"1efcfb6\" data-element_type=\"container\" data-settings=\"{&quot;background_background&quot;:&quot;classic&quot;}\">\n\t\t\t\t<div class=\"elementor-element elementor-element-f486591 exad-sticky-section-no exad-glass-effect-no elementor-widget elementor-widget-theme-site-logo elementor-widget-image\" data-id=\"f486591\" data-element_type=\"widget\" data-widget_type=\"theme-site-logo.default\">\n\t\t\t\t<div class=\"elementor-widget-container\">\n\t\t\t\t\t\t\t\t\t\t\t<a href=\"https:\/\/wpachem.com\/vi\">\n\t\t\t<img fetchpriority=\"high\" decoding=\"async\" width=\"1770\" height=\"468\" src=\"https:\/\/wpachem.com\/wp-content\/uploads\/2025\/06\/wwpa-chem.png\" class=\"attachment-full size-full wp-image-8084\" alt=\"\" srcset=\"https:\/\/wpachem.com\/wp-content\/uploads\/2025\/06\/wwpa-chem.png 1770w, https:\/\/wpachem.com\/wp-content\/uploads\/2025\/06\/wwpa-chem-300x79.png 300w, https:\/\/wpachem.com\/wp-content\/uploads\/2025\/06\/wwpa-chem-1024x271.png 1024w, https:\/\/wpachem.com\/wp-content\/uploads\/2025\/06\/wwpa-chem-768x203.png 768w, https:\/\/wpachem.com\/wp-content\/uploads\/2025\/06\/wwpa-chem-1536x406.png 1536w, https:\/\/wpachem.com\/wp-content\/uploads\/2025\/06\/wwpa-chem-18x5.png 18w, https:\/\/wpachem.com\/wp-content\/uploads\/2025\/06\/wwpa-chem-600x159.png 600w\" sizes=\"(max-width: 1770px) 100vw, 1770px\" \/>\t\t\t\t<\/a>\n\t\t\t\t\t\t\t\t\t\t\t<\/div>\n\t\t\t\t<\/div>\n\t\t\t\t<\/div>\n\t\t\t\t\t<\/div>\n\t\t\t\t<\/div>\n\t\t\t\t<\/div>","protected":false},"excerpt":{"rendered":"<p>Di\u1ec5n gi\u1ea3i th\u01b0\u01a1ng hi\u1ec7u Di\u1ec5n gi\u1ea3i th\u01b0\u01a1ng hi\u1ec7u Logo th\u1ec3 hi\u1ec7n tri\u1ebft l\u00fd v\u00e0 gi\u00e1 tr\u1ecb c\u1ee7a ch\u00fang t\u00f4i \u00dd \u0111\u1ecbnh ban \u0111\u1ea7u l\u00e0 \u0111\u1ec3 th\u1ea3m th\u1ef1c v\u1eadt ph\u00e1t tri\u1ec3n m\u1ea1nh m\u1ebd, t\u01b0\u1ee3ng tr\u01b0ng cho s\u1ef1 ph\u00e1t tri\u1ec3n m\u1ea1nh m\u1ebd c\u1ee7a doanh nghi\u1ec7p c\u00f4ng ty. V\u00f2ng benzen h\u1eefu c\u01a1 v\u00e0 h\u00ecnh elip trong logo bi\u1ec3u th\u1ecb \u0111\u1ecbnh v\u1ecb c\u1ee7a c\u00f4ng ty: Ch\u00fang t\u00f4i l\u00e0 n\u1ec1n t\u1ea3ng chu\u1ed7i cung \u1ee9ng h\u00f3a ch\u1ea5t qu\u1ed1c t\u1ebf, cung c\u1ea5p d\u1ecbch v\u1ee5 mua s\u1eafm m\u1ed9t c\u1eeda. M\u00e0u chuy\u1ec3n ti\u1ebfp [\u2026]<\/p>","protected":false},"author":3,"featured_media":0,"parent":0,"menu_order":0,"comment_status":"closed","ping_status":"closed","template":"","meta":{"_acf_changed":false,"_gspb_post_css":"","footnotes":""},"class_list":["post-5443","page","type-page","status-publish","hentry"],"blocksy_meta":[],"acf":[],"_links":{"self":[{"href":"https:\/\/wpachem.com\/vi\/wp-json\/wp\/v2\/pages\/5443","targetHints":{"allow":["GET"]}}],"collection":[{"href":"https:\/\/wpachem.com\/vi\/wp-json\/wp\/v2\/pages"}],"about":[{"href":"https:\/\/wpachem.com\/vi\/wp-json\/wp\/v2\/types\/page"}],"author":[{"embeddable":true,"href":"https:\/\/wpachem.com\/vi\/wp-json\/wp\/v2\/users\/3"}],"replies":[{"embeddable":true,"href":"https:\/\/wpachem.com\/vi\/wp-json\/wp\/v2\/comments?post=5443"}],"version-history":[{"count":0,"href":"https:\/\/wpachem.com\/vi\/wp-json\/wp\/v2\/pages\/5443\/revisions"}],"wp:attachment":[{"href":"https:\/\/wpachem.com\/vi\/wp-json\/wp\/v2\/media?parent=5443"}],"curies":[{"name":"wp","href":"https:\/\/api.w.org\/{rel}","templated":true}]}}