{"id":7723,"date":"2024-04-09T05:52:21","date_gmt":"2024-04-09T05:52:21","guid":{"rendered":"https:\/\/wpachem.com\/?page_id=7723"},"modified":"2024-04-09T06:02:48","modified_gmt":"2024-04-09T06:02:48","slug":"privacy-policy","status":"publish","type":"page","link":"https:\/\/wpachem.com\/vi\/privacy-policy\/","title":{"rendered":"Ch\u00ednh s\u00e1ch b\u1ea3o m\u1eadt"},"content":{"rendered":"<h2 class=\"wp-block-heading\" id=\"privacy-policy\"><h1 class=\"special_font\" style=\"margin-right: 0px; margin-bottom: 40px; margin-left: 0px; padding: 0px; box-sizing: border-box; font-family: HelveticaNeueLTPro-BdCn; font-size: 25.21px; text-align: center; color: rgb(51, 51, 51); font-style: normal; letter-spacing: normal; text-transform: none; white-space-collapse: collapse; text-decoration-thickness: initial; text-decoration-style: initial; text-decoration-color: initial;\">CH\u00cdNH S\u00c1CH B\u1ea2O M\u1eacT<\/h1><\/h2>\n\n\n\n<p>Ch\u00ednh s\u00e1ch b\u1ea3o m\u1eadt n\u00e0y c\u00f3 hi\u1ec7u l\u1ef1c k\u1ec3 t\u1eeb ng\u00e0y 03 th\u00e1ng 10 n\u0103m 2023.<\/p>\n\n\n\n<p><em>Ch\u00fang t\u00f4i \u0111\u00e3 c\u1eadp nh\u1eadt Ch\u00ednh s\u00e1ch quy\u1ec1n ri\u00eang t\u01b0 ng\u00e0y 31 th\u00e1ng 8 n\u0103m 2023 \u0111\u1ec3 c\u1eadp nh\u1eadt nh\u00e3n m\u00e0 ch\u00fang t\u00f4i s\u1eed d\u1ee5ng cho ph\u1ea7n ch\u00e2n trang t\u00f9y ch\u1ecdn cookie tr\u00ean wpachemicals.com v\u00e0 \u0111\u1ec3 l\u00e0m r\u00f5 b\u1ea3n c\u1eadp nh\u1eadt tr\u01b0\u1edbc \u0111\u00e2y c\u1ee7a ch\u00fang t\u00f4i v\u1ec1 c\u01a1 ch\u1ebf chuy\u1ec3n d\u1eef li\u1ec7u qu\u1ed1c t\u1ebf.<\/em><br><\/p>\n\n\n\n<hr class=\"wp-block-separator has-alpha-channel-opacity\"\/>\n\n\n\n<p>Ch\u00e0o m\u1eebng b\u1ea1n \u0111\u1ebfn th\u0103m wpachemicals.com! Ch\u00fang t\u00f4i cam k\u1ebft b\u1ea3o v\u1ec7 quy\u1ec1n ri\u00eang t\u01b0 c\u1ee7a kh\u00e1ch truy c\u1eadp b\u1eb1ng Ch\u00ednh s\u00e1ch b\u1ea3o m\u1eadt n\u00e0y. Nh\u1eefng t\u1eeb sau \u0111\u00e2y \u0111\u01b0\u1ee3c c\u00f4ng b\u1ed1 v\u1ec1 t\u00ecnh h\u00ecnh s\u1eed d\u1ee5ng &amp; thu th\u1eadp th\u00f4ng tin c\u1ee7a ch\u00fang t\u00f4i (wpachemicals.com). Ch\u00ednh s\u00e1ch b\u1ea3o m\u1eadt c\u1ee7a ch\u00fang t\u00f4i \u0111ang \u0111\u01b0\u1ee3c c\u1eadp nh\u1eadt b\u1ea5t c\u1ee9 khi n\u00e0o c\u1ea7n thi\u1ebft. Ch\u00fang t\u00f4i hoan ngh\u00eanh b\u1ea1n xem qua ch\u00ednh s\u00e1ch n\u00e0y b\u1ea5t c\u1ee9 l\u00fac n\u00e0o v\u00e0 ph\u1ea3n h\u1ed3i c\u00e1c \u00fd ki\u1ebfn c\u00f3 gi\u00e1 tr\u1ecb c\u1ee7a b\u1ea1n t\u1edbi info@wpachem.com.<\/p>\n\n\n\n<p>Khi b\u1ea1n ch\u1ea5p nh\u1eadn \u0110i\u1ec1u kho\u1ea3n s\u1eed d\u1ee5ng c\u1ee7a wpachemicals, b\u1ea1n \u0111\u00e3 ch\u1ea5p nh\u1eadn cho ch\u00fang t\u00f4i s\u1eed d\u1ee5ng v\u00e0 ti\u1ebft l\u1ed9 d\u1eef li\u1ec7u c\u00e1 nh\u00e2n theo Ch\u00ednh s\u00e1ch b\u1ea3o m\u1eadt n\u00e0y. To\u00e0n b\u1ed9 \u0110i\u1ec1u kho\u1ea3n c\u1ee7a Ch\u00ednh s\u00e1ch b\u1ea3o m\u1eadt n\u00e0y l\u00e0 m\u1ed9t ph\u1ea7n c\u1ee7a \u0110i\u1ec1u kho\u1ea3n s\u1eed d\u1ee5ng.<\/p>\n\n\n\n<p>V\u1eca TH\u00c0NH NI\u00caN<\/p>\n\n\n\n<p>wpachemicals v\u00e0 n\u1ed9i dung kh\u00f4ng nh\u1eafm \u0111\u1ebfn tr\u1ebb v\u1ecb th\u00e0nh ni\u00ean (nh\u1eefng ng\u01b0\u1eddi d\u01b0\u1edbi 18 tu\u1ed5i) v\u00e0 ch\u00fang t\u00f4i kh\u00f4ng c\u00f3 \u00fd \u0111\u1ecbnh b\u00e1n b\u1ea5t k\u1ef3 s\u1ea3n ph\u1ea9m ho\u1eb7c d\u1ecbch v\u1ee5 n\u00e0o c\u1ee7a m\u00ecnh cho tr\u1ebb v\u1ecb th\u00e0nh ni\u00ean, v\u00ec v\u1eady ch\u00fang t\u00f4i mong b\u1ea1n kh\u00f4ng cung c\u1ea5p b\u1ea5t k\u1ef3 d\u1eef li\u1ec7u c\u00e1 nh\u00e2n n\u00e0o cho ch\u00fang t\u00f4i n\u1ebfu b\u1ea1n d\u01b0\u1edbi 18 tu\u1ed5i. Tr\u1ebb v\u1ecb th\u00e0nh ni\u00ean ch\u1ec9 c\u00f3 th\u1ec3 s\u1eed d\u1ee5ng d\u1ecbch v\u1ee5 c\u1ee7a ch\u00fang t\u00f4i khi c\u00f3 s\u1ef1 \u0111\u1ed3ng \u00fd c\u1ee7a cha m\u1eb9 ho\u1eb7c ng\u01b0\u1eddi gi\u00e1m h\u1ed9.<\/p>\n\n\n\n<p>BI\u1ec6N PH\u00c1P AN NINH<\/p>\n\n\n\n<p>\u0110\u1ed1i v\u1edbi ng\u01b0\u1eddi d\u00f9ng \u0111\u00e3 \u0111\u0103ng k\u00fd c\u1ee7a wpachemicals, Th\u00f4ng tin \u0111\u0103ng k\u00fd v\u00e0 Th\u00f4ng tin t\u00e0i kho\u1ea3n (n\u1ebfu c\u00f3) c\u1ee7a b\u1ea1n c\u00f3 th\u1ec3 \u0111\u01b0\u1ee3c xem v\u00e0 ch\u1ec9nh s\u1eeda th\u00f4ng qua t\u00e0i kho\u1ea3n c\u1ee7a b\u1ea1n, \u0111\u01b0\u1ee3c b\u1ea3o v\u1ec7 b\u1eb1ng m\u1eadt kh\u1ea9u.<\/p>\n\n\n\n<p>Ch\u00fang t\u00f4i s\u1eed d\u1ee5ng c\u00e1c ph\u01b0\u01a1ng ph\u00e1p b\u1ea3o m\u1eadt h\u1ee3p l\u00fd v\u1ec1 m\u1eb7t th\u01b0\u01a1ng m\u1ea1i \u0111\u1ec3 ng\u0103n ch\u1eb7n truy c\u1eadp tr\u00e1i ph\u00e9p v\u00e0o c\u00e1c Trang web, duy tr\u00ec t\u00ednh ch\u00ednh x\u00e1c c\u1ee7a d\u1eef li\u1ec7u v\u00e0 \u0111\u1ea3m b\u1ea3o s\u1eed d\u1ee5ng \u0111\u00fang th\u00f4ng tin ch\u00fang t\u00f4i n\u1eafm gi\u1eef.<\/p>\n\n\n\n<p>Ch\u00fang t\u00f4i khuy\u00ean b\u1ea1n kh\u00f4ng n\u00ean ti\u1ebft l\u1ed9 m\u1eadt kh\u1ea9u c\u1ee7a m\u00ecnh cho b\u1ea5t k\u1ef3 ai. Nh\u00e2n vi\u00ean c\u1ee7a ch\u00fang t\u00f4i s\u1ebd kh\u00f4ng bao gi\u1edd y\u00eau c\u1ea7u b\u1ea1n cung c\u1ea5p m\u1eadt kh\u1ea9u qua cu\u1ed9c g\u1ecdi \u0111i\u1ec7n tho\u1ea1i ho\u1eb7c email kh\u00f4ng mong mu\u1ed1n. B\u1ea1n ch\u1ec9 c\u00f3 th\u1ec3 s\u1eed d\u1ee5ng m\u1eadt kh\u1ea9u \u0111\u1ec3 s\u1eed d\u1ee5ng t\u00e0i kho\u1ea3n c\u1ee7a m\u00ecnh. B\u1ea1n c\u00f3 th\u1ec3 g\u1eb7p ph\u1ea3i m\u1ed9t s\u1ed1 v\u1ea5n \u0111\u1ec1 n\u1ebfu ti\u1ebft l\u1ed9 th\u00f4ng tin c\u00e1 nh\u00e2n c\u1ee7a m\u00ecnh, v\u00ec v\u1eady ch\u00fang t\u00f4i vui l\u00f2ng y\u00eau c\u1ea7u b\u1ea1n t\u1ea1o t\u00e0i kho\u1ea3n v\u00e0 m\u1eadt kh\u1ea9u m\u1ed9t c\u00e1ch an to\u00e0n. N\u1ebfu c\u00f3 b\u1ea5t k\u1ef3 l\u00fd do n\u00e0o li\u00ean quan \u0111\u1ebfn t\u00ednh an to\u00e0n c\u1ee7a m\u1eadt kh\u1ea9u, vui l\u00f2ng li\u00ean h\u1ec7 v\u1edbi ch\u00fang t\u00f4i s\u1edbm nh\u1ea5t c\u00f3 th\u1ec3 qua info@wpachem.com.<\/p>\n\n\n\n<p>TH\u00d4NG TIN \u0110\u0102NG K\u00dd<\/p>\n\n\n\n<p>Ch\u00fang t\u00f4i y\u00eau c\u1ea7u b\u1ea1n \u0111i\u1ec1n v\u00e0o M\u1eabu \u0111\u0103ng k\u00fd khi b\u1ea1n mu\u1ed1n tham gia c\u00f9ng ch\u00fang t\u00f4i. B\u1ea1n \u0111\u01b0\u1ee3c y\u00eau c\u1ea7u cung c\u1ea5p t\u00ean th\u1eadt, \u0111\u1ecba ch\u1ec9, qu\u1ed1c gia, s\u1ed1 \u0111i\u1ec7n tho\u1ea1i, email, v.v. c\u1ee7a m\u00ecnh. B\u00ean c\u1ea1nh \u0111\u00f3, b\u1ea1n c\u0169ng \u0111\u01b0\u1ee3c y\u00eau c\u1ea7u cung c\u1ea5p t\u00ean v\u00e0 \u0111\u1ecba ch\u1ec9 c\u00f4ng ty, s\u1ed1 \u0111i\u1ec7n tho\u1ea1i, d\u1ecbch v\u1ee5 &amp; s\u1ea3n ph\u1ea9m c\u1ee7a c\u00f4ng ty b\u1ea1n b\u1eb1ng nh\u1eefng t\u1eeb ng\u1eafn g\u1ecdn, v.v. B\u1ea1n c\u0169ng c\u00f3 quy\u1ec1n l\u1ef1a ch\u1ecdn \u0111i\u1ec1n th\u00eam th\u00f4ng tin. Ch\u00fang t\u00f4i s\u1ebd s\u1eed d\u1ee5ng c\u00e1c s\u1ed1 li\u1ec7u th\u1ed1ng k\u00ea n\u00e0y \u0111\u1ec3 ph\u00e2n lo\u1ea1i th\u00e0nh vi\u00ean c\u1ee7a m\u00ecnh, ch\u1eb3ng h\u1ea1n nh\u01b0 ng\u00e0nh, s\u1ea3n ph\u1ea9m, \u0111\u1ec3 nh\u1eafm m\u1ee5c ti\u00eau cung c\u1ea5p c\u00e1c d\u1ecbch v\u1ee5 v\u00e0 c\u01a1 h\u1ed9i m\u1edbi cho c\u00e1c th\u00e0nh vi\u00ean c\u1ee7a ch\u00fang t\u00f4i. Ch\u00fang t\u00f4i s\u1ebd cho b\u1ea1n bi\u1ebft qua \u0111\u1ecba ch\u1ec9 email c\u1ee7a b\u1ea1n v\u1ec1 c\u00e1c d\u1ecbch v\u1ee5 v\u00e0 c\u01a1 h\u1ed9i m\u1edbi.<\/p>\n\n\n\n<p>H\u00c0NH VI GIAO D\u1ecaCH C\u1ee6A B\u1ea0N<\/p>\n\n\n\n<p>Ch\u00fang t\u00f4i ghi l\u1ea1i v\u00e0 l\u01b0u gi\u1eef h\u1ed3 s\u01a1 v\u1ec1 ho\u1ea1t \u0111\u1ed9ng mua v\u00e0 duy\u1ec7t c\u1ee7a ng\u01b0\u1eddi d\u00f9ng tr\u00ean n\u1ec1n t\u1ea3ng c\u1ee7a ch\u00fang t\u00f4i bao g\u1ed3m nh\u01b0ng kh\u00f4ng gi\u1edbi h\u1ea1n \u1edf \u0111\u1ecba ch\u1ec9 IP, m\u1eabu duy\u1ec7t v\u00e0 m\u1eabu h\u00e0nh vi c\u1ee7a ng\u01b0\u1eddi mua. Ngo\u00e0i ra, ch\u00fang t\u00f4i thu th\u1eadp th\u00f4ng tin th\u1ed1ng k\u00ea v\u1ec1 c\u00e1c Trang web v\u00e0 kh\u00e1ch truy c\u1eadp v\u00e0o c\u00e1c Trang web bao g\u1ed3m nh\u01b0ng kh\u00f4ng gi\u1edbi h\u1ea1n \u1edf \u0111\u1ecba ch\u1ec9 IP, ph\u1ea7n m\u1ec1m tr\u00ecnh duy\u1ec7t, h\u1ec7 \u0111i\u1ec1u h\u00e0nh, thu\u1ed9c t\u00ednh ph\u1ea7n m\u1ec1m v\u00e0 ph\u1ea7n c\u1ee9ng, c\u00e1c trang \u0111\u00e3 xem, s\u1ed1 phi\u00ean v\u00e0 kh\u00e1ch truy c\u1eadp duy nh\u1ea5t (g\u1ecdi chung l\u00e0 \u201cTh\u00f4ng tin duy\u1ec7t web\u201d).<\/p>\n\n\n\n<p>\u0110\u1ec3 cung c\u1ea5p cho c\u00e1c Th\u00e0nh vi\u00ean c\u1ee7a ch\u00fang t\u00f4i c\u00e1c s\u1ea3n ph\u1ea9m v\u00e0 d\u1ecbch v\u1ee5 \u0111\u01b0\u1ee3c \u0111\u1ec1 xu\u1ea5t, ch\u00fang t\u00f4i s\u1ebd ph\u00e2n lo\u1ea1i c\u00e1c Th\u00e0nh vi\u00ean c\u1ee7a m\u00ecnh theo d\u1eef li\u1ec7u th\u1ed1ng k\u00ea \u0111\u01b0\u1ee3c l\u1ea5y t\u1eeb c\u00e1c giao d\u1ecbch. Ch\u00fang t\u00f4i s\u1ebd th\u00f4ng b\u00e1o cho b\u1ea1n nh\u1eefng s\u1ea3n ph\u1ea9m v\u00e0 c\u01a1 h\u1ed9i m\u1edbi n\u00e0y qua email.<\/p>\n\n\n\n<p>THU TH\u1eacP D\u1eee LI\u1ec6U T\u1ef0 \u0110\u1ed8NG<\/p>\n\n\n\n<p>wpachemicals c\u00f3 kh\u1ea3 n\u0103ng t\u1ef1 \u0111\u1ed9ng nh\u1eadn v\u00e0 ghi l\u1ea1i d\u1eef li\u1ec7u t\u1eeb tr\u00ecnh duy\u1ec7t v\u00e0 m\u00e1y t\u00ednh c\u1ee7a b\u1ea1n, bao g\u1ed3m \u0110\u1ecba ch\u1ec9 IP, th\u00f4ng tin cookie, \u0111\u1eb7c \u0111i\u1ec3m ph\u1ea7n m\u1ec1m &amp; ph\u1ea7n c\u1ee9ng v\u00e0 h\u1ed3 s\u01a1 web cho nhu c\u1ea7u c\u1ee7a b\u1ea1n.<\/p>\n\n\n\n<p>V\u1ec0 COOKIE<\/p>\n\n\n\n<p>Cookie l\u00e0 m\u1ed9t s\u1ed1 d\u1eef li\u1ec7u, n\u00f3 s\u1ebd \u0111\u01b0\u1ee3c g\u1eedi \u0111\u1ebfn tr\u00ecnh duy\u1ec7t c\u1ee7a b\u1ea1n v\u00e0 \u0111\u01b0\u1ee3c l\u01b0u tr\u1eef trong ph\u1ea7n c\u1ee9ng m\u00e1y t\u00ednh c\u1ee7a b\u1ea1n n\u1ebfu b\u1ea1n kh\u00f4ng t\u1eeb ch\u1ed1i ch\u1ea5p nh\u1eadn n\u00f3. Ch\u00fang t\u00f4i s\u1eed d\u1ee5ng cookie \u0111\u1ec3 l\u01b0u tr\u1eef d\u1eef li\u1ec7u li\u00ean quan m\u00e0 b\u1ea1n \u0111\u00e3 truy c\u1eadp trang web c\u1ee7a ch\u00fang t\u00f4i. Khi b\u1ea1n truy c\u1eadp trang web c\u1ee7a ch\u00fang t\u00f4i, \u0111i\u1ec1u \u0111\u00f3 gi\u00fap ch\u00fang t\u00f4i nh\u1eadn d\u1ea1ng danh t\u00ednh c\u1ee7a b\u1ea1n v\u00e0 cung c\u1ea5p cho b\u1ea1n nhi\u1ec1u d\u1ecbch v\u1ee5 t\u1ed1t h\u01a1n v\u00e0 nhi\u1ec1u h\u01a1n theo d\u1eef li\u1ec7u ph\u00e2n t\u00edch.<\/p>\n\n\n\n<p>B\u1ea1n c\u00f3 quy\u1ec1n l\u1ef1a ch\u1ecdn ch\u1ea5p nh\u1eadn ho\u1eb7c t\u1eeb ch\u1ed1i cookie. B\u1ea1n c\u00f3 th\u1ec3 t\u1eeb ch\u1ed1i cookie b\u1eb1ng c\u00e1ch s\u1eeda \u0111\u1ed5i c\u00e0i \u0111\u1eb7t tr\u00ecnh duy\u1ec7t c\u1ee7a m\u00ecnh, nh\u01b0ng ch\u00fang t\u00f4i xin nh\u1eafc nh\u1edf r\u1eb1ng b\u1ea1n c\u00f3 th\u1ec3 kh\u00f4ng s\u1eed d\u1ee5ng \u0111\u01b0\u1ee3c m\u1ed9t s\u1ed1 ch\u1ee9c n\u0103ng tr\u00ean trang web c\u1ee7a ch\u00fang t\u00f4i do t\u1eeb ch\u1ed1i cookie.<\/p>\n\n\n\n<p>C\u00d4NG B\u1ed0 V\u00c0 S\u1eec D\u1ee4NG TH\u00d4NG TIN<\/p>\n\n\n\n<p>Ch\u00fang t\u00f4i s\u1ebd kh\u00f4ng cung c\u1ea5p, b\u00e1n, cho thu\u00ea, chia s\u1ebb ho\u1eb7c trao \u0111\u1ed5i Th\u00f4ng tin c\u00e1 nh\u00e2n c\u1ee7a Th\u00e0nh vi\u00ean. D\u00f9 sao, \u0111\u1ec3 thu\u1eadn ti\u1ec7n cho vi\u1ec7c s\u1eed d\u1ee5ng d\u1ecbch v\u1ee5 wpachemicals v\u00e0 c\u00e1c d\u1ecbch v\u1ee5 t\u1eeb c\u00e1c c\u00f4ng ty\/t\u1ed5 ch\u1ee9c li\u00ean quan \u0111\u1ebfn wpachemicals (vi\u1ebft t\u1eaft c\u1ee7a c\u00e1c d\u1ecbch v\u1ee5 kh\u00e1c), b\u1ea1n \u0111\u1ed3ng \u00fd v\u00e0 \u1ee7y quy\u1ec1n cho wpachemicals chuy\u1ec3n th\u00f4ng tin c\u00e1 nh\u00e2n c\u1ee7a b\u1ea1n cho c\u1ea3 b\u1ea1n v\u00e0 c\u00e1c b\u00ean d\u1ecbch v\u1ee5 kh\u00e1c, ho\u1eb7c \u0111\u1ed3ng \u00fd cho wpachemicals l\u1ea5y th\u00f4ng tin c\u00e1 nh\u00e2n c\u1ee7a b\u1ea1n t\u1eeb c\u00e1c b\u00ean d\u1ecbch v\u1ee5 kh\u00e1c.<\/p>\n\n\n\n<p>Ch\u00fang t\u00f4i s\u1ebd th\u1ef1c hi\u1ec7n th\u1ed1ng k\u00ea to\u00e0n di\u1ec7n v\u1ec1 d\u1eef li\u1ec7u nh\u1eadn d\u1ea1ng v\u00e0 giao d\u1ecbch c\u1ee7a b\u1ea1n (c\u00f4ng ty) v\u00e0 c\u00f3 th\u1ec3 cung c\u1ea5p cho m\u1ed9t s\u1ed1 nh\u00e0 qu\u1ea3ng c\u00e1o v\u1edbi m\u1ee9c mua v\u00e0 s\u1eed d\u1ee5ng h\u1ee3p l\u00fd theo ph\u00e1n \u0111o\u00e1n c\u1ee7a wpachemicals. Nh\u01b0ng trong tr\u01b0\u1eddng h\u1ee3p n\u00e0y, ch\u00fang t\u00f4i s\u1ebd kh\u00f4ng c\u00f4ng b\u1ed1 b\u1ea5t k\u1ef3 th\u00f4ng tin n\u00e0o c\u00f3 th\u1ec3 nh\u1eadn d\u1ea1ng danh t\u00ednh c\u00e1 nh\u00e2n c\u1ee7a th\u00e0nh vi\u00ean, nh\u01b0ng kh\u00f4ng gi\u1edbi h\u1ea1n \u1edf t\u00ean ng\u01b0\u1eddi d\u00f9ng c\u1ee7a th\u00e0nh vi\u00ean ho\u1eb7c th\u00f4ng tin kh\u00e1c \u0111\u01b0\u1ee3c ti\u1ebft l\u1ed9.<\/p>\n\n\n\n<p>B\u1ea1n \u0111\u1ed3ng \u00fd r\u1eb1ng ch\u00fang t\u00f4i c\u00f3 th\u1ec3 c\u00f4ng b\u1ed1 ho\u1eb7c s\u1eed d\u1ee5ng th\u00f4ng tin c\u00e1 nh\u00e2n c\u1ee7a b\u1ea1n \u0111\u1ec3 x\u00e1c \u0111\u1ecbnh v\u00e0 (ho\u1eb7c) x\u00e1c nh\u1eadn danh t\u00ednh c\u1ee7a b\u1ea1n, gi\u1ea3i quy\u1ebft tranh ch\u1ea5p, \u0111\u1ea3m b\u1ea3o t\u00ednh b\u1ea3o m\u1eadt c\u1ee7a trang web, gi\u00fap \u0111\u1ea3m b\u1ea3o r\u1eb1ng trang web an to\u00e0n, h\u1ea1n ch\u1ebf gian l\u1eadn, ho\u1ea1t \u0111\u1ed9ng b\u1ea5t h\u1ee3p ph\u00e1p ho\u1eb7c c\u00e1c ho\u1ea1t \u0111\u1ed9ng t\u1ed9i ph\u1ea1m kh\u00e1c, nh\u1eb1m th\u1ef1c thi c\u00e1c th\u1ecfa thu\u1eadn d\u1ecbch v\u1ee5 c\u1ee7a ch\u00fang t\u00f4i.<\/p>\n\n\n\n<p>B\u1ea1n \u0111\u1ed3ng \u00fd r\u1eb1ng ch\u00fang t\u00f4i c\u00f3 th\u1ec3 s\u1eed d\u1ee5ng th\u00f4ng tin c\u00e1 nh\u00e2n c\u1ee7a b\u1ea1n \u0111\u1ec3 b\u1ea3o v\u1ec7 t\u00ednh m\u1ea1ng, t\u00e0i s\u1ea3n c\u1ee7a b\u1ea1n ho\u1eb7c \u0111\u1ec3 ng\u0103n ch\u1eb7n thi\u1ec7t h\u1ea1i nghi\u00eam tr\u1ecdng \u0111\u1ebfn quy\u1ec1n v\u00e0 l\u1ee3i \u00edch h\u1ee3p ph\u00e1p c\u1ee7a ng\u01b0\u1eddi kh\u00e1c ho\u1eb7c nhu c\u1ea7u v\u00ec l\u1ee3i \u00edch c\u00f4ng c\u1ed9ng.<\/p>\n\n\n\n<p>B\u1ea1n \u0111\u1ed3ng \u00fd r\u1eb1ng ch\u00fang t\u00f4i c\u00f3 th\u1ec3 s\u1eed d\u1ee5ng th\u00f4ng tin c\u00e1 nh\u00e2n c\u1ee7a b\u1ea1n \u0111\u1ec3 c\u1ea3i thi\u1ec7n d\u1ecbch v\u1ee5 c\u1ee7a ch\u00fang t\u00f4i v\u00e0 ph\u00f9 h\u1ee3p h\u01a1n v\u1edbi y\u00eau c\u1ea7u c\u1ee7a b\u1ea1n. N\u00f3 s\u1ebd mang l\u1ea1i cho b\u1ea1n d\u1ecbch v\u1ee5 s\u1eed d\u1ee5ng t\u1ed1t h\u01a1n t\u1eeb ch\u00fang t\u00f4i.<\/p>\n\n\n\n<p>Trang web c\u1ee7a ch\u00fang t\u00f4i \u0111\u00e3 c\u00f4ng b\u1ed1 c\u00e1c c\u01a1 h\u1ed9i kinh doanh v\u00e0 \u01b0u \u0111\u00e3i, ng\u01b0\u1eddi d\u00f9ng c\u00f3 th\u1ec3 ki\u1ec3m tra c\u00e1c \u01b0u \u0111\u00e3i v\u00e0 c\u01a1 h\u1ed9i kinh doanh n\u00e0y.<\/p>\n\n\n\n<p>Khi ch\u00fang t\u00f4i b\u1ecb ph\u00e1p lu\u1eadt, ch\u00ednh ph\u1ee7 ho\u1eb7c nh\u1eefng ng\u01b0\u1eddi c\u00f3 th\u1ea9m quy\u1ec1n bu\u1ed9c ph\u1ea3i x\u00e1c \u0111\u1ecbnh nh\u1eefng vi ph\u1ea1m b\u1ecb c\u00e1o bu\u1ed9c \u0111\u1ed1i v\u1edbi y\u00eau c\u1ea7u cung c\u1ea5p th\u00f4ng tin c\u1ee7a b\u1ea1n, ch\u00fang t\u00f4i s\u1ebd c\u00f3 thi\u1ec7n ch\u00ed ti\u1ebft l\u1ed9 th\u00f4ng tin c\u1ee7a b\u1ea1n.<\/p>\n\n\n\n<p>L\u01afU TR\u1eee V\u00c0 TRAO \u0110\u1ed4I TH\u00d4NG TIN<\/p>\n\n\n\n<p>Th\u00f4ng tin v\u00e0 d\u1eef li\u1ec7u ng\u01b0\u1eddi d\u00f9ng \u0111\u01b0\u1ee3c thu th\u1eadp s\u1ebd \u0111\u01b0\u1ee3c l\u01b0u tr\u1eef t\u1ea1i wpachemicals v\u00e0\/ho\u1eb7c M\u00e1y ch\u1ee7 c\u1ee7a wpachemicals.<\/p>\n\n\n\n<p>LI\u00caN K\u1ebeT NGO\u00c0I<\/p>\n\n\n\n<p>Trang web c\u1ee7a ch\u00fang t\u00f4i bao g\u1ed3m c\u00e1c li\u00ean k\u1ebft kh\u00e1c. wpachemicals kh\u00f4ng ch\u1ecbu tr\u00e1ch nhi\u1ec7m v\u1ec1 quy\u1ec1n ri\u00eang t\u01b0 c\u1ee7a c\u00e1c li\u00ean k\u1ebft \u0111\u00f3. Ch\u00fang t\u00f4i c\u00f3 th\u1ec3 t\u0103ng s\u1ed1 l\u01b0\u1ee3ng c\u00e1c \u0111\u1ed1i t\u00e1c kinh doanh ho\u1eb7c c\u00e1c trang web th\u01b0\u01a1ng hi\u1ec7u \u0111\u01b0\u1ee3c chia s\u1ebb b\u1ea5t k\u1ef3 l\u00fac n\u00e0o.<\/p>\n\n\n\n<p>S\u1ef0 AN TO\u00c0N<\/p>\n\n\n\n<p>Trang web c\u1ee7a ch\u00fang t\u00f4i c\u00f3 c\u00e1c bi\u1ec7n ph\u00e1p b\u1ea3o m\u1eadt ph\u00f9 h\u1ee3p \u0111\u1ec3 \u0111\u1ea3m b\u1ea3o d\u1eef li\u1ec7u c\u1ee7a ch\u00fang t\u00f4i kh\u00f4ng b\u1ecb m\u1ea5t, s\u1eed d\u1ee5ng sai m\u1ee5c \u0111\u00edch v\u00e0 thay \u0111\u1ed5i. C\u00e1c bi\u1ec7n ph\u00e1p b\u1ea3o m\u1eadt n\u00e0y bao g\u1ed3m sao l\u01b0u d\u1eef li\u1ec7u v\u00e0o c\u00e1c m\u00e1y ch\u1ee7 kh\u00e1c v\u00e0 m\u00e3 h\u00f3a m\u1eadt kh\u1ea9u ng\u01b0\u1eddi d\u00f9ng. M\u1eb7c d\u00f9 ch\u00fang t\u00f4i c\u00f3 c\u00e1c bi\u1ec7n ph\u00e1p b\u1ea3o m\u1eadt n\u00e0y, nh\u01b0ng xin l\u01b0u \u00fd r\u1eb1ng kh\u00f4ng c\u00f3 &quot;bi\u1ec7n ph\u00e1p b\u1ea3o m\u1eadt ho\u00e0n h\u1ea3o&quot; n\u00e0o tr\u00ean Internet<\/p>\n\n\n\n<p>S\u1eecA \u0110\u1ed4I D\u1eee LI\u1ec6U C\u1ee6A B\u1ea0N<\/p>\n\n\n\n<p>B\u1ea1n c\u00f3 th\u1ec3 s\u1eeda \u0111\u1ed5i ho\u1eb7c c\u1eadp nh\u1eadt th\u00f4ng tin c\u00e1 nh\u00e2n v\u00e0 m\u1eadt kh\u1ea9u c\u1ee7a m\u00ecnh trong m\u1ee5c \u201c\u0110\u01a0N H\u00c0NG C\u1ee6A T\u00d4I\u201d tr\u00ean www.wpachemicals.com.<br>B\u1ea1n c\u00f3 th\u1ec3 th\u1ef1c hi\u1ec7n b\u1ea5t k\u1ef3 l\u00fac n\u00e0o b\u1eb1ng c\u00e1ch li\u00ean h\u1ec7 v\u1edbi ch\u00fang t\u00f4i qua th\u00f4ng tin li\u00ean h\u1ec7 \u0111\u01b0\u1ee3c cung c\u1ea5p qua email service@wpachem.com: Quy\u1ec1n truy c\u1eadp, ch\u1ec9nh s\u1eeda, c\u1eadp nh\u1eadt ho\u1eb7c y\u00eau c\u1ea7u x\u00f3a th\u00f4ng tin c\u00e1 nh\u00e2n c\u1ee7a b\u1ea1n.<\/p>\n\n\n\n<p>LI\u00caN H\u1ec6 V\u1edaI CH\u00daNG T\u00d4I<\/p>\n\n\n\n<p>N\u1ebfu b\u1ea1n c\u00f3 b\u1ea5t k\u1ef3 \u00fd ki\u1ebfn v\u00e0 \u0111\u1ec1 xu\u1ea5t n\u00e0o v\u1ec1 ch\u00ednh s\u00e1ch b\u1ea3o m\u1eadt n\u00e0y ho\u1eb7c c\u00e1c bi\u1ec7n ph\u00e1p b\u1ea3o v\u1ec7 quy\u1ec1n ri\u00eang t\u01b0 c\u1ee7a wpachemicals c\u0169ng nh\u01b0 c\u00e1c c\u00e2u h\u1ecfi c\u1ee7a b\u1ea1n khi s\u1eed d\u1ee5ng trang web c\u1ee7a ch\u00fang t\u00f4i, vui l\u00f2ng li\u00ean h\u1ec7 v\u1edbi ch\u00fang t\u00f4i: info@wpachem.com<\/p>\n\n\n\n<p>B\u1ea1n s\u1ebd kh\u00f4ng \u0111\u01b0\u1ee3c th\u00f4ng b\u00e1o th\u00eam v\u1ec1 nh\u1eefng thay \u0111\u1ed5i v\u1ec1 n\u1ed9i dung.<\/p>\n\n\n\n<p>Quy\u1ec1n gi\u1ea3i th\u00edch cu\u1ed1i c\u00f9ng c\u1ee7a Ch\u00ednh s\u00e1ch b\u1ea3o m\u1eadt n\u00e0y thu\u1ed9c v\u1ec1 wpachemicals.com<\/p>","protected":false},"excerpt":{"rendered":"<p>CH\u00cdNH S\u00c1CH B\u1ea2O M\u1eacT Ch\u00ednh s\u00e1ch b\u1ea3o m\u1eadt n\u00e0y c\u00f3 hi\u1ec7u l\u1ef1c k\u1ec3 t\u1eeb ng\u00e0y 03 th\u00e1ng 10 n\u0103m 2023. Ch\u00fang t\u00f4i \u0111\u00e3 c\u1eadp nh\u1eadt Ch\u00ednh s\u00e1ch b\u1ea3o m\u1eadt ng\u00e0y 31 th\u00e1ng 8 n\u0103m 2023 \u0111\u1ec3 c\u1eadp nh\u1eadt nh\u00e3n m\u00e0 ch\u00fang t\u00f4i s\u1eed d\u1ee5ng cho ph\u1ea7n ch\u00e2n trang t\u00f9y ch\u1ecdn cookie c\u1ee7a m\u00ecnh tr\u00ean wpachemicals.com v\u00e0 \u0111\u1ec3 l\u00e0m r\u00f5 b\u1ea3n c\u1eadp nh\u1eadt tr\u01b0\u1edbc \u0111\u00f3 c\u1ee7a ch\u00fang t\u00f4i v\u1ec1 c\u01a1 ch\u1ebf truy\u1ec1n d\u1eef li\u1ec7u qu\u1ed1c t\u1ebf. Ch\u00e0o m\u1eebng b\u1ea1n \u0111\u1ebfn th\u0103m wpachemicals.com! Ch\u00fang t\u00f4i cam k\u1ebft b\u1ea3o v\u1ec7 quy\u1ec1n ri\u00eang t\u01b0 c\u1ee7a kh\u00e1ch truy c\u1eadp [\u2026]<\/p>","protected":false},"author":1,"featured_media":0,"parent":0,"menu_order":0,"comment_status":"closed","ping_status":"closed","template":"elementor_theme","meta":{"_acf_changed":false,"_gspb_post_css":"","footnotes":""},"class_list":["post-7723","page","type-page","status-publish","hentry"],"blocksy_meta":[],"acf":[],"_links":{"self":[{"href":"https:\/\/wpachem.com\/vi\/wp-json\/wp\/v2\/pages\/7723","targetHints":{"allow":["GET"]}}],"collection":[{"href":"https:\/\/wpachem.com\/vi\/wp-json\/wp\/v2\/pages"}],"about":[{"href":"https:\/\/wpachem.com\/vi\/wp-json\/wp\/v2\/types\/page"}],"author":[{"embeddable":true,"href":"https:\/\/wpachem.com\/vi\/wp-json\/wp\/v2\/users\/1"}],"replies":[{"embeddable":true,"href":"https:\/\/wpachem.com\/vi\/wp-json\/wp\/v2\/comments?post=7723"}],"version-history":[{"count":0,"href":"https:\/\/wpachem.com\/vi\/wp-json\/wp\/v2\/pages\/7723\/revisions"}],"wp:attachment":[{"href":"https:\/\/wpachem.com\/vi\/wp-json\/wp\/v2\/media?parent=7723"}],"curies":[{"name":"wp","href":"https:\/\/api.w.org\/{rel}","templated":true}]}}