{"id":2077,"date":"2022-07-04T13:11:35","date_gmt":"2022-07-04T13:11:35","guid":{"rendered":"http:\/\/site2.easyceotech.com\/?post_type=product&#038;p=2077"},"modified":"2024-03-12T08:13:58","modified_gmt":"2024-03-12T08:13:58","slug":"benzyl-alcohol","status":"publish","type":"product","link":"https:\/\/wpachem.com\/vi\/product\/benzyl-alcohol\/","title":{"rendered":"R\u01b0\u1ee3u Benzyl"},"content":{"rendered":"<p>Benzyl alcohol d\u1ea1ng l\u1ecfng l\u00e0 m\u1ed9t ch\u1ea5t c\u1ed1 \u0111\u1ecbnh r\u1ea5t h\u1eefu \u00edch, v\u00e0 l\u00e0 m\u1ed9t lo\u1ea1i gia v\u1ecb kh\u00f4ng th\u1ec3 thi\u1ebfu trong qu\u00e1 tr\u00ecnh pha tr\u1ed9n h\u01b0\u01a1ng hoa nh\u00e0i, hoa qu\u1ef3nh, hoa ng\u1ecdc lan t\u00e2y v\u00e0 c\u00e1c h\u01b0\u01a1ng li\u1ec7u kh\u00e1c. \u0110\u01b0\u1ee3c s\u1eed d\u1ee5ng trong qu\u00e1 tr\u00ecnh ch\u1ebf bi\u1ebfn x\u00e0 ph\u00f2ng; h\u01b0\u01a1ng li\u1ec7u m\u1ef9 ph\u1ea9m h\u00e0ng ng\u00e0y. Nh\u01b0ng benzyl alcohol c\u00f3 th\u1ec3 oxy h\u00f3a ch\u1eadm t\u1ef1 nhi\u00ean, v\u00e0 m\u1ed9t ph\u1ea7n c\u1ee7a n\u00f3 t\u1ea1o ra benzaldehyde v\u00e0 benzyl ether, khi\u1ebfn c\u00e1c s\u1ea3n ph\u1ea9m th\u01b0\u01a1ng m\u1ea1i th\u01b0\u1eddng c\u00f3 h\u01b0\u01a1ng h\u1ea1nh nh\u00e2n, v\u00ec v\u1eady kh\u00f4ng th\u00edch h\u1ee3p \u0111\u1ec3 l\u01b0u tr\u1eef l\u00e2u d\u00e0i.<\/p>\n<p>&nbsp;<\/p>\n<table>\n<tbody>\n<tr>\n<td width=\"518\">M\u1ee5c<\/td>\n<td width=\"247\">\u0110\u1eb7c \u0111i\u1ec3m k\u1ef9 thu\u1eadt<\/td>\n<td width=\"383\">K\u1ebft qu\u1ea3<\/td>\n<\/tr>\n<tr>\n<td width=\"518\">\u0110\u1ed9 tinh khi\u1ebft %<\/td>\n<td width=\"247\">\u226599,9<\/td>\n<td width=\"383\">99.97<\/td>\n<\/tr>\n<tr>\n<td width=\"518\">TR\u1eccNG L\u01af\u1ee2NG RI\u00caNG (Kg\/m3 20\u2103):<\/td>\n<td width=\"247\">1042-1047<\/td>\n<td width=\"383\">1045<\/td>\n<\/tr>\n<tr>\n<td width=\"518\">CH\u1ec8 S\u1ed0 KH\u00daC X\u1ea0 (20\u2103)<\/td>\n<td width=\"247\">1.539-1.541<\/td>\n<td width=\"383\">1.540<\/td>\n<\/tr>\n<tr>\n<td width=\"518\">BENZALDEHYDE<\/td>\n<td width=\"247\">T\u1ed1i \u0111a 700ppm<\/td>\n<td width=\"383\">190 trang\/ph\u00fat<\/td>\n<\/tr>\n<tr>\n<td width=\"518\">C\u1eb7n c\u00f2n l\u1ea1i tr\u00ean \u0110\u00c1NH L\u1eecA%<\/td>\n<td width=\"247\">0.005<\/td>\n<td width=\"383\">V\u01b0\u1ee3t qua<\/td>\n<\/tr>\n<tr>\n<td width=\"518\">Clorua %<\/td>\n<td width=\"247\">0,005 T\u1ed0I \u0110A<\/td>\n<td width=\"383\">0.003<\/td>\n<\/tr>\n<tr>\n<td width=\"518\">M\u00c0U Hz<\/td>\n<td width=\"247\">10 t\u1ed1i \u0111a<\/td>\n<td width=\"383\">5<\/td>\n<\/tr>\n<tr>\n<td width=\"518\">\u0110\u1ed8 AXIT (D\u01af\u1edaI D\u1ea0NG AXIT BENZOIC)%<\/td>\n<td width=\"247\">0,1T\u1ed0I \u0110A<\/td>\n<td width=\"383\">0.04<\/td>\n<\/tr>\n<tr>\n<td width=\"518\">\u0110\u1ed8 R\u00d5 R\u00c0NG C\u1ee6A GI\u1ea2I PH\u00c1P(1+30)<\/td>\n<td width=\"247\">Th\u00f4ng tho\u00e1ng<\/td>\n<td width=\"383\">V\u01b0\u1ee3t qua<\/td>\n<\/tr>\n<tr>\n<td width=\"518\">\u0110\u1ed8 \u1ea8M%<\/td>\n<td width=\"247\">0,1T\u1ed0I \u0110A<\/td>\n<td width=\"383\">0.04<\/td>\n<\/tr>\n<\/tbody>\n<\/table>\n<p>&nbsp;<\/p>\n<p><strong>\u1ee8ng d\u1ee5ng<\/strong><\/p>\n<p>C\u1ed3n benzyl \u0111\u01b0\u1ee3c s\u1eed d\u1ee5ng r\u1ed9ng r\u00e3i trong s\u1ea3n xu\u1ea5t h\u00f3a ch\u1ea5t c\u00f4ng nghi\u1ec7p. \u0110\u01b0\u1ee3c s\u1eed d\u1ee5ng l\u00e0m dung m\u00f4i s\u01a1n; thu\u1ed1c hi\u1ec7n \u1ea3nh; ch\u1ea5t \u1ed5n \u0111\u1ecbnh polyvinyl clorua; dung m\u00f4i nh\u1ef1a t\u1ed5ng h\u1ee3p. N\u00f3 c\u00f3 th\u1ec3 \u0111\u01b0\u1ee3c s\u1eed d\u1ee5ng l\u00e0m s\u1ee3i nylon; ch\u1ea5t l\u00e0m kh\u00f4 v\u00e0 thu\u1ed1c nhu\u1ed9m cho s\u1ee3i v\u00e0 m\u00e0ng nh\u1ef1a; este xenlulo; dung m\u00f4i c\u1ee7a casein, ch\u1ea5t trung gian \u0111\u1ec3 \u0111i\u1ec1u ch\u1ebf este benzyl ho\u1eb7c ete. \u0110\u1ed3ng th\u1eddi, n\u00f3 \u0111\u01b0\u1ee3c s\u1eed d\u1ee5ng r\u1ed9ng r\u00e3i trong s\u1ea3n xu\u1ea5t b\u00fat (d\u1ea7u b\u00fat bi); dung m\u00f4i s\u01a1n, v.v.<\/p>\n<p><strong>\u0110\u00f3ng g\u00f3i<\/strong><\/p>\n<p>Phuy 25 kg ho\u1eb7c phuy 200 l\u00edt ho\u1eb7c IBC1000<\/p>","protected":false},"excerpt":{"rendered":"<p>T\u00ean s\u1ea3n ph\u1ea9m\uff1aBenzyl Alcohol<br \/>\nS\u1ed1 CAS: 100-51-6<br \/>\nMF\uff1aC7H8O<br \/>\nS\u1ed1 EINECS: 202-859-9<br \/>\nNgo\u1ea1i quan: Ch\u1ea5t l\u1ecfng trong su\u1ed1t, kh\u00f4ng m\u00e0u, th\u01a1m<\/p>","protected":false},"featured_media":2083,"template":"","meta":{"_acf_changed":false,"_gspb_post_css":""},"product_brand":[],"product_cat":[63],"product_tag":[],"class_list":{"0":"post-2077","1":"product","2":"type-product","3":"status-publish","4":"has-post-thumbnail","6":"product_cat-industrial-chemicals","8":"first","9":"instock","10":"shipping-taxable","11":"product-type-simple"},"acf":[],"_links":{"self":[{"href":"https:\/\/wpachem.com\/vi\/wp-json\/wp\/v2\/product\/2077","targetHints":{"allow":["GET"]}}],"collection":[{"href":"https:\/\/wpachem.com\/vi\/wp-json\/wp\/v2\/product"}],"about":[{"href":"https:\/\/wpachem.com\/vi\/wp-json\/wp\/v2\/types\/product"}],"version-history":[{"count":0,"href":"https:\/\/wpachem.com\/vi\/wp-json\/wp\/v2\/product\/2077\/revisions"}],"wp:featuredmedia":[{"embeddable":true,"href":"https:\/\/wpachem.com\/vi\/wp-json\/wp\/v2\/media\/2083"}],"wp:attachment":[{"href":"https:\/\/wpachem.com\/vi\/wp-json\/wp\/v2\/media?parent=2077"}],"wp:term":[{"taxonomy":"product_brand","embeddable":true,"href":"https:\/\/wpachem.com\/vi\/wp-json\/wp\/v2\/product_brand?post=2077"},{"taxonomy":"product_cat","embeddable":true,"href":"https:\/\/wpachem.com\/vi\/wp-json\/wp\/v2\/product_cat?post=2077"},{"taxonomy":"product_tag","embeddable":true,"href":"https:\/\/wpachem.com\/vi\/wp-json\/wp\/v2\/product_tag?post=2077"}],"curies":[{"name":"wp","href":"https:\/\/api.w.org\/{rel}","templated":true}]}}