{"id":2084,"date":"2022-07-05T12:41:12","date_gmt":"2022-07-05T12:41:12","guid":{"rendered":"http:\/\/site2.easyceotech.com\/?post_type=product&#038;p=2084"},"modified":"2024-03-12T08:13:54","modified_gmt":"2024-03-12T08:13:54","slug":"dimethyl-sulfoxidedmso","status":"publish","type":"product","link":"https:\/\/wpachem.com\/vi\/product\/dimethyl-sulfoxidedmso\/","title":{"rendered":"Dimethyl sulfoxide DMSO"},"content":{"rendered":"<p>Dimethyl sulfoxide DMSO l\u00e0 m\u1ed9t h\u1ee3p ch\u1ea5t h\u1eefu c\u01a1 ch\u1ee9a l\u01b0u hu\u1ef3nh c\u00f3 c\u00f4ng th\u1ee9c ph\u00e2n t\u1eed l\u00e0 C2H6OS. N\u00f3 l\u00e0 m\u1ed9t ch\u1ea5t l\u1ecfng trong su\u1ed1t kh\u00f4ng m\u00e0u v\u00e0 kh\u00f4ng m\u00f9i \u1edf nhi\u1ec7t \u0111\u1ed9 ph\u00f2ng. N\u00f3 l\u00e0 m\u1ed9t ch\u1ea5t l\u1ecfng d\u1ec5 ch\u00e1y h\u00fat \u1ea9m. N\u00f3 c\u00f3 c\u00e1c \u0111\u1eb7c \u0111i\u1ec3m l\u00e0 \u0111\u1ed9 ph\u00e2n c\u1ef1c cao, \u0111i\u1ec3m s\u00f4i cao, \u0111\u1ed9 \u1ed5n \u0111\u1ecbnh nhi\u1ec7t t\u1ed1t, kh\u00f4ng c\u00f3 proton v\u00e0 kh\u1ea3 n\u0103ng tr\u1ed9n l\u1eabn v\u1edbi n\u01b0\u1edbc. N\u00f3 h\u00f2a tan trong h\u1ea7u h\u1ebft c\u00e1c ch\u1ea5t h\u1eefu c\u01a1 nh\u01b0 etanol, propanol, benzen v\u00e0 cloroform, v\u00e0 \u0111\u01b0\u1ee3c g\u1ecdi l\u00e0 &quot;dung m\u00f4i ph\u1ed5 qu\u00e1t&quot;.<\/p>\n<table>\n<tbody>\n<tr>\n<td width=\"53\">KH\u00d4NG<\/td>\n<td width=\"270\">B\u00e0i ki\u1ec3m tra<\/td>\n<td width=\"115\">\u0110\u01a1n v\u1ecb<\/td>\n<td width=\"249\">Ph\u01b0\u01a1ng ph\u00e1p<\/td>\n<td width=\"141\">T\u1ed1i thi\u1ec3u<\/td>\n<td width=\"117\">T\u1ed1i \u0111a<\/td>\n<td width=\"110\">K\u1ebft qu\u1ea3<\/td>\n<\/tr>\n<tr>\n<td width=\"53\">1<\/td>\n<td width=\"270\">Chi\u1ebft su\u1ea5t<\/td>\n<td width=\"115\">@20 \u00b0C<\/td>\n<td width=\"249\">GB\/T 21395-2008<\/td>\n<td width=\"141\">1.4775<\/td>\n<td width=\"117\">1.4790<\/td>\n<td width=\"110\">1.4787<\/td>\n<\/tr>\n<tr>\n<td width=\"53\">2<\/td>\n<td width=\"270\">\u0110\u1ed9 tinh khi\u1ebft<\/td>\n<td width=\"115\">%(m\/m)<\/td>\n<td width=\"249\">Q\/PXH001-1999<\/td>\n<td width=\"141\">99.90<\/td>\n<td width=\"117\">&#8212;<\/td>\n<td width=\"110\">99.98<\/td>\n<\/tr>\n<tr>\n<td width=\"53\">3<\/td>\n<td width=\"270\">\u0110i\u1ec3m \u0111\u00f4ng \u0111\u1eb7c<\/td>\n<td width=\"115\">\u00b0C<\/td>\n<td width=\"249\">GB\/T 21395-2008<\/td>\n<td width=\"141\">8.1<\/td>\n<td width=\"117\">&#8212;<\/td>\n<td width=\"110\">18.30<\/td>\n<\/tr>\n<tr>\n<td width=\"53\">4<\/td>\n<td width=\"270\">Ch\u1ec9 s\u1ed1 axit (t\u00ednh theo KOH)<\/td>\n<td width=\"115\">mgKOH\/g<\/td>\n<td width=\"249\">GB\/T 21395-2008<\/td>\n<td width=\"141\">&#8212;<\/td>\n<td width=\"117\">0.03<\/td>\n<td width=\"110\">0.01<\/td>\n<\/tr>\n<tr>\n<td width=\"53\">5<\/td>\n<td width=\"270\">\u0111\u1ed9 truy\u1ec1n d\u1eabn (400nm)<\/td>\n<td width=\"115\">%<\/td>\n<td width=\"249\">GB\/T 21395-2008<\/td>\n<td width=\"141\">96<\/td>\n<td width=\"117\">&#8212;<\/td>\n<td width=\"110\">100.40<\/td>\n<\/tr>\n<tr>\n<td width=\"53\">6<\/td>\n<td width=\"270\">H\u00e0m l\u01b0\u1ee3ng n\u01b0\u1edbc<\/td>\n<td width=\"115\">ph\u1ea7n tri\u1ec7u<\/td>\n<td width=\"249\">GB\/T 21395-2008<\/td>\n<td width=\"141\">&#8212;<\/td>\n<td width=\"117\">1000<\/td>\n<td width=\"110\">234<\/td>\n<\/tr>\n<\/tbody>\n<\/table>\n<p>&nbsp;<\/p>\n<p><strong>\u1ee8ng d\u1ee5ng<\/strong><\/p>\n<p>1: \u0110\u01b0\u1ee3c s\u1eed d\u1ee5ng \u0111\u1ec3 chi\u1ebft xu\u1ea5t ch\u1ea5t th\u01a1m, ph\u01b0\u01a1ng ti\u1ec7n ph\u1ea3n \u1ee9ng nh\u1ef1a v\u00e0 thu\u1ed1c nhu\u1ed9m, tr\u00f9ng h\u1ee3p acrylic, dung m\u00f4i chi\u1ebft xu\u1ea5t t\u01a1 t\u1eb1m, v.v.<\/p>\n<p>2: C\u00f3 th\u1ec3 d\u00f9ng l\u00e0m dung m\u00f4i h\u1eefu c\u01a1, m\u00f4i tr\u01b0\u1eddng ph\u1ea3n \u1ee9ng v\u00e0 ch\u1ea5t trung gian t\u1ed5ng h\u1ee3p h\u1eefu c\u01a1, dimethyl sulfoxide c\u0169ng c\u00f3 th\u1ec3 d\u00f9ng l\u00e0m dung m\u00f4i nhu\u1ed9m s\u1ee3i t\u1ed5ng h\u1ee3p, t\u00e1c nh\u00e2n nhu\u1ed9m, ch\u1ea5t mang thu\u1ed1c nhu\u1ed9m, c\u0169ng c\u00f3 th\u1ec3 d\u00f9ng l\u00e0m ch\u1ea5t thu h\u1ed3i axetilen, ch\u1ea5t h\u1ea5p th\u1ee5 l\u01b0u hu\u1ef3nh \u0111ioxit, ch\u1ea5t bi\u1ebfn t\u00ednh s\u1ee3i t\u1ed5ng h\u1ee3p, ch\u1ea5t ch\u1ed1ng \u0111\u00f4ng v\u00e0 m\u00f4i tr\u01b0\u1eddng \u0111i\u1ec7n dung, d\u1ea7u phanh, t\u00e1c nh\u00e2n chi\u1ebft xu\u1ea5t kim lo\u1ea1i hi\u1ebfm.<\/p>\n<p><strong>\u0110\u00f3ng g\u00f3i<\/strong><\/p>\n<p>Tr\u1ed1ng s\u1eaft 225kg<\/p>","protected":false},"excerpt":{"rendered":"<p>T\u00ean s\u1ea3n ph\u1ea9m: Dimethyl Sulfoxide DMSO<br \/>\nS\u1ed1 CAS: 67-68-5<br \/>\nMF\uff1aC2H6OS<br \/>\nS\u1ed1 EINECS: 200-664-3<br \/>\nNgo\u1ea1i h\u00ecnh: Ch\u1ea5t l\u1ecfng kh\u00f4ng m\u00e0u<\/p>","protected":false},"featured_media":2086,"template":"","meta":{"_acf_changed":false,"_gspb_post_css":""},"product_brand":[],"product_cat":[63],"product_tag":[],"class_list":{"0":"post-2084","1":"product","2":"type-product","3":"status-publish","4":"has-post-thumbnail","6":"product_cat-industrial-chemicals","8":"first","9":"instock","10":"shipping-taxable","11":"product-type-simple"},"acf":[],"_links":{"self":[{"href":"https:\/\/wpachem.com\/vi\/wp-json\/wp\/v2\/product\/2084","targetHints":{"allow":["GET"]}}],"collection":[{"href":"https:\/\/wpachem.com\/vi\/wp-json\/wp\/v2\/product"}],"about":[{"href":"https:\/\/wpachem.com\/vi\/wp-json\/wp\/v2\/types\/product"}],"version-history":[{"count":0,"href":"https:\/\/wpachem.com\/vi\/wp-json\/wp\/v2\/product\/2084\/revisions"}],"wp:featuredmedia":[{"embeddable":true,"href":"https:\/\/wpachem.com\/vi\/wp-json\/wp\/v2\/media\/2086"}],"wp:attachment":[{"href":"https:\/\/wpachem.com\/vi\/wp-json\/wp\/v2\/media?parent=2084"}],"wp:term":[{"taxonomy":"product_brand","embeddable":true,"href":"https:\/\/wpachem.com\/vi\/wp-json\/wp\/v2\/product_brand?post=2084"},{"taxonomy":"product_cat","embeddable":true,"href":"https:\/\/wpachem.com\/vi\/wp-json\/wp\/v2\/product_cat?post=2084"},{"taxonomy":"product_tag","embeddable":true,"href":"https:\/\/wpachem.com\/vi\/wp-json\/wp\/v2\/product_tag?post=2084"}],"curies":[{"name":"wp","href":"https:\/\/api.w.org\/{rel}","templated":true}]}}