{"id":2093,"date":"2022-07-05T12:48:31","date_gmt":"2022-07-05T12:48:31","guid":{"rendered":"http:\/\/site2.easyceotech.com\/?post_type=product&#038;p=2093"},"modified":"2024-03-12T08:13:51","modified_gmt":"2024-03-12T08:13:51","slug":"photoinitiator-tpo","status":"publish","type":"product","link":"https:\/\/wpachem.com\/vi\/product\/photoinitiator-tpo\/","title":{"rendered":"Ch\u1ea5t kh\u1edfi t\u1ea1o quang TPO"},"content":{"rendered":"<p>Ch\u1ea5t kh\u1edfi t\u1ea1o quang TPO l\u00e0 ch\u1ea5t kh\u1edfi t\u1ea1o quang ph\u00e2n c\u1eaft g\u1ed1c t\u1ef1 do hi\u1ec7u qu\u1ea3 v\u1edbi ph\u1ea1m vi b\u01b0\u1edbc s\u00f3ng h\u1ea5p th\u1ee5 r\u1ea5t r\u1ed9ng, t\u00ednh \u0111\u1ebfn c\u1ea3 qu\u00e1 tr\u00ecnh l\u00e0m kh\u00f4 b\u1ec1 m\u1eb7t v\u00e0 qu\u00e1 tr\u00ecnh \u0111\u00f3ng r\u1eafn s\u00e2u, v\u00e0 \u0111\u01b0\u1ee3c s\u1eed d\u1ee5ng \u0111\u1ec3 b\u1eaft \u0111\u1ea7u ph\u1ea3n \u1ee9ng tr\u00f9ng h\u1ee3p UV c\u1ee7a h\u1ec7 th\u1ed1ng ti\u1ec1n tr\u00f9ng h\u1ee3p kh\u00f4ng b\u00e3o h\u00f2a.<\/p>\n<table>\n<tbody>\n<tr>\n<td>M\u1ee5c<\/td>\n<td>\u0110\u1eb7c \u0111i\u1ec3m k\u1ef9 thu\u1eadt<\/td>\n<\/tr>\n<tr>\n<td>\u0111i\u1ec3m n\u00f3ng ch\u1ea3y<\/td>\n<td>88-92 \u00b0C (s\u00e1ng)<\/td>\n<\/tr>\n<tr>\n<td>\u0111i\u1ec3m s\u00f4i<\/td>\n<td>519,6\u00b160,0 \u00b0C (D\u1ef1 \u0111o\u00e1n)<\/td>\n<\/tr>\n<tr>\n<td>\u0110i\u1ec3m ch\u1edbp ch\u00e1y<\/td>\n<td>&gt;230 \u00b0F<\/td>\n<\/tr>\n<tr>\n<td>Tro<\/td>\n<td>\u22640,1%<\/td>\n<\/tr>\n<tr>\n<td>Gi\u00e1 tr\u1ecb \u0111\u1ed9 axit<\/td>\n<td>\u22640,5mgKOH\/g<\/td>\n<\/tr>\n<tr>\n<td>425nm<\/td>\n<td>\u226785%<\/td>\n<\/tr>\n<tr>\n<td>500nm<\/td>\n<td>\u226795%<\/td>\n<\/tr>\n<tr>\n<td>Kho<\/td>\n<td>B\u1ea3o qu\u1ea3n n\u01a1i kh\u00f4 r\u00e1o, tho\u00e1ng m\u00e1t, tr\u00e1nh \u00e1nh s\u00e1ng.<\/td>\n<\/tr>\n<\/tbody>\n<\/table>\n<p>&nbsp;<\/p>\n<p><strong>\u1ee8ng d\u1ee5ng<\/strong><\/p>\n<p>C\u00f3 th\u1ec3 s\u1eed d\u1ee5ng cho l\u1edbp ph\u1ee7 UV, m\u1ef1c in l\u1ee5a, m\u1ef1c in th\u1ea1ch b\u1ea3n, m\u1ef1c in flexo, l\u1edbp ph\u1ee7 g\u1ed7, m\u1ef1c in, keo d\u00e1n UV, l\u1edbp ph\u1ee7 s\u1ee3i quang, v.v.<\/p>\n<p><strong>\u0110\u00f3ng g\u00f3i<\/strong><\/p>\n<p>20kg\/th\u00f9ng<\/p>","protected":false},"excerpt":{"rendered":"<p>T\u00ean s\u1ea3n ph\u1ea9m: Photoinitiator TPO<br \/>\nS\u1ed1 CAS: 75980-60-8<br \/>\nMF\uff1aC22H21O2P<br \/>\nS\u1ed1 EINECS: 278-355-8<br \/>\nNgo\u1ea1i quan: B\u1ed9t m\u00e0u v\u00e0ng nh\u1ea1t<\/p>","protected":false},"featured_media":2096,"template":"","meta":{"_acf_changed":false,"_gspb_post_css":""},"product_brand":[],"product_cat":[64],"product_tag":[],"class_list":{"0":"post-2093","1":"product","2":"type-product","3":"status-publish","4":"has-post-thumbnail","6":"product_cat-photoinitiator","8":"first","9":"instock","10":"shipping-taxable","11":"product-type-simple"},"acf":[],"_links":{"self":[{"href":"https:\/\/wpachem.com\/vi\/wp-json\/wp\/v2\/product\/2093","targetHints":{"allow":["GET"]}}],"collection":[{"href":"https:\/\/wpachem.com\/vi\/wp-json\/wp\/v2\/product"}],"about":[{"href":"https:\/\/wpachem.com\/vi\/wp-json\/wp\/v2\/types\/product"}],"version-history":[{"count":0,"href":"https:\/\/wpachem.com\/vi\/wp-json\/wp\/v2\/product\/2093\/revisions"}],"wp:featuredmedia":[{"embeddable":true,"href":"https:\/\/wpachem.com\/vi\/wp-json\/wp\/v2\/media\/2096"}],"wp:attachment":[{"href":"https:\/\/wpachem.com\/vi\/wp-json\/wp\/v2\/media?parent=2093"}],"wp:term":[{"taxonomy":"product_brand","embeddable":true,"href":"https:\/\/wpachem.com\/vi\/wp-json\/wp\/v2\/product_brand?post=2093"},{"taxonomy":"product_cat","embeddable":true,"href":"https:\/\/wpachem.com\/vi\/wp-json\/wp\/v2\/product_cat?post=2093"},{"taxonomy":"product_tag","embeddable":true,"href":"https:\/\/wpachem.com\/vi\/wp-json\/wp\/v2\/product_tag?post=2093"}],"curies":[{"name":"wp","href":"https:\/\/api.w.org\/{rel}","templated":true}]}}