{"id":2100,"date":"2022-07-05T13:02:00","date_gmt":"2022-07-05T13:02:00","guid":{"rendered":"http:\/\/site2.easyceotech.com\/?post_type=product&#038;p=2100"},"modified":"2024-03-12T08:13:47","modified_gmt":"2024-03-12T08:13:47","slug":"sodium-hyaluronic-acid","status":"publish","type":"product","link":"https:\/\/wpachem.com\/vi\/product\/sodium-hyaluronic-acid\/","title":{"rendered":"Natri axit hyaluronic"},"content":{"rendered":"<p>Natri hyaluronate, c\u00f2n \u0111\u01b0\u1ee3c g\u1ecdi l\u00e0 natri hyaluronate, l\u00e0 m\u1ed9t ho\u1ea1t ch\u1ea5t sinh l\u00fd t\u1ed3n t\u1ea1i r\u1ed9ng r\u00e3i trong c\u01a1 th\u1ec3 con ng\u01b0\u1eddi. N\u00f3 l\u00e0 m\u1ed9t mucopolysaccharide m\u1ea1ch th\u1eb3ng polyme bao g\u1ed3m c\u00e1c \u0111\u01a1n v\u1ecb disaccharide bao g\u1ed3m axit glucuronic v\u00e0 acetyl hexose.<\/p>\n<table>\n<tbody>\n<tr>\n<td colspan=\"4\" width=\"1177\"><strong>Ki\u1ec3m tra v\u1eadt l\u00fd v\u00e0 h\u00f3a h\u1ecdc<\/strong><\/td>\n<\/tr>\n<tr>\n<td width=\"80\">1<\/td>\n<td width=\"398\">V\u1ebb b\u1ec1 ngo\u00e0i<\/td>\n<td width=\"347\">Tr\u1eafng ho\u1eb7c g\u1ea7n nh\u01b0 tr\u1eafng<\/p>\n<p>b\u1ed9t ho\u1eb7c h\u1ea1t<\/td>\n<td width=\"352\">Tu\u00e2n th\u1ee7<\/td>\n<\/tr>\n<tr>\n<td width=\"80\">2<\/td>\n<td width=\"398\">h\u1ea5p th\u1ee5 h\u1ed3ng ngo\u1ea1i<\/td>\n<td width=\"347\">T\u00edch c\u1ef1c<\/td>\n<td width=\"352\">Tu\u00e2n th\u1ee7<\/td>\n<\/tr>\n<tr>\n<td width=\"80\">3<\/td>\n<td width=\"398\">Ph\u1ea3n \u1ee9ng c\u1ee7a natri<\/td>\n<td width=\"347\">T\u00edch c\u1ef1c<\/td>\n<td width=\"352\">Tu\u00e2n th\u1ee7<\/td>\n<\/tr>\n<tr>\n<td width=\"80\">4<\/td>\n<td width=\"398\">S\u1ef1 h\u1ea5p th\u1ee5<\/td>\n<td width=\"347\">\u22640,25<\/td>\n<td width=\"352\">0.11<\/td>\n<\/tr>\n<tr>\n<td width=\"80\">5<\/td>\n<td width=\"398\">T\u00ednh minh b\u1ea1ch<\/td>\n<td width=\"347\">\u226599,0%<\/td>\n<td width=\"352\">99.7%<\/td>\n<\/tr>\n<tr>\n<td width=\"80\">6<\/td>\n<td width=\"398\">\u0111\u1ed9 pH<\/td>\n<td width=\"347\">6.0~7.5<\/td>\n<td width=\"352\">6.4<\/td>\n<\/tr>\n<tr>\n<td width=\"80\">7<\/td>\n<td width=\"398\">\u0110\u1ed9 nh\u1edbt n\u1ed9i t\u1ea1i<\/td>\n<td width=\"347\">(13,77~23,64)dL\/g<\/td>\n<td width=\"352\">18,81dL\/g<\/td>\n<\/tr>\n<tr>\n<td width=\"80\">8<\/td>\n<td width=\"398\">Tr\u1ecdng l\u01b0\u1ee3ng ph\u00e2n t\u1eed<\/td>\n<td width=\"347\">(0,75~1,50)\u00d710<sup>6<\/sup>Ng\u00e0y<\/td>\n<td width=\"352\">1,12\u00d710<sup>6<\/sup>Ng\u00e0y<\/td>\n<\/tr>\n<tr>\n<td width=\"80\">9<\/td>\n<td width=\"398\">\u0110\u1ed9 nh\u1edbt \u0111\u1ed9ng h\u1ecdc<\/td>\n<td width=\"347\">Gi\u00e1 tr\u1ecb th\u1ef1c t\u1ebf<\/td>\n<td width=\"352\">38,91mm\u00b2\/gi\u00e2y<\/td>\n<\/tr>\n<tr>\n<td colspan=\"4\" width=\"1177\"><strong>Ki\u1ec3m tra \u0111\u1ed9 tinh khi\u1ebft<\/strong><\/td>\n<\/tr>\n<tr>\n<td width=\"80\">10<\/td>\n<td width=\"398\">M\u1ea5t m\u00e1t khi s\u1ea5y kh\u00f4<\/td>\n<td width=\"347\">\u226410%<\/td>\n<td width=\"352\">9.87%<\/td>\n<\/tr>\n<tr>\n<td width=\"80\">11<\/td>\n<td width=\"398\">C\u1eb7n b\u00e1m tr\u00ean l\u1eeda<\/td>\n<td width=\"347\">\u226420%<\/td>\n<td width=\"352\">19.62%<\/td>\n<\/tr>\n<tr>\n<td width=\"80\">12<\/td>\n<td width=\"398\">Kim lo\u1ea1i n\u1eb7ng<\/td>\n<td width=\"347\">\u226420ppm<\/td>\n<td width=\"352\">&lt;20ppm<\/td>\n<\/tr>\n<tr>\n<td width=\"80\">13<\/td>\n<td width=\"398\">Asen<\/td>\n<td width=\"347\">\u22642ppm<\/td>\n<td width=\"352\">&lt;2ppm<\/td>\n<\/tr>\n<tr>\n<td width=\"80\">14<\/td>\n<td width=\"398\">Ch\u1ea5t \u0111\u1ea1m<\/td>\n<td width=\"347\">\u22640,1%<\/td>\n<td width=\"352\">0.03%<\/td>\n<\/tr>\n<tr>\n<td width=\"80\">15<\/td>\n<td width=\"398\">X\u00e9t nghi\u1ec7m<\/td>\n<td width=\"347\">\u226595,0%<\/td>\n<td width=\"352\">97.5%<\/td>\n<\/tr>\n<tr>\n<td width=\"80\">16<\/td>\n<td width=\"398\">Axit Glucuronic<\/td>\n<td width=\"347\">\u226546,0%<\/td>\n<td width=\"352\">47.2%<\/td>\n<\/tr>\n<tr>\n<td colspan=\"4\" width=\"1177\"><strong>\u0110\u1ed9 tinh khi\u1ebft vi sinh<\/strong><\/td>\n<\/tr>\n<tr>\n<td width=\"80\">17<\/td>\n<td width=\"398\">T\u1ed5ng s\u1ed1 l\u01b0\u1ee3ng vi khu\u1ea9n<\/td>\n<td width=\"347\">\u2264100CFU\/g<\/td>\n<td width=\"352\">&lt;10CFU\/g<\/td>\n<\/tr>\n<tr>\n<td width=\"80\">18<\/td>\n<td width=\"398\">N\u1ea5m men v\u00e0 n\u1ea5m m\u1ed1c<\/td>\n<td width=\"347\">\u226420CFU\/g<\/td>\n<td width=\"352\">&lt;10CFU\/g<\/td>\n<\/tr>\n<tr>\n<td width=\"80\">19<\/td>\n<td width=\"398\">Vi khu\u1ea9n E. coli<\/td>\n<td width=\"347\">Ti\u00eau c\u1ef1c<\/td>\n<td width=\"352\">Ti\u00eau c\u1ef1c<\/td>\n<\/tr>\n<tr>\n<td width=\"80\">20<\/td>\n<td width=\"398\">t\u1ee5 c\u1ea7u<\/td>\n<td width=\"347\">Ti\u00eau c\u1ef1c<\/td>\n<td width=\"352\">Ti\u00eau c\u1ef1c<\/td>\n<\/tr>\n<tr>\n<td width=\"80\">21<\/td>\n<td width=\"398\">Vi khu\u1ea9n Pseudomonas aeruginosa<\/td>\n<td width=\"347\">Ti\u00eau c\u1ef1c<\/td>\n<td width=\"352\">Ti\u00eau c\u1ef1c<\/td>\n<\/tr>\n<\/tbody>\n<\/table>\n<p>&nbsp;<\/p>\n<p><strong>\u1ee8ng d\u1ee5ng<\/strong><\/p>\n<p>\u0110\u01b0\u1ee3c s\u1eed d\u1ee5ng r\u1ed9ng r\u00e3i trong ng\u00e0nh m\u1ef9 ph\u1ea9m cao c\u1ea5p, cho h\u1ed9i ch\u1ee9ng kh\u00f4 m\u1eaft<\/p>\n<p><strong>\u0110\u00f3ng g\u00f3i<\/strong><\/p>\n<p>25KG\/TR\u1ed0NG<\/p>","protected":false},"excerpt":{"rendered":"<p>T\u00ean s\u1ea3n ph\u1ea9m: Natri hyaluronic acid<br \/>\nS\u1ed1 CAS: 9067-32-7<br \/>\nMF\uff1aC14H22NNaO11<br \/>\nS\u1ed1 EINECS: 618-620-0<br \/>\nNgo\u1ea1i quan: B\u1ed9t m\u00e0u tr\u1eafng<\/p>","protected":false},"featured_media":2101,"template":"","meta":{"_acf_changed":false,"_gspb_post_css":""},"product_brand":[],"product_cat":[60],"product_tag":[],"class_list":{"0":"post-2100","1":"product","2":"type-product","3":"status-publish","4":"has-post-thumbnail","6":"product_cat-cosmetic-ingredients","8":"first","9":"instock","10":"shipping-taxable","11":"product-type-simple"},"acf":[],"_links":{"self":[{"href":"https:\/\/wpachem.com\/vi\/wp-json\/wp\/v2\/product\/2100","targetHints":{"allow":["GET"]}}],"collection":[{"href":"https:\/\/wpachem.com\/vi\/wp-json\/wp\/v2\/product"}],"about":[{"href":"https:\/\/wpachem.com\/vi\/wp-json\/wp\/v2\/types\/product"}],"version-history":[{"count":0,"href":"https:\/\/wpachem.com\/vi\/wp-json\/wp\/v2\/product\/2100\/revisions"}],"wp:featuredmedia":[{"embeddable":true,"href":"https:\/\/wpachem.com\/vi\/wp-json\/wp\/v2\/media\/2101"}],"wp:attachment":[{"href":"https:\/\/wpachem.com\/vi\/wp-json\/wp\/v2\/media?parent=2100"}],"wp:term":[{"taxonomy":"product_brand","embeddable":true,"href":"https:\/\/wpachem.com\/vi\/wp-json\/wp\/v2\/product_brand?post=2100"},{"taxonomy":"product_cat","embeddable":true,"href":"https:\/\/wpachem.com\/vi\/wp-json\/wp\/v2\/product_cat?post=2100"},{"taxonomy":"product_tag","embeddable":true,"href":"https:\/\/wpachem.com\/vi\/wp-json\/wp\/v2\/product_tag?post=2100"}],"curies":[{"name":"wp","href":"https:\/\/api.w.org\/{rel}","templated":true}]}}