{"id":2107,"date":"2022-07-05T13:08:12","date_gmt":"2022-07-05T13:08:12","guid":{"rendered":"http:\/\/site2.easyceotech.com\/?post_type=product&#038;p=2107"},"modified":"2024-03-12T08:13:42","modified_gmt":"2024-03-12T08:13:42","slug":"panthenol","status":"publish","type":"product","link":"https:\/\/wpachem.com\/vi\/product\/panthenol\/","title":{"rendered":"D-Panthenol"},"content":{"rendered":"<p>D-panthenol l\u00e0 ti\u1ec1n ch\u1ea5t c\u1ee7a vitamin B5, \u0111\u01b0\u1ee3c chuy\u1ec3n h\u00f3a th\u00e0nh axit pantothenic trong c\u00e1c m\u00f4. Axit pantothenic, vitamin B5, tan trong n\u01b0\u1edbc v\u00e0 l\u00e0 ti\u1ec1n ch\u1ea5t c\u1ee7a qu\u00e1 tr\u00ecnh t\u1ed5ng h\u1ee3p coA. Coenzyme A l\u00e0 m\u1ed9t ch\u1ea5t thi\u1ebft y\u1ebfu trong nhi\u1ec1u qu\u00e1 tr\u00ecnh sinh l\u00fd c\u1ee7a s\u1ef1 s\u1ed1ng (chuy\u1ec3n h\u00f3a \u0111\u01b0\u1eddng, ch\u1ea5t b\u00e9o, protein v\u00e0 n\u0103ng l\u01b0\u1ee3ng), tham gia v\u00e0o qu\u00e1 tr\u00ecnh \u0111\u01b0\u1eddng ph\u00e2n, chu tr\u00ecnh axit citric v\u00e0 giai \u0111o\u1ea1n x\u00fac t\u00e1c ban \u0111\u1ea7u c\u1ee7a qu\u00e1 tr\u00ecnh t\u1ed5ng h\u1ee3p axit b\u00e9o v\u00e0 sphinolipid \u0111\u1ea3m b\u1ea3o t\u00ednh to\u00e0n v\u1eb9n c\u1ee7a l\u1edbp k\u00e9p lipid bi\u1ec3u b\u00ec v\u00e0 m\u00e0ng t\u1ebf b\u00e0o. Do \u0111\u00f3, D-Panthenol \u0111\u01b0\u1ee3c s\u1eed d\u1ee5ng r\u1ed9ng r\u00e3i trong vi\u1ec7c ph\u1ee5c h\u1ed3i c\u00e1c t\u1ed5n th\u01b0\u01a1ng da.<\/p>\n<p>Vitamin B5 l\u00e0 th\u00e0nh ph\u1ea7n dinh d\u01b0\u1ee1ng m\u00e0 da ph\u1ea3i c\u00f3, khi khung m\u00e1y bay thi\u1ebfu axit pantothenic, g\u00e2y ra ch\u1ee9ng s\u1eebng h\u00f3a da, da c\u1ee9ng, bong tr\u00f3c, v\u1eabn c\u00f3 th\u1ec3 xu\u1ea5t hi\u1ec7n lo\u00e9t da nghi\u00eam tr\u1ecdng. Panthenol l\u00e0 m\u1ed9t \u0111\u1ed3ng ph\u00e2n c\u00f3 \u0111\u1ed9 quay quang h\u1ecdc, ch\u1ec9 c\u00f3 d-panthenol dextrorotatory c\u00f3 ho\u1ea1t t\u00ednh sinh l\u00fd, ng\u00e0nh c\u00f4ng nghi\u1ec7p m\u1ef9 ph\u1ea9m n\u00ean \u01b0u ti\u00ean s\u1eed d\u1ee5ng D-panthenol.<\/p>\n<table>\n<tbody>\n<tr>\n<td width=\"301\">M\u1ee5c ph\u00e2n t\u00edch<\/td>\n<td width=\"71\">\u0110\u01a1n v\u1ecb<\/td>\n<td width=\"272\">\u0110\u1eb7c \u0111i\u1ec3m k\u1ef9 thu\u1eadt<\/td>\n<td width=\"302\">Ph\u01b0\u01a1ng ph\u00e1p th\u1eed nghi\u1ec7m<\/td>\n<td width=\"274\">K\u1ebft qu\u1ea3<\/td>\n<\/tr>\n<tr>\n<td width=\"301\">Nh\u1eadn d\u1ea1ng vitriol xanh*<\/td>\n<td width=\"71\">\u2014<\/td>\n<td width=\"272\">M\u00e0u xanh \u0111\u1eadm<\/td>\n<td width=\"302\">Qu\u00e1 tr\u00ecnh ph\u00e1t tri\u1ec3n<\/td>\n<td width=\"274\">Dung d\u1ecbch c\u00f3 m\u00e0u xanh \u0111\u1eadm<\/td>\n<\/tr>\n<tr>\n<td width=\"301\">Nh\u1eadn d\u1ea1ng S\u1eaft trichloride*<\/td>\n<td width=\"71\">\u2014<\/td>\n<td width=\"272\">\u0110\u1ecf t\u00eda<\/td>\n<td width=\"302\">Qu\u00e1 tr\u00ecnh ph\u00e1t tri\u1ec3n<\/td>\n<td width=\"274\">Dung d\u1ecbch c\u00f3 m\u00e0u \u0111\u1ecf t\u00eda<\/td>\n<\/tr>\n<tr>\n<td width=\"301\">Nh\u1eadn d\u1ea1ng IR<\/td>\n<td width=\"71\">\u2014<\/td>\n<td width=\"272\">Ph\u00f9 h\u1ee3p v\u1edbi ph\u1ed5 chu\u1ea9n<\/td>\n<td width=\"302\">H\u1ed3ng ngo\u1ea1i<\/td>\n<td width=\"274\">Theo<\/td>\n<\/tr>\n<tr>\n<td width=\"301\">X\u00e9t nghi\u1ec7m<\/td>\n<td width=\"71\">%<\/td>\n<td width=\"272\">98.0-102.0<\/td>\n<td width=\"302\">Chu\u1ea9n \u0111\u1ed9 axit perchloric<\/td>\n<td width=\"274\">98.8<\/td>\n<\/tr>\n<tr>\n<td width=\"301\">C\u1eb7n b\u00e1m tr\u00ean l\u1eeda<\/td>\n<td width=\"71\">%<\/td>\n<td width=\"272\">W0.1<\/td>\n<td width=\"302\">Ph\u01b0\u01a1ng ph\u00e1p \u0111\u1ed1t ch\u00e1y<\/td>\n<td width=\"274\">0.03<\/td>\n<\/tr>\n<tr>\n<td width=\"301\">C\u00e1c ch\u1ea5t li\u00ean quan (Aminopropanol)<\/td>\n<td width=\"71\">%<\/td>\n<td width=\"272\">W1.0<\/td>\n<td width=\"302\">Chu\u1ea9n \u0111\u1ed9 axit sunfuric<\/td>\n<td width=\"274\">0.67<\/td>\n<\/tr>\n<tr>\n<td width=\"301\">S\u1ef1 quay c\u1ee5 th\u1ec3<\/td>\n<td width=\"71\"><strong><b>\u00f4i<\/b><\/strong><\/td>\n<td width=\"272\">+29.0 \u0111\u1ebfn +31.5<\/td>\n<td width=\"302\">Ph\u00e2n c\u1ef1c k\u1ebf<\/td>\n<td width=\"274\">+29.8<\/td>\n<\/tr>\n<tr>\n<td width=\"301\">\u0110\u1ed9 kh\u00fac x\u1ea1 (20\u00b0C)<\/td>\n<td width=\"71\">\u2014<\/td>\n<td width=\"272\">1.495-1.502<\/td>\n<td width=\"302\">Kh\u00fac x\u1ea1 k\u1ebf Abbe<\/td>\n<td width=\"274\">1.500<\/td>\n<\/tr>\n<tr>\n<td width=\"301\">\u0110\u1ed9 \u1ea9m<\/td>\n<td width=\"71\">%<\/td>\n<td width=\"272\">W1.0<\/td>\n<td width=\"302\">KF<\/td>\n<td width=\"274\">0.30<\/td>\n<\/tr>\n<tr>\n<td width=\"301\">Kim lo\u1ea1i n\u1eb7ng (nh\u01b0 ch\u00ec)*<\/td>\n<td width=\"71\">mg\/kg<\/td>\n<td width=\"272\">W10<\/td>\n<td width=\"302\">\u0110o m\u00e0u<\/td>\n<td width=\"274\">&lt;10<\/td>\n<\/tr>\n<\/tbody>\n<\/table>\n<p>&nbsp;<\/p>\n<p><strong>\u1ee8ng d\u1ee5ng<\/strong><\/p>\n<p>Ch\u0103m s\u00f3c da:<br \/>\nD-panthenol c\u00f3 th\u1ec3 \u0111\u01b0\u1ee3c s\u1eed d\u1ee5ng nh\u01b0 m\u1ed9t ch\u1ea5t d\u01b0\u1ee1ng \u1ea9m \u0111\u1ec3 c\u1ea3i thi\u1ec7n \u0111\u1ed9 \u1ea9m c\u1ee7a l\u1edbp bi\u1ec3u b\u00ec, gi\u1ea3m TEWL, c\u1ea3i thi\u1ec7n t\u00ecnh tr\u1ea1ng da th\u00f4 r\u00e1p v\u00e0 l\u00e0m d\u1ecbu da b\u1ecb k\u00edch \u1ee9ng. Ngo\u00e0i ra, n\u00f3 c\u00f3 th\u1ec3 k\u00edch ho\u1ea1t s\u1ef1 t\u0103ng sinh nguy\u00ean b\u00e0o s\u1ee3i v\u00e0 \u0111\u1ea9y nhanh qu\u00e1 tr\u00ecnh t\u00e1i t\u1ea1o t\u1ebf b\u00e0o bi\u1ec3u m\u00f4, do \u0111\u00f3 c\u00f3 th\u1ec3 gi\u00fap ch\u1eefa l\u00e0nh v\u1ebft th\u01b0\u01a1ng.<\/p>\n<p>Ch\u0103m s\u00f3c t\u00f3c:<br \/>\nR\u1ea5t t\u1ed1t \u0111\u1ec3 t\u0103ng c\u01b0\u1eddng \u0111\u1ed9 d\u1ebbo dai c\u1ee7a t\u00f3c, gi\u1ea3m thi\u1ec3u h\u01b0 t\u1ed5n do qu\u00e1 tr\u00ecnh c\u01a1 h\u1ecdc g\u00e2y ra; Gi\u1eef \u0111\u1ed9 \u1ea9m cho t\u00f3c v\u00e0 gi\u00fap t\u00f3c kh\u00f4, x\u01a1 r\u1ed1i.<\/p>\n<p>Gi\u00e1p:<br \/>\nN\u00f3 t\u1ea1o th\u00e0nh m\u1ed9t l\u1edbp m\u00e0ng tr\u00ean b\u1ec1 m\u1eb7t m\u00f3ng, \u0111\u1ed3ng th\u1eddi t\u0103ng \u0111\u1ed9 \u1ea9m cho m\u00f3ng, c\u1ea3i thi\u1ec7n \u0111\u1ed9 \u0111\u00e0n h\u1ed3i c\u1ee7a m\u00f3ng.<\/p>\n<p><strong>\u0110\u00f3ng g\u00f3i<\/strong><\/p>\n<p>TH\u00d9NG 20KG\/ T\u00daI 25KG<\/p>","protected":false},"excerpt":{"rendered":"<p>T\u00ean s\u1ea3n ph\u1ea9m: D-Panthenol<br \/>\nS\u1ed1 CAS: 16485-10-2<br \/>\nMF\uff1aC9H19NO4<br \/>\nS\u1ed1 EINECS: 240-540-6<br \/>\nNgo\u1ea1i h\u00ecnh: D\u1ea1ng b\u1ed9t v\u00e0 d\u1ea1ng l\u1ecfng<\/p>","protected":false},"featured_media":2109,"template":"","meta":{"_acf_changed":false,"_gspb_post_css":""},"product_brand":[],"product_cat":[60],"product_tag":[],"class_list":{"0":"post-2107","1":"product","2":"type-product","3":"status-publish","4":"has-post-thumbnail","6":"product_cat-cosmetic-ingredients","8":"first","9":"instock","10":"shipping-taxable","11":"product-type-simple"},"acf":[],"_links":{"self":[{"href":"https:\/\/wpachem.com\/vi\/wp-json\/wp\/v2\/product\/2107","targetHints":{"allow":["GET"]}}],"collection":[{"href":"https:\/\/wpachem.com\/vi\/wp-json\/wp\/v2\/product"}],"about":[{"href":"https:\/\/wpachem.com\/vi\/wp-json\/wp\/v2\/types\/product"}],"version-history":[{"count":0,"href":"https:\/\/wpachem.com\/vi\/wp-json\/wp\/v2\/product\/2107\/revisions"}],"wp:featuredmedia":[{"embeddable":true,"href":"https:\/\/wpachem.com\/vi\/wp-json\/wp\/v2\/media\/2109"}],"wp:attachment":[{"href":"https:\/\/wpachem.com\/vi\/wp-json\/wp\/v2\/media?parent=2107"}],"wp:term":[{"taxonomy":"product_brand","embeddable":true,"href":"https:\/\/wpachem.com\/vi\/wp-json\/wp\/v2\/product_brand?post=2107"},{"taxonomy":"product_cat","embeddable":true,"href":"https:\/\/wpachem.com\/vi\/wp-json\/wp\/v2\/product_cat?post=2107"},{"taxonomy":"product_tag","embeddable":true,"href":"https:\/\/wpachem.com\/vi\/wp-json\/wp\/v2\/product_tag?post=2107"}],"curies":[{"name":"wp","href":"https:\/\/api.w.org\/{rel}","templated":true}]}}