{"id":2128,"date":"2022-07-05T13:37:44","date_gmt":"2022-07-05T13:37:44","guid":{"rendered":"http:\/\/site2.easyceotech.com\/?post_type=product&#038;p=2128"},"modified":"2024-03-12T08:13:02","modified_gmt":"2024-03-12T08:13:02","slug":"erythritol","status":"publish","type":"product","link":"https:\/\/wpachem.com\/vi\/product\/erythritol\/","title":{"rendered":"Erythritol"},"content":{"rendered":"<p>Erythritol l\u00e0 ch\u1ea5t t\u1ea1o ng\u1ecdt kh\u00f4ng calo, c\u00f3 h\u01b0\u01a1ng v\u1ecb ngon, ph\u00f9 h\u1ee3p v\u1edbi nhi\u1ec1u lo\u1ea1i th\u1ef1c ph\u1ea9m v\u00e0 \u0111\u1ed3 u\u1ed1ng kh\u00f4ng \u0111\u01b0\u1eddng v\u00e0 \u00edt calo. Erythritol l\u00e0 m\u1ed9t polyol (r\u01b0\u1ee3u \u0111\u01b0\u1eddng) c\u00f3 trong c\u00e1c lo\u1ea1i tr\u00e1i c\u00e2y nh\u01b0 l\u00ea, d\u01b0a v\u00e0 nho, \u0111\u1ed3ng th\u1eddi c\u0169ng c\u00f3 th\u1ec3 t\u00ecm th\u1ea5y trong c\u00e1c lo\u1ea1i th\u1ef1c ph\u1ea9m kh\u00e1c nh\u01b0 n\u1ea5m v\u00e0 r\u01b0\u1ee3u vang, n\u01b0\u1edbc t\u01b0\u01a1ng v\u00e0 pho m\u00e1t. Erythritol l\u00e0 b\u1ed9t tinh th\u1ec3 m\u00e0u tr\u1eafng c\u00f3 v\u1ecb ng\u1ecdt tinh khi\u1ebft v\u00e0 s\u1ea3ng kho\u00e1i g\u1ea7n gi\u1ed1ng v\u1edbi sucrose. \u0110\u1ed9 ng\u1ecdt c\u1ee7a erythritol b\u1eb1ng kho\u1ea3ng 70% sucrose. V\u00ec kh\u00f4ng h\u1ea5p th\u1ee5 \u0111\u1ed9 \u1ea9m n\u00ean n\u00f3 c\u00f3 \u0111\u1ed9 l\u01b0u \u0111\u1ed9ng t\u1ed1t. Erythritol c\u00f3 gi\u00e1 tr\u1ecb calo l\u00e0 0 CAL\/g v\u00e0 m\u1ee9c \u0111\u1ed9 dung n\u1ea1p ti\u00eau h\u00f3a cao gi\u00fap n\u00f3 kh\u00e1c bi\u1ec7t v\u1edbi c\u00e1c polyol kh\u00e1c.<\/p>\n<table>\n<tbody>\n<tr>\n<td width=\"356\">\u5206\u6790\u9879\u76ee<\/p>\n<p>M\u1ee5c ph\u00e2n t\u00edch<\/td>\n<td width=\"321\">\u89c4\u683c<\/p>\n<p>\u0111\u1eb7c \u0111i\u1ec3m k\u1ef9 thu\u1eadt<\/td>\n<td width=\"264\">&nbsp;<\/p>\n<p>\u7ed3\u679c<\/p>\n<p>K\u1ebft qu\u1ea3<\/td>\n<\/tr>\n<tr>\n<td width=\"356\">&nbsp;<\/p>\n<p>\u5916\u89c2<\/p>\n<p>V\u1ebb b\u1ec1 ngo\u00e0i<\/td>\n<td width=\"321\">\u767d\u8272\u6216\u8fd1\u4e4e\u767d\u8272\u7c89\u672b<\/p>\n<p>B\u1ed9t m\u00e0u tr\u1eafng ho\u1eb7c g\u1ea7n nh\u01b0 tr\u1eafng<\/td>\n<td width=\"264\">\u767d\u8272\u7c89\u672b<\/p>\n<p>B\u1ed9t tr\u1eafng<\/td>\n<\/tr>\n<tr>\n<td width=\"356\">&nbsp;<\/p>\n<p>\u6c14\u5473<\/p>\n<p>M\u00f9i<\/td>\n<td width=\"321\">\u65e0\u660e\u663e\u6c14\u5473<\/p>\n<p>Kh\u00f4ng c\u00f3 m\u00f9i r\u00f5 r\u00e0ng<\/td>\n<td width=\"264\">\u65e0\u660e\u663e\u6c14\u5473<\/p>\n<p>Kh\u00f4ng c\u00f3 m\u00f9i r\u00f5 r\u00e0ng<\/td>\n<\/tr>\n<tr>\n<td width=\"356\">&nbsp;<\/p>\n<p>\u6eb6\u89e3\u6027<\/p>\n<p>\u0110\u1ed9 h\u00f2a tan<\/td>\n<td width=\"321\">\u6eb6\u4e8e\u6c34<\/p>\n<p>H\u00f2a tan trong n\u01b0\u1edbc<\/td>\n<td width=\"264\">\u6eb6\u4e8e\u6c34<\/p>\n<p>H\u00f2a tan trong n\u01b0\u1edbc<\/td>\n<\/tr>\n<tr>\n<td width=\"356\">\u6cb8\u70b9<\/p>\n<p>\u0110i\u1ec3m s\u00f4i<\/td>\n<td width=\"321\">&nbsp;<\/p>\n<p>329-331\u2103<\/td>\n<td width=\"264\">&nbsp;<\/p>\n<p>329-331\u2103<\/td>\n<\/tr>\n<tr>\n<td width=\"356\">\u7194\u70b9<\/p>\n<p>\u0110i\u1ec3m n\u00f3ng ch\u1ea3y<\/td>\n<td width=\"321\">&nbsp;<\/p>\n<p>118-120\u2103<\/td>\n<td width=\"264\">&nbsp;<\/p>\n<p>118-120\u2103<\/td>\n<\/tr>\n<tr>\n<td width=\"356\">\u542b\u6c34\u91cf<\/p>\n<p>H\u00e0m l\u01b0\u1ee3ng n\u01b0\u1edbc<\/td>\n<td width=\"321\">&nbsp;<\/p>\n<p>\u2264 1,0 %<\/td>\n<td width=\"264\">&nbsp;<\/p>\n<p>\u2264 1,0 %<\/td>\n<\/tr>\n<tr>\n<td width=\"356\">\u7eaf\u5ea6<\/p>\n<p>\u0110\u1ed9 tinh khi\u1ebft<\/td>\n<td width=\"321\">\u2265 99,0 %<\/td>\n<td width=\"264\">99.99 %<\/td>\n<\/tr>\n<tr>\n<td width=\"356\">\u9175\u6bcd\u83cc<\/p>\n<p>N\u1ea5m men \u0111\u01b0\u1eddng<\/td>\n<td width=\"321\">\u2264 100 CFU\/g<\/td>\n<td width=\"264\">\uff1c10 CFU\/g<\/td>\n<\/tr>\n<\/tbody>\n<\/table>\n<p>&nbsp;<\/p>\n<p><strong>\u1ee8ng d\u1ee5ng<\/strong><\/p>\n<p>Ch\u1ea5t t\u1ea1o ng\u1ecdt \u00edt calo; Ch\u1ea5t pha lo\u00e3ng cho ch\u1ea5t t\u1ea1o ng\u1ecdt c\u00f3 \u0111\u1ed9 ng\u1ecdt cao. C\u00f3 th\u1ec3 s\u1eed d\u1ee5ng trong s\u00f4 c\u00f4 la, \u0111\u1ed3 n\u01b0\u1edbng, k\u1eb9o, \u0111\u01b0\u1eddng \u0103n, n\u01b0\u1edbc ng\u1ecdt, v.v.<\/p>\n<p>Ch\u1ea5t t\u1ea1o ng\u1ecdt; Ch\u1ea5t gi\u1eef \u1ea9m; Ch\u1ea5t t\u0103ng h\u01b0\u01a1ng v\u1ecb; Ch\u1ea5t c\u1ea3i thi\u1ec7n m\u00f4; Ph\u1ee5 gia t\u1ea1o h\u00ecnh<\/p>\n<p><strong>\u0110\u00f3ng g\u00f3i<\/strong><\/p>\n<p>25KG\/T\u00daI<\/p>","protected":false},"excerpt":{"rendered":"<p>T\u00ean s\u1ea3n ph\u1ea9m: Erythritol<br \/>\nS\u1ed1 CAS: 149-32-6<br \/>\nMF\uff1aC4H10O4<br \/>\nS\u1ed1 EINECS: 205-737-3<br \/>\nNgo\u1ea1i quan: B\u1ed9t tinh th\u1ec3 m\u00e0u tr\u1eafng<\/p>","protected":false},"featured_media":2144,"template":"","meta":{"_acf_changed":false,"_gspb_post_css":""},"product_brand":[],"product_cat":[55,56],"product_tag":[],"class_list":{"0":"post-2128","1":"product","2":"type-product","3":"status-publish","4":"has-post-thumbnail","6":"product_cat-food-additives","7":"product_cat-sweetener","9":"first","10":"instock","11":"shipping-taxable","12":"product-type-simple"},"acf":[],"_links":{"self":[{"href":"https:\/\/wpachem.com\/vi\/wp-json\/wp\/v2\/product\/2128","targetHints":{"allow":["GET"]}}],"collection":[{"href":"https:\/\/wpachem.com\/vi\/wp-json\/wp\/v2\/product"}],"about":[{"href":"https:\/\/wpachem.com\/vi\/wp-json\/wp\/v2\/types\/product"}],"version-history":[{"count":0,"href":"https:\/\/wpachem.com\/vi\/wp-json\/wp\/v2\/product\/2128\/revisions"}],"wp:featuredmedia":[{"embeddable":true,"href":"https:\/\/wpachem.com\/vi\/wp-json\/wp\/v2\/media\/2144"}],"wp:attachment":[{"href":"https:\/\/wpachem.com\/vi\/wp-json\/wp\/v2\/media?parent=2128"}],"wp:term":[{"taxonomy":"product_brand","embeddable":true,"href":"https:\/\/wpachem.com\/vi\/wp-json\/wp\/v2\/product_brand?post=2128"},{"taxonomy":"product_cat","embeddable":true,"href":"https:\/\/wpachem.com\/vi\/wp-json\/wp\/v2\/product_cat?post=2128"},{"taxonomy":"product_tag","embeddable":true,"href":"https:\/\/wpachem.com\/vi\/wp-json\/wp\/v2\/product_tag?post=2128"}],"curies":[{"name":"wp","href":"https:\/\/api.w.org\/{rel}","templated":true}]}}