{"id":2148,"date":"2022-07-05T14:06:58","date_gmt":"2022-07-05T14:06:58","guid":{"rendered":"http:\/\/site2.easyceotech.com\/?post_type=product&#038;p=2148"},"modified":"2024-03-12T08:12:56","modified_gmt":"2024-03-12T08:12:56","slug":"polydextrose","status":"publish","type":"product","link":"https:\/\/wpachem.com\/vi\/product\/polydextrose\/","title":{"rendered":"\u0110\u01b0\u1eddng \u0111a"},"content":{"rendered":"<p>Polydextrose l\u00e0 m\u1ed9t lo\u1ea1i ch\u1ea5t x\u01a1 h\u00f2a tan trong n\u01b0\u1edbc. \u0110\u00e2y l\u00e0 m\u1ed9t lo\u1ea1i polysaccharide bao g\u1ed3m glucose li\u00ean k\u1ebft ch\u00e9o ng\u1eabu nhi\u00ean, \u0111\u01b0\u1ee3c h\u00ecnh th\u00e0nh b\u1eb1ng c\u00e1ch n\u1ea5u ch\u1ea3y v\u00e0 tr\u00f9ng ng\u01b0ng glucose \u1edf nhi\u1ec7t \u0111\u1ed9 cao, m\u1ed9t l\u01b0\u1ee3ng nh\u1ecf sorbitol v\u00e0 axit citric. D\u1ec5 tan trong n\u01b0\u1edbc, h\u01a1i ng\u1ecdt v\u00e0 kh\u00f4ng c\u00f3 v\u1ecb \u0111\u1eb7c bi\u1ec7t. \u0110\u00e2y l\u00e0 m\u1ed9t th\u00e0nh ph\u1ea7n th\u1ef1c ph\u1ea9m c\u00f3 ch\u1ee9c n\u0103ng ch\u0103m s\u00f3c s\u1ee9c kh\u1ecfe v\u00e0 c\u00f3 th\u1ec3 b\u1ed5 sung ch\u1ea5t x\u01a1 h\u00f2a tan trong n\u01b0\u1edbc c\u1ea7n thi\u1ebft cho c\u01a1 th\u1ec3 con ng\u01b0\u1eddi.<\/p>\n<table>\n<tbody>\n<tr>\n<td width=\"356\">M\u1ee5c ph\u00e2n t\u00edch<\/td>\n<td width=\"321\">\u0111\u1eb7c \u0111i\u1ec3m k\u1ef9 thu\u1eadt<\/td>\n<td width=\"264\">K\u1ebft qu\u1ea3<\/td>\n<\/tr>\n<tr>\n<td width=\"356\">V\u1ebb b\u1ec1 ngo\u00e0i<\/td>\n<td width=\"321\">B\u1ed9t m\u00e0u tr\u1eafng ho\u1eb7c g\u1ea7n nh\u01b0 tr\u1eafng<\/td>\n<td width=\"264\">B\u1ed9t tr\u1eafng<\/td>\n<\/tr>\n<tr>\n<td width=\"356\">M\u00f9i<\/td>\n<td width=\"321\">Kh\u00f4ng c\u00f3 m\u00f9i r\u00f5 r\u00e0ng<\/td>\n<td width=\"264\">Kh\u00f4ng c\u00f3 m\u00f9i r\u00f5 r\u00e0ng<\/td>\n<\/tr>\n<tr>\n<td width=\"356\">\u0110\u1ed9 h\u00f2a tan<\/td>\n<td width=\"321\">H\u00f2a tan trong n\u01b0\u1edbc<\/td>\n<td width=\"264\">H\u00f2a tan trong n\u01b0\u1edbc<\/td>\n<\/tr>\n<tr>\n<td width=\"356\">\u0110i\u1ec3m s\u00f4i<\/td>\n<td width=\"321\">329-331\u2103<\/td>\n<td width=\"264\">329-331\u2103<\/td>\n<\/tr>\n<tr>\n<td width=\"356\">\u0110i\u1ec3m n\u00f3ng ch\u1ea3y<\/td>\n<td width=\"321\">118-120\u2103<\/td>\n<td width=\"264\">118-120\u2103<\/td>\n<\/tr>\n<tr>\n<td width=\"356\">H\u00e0m l\u01b0\u1ee3ng n\u01b0\u1edbc<\/td>\n<td width=\"321\">\u2264 1,0 %<\/td>\n<td width=\"264\">\u2264 1,0 %<\/td>\n<\/tr>\n<tr>\n<td width=\"356\">\u0110\u1ed9 tinh khi\u1ebft<\/td>\n<td width=\"321\">\u2265 99,0 %<\/td>\n<td width=\"264\">99.99 %<\/td>\n<\/tr>\n<tr>\n<td width=\"356\">N\u1ea5m men \u0111\u01b0\u1eddng<\/td>\n<td width=\"321\">\u2264 100 CFU\/g<\/td>\n<td width=\"264\">\uff1c10 CFU\/g<\/td>\n<\/tr>\n<\/tbody>\n<\/table>\n<p>&nbsp;<\/p>\n<p><strong>\u1ee8ng d\u1ee5ng<\/strong><\/p>\n<p>Polydextrose c\u1ea5p th\u1ef1c ph\u1ea9m th\u01b0\u1eddng \u0111\u01b0\u1ee3c s\u1eed d\u1ee5ng thay th\u1ebf cho \u0111\u01b0\u1eddng, tinh b\u1ed9t v\u00e0 ch\u1ea5t b\u00e9o trong \u0111\u1ed3 u\u1ed1ng th\u01b0\u01a1ng m\u1ea1i, b\u00e1nh ng\u1ecdt, k\u1eb9o, h\u1ed7n h\u1ee3p tr\u00e1ng mi\u1ec7ng, ng\u0169 c\u1ed1c \u0103n s\u00e1ng, gelatin, m\u00f3n tr\u00e1ng mi\u1ec7ng \u0111\u00f4ng l\u1ea1nh, b\u00e1nh pudding v\u00e0 n\u01b0\u1edbc s\u1ed1t tr\u1ed9n salad. N\u00f3 c\u0169ng \u0111\u01b0\u1ee3c s\u1eed d\u1ee5ng nh\u01b0 ch\u1ea5t l\u00e0m \u1ea9m, ch\u1ea5t \u1ed5n \u0111\u1ecbnh v\u00e0 ch\u1ea5t l\u00e0m \u0111\u1eb7c.<\/p>\n<p><strong>\u0110\u00f3ng g\u00f3i<\/strong><\/p>\n<p>25KG\/TR\u1ed0NG<\/p>","protected":false},"excerpt":{"rendered":"<p>T\u00ean s\u1ea3n ph\u1ea9m: Polydextrose<br \/>\nS\u1ed1 CAS: 68424-04-4<br \/>\nMF\uff1aC12H22O11<br \/>\nS\u1ed1 EINECS: 14-467-9<br \/>\nNgo\u1ea1i quan: B\u1ed9t tinh th\u1ec3 m\u00e0u tr\u1eafng<\/p>","protected":false},"featured_media":2161,"template":"","meta":{"_acf_changed":false,"_gspb_post_css":""},"product_brand":[],"product_cat":[55,56],"product_tag":[],"class_list":{"0":"post-2148","1":"product","2":"type-product","3":"status-publish","4":"has-post-thumbnail","6":"product_cat-food-additives","7":"product_cat-sweetener","9":"first","10":"instock","11":"shipping-taxable","12":"product-type-simple"},"acf":[],"_links":{"self":[{"href":"https:\/\/wpachem.com\/vi\/wp-json\/wp\/v2\/product\/2148","targetHints":{"allow":["GET"]}}],"collection":[{"href":"https:\/\/wpachem.com\/vi\/wp-json\/wp\/v2\/product"}],"about":[{"href":"https:\/\/wpachem.com\/vi\/wp-json\/wp\/v2\/types\/product"}],"version-history":[{"count":0,"href":"https:\/\/wpachem.com\/vi\/wp-json\/wp\/v2\/product\/2148\/revisions"}],"wp:featuredmedia":[{"embeddable":true,"href":"https:\/\/wpachem.com\/vi\/wp-json\/wp\/v2\/media\/2161"}],"wp:attachment":[{"href":"https:\/\/wpachem.com\/vi\/wp-json\/wp\/v2\/media?parent=2148"}],"wp:term":[{"taxonomy":"product_brand","embeddable":true,"href":"https:\/\/wpachem.com\/vi\/wp-json\/wp\/v2\/product_brand?post=2148"},{"taxonomy":"product_cat","embeddable":true,"href":"https:\/\/wpachem.com\/vi\/wp-json\/wp\/v2\/product_cat?post=2148"},{"taxonomy":"product_tag","embeddable":true,"href":"https:\/\/wpachem.com\/vi\/wp-json\/wp\/v2\/product_tag?post=2148"}],"curies":[{"name":"wp","href":"https:\/\/api.w.org\/{rel}","templated":true}]}}