{"id":2162,"date":"2022-07-05T14:16:47","date_gmt":"2022-07-05T14:16:47","guid":{"rendered":"http:\/\/site2.easyceotech.com\/?post_type=product&#038;p=2162"},"modified":"2024-03-12T08:12:52","modified_gmt":"2024-03-12T08:12:52","slug":"allulose-2","status":"publish","type":"product","link":"https:\/\/wpachem.com\/vi\/product\/allulose-2\/","title":{"rendered":"Allulose"},"content":{"rendered":"<p>B\u1ed9t t\u1ea1o ng\u1ecdt Allulose l\u00e0 ch\u1ea5t t\u1ea1o ng\u1ecdt t\u1ef1 nhi\u00ean, kh\u00f4ng \u0111\u01b0\u1eddng, \u00edt calo, c\u00f3 h\u01b0\u01a1ng v\u1ecb v\u00e0 c\u00f3 th\u1ec3 s\u1eed d\u1ee5ng nh\u01b0 \u0111\u01b0\u1eddng th\u00f4ng th\u01b0\u1eddng nh\u01b0ng kh\u00f4ng g\u00e2y h\u1ea1i cho s\u1ee9c kh\u1ecfe. Ch\u1ea5t n\u00e0y c\u00f3 trong t\u1ef1 nhi\u00ean trong c\u00e1c lo\u1ea1i tr\u00e1i c\u00e2y nh\u01b0 sung, kiwi.<\/p>\n<p>N\u00f3 c\u00f3 l\u01b0\u1ee3ng calo \u00edt h\u01a1n 10% so v\u1edbi \u0111\u01b0\u1eddng th\u00f4ng th\u01b0\u1eddng. C\u00e1c nghi\u00ean c\u1ee9u l\u00e2m s\u00e0ng x\u00e1c nh\u1eadn r\u1eb1ng Allulose kh\u00f4ng \u0111\u01b0\u1ee3c chuy\u1ec3n h\u00f3a b\u1edfi c\u01a1 th\u1ec3 con ng\u01b0\u1eddi v\u00e0 kh\u00f4ng \u1ea3nh h\u01b0\u1edfng \u0111\u1ebfn l\u01b0\u1ee3ng \u0111\u01b0\u1eddng trong m\u00e1u.<\/p>\n<p>D\u00f9ng \u0111\u1ec3 thay th\u1ebf \u0111\u01b0\u1eddng th\u00f4ng th\u01b0\u1eddng trong \u0111\u1ed3 u\u1ed1ng, m\u00f3n tr\u00e1ng mi\u1ec7ng, n\u1ea5u \u0103n ho\u1eb7c l\u00e0m b\u00e1nh.<\/p>\n<table>\n<tbody>\n<tr>\n<td width=\"197\">S\u1ed1 seri<\/td>\n<td width=\"288\">M\u1ee5c ki\u1ec3m tra<\/td>\n<td width=\"293\">Ti\u00eau chu\u1ea9n<\/td>\n<td width=\"234\">K\u1ebft qu\u1ea3<\/td>\n<\/tr>\n<tr>\n<td width=\"197\"><strong>\u00a0<\/strong><\/p>\n<p>1<\/td>\n<td width=\"288\"><strong>\u00a0<\/strong><\/p>\n<p>V\u1ebb b\u1ec1 ngo\u00e0i<\/td>\n<td width=\"293\">B\u1ed9t m\u00e0u tr\u1eafng ho\u1eb7c v\u00e0ng nh\u1ea1t<\/td>\n<td width=\"234\"><strong>\u00a0<\/strong><\/p>\n<p>\u0110\u1ea1t chu\u1ea9n<\/td>\n<\/tr>\n<tr>\n<td width=\"197\"><strong>\u00a0<\/strong><\/p>\n<p>2<\/td>\n<td width=\"288\"><strong>\u00a0<\/strong><\/p>\n<p>C\u1ea3m gi\u00e1c<\/td>\n<td width=\"293\">Trong su\u1ed1t, ng\u1ecdt, kh\u00f4ng c\u00f3 m\u00f9i l\u1ea1<\/td>\n<td width=\"234\"><strong>\u00a0<\/strong><\/p>\n<p>\u0110\u1ea1t chu\u1ea9n<\/td>\n<\/tr>\n<tr>\n<td width=\"197\">4<\/td>\n<td width=\"288\">PH<\/td>\n<td width=\"293\">3.0-7.0<\/td>\n<td width=\"234\">5.4<\/td>\n<\/tr>\n<tr>\n<td width=\"197\">5<\/td>\n<td width=\"288\">T\u1ed5n th\u1ea5t khi s\u1ea5y, %<\/td>\n<td width=\"293\">\u22644<\/td>\n<td width=\"234\">0.24<\/td>\n<\/tr>\n<tr>\n<td width=\"197\">6<\/td>\n<td width=\"288\">Tro, %<\/td>\n<td width=\"293\">\u22640,5<\/td>\n<td width=\"234\">0.065<\/td>\n<\/tr>\n<tr>\n<td width=\"197\">7<\/td>\n<td width=\"288\">Th\u1eed nghi\u1ec7m (tr\u00ean c\u01a1 s\u1edf kh\u00f4), %<\/td>\n<td width=\"293\">\u226598<\/td>\n<td width=\"234\">99.47<\/td>\n<\/tr>\n<tr>\n<td width=\"197\"><strong>\u00a0<\/strong><\/p>\n<p>10<\/td>\n<td width=\"288\"><strong>\u00a0<\/strong><\/p>\n<p>Ch\u00ec, mg\/kg<\/td>\n<td width=\"293\">\u22640,5<\/td>\n<td width=\"234\">\uff1c0,5<\/td>\n<\/tr>\n<tr>\n<td width=\"197\">11<\/td>\n<td width=\"288\">Nh\u01b0, mg\/kg<\/td>\n<td width=\"293\">\u22640,5<\/td>\n<td width=\"234\">\uff1c0,5<\/td>\n<\/tr>\n<tr>\n<td width=\"197\">12<\/td>\n<td width=\"288\">M\u1eadt \u0111\u1ed9 vi khu\u1ea9n, cfu\/g<\/td>\n<td width=\"293\">\u22641000<\/td>\n<td width=\"234\">\uff1c10<\/td>\n<\/tr>\n<tr>\n<td width=\"197\">13<\/td>\n<td width=\"288\">N\u1ea5m men v\u00e0 n\u1ea5m m\u1ed1c, cfu \/g<\/td>\n<td width=\"293\">\u226410<\/td>\n<td width=\"234\">\uff1c10<\/td>\n<\/tr>\n<tr>\n<td width=\"197\">14<\/td>\n<td width=\"288\">E. Coli, MPN\/g<\/td>\n<td width=\"293\">&lt;0,3<\/td>\n<td width=\"234\">\u0110\u1ea1t chu\u1ea9n<\/td>\n<\/tr>\n<tr>\n<td width=\"197\"><\/td>\n<td width=\"288\">G\u00e2y b\u1ec7nh<\/td>\n<td width=\"293\">Ti\u00eau c\u1ef1c<\/td>\n<td width=\"234\">\u0110\u1ea1t chu\u1ea9n<\/td>\n<\/tr>\n<tr>\n<td width=\"197\">Ng\u01b0\u1eddi ki\u1ec3m tra<\/td>\n<td width=\"288\">02<\/td>\n<td width=\"293\">Ng\u01b0\u1eddi th\u1ea9m \u0111\u1ecbnh<\/td>\n<td width=\"234\">02<\/td>\n<\/tr>\n<\/tbody>\n<\/table>\n<p>&nbsp;<\/p>\n<p><strong>\u1ee8ng d\u1ee5ng<\/strong><\/p>\n<p>Allulose hi\u1ec7n \u0111ang \u0111\u01b0\u1ee3c s\u1eed d\u1ee5ng r\u1ed9ng r\u00e3i trong t\u1ea5t c\u1ea3 c\u00e1c lo\u1ea1i s\u1ea3n ph\u1ea9m m\u1edbi, k\u1eb9o, s\u1ea3n ph\u1ea9m t\u1eeb s\u1eefa, \u0111\u1ed3 u\u1ed1ng l\u00e0 nh\u1eefng \u1ee9ng d\u1ee5ng ph\u1ed5 bi\u1ebfn nh\u1ea5t<\/p>\n<p><strong>\u0110\u00f3ng g\u00f3i<\/strong><\/p>\n<p>25KG\/T\u00daI<\/p>","protected":false},"excerpt":{"rendered":"<p>T\u00ean s\u1ea3n ph\u1ea9m\uff1aAllulose<br \/>\nS\u1ed1 CAS: 551-68-8<br \/>\nMF\uff1aC6H12O6<br \/>\nS\u1ed1 EINECS: 208-999-7<br \/>\nNgo\u1ea1i quan: B\u1ed9t tinh th\u1ec3 m\u00e0u tr\u1eafng<\/p>","protected":false},"featured_media":2138,"template":"","meta":{"_acf_changed":false,"_gspb_post_css":""},"product_brand":[],"product_cat":[55,56],"product_tag":[],"class_list":{"0":"post-2162","1":"product","2":"type-product","3":"status-publish","4":"has-post-thumbnail","6":"product_cat-food-additives","7":"product_cat-sweetener","9":"first","10":"instock","11":"shipping-taxable","12":"product-type-simple"},"acf":[],"_links":{"self":[{"href":"https:\/\/wpachem.com\/vi\/wp-json\/wp\/v2\/product\/2162","targetHints":{"allow":["GET"]}}],"collection":[{"href":"https:\/\/wpachem.com\/vi\/wp-json\/wp\/v2\/product"}],"about":[{"href":"https:\/\/wpachem.com\/vi\/wp-json\/wp\/v2\/types\/product"}],"version-history":[{"count":0,"href":"https:\/\/wpachem.com\/vi\/wp-json\/wp\/v2\/product\/2162\/revisions"}],"wp:featuredmedia":[{"embeddable":true,"href":"https:\/\/wpachem.com\/vi\/wp-json\/wp\/v2\/media\/2138"}],"wp:attachment":[{"href":"https:\/\/wpachem.com\/vi\/wp-json\/wp\/v2\/media?parent=2162"}],"wp:term":[{"taxonomy":"product_brand","embeddable":true,"href":"https:\/\/wpachem.com\/vi\/wp-json\/wp\/v2\/product_brand?post=2162"},{"taxonomy":"product_cat","embeddable":true,"href":"https:\/\/wpachem.com\/vi\/wp-json\/wp\/v2\/product_cat?post=2162"},{"taxonomy":"product_tag","embeddable":true,"href":"https:\/\/wpachem.com\/vi\/wp-json\/wp\/v2\/product_tag?post=2162"}],"curies":[{"name":"wp","href":"https:\/\/api.w.org\/{rel}","templated":true}]}}