{"id":2163,"date":"2022-07-05T14:20:44","date_gmt":"2022-07-05T14:20:44","guid":{"rendered":"http:\/\/site2.easyceotech.com\/?post_type=product&#038;p=2163"},"modified":"2024-03-12T08:12:47","modified_gmt":"2024-03-12T08:12:47","slug":"sucralose-2","status":"publish","type":"product","link":"https:\/\/wpachem.com\/vi\/product\/sucralose-2\/","title":{"rendered":"\u0110\u01b0\u1eddng sucralose"},"content":{"rendered":"<p>Sucralose l\u00e0 ch\u1ea5t t\u1ea1o ng\u1ecdt nh\u00e2n t\u1ea1o thay th\u1ebf \u0111\u01b0\u1eddng kh\u00f4ng calo. \u1ede Li\u00ean minh Ch\u00e2u \u00c2u, n\u00f3 c\u0169ng \u0111\u01b0\u1ee3c bi\u1ebft \u0111\u1ebfn v\u1edbi s\u1ed1 E (m\u00e3 ph\u1ee5 gia) E955. Sucralose ng\u1ecdt h\u01a1n sucrose (\u0111\u01b0\u1eddng \u0103n) kho\u1ea3ng 600 l\u1ea7n, ng\u1ecdt g\u1ea5p \u0111\u00f4i saccharin v\u00e0 ng\u1ecdt g\u1ea5p 3,3 l\u1ea7n aspartame. Kh\u00f4ng gi\u1ed1ng nh\u01b0 aspartame, n\u00f3 \u1ed5n \u0111\u1ecbnh d\u01b0\u1edbi nhi\u1ec7t \u0111\u1ed9 cao v\u00e0 trong nhi\u1ec1u \u0111i\u1ec1u ki\u1ec7n pH kh\u00e1c nhau v\u00e0 c\u00f3 th\u1ec3 \u0111\u01b0\u1ee3c s\u1eed d\u1ee5ng trong n\u01b0\u1edbng b\u00e1nh ho\u1eb7c trong c\u00e1c s\u1ea3n ph\u1ea9m c\u1ea7n th\u1eddi h\u1ea1n s\u1eed d\u1ee5ng l\u00e2u h\u01a1n. S\u1ef1 th\u00e0nh c\u00f4ng v\u1ec1 m\u1eb7t th\u01b0\u01a1ng m\u1ea1i c\u1ee7a c\u00e1c s\u1ea3n ph\u1ea9m l\u00e0m t\u1eeb sucralose b\u1eaft ngu\u1ed3n t\u1eeb s\u1ef1 so s\u00e1nh thu\u1eadn l\u1ee3i c\u1ee7a n\u00f3 v\u1edbi c\u00e1c ch\u1ea5t t\u1ea1o ng\u1ecdt \u00edt calo kh\u00e1c v\u1ec1 h\u01b0\u01a1ng v\u1ecb, \u0111\u1ed9 \u1ed5n \u0111\u1ecbnh v\u00e0 \u0111\u1ed9 an to\u00e0n.<\/p>\n<table>\n<tbody>\n<tr>\n<td width=\"396\">B\u00e0i ki\u1ec3m tra<\/td>\n<td width=\"396\">Y\u00eau c\u1ea7u<\/td>\n<td width=\"361\">K\u1ebft qu\u1ea3<\/td>\n<\/tr>\n<tr>\n<td width=\"396\">Nh\u1eadn d\u1ea1ng<\/td>\n<td width=\"396\">Trong HPLC, th\u1eddi gian l\u01b0u gi\u1eef c\u1ee7a \u0111\u1ec9nh ch\u00ednh tu\u00e2n th\u1ee7 \u0111\u1ed1i t\u01b0\u1ee3ng tham chi\u1ebfu<\/td>\n<td width=\"361\">Trong HPLC, th\u1eddi gian l\u01b0u gi\u1eef c\u1ee7a \u0111\u1ec9nh ch\u00ednh tu\u00e2n th\u1ee7 \u0111\u1ed1i t\u01b0\u1ee3ng tham chi\u1ebfu<\/td>\n<\/tr>\n<tr>\n<td width=\"396\">V\u1ebb b\u1ec1 ngo\u00e0i<\/td>\n<td width=\"396\">B\u1ed9t tinh th\u1ec3 m\u00e0u tr\u1eafng<\/td>\n<td width=\"361\">Theo<\/td>\n<\/tr>\n<tr>\n<td width=\"396\">N\u1ed9i dung th\u1eed nghi\u1ec7m %<\/td>\n<td width=\"396\">98.0\uff5e102.0%<\/td>\n<td width=\"361\">99.66<\/td>\n<\/tr>\n<tr>\n<td width=\"396\">T\u1ed5n th\u1ea5t khi s\u1ea5y %<\/td>\n<td width=\"396\">\u22642<\/td>\n<td width=\"361\">0.12<\/td>\n<\/tr>\n<tr>\n<td width=\"396\">\u0110\u1ed9 quay c\u1ee5 th\u1ec3,\u00ba<\/td>\n<td width=\"396\">+84.0 \u00ba\uff5e+87.5 \u00ba<\/td>\n<td width=\"361\">+86,1\u00ba<\/td>\n<\/tr>\n<tr>\n<td width=\"396\">C\u1eb7n ch\u00e1y, %<\/td>\n<td width=\"396\">\u22640,7<\/td>\n<td width=\"361\">0.11<\/td>\n<\/tr>\n<tr>\n<td width=\"396\">S\u1ea3n ph\u1ea9m th\u1ee7y ph\u00e2n (Clorinated monosaccharides), %<\/td>\n<td width=\"396\">&nbsp;<\/p>\n<p>\u22640,1<\/td>\n<td width=\"361\">&nbsp;<\/p>\n<p>Tu\u00e2n th\u1ee7<\/td>\n<\/tr>\n<tr>\n<td width=\"396\">Metanol, %<\/td>\n<td width=\"396\">\u22640,1%<\/td>\n<td width=\"361\">\u22640,1%<\/td>\n<\/tr>\n<tr>\n<td width=\"396\">Kim lo\u1ea1i n\u1eb7ng, mg\/kg<\/td>\n<td width=\"396\">\u226410<\/td>\n<td width=\"361\">\u226410<\/td>\n<\/tr>\n<tr>\n<td width=\"396\">Asen (As), mg\/kg<\/td>\n<td width=\"396\">\u22643<\/td>\n<td width=\"361\">\u22643<\/td>\n<\/tr>\n<tr>\n<td width=\"396\">Ch\u00ec, mg\/kg %<\/td>\n<td width=\"396\">\u22641<\/td>\n<td width=\"361\">\u22641<\/td>\n<\/tr>\n<tr>\n<td width=\"396\">S\u1eaft mg\/kg<\/td>\n<td width=\"396\">\u226410<\/td>\n<td width=\"361\">\u226410<\/td>\n<\/tr>\n<tr>\n<td width=\"396\">C\u00e1c ch\u1ea5t li\u00ean quan (C\u00e1c disaccharides clo h\u00f3a kh\u00e1c) s,%<\/td>\n<td width=\"396\">&nbsp;<\/p>\n<p>\u22640,5<\/td>\n<td width=\"361\">&nbsp;<\/p>\n<p>&lt;0,5<\/td>\n<\/tr>\n<tr>\n<td width=\"396\">Oxit Triphenylphosphine<\/td>\n<td width=\"396\">T\u1ed1i \u0111a 150mg\/kg<\/td>\n<td width=\"361\">T\u1ed1i \u0111a 150mg\/kg<\/td>\n<\/tr>\n<tr>\n<td width=\"396\">PH(dung d\u1ecbch n\u01b0\u1edbc 10%)<\/td>\n<td width=\"396\">5.0-7.0<\/td>\n<td width=\"361\">6.20<\/td>\n<\/tr>\n<tr>\n<td width=\"396\">\u0110i\u1ec1u ki\u1ec7n l\u01b0u tr\u1eef<\/td>\n<td colspan=\"2\" width=\"758\">B\u1ea3o qu\u1ea3n n\u01a1i kh\u00f4 r\u00e1o, tho\u00e1ng m\u00e1t. Tr\u00e1nh \u00e1nh s\u00e1ng v\u00e0 \u0111\u1eady k\u00edn h\u1ed9p. Tr\u00e1nh nhi\u1ec5m b\u1ea9n t\u1eeb c\u00e1c m\u00f9i \u0111\u1eb7c bi\u1ec7t kh\u00e1c.<\/td>\n<\/tr>\n<\/tbody>\n<\/table>\n<p>&nbsp;<\/p>\n<table>\n<tbody>\n<tr>\n<td width=\"336\">B\u00e0i ki\u1ec3m tra<\/td>\n<td width=\"378\">Y\u00eau c\u1ea7u<\/td>\n<td width=\"441\">K\u1ebft qu\u1ea3<\/td>\n<\/tr>\n<tr>\n<td width=\"336\">T\u1ed5ng s\u1ed1 l\u01b0\u1ee3ng \u0111\u0129a cfu\/g<\/td>\n<td width=\"378\">\u2264250<\/td>\n<td width=\"441\">&lt;10<\/td>\n<\/tr>\n<tr>\n<td width=\"336\">Coliforms-MPN MPN\/g<\/td>\n<td width=\"378\">\u22643<\/td>\n<td width=\"441\">Kh\u00f4ng c\u00f3<\/td>\n<\/tr>\n<tr>\n<td width=\"336\">N\u1ea5m men v\u00e0 n\u1ea5m m\u1ed1c cfu\/g<\/td>\n<td width=\"378\">\u226450<\/td>\n<td width=\"441\">&lt;10<\/td>\n<\/tr>\n<tr>\n<td width=\"336\">E. Coli<\/td>\n<td width=\"378\">Ti\u00eau c\u1ef1c<\/td>\n<td width=\"441\">Kh\u00f4ng c\u00f3<\/td>\n<\/tr>\n<tr>\n<td width=\"336\">vi khu\u1ea9n Salmonella<\/td>\n<td width=\"378\">Ti\u00eau c\u1ef1c<\/td>\n<td width=\"441\">Kh\u00f4ng c\u00f3<\/td>\n<\/tr>\n<\/tbody>\n<\/table>\n<p>&nbsp;<\/p>\n<table>\n<tbody>\n<tr>\n<td width=\"336\">R\u00e2y<\/td>\n<td width=\"819\">Ph\u1ea7n tr\u0103m<\/td>\n<\/tr>\n<tr>\n<td width=\"336\">60 l\u01b0\u1edbi<\/td>\n<td width=\"819\">\u226595%<\/td>\n<\/tr>\n<\/tbody>\n<\/table>\n<p>&nbsp;<\/p>\n<p><strong>\u1ee8ng d\u1ee5ng<\/strong><\/p>\n<p>1. \u0110\u01b0\u1ee3c s\u1eed d\u1ee5ng trong \u0111\u1ed3 u\u1ed1ng c\u00f3 ga v\u00e0 \u0111\u1ed3 u\u1ed1ng kh\u00f4ng ga<br \/>\n2. D\u00f9ng l\u00e0m m\u1ee9t, th\u1ea1ch, s\u1ea3n ph\u1ea9m s\u1eefa, xi-r\u00f4, b\u00e1nh k\u1eb9o<br \/>\n3. D\u00f9ng cho c\u00e1c m\u00f3n n\u01b0\u1edbng, tr\u00e1ng mi\u1ec7ng<br \/>\n4. D\u00f9ng \u0111\u1ef1ng kem, b\u00e1nh, udding, r\u01b0\u1ee3u, h\u1ed9p tr\u00e1i c\u00e2y, v.v.<\/p>\n<p><strong>\u0110\u00f3ng g\u00f3i<\/strong><\/p>\n<p>25KG\/TR\u1ed0NG<\/p>","protected":false},"excerpt":{"rendered":"<p>T\u00ean s\u1ea3n ph\u1ea9m\uff1aSucralose<br \/>\nS\u1ed1 CAS: 56038-13-2<br \/>\nMF\uff1aC12H19Cl3O8<br \/>\nS\u1ed1 EINECS: 259-952-2<br \/>\nNgo\u1ea1i quan: B\u1ed9t m\u00e0u tr\u1eafng<\/p>","protected":false},"featured_media":2149,"template":"","meta":{"_acf_changed":false,"_gspb_post_css":""},"product_brand":[],"product_cat":[55,56],"product_tag":[],"class_list":{"0":"post-2163","1":"product","2":"type-product","3":"status-publish","4":"has-post-thumbnail","6":"product_cat-food-additives","7":"product_cat-sweetener","9":"first","10":"instock","11":"shipping-taxable","12":"product-type-simple"},"acf":[],"_links":{"self":[{"href":"https:\/\/wpachem.com\/vi\/wp-json\/wp\/v2\/product\/2163","targetHints":{"allow":["GET"]}}],"collection":[{"href":"https:\/\/wpachem.com\/vi\/wp-json\/wp\/v2\/product"}],"about":[{"href":"https:\/\/wpachem.com\/vi\/wp-json\/wp\/v2\/types\/product"}],"version-history":[{"count":0,"href":"https:\/\/wpachem.com\/vi\/wp-json\/wp\/v2\/product\/2163\/revisions"}],"wp:featuredmedia":[{"embeddable":true,"href":"https:\/\/wpachem.com\/vi\/wp-json\/wp\/v2\/media\/2149"}],"wp:attachment":[{"href":"https:\/\/wpachem.com\/vi\/wp-json\/wp\/v2\/media?parent=2163"}],"wp:term":[{"taxonomy":"product_brand","embeddable":true,"href":"https:\/\/wpachem.com\/vi\/wp-json\/wp\/v2\/product_brand?post=2163"},{"taxonomy":"product_cat","embeddable":true,"href":"https:\/\/wpachem.com\/vi\/wp-json\/wp\/v2\/product_cat?post=2163"},{"taxonomy":"product_tag","embeddable":true,"href":"https:\/\/wpachem.com\/vi\/wp-json\/wp\/v2\/product_tag?post=2163"}],"curies":[{"name":"wp","href":"https:\/\/api.w.org\/{rel}","templated":true}]}}