{"id":2164,"date":"2022-07-05T14:26:26","date_gmt":"2022-07-05T14:26:26","guid":{"rendered":"http:\/\/site2.easyceotech.com\/?post_type=product&#038;p=2164"},"modified":"2024-03-12T08:12:42","modified_gmt":"2024-03-12T08:12:42","slug":"hydroxypropyl-methylcellulose","status":"publish","type":"product","link":"https:\/\/wpachem.com\/vi\/product\/hydroxypropyl-methylcellulose\/","title":{"rendered":"Hydroxypropyl Methylcellulose"},"content":{"rendered":"<p>Hydroxypropyl methyl cellulose HPMC l\u00e0 ether propylene glycol c\u1ee7a methyl cellulose, trong \u0111\u00f3 hydroxypropyl v\u00e0 methyl \u0111\u01b0\u1ee3c li\u00ean k\u1ebft b\u1eb1ng li\u00ean k\u1ebft ether v\u00e0 v\u00f2ng glucose khan c\u1ee7a cellulose, b\u1ed9t ho\u1eb7c h\u1ea1t cellulose tr\u1eafng \u0111\u1ebfn x\u00e1m tr\u1eafng, t\u01b0\u01a1ng t\u1ef1 nh\u01b0 methyl cellulose c\u00f3 t\u00ednh ch\u1ea5t h\u00f2a tan trong n\u01b0\u1edbc l\u1ea1nh v\u00e0 kh\u00f4ng h\u00f2a tan trong n\u01b0\u1edbc n\u00f3ng. \u0110\u1ed9 h\u00f2a tan c\u1ee7a n\u00f3 trong dung m\u00f4i h\u1eefu c\u01a1 t\u1ed1t h\u01a1n trong n\u01b0\u1edbc h\u00f2a tan v\u00e0 n\u00f3 h\u00f2a tan trong dung d\u1ecbch methanol v\u00e0 ethanol khan, c\u0169ng nh\u01b0 trong hydrocarbon clo h\u00f3a v\u00e0 ketone. H\u00f2a tan trong n\u01b0\u1edbc, dung d\u1ecbch n\u01b0\u1edbc c\u1ee7a n\u00f3 c\u00f3 ho\u1ea1t t\u00ednh b\u1ec1 m\u1eb7t, t\u1ea1o th\u00e0nh m\u1ed9t l\u1edbp m\u00e0ng m\u1ecfng sau khi s\u1ea5y kh\u00f4, sau khi \u0111un n\u00f3ng v\u00e0 l\u00e0m m\u00e1t, li\u00ean ti\u1ebfp tr\u1ea3i qua qu\u00e1 tr\u00ecnh chuy\u1ec3n \u0111\u1ed5i thu\u1eadn ngh\u1ecbch t\u1eeb sol sang gel. N\u00f3 c\u00f3 th\u1ec3 \u0111\u01b0\u1ee3c s\u1eed d\u1ee5ng m\u1ed9t m\u00ecnh ho\u1eb7c k\u1ebft h\u1ee3p v\u1edbi c\u00e1c ch\u1ea5t nh\u0169 h\u00f3a v\u00e0 ch\u1ea5t \u1ed5n \u0111\u1ecbnh kh\u00e1c trong \u0111\u1ed3 u\u1ed1ng l\u1ea1nh<\/p>\n<table>\n<tbody>\n<tr>\n<td width=\"287\">M\u1ee5c ki\u1ec3m tra<\/td>\n<td width=\"287\">\u0110\u01a1n v\u1ecb<\/td>\n<td width=\"287\">\u0110\u1eb7c \u0111i\u1ec3m k\u1ef9 thu\u1eadt<\/td>\n<td width=\"287\">K\u1ebft qu\u1ea3<\/td>\n<\/tr>\n<tr>\n<td width=\"287\">V\u1ebb b\u1ec1 ngo\u00e0i<\/td>\n<td width=\"287\">\/<\/td>\n<td width=\"287\">Tr\u1eafng<\/td>\n<td width=\"287\">Tr\u1eafng<\/td>\n<\/tr>\n<tr>\n<td width=\"287\">H\u00ecnh th\u1ee9c<\/td>\n<td width=\"287\">\/<\/td>\n<td width=\"287\">Ch\u1ea5t r\u1eafn<\/td>\n<td width=\"287\">Ch\u1ea5t r\u1eafn<\/td>\n<\/tr>\n<tr>\n<td width=\"287\">M\u00f9i<\/td>\n<td width=\"287\"><\/td>\n<td width=\"287\">Kh\u00f4ng m\u00f9i<\/td>\n<td width=\"287\">kh\u00f4ng m\u00f9i<\/td>\n<\/tr>\n<tr>\n<td width=\"287\">\u0110\u1ed9 nh\u1edbt<\/td>\n<td width=\"287\">CPS<\/td>\n<td width=\"287\">25\u2103 S14\/10 v\u00f2ng\/ph\u00fat<\/p>\n<p>90000~110000<\/td>\n<td width=\"287\">95000<\/td>\n<\/tr>\n<tr>\n<td width=\"287\">H\u00e0m l\u01b0\u1ee3ng n\u01b0\u1edbc<\/td>\n<td width=\"287\">%<\/td>\n<td width=\"287\">4-6<\/td>\n<td width=\"287\">4-6<\/td>\n<\/tr>\n<tr>\n<td width=\"287\">Tro<\/td>\n<td width=\"287\"><\/td>\n<td width=\"287\">3<\/td>\n<td width=\"287\">3<\/td>\n<\/tr>\n<tr>\n<td width=\"287\">Methoxyl<\/td>\n<td width=\"287\">%<\/td>\n<td width=\"287\">&#8211;<\/td>\n<td width=\"287\">19-22<\/td>\n<\/tr>\n<tr>\n<td width=\"287\">Hydroxypropyl<\/td>\n<td width=\"287\">%<\/td>\n<td width=\"287\">&#8211;<\/td>\n<td width=\"287\">6-12<\/td>\n<\/tr>\n<tr>\n<td width=\"287\">Gi\u00e1 tr\u1ecb PH (25\u2103\uff09<\/td>\n<td width=\"287\">&#8211;<\/td>\n<td width=\"287\">&#8211;<\/td>\n<td width=\"287\">6-8.5<\/td>\n<\/tr>\n<tr>\n<td width=\"287\">Nhi\u1ec7t \u0111\u1ed9 gel<\/td>\n<td width=\"287\">\u2103<\/td>\n<td width=\"287\">&#8211;<\/td>\n<td width=\"287\">70-90<\/td>\n<\/tr>\n<tr>\n<td width=\"287\">\u0110\u1ed9 m\u1ecbn<\/td>\n<td width=\"287\">L\u01b0\u1edbi<\/td>\n<td width=\"287\">&#8211;<\/td>\n<td width=\"287\">100 l\u01b0\u1edbi \uff1e96%<\/td>\n<\/tr>\n<tr>\n<td width=\"287\">T\u1ec9 tr\u1ecdng<\/td>\n<td width=\"287\">g\/\u339d3<\/td>\n<td width=\"287\">&#8211;<\/td>\n<td width=\"287\">0.4-0.6<\/td>\n<\/tr>\n<tr>\n<td width=\"287\">T\u1ef7 l\u1ec7<\/td>\n<td width=\"287\">V\u00e0ng\/l<\/td>\n<td width=\"287\">&#8211;<\/td>\n<td width=\"287\">420-520<\/td>\n<\/tr>\n<tr>\n<td width=\"287\">T\u1ef7 l\u1ec7 gi\u1eef ch\u00e2n<\/td>\n<td width=\"287\">%<\/td>\n<td width=\"287\">&#8211;<\/td>\n<td width=\"287\">93%<\/td>\n<\/tr>\n<tr>\n<td width=\"287\">\u0110\u1ed9 truy\u1ec1n d\u1eabn<\/td>\n<td width=\"287\">%<\/td>\n<td width=\"287\">&#8211;<\/td>\n<td width=\"287\">\u226565<\/td>\n<\/tr>\n<tr>\n<td width=\"287\">nhi\u1ec7t \u0111\u1ed9 nhi\u1ec7t s\u1eafc<\/td>\n<td width=\"287\">\u2103<\/td>\n<td width=\"287\">&#8211;<\/td>\n<td width=\"287\">190-200<\/td>\n<\/tr>\n<tr>\n<td width=\"287\">Nhi\u1ec7t \u0111\u1ed9 cacbon h\u00f3a<\/td>\n<td width=\"287\">\u2103<\/td>\n<td width=\"287\">&#8211;<\/td>\n<td width=\"287\">280-300<\/td>\n<\/tr>\n<\/tbody>\n<\/table>\n<p>&nbsp;<\/p>\n<p><strong>\u1ee8ng d\u1ee5ng<\/strong><\/p>\n<p>N\u00f3 \u0111\u00e3 \u0111\u01b0\u1ee3c s\u1eed d\u1ee5ng r\u1ed9ng r\u00e3i trong ng\u00e0nh h\u00f3a d\u1ea7u, s\u1ea3n xu\u1ea5t gi\u1ea5y, da, in v\u00e0 nhu\u1ed9m v\u1ea3i, y h\u1ecdc, th\u1ef1c ph\u1ea9m, m\u1ef9 ph\u1ea9m v\u00e0 c\u00e1c ng\u00e0nh c\u00f4ng nghi\u1ec7p kh\u00e1c, nh\u01b0 ch\u1ea5t ph\u00e2n t\u00e1n, ch\u1ea5t l\u00e0m \u0111\u1eb7c, ch\u1ea5t k\u1ebft d\u00ednh, t\u00e1 d\u01b0\u1ee3c, vi\u00ean nang, l\u1edbp ph\u1ee7 ch\u1ecbu d\u1ea7u v\u00e0 ch\u1ea5t \u0111\u1ed9n.<\/p>\n<p><strong>\u0110\u00f3ng g\u00f3i<\/strong><\/p>\n<p>25KG\/T\u00daI<\/p>","protected":false},"excerpt":{"rendered":"<p>T\u00ean s\u1ea3n ph\u1ea9m: Hydroxypropyl Methylcellulose<br \/>\nS\u1ed1 CAS: 9004-65-3<br \/>\nMF\uff1aC3H7O*<br \/>\nS\u1ed1 EINECS: 618-389-6<br \/>\nNgo\u1ea1i quan: B\u1ed9t m\u00e0u tr\u1eafng<\/p>","protected":false},"featured_media":2168,"template":"","meta":{"_acf_changed":false,"_gspb_post_css":""},"product_brand":[],"product_cat":[55,58],"product_tag":[],"class_list":{"0":"post-2164","1":"product","2":"type-product","3":"status-publish","4":"has-post-thumbnail","6":"product_cat-food-additives","7":"product_cat-thicknerstablizer","9":"first","10":"instock","11":"shipping-taxable","12":"product-type-simple"},"acf":[],"_links":{"self":[{"href":"https:\/\/wpachem.com\/vi\/wp-json\/wp\/v2\/product\/2164","targetHints":{"allow":["GET"]}}],"collection":[{"href":"https:\/\/wpachem.com\/vi\/wp-json\/wp\/v2\/product"}],"about":[{"href":"https:\/\/wpachem.com\/vi\/wp-json\/wp\/v2\/types\/product"}],"version-history":[{"count":0,"href":"https:\/\/wpachem.com\/vi\/wp-json\/wp\/v2\/product\/2164\/revisions"}],"wp:featuredmedia":[{"embeddable":true,"href":"https:\/\/wpachem.com\/vi\/wp-json\/wp\/v2\/media\/2168"}],"wp:attachment":[{"href":"https:\/\/wpachem.com\/vi\/wp-json\/wp\/v2\/media?parent=2164"}],"wp:term":[{"taxonomy":"product_brand","embeddable":true,"href":"https:\/\/wpachem.com\/vi\/wp-json\/wp\/v2\/product_brand?post=2164"},{"taxonomy":"product_cat","embeddable":true,"href":"https:\/\/wpachem.com\/vi\/wp-json\/wp\/v2\/product_cat?post=2164"},{"taxonomy":"product_tag","embeddable":true,"href":"https:\/\/wpachem.com\/vi\/wp-json\/wp\/v2\/product_tag?post=2164"}],"curies":[{"name":"wp","href":"https:\/\/api.w.org\/{rel}","templated":true}]}}