{"id":2171,"date":"2022-07-05T14:34:27","date_gmt":"2022-07-05T14:34:27","guid":{"rendered":"http:\/\/site2.easyceotech.com\/?post_type=product&#038;p=2171"},"modified":"2024-03-12T08:12:38","modified_gmt":"2024-03-12T08:12:38","slug":"carboxymethyl-cellulose","status":"publish","type":"product","link":"https:\/\/wpachem.com\/vi\/product\/carboxymethyl-cellulose\/","title":{"rendered":"Carboxymethyl xenluloza"},"content":{"rendered":"<p>Carboxymethyl cellulose (CMC) ho\u1eb7c cellulose gum l\u00e0 m\u1ed9t d\u1eabn xu\u1ea5t cellulose v\u1edbi nh\u00f3m carboxymethyl (-CH2-COOH) li\u00ean k\u1ebft v\u1edbi m\u1ed9t s\u1ed1 nh\u00f3m hydroxyl c\u1ee7a monome glucopyranose t\u1ea1o n\u00ean x\u01b0\u01a1ng s\u1ed1ng cellulose. N\u00f3 th\u01b0\u1eddng \u0111\u01b0\u1ee3c s\u1eed d\u1ee5ng d\u01b0\u1edbi d\u1ea1ng mu\u1ed1i natri, natri carboxymethyl cellulose.<\/p>\n<table>\n<tbody>\n<tr>\n<td width=\"383\">M\u1ee5c<\/td>\n<td width=\"383\">\u0110\u1eb7c \u0111i\u1ec3m k\u1ef9 thu\u1eadt<\/td>\n<td width=\"383\">K\u1ebft qu\u1ea3<\/td>\n<\/tr>\n<tr>\n<td width=\"383\">V\u1ebb b\u1ec1 ngo\u00e0i<\/td>\n<td width=\"383\">B\u1ed9t m\u00e0u tr\u1eafng ho\u1eb7c v\u00e0ng<\/td>\n<td width=\"383\">\u0110\u1ea1t ti\u00eau chu\u1ea9n<\/td>\n<\/tr>\n<tr>\n<td width=\"383\">\u0110\u1ed9 nh\u1edbt<\/td>\n<td width=\"383\">800-1200<\/td>\n<td width=\"383\">1050<\/td>\n<\/tr>\n<tr>\n<td width=\"383\">\u0111\u1ed9 pH<\/td>\n<td width=\"383\">6.0-8.5<\/td>\n<td width=\"383\">7.12<\/td>\n<\/tr>\n<tr>\n<td width=\"383\">Natri clorua %<\/td>\n<td width=\"383\">\u22640,5<\/td>\n<td width=\"383\">0,2<\/td>\n<\/tr>\n<tr>\n<td width=\"383\">M\u1ee9c \u0111\u1ed9 thay th\u1ebf<\/td>\n<td width=\"383\">0.2-1.5<\/td>\n<td width=\"383\">0.86<\/td>\n<\/tr>\n<tr>\n<td width=\"383\">\u0110\u1ed9 tinh khi\u1ebft %<\/td>\n<td width=\"383\">99.5<\/td>\n<td width=\"383\">99.6<\/td>\n<\/tr>\n<tr>\n<td width=\"383\">\u0110\u1ed9 \u1ea9m %<\/td>\n<td width=\"383\">\u22648<\/td>\n<td width=\"383\">6<\/td>\n<\/tr>\n<tr>\n<td width=\"383\">Nh\u01b0 %<\/td>\n<td width=\"383\">\u22640,0002<\/td>\n<td width=\"383\">\uff1c0,0002<\/td>\n<\/tr>\n<tr>\n<td width=\"383\">Pb%<\/td>\n<td width=\"383\">\u22640,0002<\/td>\n<td width=\"383\">\uff1c0,0002<\/td>\n<\/tr>\n<\/tbody>\n<\/table>\n<p>&nbsp;<\/p>\n<p><strong>\u1ee8ng d\u1ee5ng<\/strong><\/p>\n<p>Carboxymethyl cellulose (CMC) c\u00f3 nhi\u1ec1u ch\u1ee9c n\u0103ng trong th\u1ef1c ph\u1ea9m nh\u01b0 l\u00e0m \u0111\u1eb7c, huy\u1ec1n ph\u00f9, nh\u0169 h\u00f3a, \u1ed5n \u0111\u1ecbnh, gi\u1eef h\u00ecnh d\u1ea1ng, t\u1ea1o m\u00e0ng, gi\u00e3n n\u1edf, b\u1ea3o qu\u1ea3n, kh\u00e1ng axit v\u00e0 ch\u0103m s\u00f3c s\u1ee9c kh\u1ecfe. N\u00f3 c\u00f3 th\u1ec3 thay th\u1ebf guar gum, gelatin, Vai tr\u00f2 c\u1ee7a agar, natri alginate v\u00e0 pectin trong s\u1ea3n xu\u1ea5t th\u1ef1c ph\u1ea9m \u0111\u01b0\u1ee3c s\u1eed d\u1ee5ng r\u1ed9ng r\u00e3i trong ng\u00e0nh c\u00f4ng nghi\u1ec7p th\u1ef1c ph\u1ea9m hi\u1ec7n \u0111\u1ea1i, ch\u1eb3ng h\u1ea1n nh\u01b0 \u0111\u1ed3 u\u1ed1ng lactobacillus, s\u1eefa tr\u00e1i c\u00e2y, kem, sherbet, gelatin, k\u1eb9o m\u1ec1m, th\u1ea1ch, b\u00e1nh m\u00ec, nh\u00e2n, b\u00e1nh k\u1ebfp, S\u1ea3n ph\u1ea9m l\u1ea1nh, \u0111\u1ed3 u\u1ed1ng r\u1eafn, gia v\u1ecb, b\u00e1nh quy, m\u00ec \u0103n li\u1ec1n, s\u1ea3n ph\u1ea9m th\u1ecbt, b\u1ed9t nh\u00e3o, b\u00e1nh quy, b\u00e1nh m\u00ec kh\u00f4ng ch\u1ee9a gluten, m\u00ec \u1ed1ng kh\u00f4ng ch\u1ee9a gluten, v.v. \u0110\u01b0\u1ee3c s\u1eed d\u1ee5ng trong th\u1ef1c ph\u1ea9m, n\u00f3 c\u00f3 th\u1ec3 c\u1ea3i thi\u1ec7n h\u01b0\u01a1ng v\u1ecb, c\u1ea3i thi\u1ec7n c\u1ea5p \u0111\u1ed9 v\u00e0 ch\u1ea5t l\u01b0\u1ee3ng c\u1ee7a s\u1ea3n ph\u1ea9m v\u00e0 k\u00e9o d\u00e0i th\u1eddi h\u1ea1n s\u1eed d\u1ee5ng.<\/p>\n<p><strong>\u0110\u00f3ng g\u00f3i<\/strong><\/p>\n<p>25KG\/T\u00daI<\/p>","protected":false},"excerpt":{"rendered":"<p>T\u00ean s\u1ea3n ph\u1ea9m: Carboxymethyl cellulose<br \/>\nS\u1ed1 CAS: 9004-32-4<br \/>\nMF\uff1aC6H12O6<br \/>\nS\u1ed1 EINECS: 618-326-2<br \/>\nNgo\u1ea1i quan: B\u1ed9t m\u00e0u tr\u1eafng<\/p>","protected":false},"featured_media":2173,"template":"","meta":{"_acf_changed":false,"_gspb_post_css":""},"product_brand":[],"product_cat":[55,58],"product_tag":[],"class_list":{"0":"post-2171","1":"product","2":"type-product","3":"status-publish","4":"has-post-thumbnail","6":"product_cat-food-additives","7":"product_cat-thicknerstablizer","9":"first","10":"instock","11":"shipping-taxable","12":"product-type-simple"},"acf":[],"_links":{"self":[{"href":"https:\/\/wpachem.com\/vi\/wp-json\/wp\/v2\/product\/2171","targetHints":{"allow":["GET"]}}],"collection":[{"href":"https:\/\/wpachem.com\/vi\/wp-json\/wp\/v2\/product"}],"about":[{"href":"https:\/\/wpachem.com\/vi\/wp-json\/wp\/v2\/types\/product"}],"version-history":[{"count":0,"href":"https:\/\/wpachem.com\/vi\/wp-json\/wp\/v2\/product\/2171\/revisions"}],"wp:featuredmedia":[{"embeddable":true,"href":"https:\/\/wpachem.com\/vi\/wp-json\/wp\/v2\/media\/2173"}],"wp:attachment":[{"href":"https:\/\/wpachem.com\/vi\/wp-json\/wp\/v2\/media?parent=2171"}],"wp:term":[{"taxonomy":"product_brand","embeddable":true,"href":"https:\/\/wpachem.com\/vi\/wp-json\/wp\/v2\/product_brand?post=2171"},{"taxonomy":"product_cat","embeddable":true,"href":"https:\/\/wpachem.com\/vi\/wp-json\/wp\/v2\/product_cat?post=2171"},{"taxonomy":"product_tag","embeddable":true,"href":"https:\/\/wpachem.com\/vi\/wp-json\/wp\/v2\/product_tag?post=2171"}],"curies":[{"name":"wp","href":"https:\/\/api.w.org\/{rel}","templated":true}]}}