{"id":2178,"date":"2022-07-05T14:39:43","date_gmt":"2022-07-05T14:39:43","guid":{"rendered":"http:\/\/site2.easyceotech.com\/?post_type=product&#038;p=2178"},"modified":"2024-03-12T08:12:32","modified_gmt":"2024-03-12T08:12:32","slug":"carrageenan","status":"publish","type":"product","link":"https:\/\/wpachem.com\/vi\/product\/carrageenan\/","title":{"rendered":"Carrageenan"},"content":{"rendered":"<p>Carrageenan, c\u00f2n \u0111\u01b0\u1ee3c g\u1ecdi l\u00e0 carrageenan, t\u1ea3o s\u1eebng h\u01b0\u01a1u, l\u00e0 m\u1ed9t lo\u1ea1i polysaccharide \u01b0a n\u01b0\u1edbc polyme \u0111\u01b0\u1ee3c chi\u1ebft xu\u1ea5t t\u1eeb t\u1ea3o \u0111\u1ecf, c\u00f3 gi\u00e1 tr\u1ecb kinh t\u1ebf cao, l\u00e0 m\u1ed9t trong ba s\u1ea3n ph\u1ea9m c\u00f4ng nghi\u1ec7p cao su rong bi\u1ec3n l\u1edbn nh\u1ea5t th\u1ebf gi\u1edbi (jeongan, carrageenan, t\u1ea3o n\u00e2u). Carrageenan l\u00e0 m\u1ed9t ch\u1ea5t ph\u1ee5 gia th\u1ef1c ph\u1ea9m, v\u00e0 carrageenan c\u1ea5p th\u1ef1c ph\u1ea9m c\u00f3 m\u00e0u tr\u1eafng \u0111\u1ebfn n\u00e2u v\u00e0ng nh\u1ea1t, b\u1ec1 m\u1eb7t nh\u0103n nheo, v\u1ea3y ho\u1eb7c b\u1ed9t trong m\u1edd h\u01a1i b\u00f3ng, kh\u00f4ng m\u00f9i v\u00e0 kh\u00f4ng v\u1ecb, v\u1ecb nh\u1edbt<\/p>\n<p>&nbsp;<\/p>\n<table>\n<tbody>\n<tr>\n<td width=\"297\"><strong>D\u1ef1 \u00e1n th\u1eed nghi\u1ec7m<\/strong><\/td>\n<td width=\"488\"><strong>Ti\u00eau chu\u1ea9n ch\u1ea5t l\u01b0\u1ee3ng<\/strong><\/td>\n<td width=\"276\"><strong>K\u1ebft qu\u1ea3 ki\u1ec3m tra<\/strong><\/td>\n<\/tr>\n<tr>\n<td width=\"297\">Y\u00eau c\u1ea7u v\u1ec1 c\u1ea3m quan<\/td>\n<td width=\"488\">&#8212;<\/td>\n<td width=\"276\">B\u1ed9t tr\u1eafng<\/td>\n<\/tr>\n<tr>\n<td width=\"297\">K\u00edch th\u01b0\u1edbc l\u01b0\u1edbi<\/td>\n<td width=\"488\">95% \u0111\u00e3 v\u01b0\u1ee3t qua 80mesh<\/td>\n<td width=\"276\">X\u00e1c nh\u1eadn<\/td>\n<\/tr>\n<tr>\n<td width=\"297\">2-<\/p>\n<p>Sunfat (t\u00ednh theo SO4)\/%<\/td>\n<td width=\"488\">15~40<\/td>\n<td width=\"276\">31.00%<\/td>\n<\/tr>\n<tr>\n<td width=\"297\">\u0110\u1ed9 nh\u1edbt\/mpa\u00b7s<\/td>\n<td width=\"488\">\u22655 mpa\u00b7s<\/td>\n<td width=\"276\">114.0<\/td>\n<\/tr>\n<tr>\n<td width=\"297\">\u0110\u1ed9 \u1ea9m<\/td>\n<td width=\"488\">\u226412.0<\/td>\n<td width=\"276\">10.64<\/td>\n<\/tr>\n<tr>\n<td width=\"297\">T\u1ed5ng h\u00e0m l\u01b0\u1ee3ng tro<\/td>\n<td width=\"488\">15~40<\/td>\n<td width=\"276\">20<\/td>\n<\/tr>\n<tr>\n<td width=\"297\">S\u1ee9c m\u1ea1nh c\u1ee7a gel kali<\/p>\n<p>(g\/cm\u00b2)<\/td>\n<td width=\"488\">\u22651200 g\/cm\u00b2<\/td>\n<td width=\"276\">1500<\/td>\n<\/tr>\n<tr>\n<td width=\"297\">&nbsp;<\/p>\n<p>\u0110\u1ed9 b\u1ec1n gel n\u01b0\u1edbc (g\/cm\u00b2)<\/td>\n<td width=\"488\">\/<\/td>\n<td width=\"276\">200<\/td>\n<\/tr>\n<tr>\n<td width=\"297\">\u0110\u1ed9 tr\u1eafng<\/td>\n<td width=\"488\">\/<\/td>\n<td width=\"276\">70<\/td>\n<\/tr>\n<tr>\n<td width=\"297\">T\u00ednh minh b\u1ea1ch<\/td>\n<td width=\"488\">\/<\/td>\n<td width=\"276\">96.00%<\/td>\n<\/tr>\n<tr>\n<td width=\"297\">\u0111\u1ed9 pH<\/td>\n<td width=\"488\">8&#8211;11<\/td>\n<td width=\"276\">8.61<\/td>\n<\/tr>\n<tr>\n<td width=\"297\">Asen (mg\/kg)<\/td>\n<td width=\"488\">\u22643<\/td>\n<td width=\"276\">X\u00e1c nh\u1eadn<\/td>\n<\/tr>\n<tr>\n<td width=\"297\">Ch\u00ec (mg\/kg)<\/td>\n<td width=\"488\">\u22645<\/td>\n<td width=\"276\">X\u00e1c nh\u1eadn<\/td>\n<\/tr>\n<tr>\n<td width=\"297\">Cadimi (mg\/kg)<\/td>\n<td width=\"488\">\u22642<\/td>\n<td width=\"276\">X\u00e1c nh\u1eadn<\/td>\n<\/tr>\n<tr>\n<td width=\"297\">Th\u1ee7y ng\u00e2n (mg\/kg)<\/td>\n<td width=\"488\">\u22641<\/td>\n<td width=\"276\">X\u00e1c nh\u1eadn<\/td>\n<\/tr>\n<tr>\n<td width=\"297\">T\u1ed5ng s\u1ed1 l\u01b0\u1ee3ng vi khu\u1ea9n (CFU\/g)<\/td>\n<td width=\"488\">\u22645000<\/td>\n<td width=\"276\">&lt;100<\/td>\n<\/tr>\n<tr>\n<td width=\"297\">E. coli (CFU\/g)<\/td>\n<td width=\"488\">&lt;3<\/td>\n<td width=\"276\">Ti\u00eau c\u1ef1c<\/td>\n<\/tr>\n<tr>\n<td width=\"297\">Vi khu\u1ea9n Salmonella (25g)<\/td>\n<td width=\"488\">Ti\u00eau c\u1ef1c<\/td>\n<td width=\"276\">Ti\u00eau c\u1ef1c<\/td>\n<\/tr>\n<\/tbody>\n<\/table>\n<p>&nbsp;<\/p>\n<p><strong>\u1ee8ng d\u1ee5ng<\/strong><\/p>\n<p>Carrageenan \u0111\u01b0\u1ee3c s\u1eed d\u1ee5ng r\u1ed9ng r\u00e3i trong c\u00f4ng nghi\u1ec7p th\u1ef1c ph\u1ea9m v\u00ec kh\u1ea3 n\u0103ng gi\u1eef n\u01b0\u1edbc t\u1ed1t, l\u00e0m \u0111\u1eb7c, nh\u0169 h\u00f3a, t\u1ea1o gel v\u00e0 \u0111\u1eb7c t\u00ednh an to\u00e0n, kh\u00f4ng \u0111\u1ed9c h\u1ea1i, \u0111\u01b0\u1ee3c s\u1eed d\u1ee5ng r\u1ed9ng r\u00e3i trong s\u1ea3n xu\u1ea5t th\u1ea1ch, kem, b\u00e1nh ng\u1ecdt, k\u1eb9o m\u1ec1m, c\u00e1c s\u1ea3n ph\u1ea9m th\u1ecbt \u0111\u00f3ng h\u1ed9p, ch\u00e1o b\u00e1t b\u1ea3o, th\u1ef1c ph\u1ea9m s\u00fap, th\u1ef1c ph\u1ea9m l\u1ea1nh, v.v.<\/p>\n<p><strong>\u0110\u00f3ng g\u00f3i<\/strong><\/p>\n<p>BAO\/TR\u1ed0NG 25KG<\/p>","protected":false},"excerpt":{"rendered":"<p>T\u00ean s\u1ea3n ph\u1ea9m\uff1aCarrageenan<br \/>\nS\u1ed1 CAS: 11114-20-8<br \/>\nMF\uff1aC24H36O25S2-2<br \/>\nS\u1ed1 EINECS: 234-350-2<br \/>\nNgo\u1ea1i quan: B\u1ed9t nh\u1eb9 v\u00e0 ch\u1ea3y t\u1ef1 do<\/p>","protected":false},"featured_media":2180,"template":"","meta":{"_acf_changed":false,"_gspb_post_css":""},"product_brand":[],"product_cat":[55,58],"product_tag":[],"class_list":{"0":"post-2178","1":"product","2":"type-product","3":"status-publish","4":"has-post-thumbnail","6":"product_cat-food-additives","7":"product_cat-thicknerstablizer","9":"first","10":"instock","11":"shipping-taxable","12":"product-type-simple"},"acf":[],"_links":{"self":[{"href":"https:\/\/wpachem.com\/vi\/wp-json\/wp\/v2\/product\/2178","targetHints":{"allow":["GET"]}}],"collection":[{"href":"https:\/\/wpachem.com\/vi\/wp-json\/wp\/v2\/product"}],"about":[{"href":"https:\/\/wpachem.com\/vi\/wp-json\/wp\/v2\/types\/product"}],"version-history":[{"count":0,"href":"https:\/\/wpachem.com\/vi\/wp-json\/wp\/v2\/product\/2178\/revisions"}],"wp:featuredmedia":[{"embeddable":true,"href":"https:\/\/wpachem.com\/vi\/wp-json\/wp\/v2\/media\/2180"}],"wp:attachment":[{"href":"https:\/\/wpachem.com\/vi\/wp-json\/wp\/v2\/media?parent=2178"}],"wp:term":[{"taxonomy":"product_brand","embeddable":true,"href":"https:\/\/wpachem.com\/vi\/wp-json\/wp\/v2\/product_brand?post=2178"},{"taxonomy":"product_cat","embeddable":true,"href":"https:\/\/wpachem.com\/vi\/wp-json\/wp\/v2\/product_cat?post=2178"},{"taxonomy":"product_tag","embeddable":true,"href":"https:\/\/wpachem.com\/vi\/wp-json\/wp\/v2\/product_tag?post=2178"}],"curies":[{"name":"wp","href":"https:\/\/api.w.org\/{rel}","templated":true}]}}