{"id":2184,"date":"2022-07-05T14:44:57","date_gmt":"2022-07-05T14:44:57","guid":{"rendered":"http:\/\/site2.easyceotech.com\/?post_type=product&#038;p=2184"},"modified":"2024-03-12T08:12:26","modified_gmt":"2024-03-12T08:12:26","slug":"poly-aluminium-chloride","status":"publish","type":"product","link":"https:\/\/wpachem.com\/vi\/product\/poly-aluminium-chloride\/","title":{"rendered":"Poly nh\u00f4m clorua"},"content":{"rendered":"<p>Poly Aluminium Chloride (PAC) \u1edf m\u1ecdi d\u1ea1ng, \u0111\u01b0\u1ee3c s\u1eed d\u1ee5ng r\u1ed9ng r\u00e3i nh\u01b0 m\u1ed9t ch\u1ea5t keo t\u1ee5 c\u00f4ng nghi\u1ec7p v\u00e0 ch\u1ea5t k\u1ebft b\u00f4ng trong c\u00e1c ng\u00e0nh c\u00f4ng nghi\u1ec7p kh\u00e1c nhau. C\u00f3 nhi\u1ec1u lo\u1ea1i PAC kh\u00e1c nhau cho c\u00e1c m\u1ee5c \u0111\u00edch kh\u00e1c nhau. C\u00e1c s\u1ea3n ph\u1ea9m PAC \u0111\u01b0\u1ee3c s\u1eed d\u1ee5ng trong x\u1eed l\u00fd n\u01b0\u1edbc \u0111\u1ec3 lo\u1ea1i b\u1ecf ch\u1ea5t r\u1eafn l\u01a1 l\u1eedng (\u0110\u1ed9 \u0111\u1ee5c) v\u00e0 c\u00e1c ch\u1ea5t g\u00e2y \u00f4 nhi\u1ec5m kh\u00e1c nh\u01b0 ch\u1ea5t h\u1eefu c\u01a1 t\u1ef1 nhi\u00ean kh\u1ecfi n\u01b0\u1edbc m\u1eb7t, Vi sinh v\u1eadt v\u00e0 c\u00e1c h\u1ea1t keo, b\u00f9n v\u00e0 \u0111\u1ea5t s\u00e9t \u0111\u01b0\u1ee3c \u1ed5n \u0111\u1ecbnh b\u1eb1ng c\u00e1c \u0111i\u1ec7n t\u00edch t\u0129nh \u0111i\u1ec7n b\u1ec1 m\u1eb7t ng\u0103n c\u00e1c h\u1ea1t k\u1ebft t\u1ee5 l\u1ea1i. N\u00f3 c\u00f3 l\u1ee3i th\u1ebf trong n\u01b0\u1edbc c\u00f3 \u0111\u1ed9 \u0111\u1ee5c t\u1eeb th\u1ea5p \u0111\u1ebfn trung b\u00ecnh, c\u00f3 th\u1ec3 l\u00e0 do kh\u1ea3 n\u0103ng trung h\u00f2a \u0111i\u1ec7n t\u00edch l\u1edbn h\u01a1n so v\u1edbi ph\u00e8n chua.<\/p>\n<table>\n<tbody>\n<tr>\n<td width=\"248\">M\u1eb7t h\u00e0ng<\/td>\n<td width=\"316\">Polyaluminium Chloride PAC r\u1eafn, x\u1eed l\u00fd n\u01b0\u1edbc u\u1ed1ng<\/td>\n<td width=\"568\"><strong>\u00a0<\/strong><\/p>\n<p>Th\u00f4ng s\u1ed1 k\u1ef9 thu\u1eadt<\/td>\n<\/tr>\n<tr>\n<td width=\"248\"><strong>\u00a0<\/strong><\/p>\n<p><strong>\u00a0<\/strong><\/p>\n<p>\u0110\u1eb7c tr\u01b0ng<\/td>\n<td width=\"316\">V\u1ebb b\u1ec1 ngo\u00e0i<\/td>\n<td width=\"568\">B\u1ed9t m\u00e0u v\u00e0ng nh\u1ea1t<\/td>\n<\/tr>\n<tr>\n<td width=\"248\"><\/td>\n<td width=\"316\">\u0110\u1ed9 h\u00f2a tan<\/td>\n<td width=\"568\">D\u1ec5 d\u00e0ng h\u00f2a tan<\/td>\n<\/tr>\n<tr>\n<td width=\"248\"><\/td>\n<td width=\"316\">\u0110\u1ed9c t\u00ednh<\/td>\n<td width=\"568\">Kh\u00f4ng \u0111\u1ed9c h\u1ea1i<\/td>\n<\/tr>\n<tr>\n<td colspan=\"2\" width=\"565\"><strong>\u00a0<\/strong><\/p>\n<p>\u0110\u1eb7c \u0111i\u1ec3m k\u1ef9 thu\u1eadt<\/td>\n<td width=\"568\"><strong>\u00a0<\/strong><\/p>\n<p>\u0110\u1eb7c \u0111i\u1ec3m k\u1ef9 thu\u1eadt<\/td>\n<\/tr>\n<tr>\n<td colspan=\"2\" width=\"565\">Nh\u00f4m oxit AL2O3N\u1ed9i dung<\/td>\n<td width=\"568\">30%ph\u00fat<\/td>\n<\/tr>\n<tr>\n<td colspan=\"2\" width=\"565\">T\u00ednh ch\u1ea5t c\u01a1 b\u1ea3n<\/td>\n<td width=\"568\">40.0%-90.0%<\/td>\n<\/tr>\n<tr>\n<td colspan=\"2\" width=\"565\">Gi\u00e1 tr\u1ecb PH 1% dung d\u1ecbch n\u01b0\u1edbc<\/td>\n<td width=\"568\">3.5-5.0<\/td>\n<\/tr>\n<tr>\n<td colspan=\"2\" width=\"565\">Ch\u1ea5t kh\u00f4ng tan trong n\u01b0\u1edbc<\/td>\n<td width=\"568\">0,6%MAX<\/td>\n<\/tr>\n<tr>\n<td colspan=\"2\" width=\"565\">H\u00e0m l\u01b0\u1ee3ng Fe<\/td>\n<td width=\"568\">0,2%t\u1ed1i \u0111a<\/td>\n<\/tr>\n<tr>\n<td colspan=\"2\" width=\"565\">Nh\u01b0 N\u1ed9i dung<\/td>\n<td width=\"568\">0,0002%t\u1ed1i \u0111a<\/td>\n<\/tr>\n<tr>\n<td colspan=\"2\" width=\"565\">H\u00e0m l\u01b0\u1ee3ng Pb<\/td>\n<td width=\"568\">0,001%t\u1ed1i \u0111a<\/td>\n<\/tr>\n<tr>\n<td colspan=\"2\" width=\"565\">N\u1ed9i dung Cr6+<\/td>\n<td width=\"568\">0,0005%MAX<\/td>\n<\/tr>\n<tr>\n<td colspan=\"2\" width=\"565\">N\u1ed9i dung CD<\/td>\n<td width=\"568\">0,0002%t\u1ed1i \u0111a<\/td>\n<\/tr>\n<tr>\n<td colspan=\"2\" width=\"565\">H\u00e0m l\u01b0\u1ee3ng Hg<\/td>\n<td width=\"568\">0,00001%MAX<\/td>\n<\/tr>\n<tr>\n<td colspan=\"2\" width=\"565\">B\u01b0u ki\u1ec7n<\/td>\n<td width=\"568\">25kg\/bao trong bao d\u1ec7t PP c\u00f3 PE b\u00ean trong<\/td>\n<\/tr>\n<tr>\n<td colspan=\"2\" width=\"565\"><strong>\u00a0<\/strong><\/p>\n<p>Kho<\/td>\n<td width=\"568\">S\u1ea3n ph\u1ea9m s\u1ebd \u0111\u01b0\u1ee3c ni\u00eam phong v\u00e0 l\u01b0u tr\u1eef trong<\/p>\n<p>n\u01a1i kh\u00f4 r\u00e1o, tho\u00e1ng m\u00e1t, tr\u00e1nh m\u01b0a, nhi\u1ec7t \u0111\u1ed9 cao v\u00e0 \u00e1nh n\u1eafng m\u1eb7t tr\u1eddi gay g\u1eaft.<\/td>\n<\/tr>\n<tr>\n<td colspan=\"2\" width=\"565\">H\u1ea1n s\u1eed d\u1ee5ng<\/td>\n<td width=\"568\">24 th\u00e1ng, n\u1ebfu b\u1ea3o qu\u1ea3n \u0111\u00fang c\u00e1ch<\/td>\n<\/tr>\n<tr>\n<td colspan=\"2\" width=\"565\">Ch\u1ee9c n\u0103ng<\/td>\n<td width=\"568\">x\u1eed l\u00fd n\u01b0\u1edbc u\u1ed1ng<\/td>\n<\/tr>\n<\/tbody>\n<\/table>\n<p>&nbsp;<\/p>\n<p><strong>\u1ee8ng d\u1ee5ng<\/strong><\/p>\n<p>N\u01b0\u1edbc th\u1ea3i sinh ho\u1ea1t, n\u01b0\u1edbc th\u1ea3i \u0111\u00f4 th\u1ecb, m\u1ea1 \u0111i\u1ec7n, in nhu\u1ed9m, s\u1ea3n xu\u1ea5t gi\u1ea5y, luy\u1ec7n kim, c\u00f4ng nghi\u1ec7p h\u00f3a ch\u1ea5t, r\u1eeda than v\u00e0 x\u1eed l\u00fd n\u01b0\u1edbc th\u1ea3i c\u00f4ng nghi\u1ec7p kh\u00e1c<\/p>\n<p><strong>\u0110\u00f3ng g\u00f3i<\/strong><\/p>\n<p>25KG\/T\u00daI<\/p>","protected":false},"excerpt":{"rendered":"<p>T\u00ean s\u1ea3n ph\u1ea9m: Poly nh\u00f4m clorua<br \/>\nS\u1ed1 CAS: 101707-17-9<br \/>\nMF\uff1aAl2Cl(OH)5<br \/>\nS\u1ed1 EINECS: 215-477-2<br \/>\nNgo\u1ea1i quan: B\u1ed9t m\u00e0u v\u00e0ng<\/p>","protected":false},"featured_media":2185,"template":"","meta":{"_acf_changed":false,"_gspb_post_css":""},"product_brand":[],"product_cat":[65],"product_tag":[],"class_list":{"0":"post-2184","1":"product","2":"type-product","3":"status-publish","4":"has-post-thumbnail","6":"product_cat-water-treatment-agent","8":"first","9":"instock","10":"shipping-taxable","11":"product-type-simple"},"acf":[],"_links":{"self":[{"href":"https:\/\/wpachem.com\/vi\/wp-json\/wp\/v2\/product\/2184","targetHints":{"allow":["GET"]}}],"collection":[{"href":"https:\/\/wpachem.com\/vi\/wp-json\/wp\/v2\/product"}],"about":[{"href":"https:\/\/wpachem.com\/vi\/wp-json\/wp\/v2\/types\/product"}],"version-history":[{"count":0,"href":"https:\/\/wpachem.com\/vi\/wp-json\/wp\/v2\/product\/2184\/revisions"}],"wp:featuredmedia":[{"embeddable":true,"href":"https:\/\/wpachem.com\/vi\/wp-json\/wp\/v2\/media\/2185"}],"wp:attachment":[{"href":"https:\/\/wpachem.com\/vi\/wp-json\/wp\/v2\/media?parent=2184"}],"wp:term":[{"taxonomy":"product_brand","embeddable":true,"href":"https:\/\/wpachem.com\/vi\/wp-json\/wp\/v2\/product_brand?post=2184"},{"taxonomy":"product_cat","embeddable":true,"href":"https:\/\/wpachem.com\/vi\/wp-json\/wp\/v2\/product_cat?post=2184"},{"taxonomy":"product_tag","embeddable":true,"href":"https:\/\/wpachem.com\/vi\/wp-json\/wp\/v2\/product_tag?post=2184"}],"curies":[{"name":"wp","href":"https:\/\/api.w.org\/{rel}","templated":true}]}}