{"id":2199,"date":"2022-07-05T14:56:36","date_gmt":"2022-07-05T14:56:36","guid":{"rendered":"http:\/\/site2.easyceotech.com\/?post_type=product&#038;p=2199"},"modified":"2024-03-12T08:11:32","modified_gmt":"2024-03-12T08:11:32","slug":"chloroprene-rubber","status":"publish","type":"product","link":"https:\/\/wpachem.com\/vi\/product\/chloroprene-rubber\/","title":{"rendered":"Cao su cloropren"},"content":{"rendered":"<p>Cao su polychloroprene bi\u1ebfn t\u00ednh xanthogen ho\u1eb7c dodecyl mercaptan c\u00f3 t\u1ed1c \u0111\u1ed9 k\u1ebft tinh nhanh v\u00e0 \u0111\u1ed9 b\u1ec1n li\u00ean k\u1ebft cao \u1edf nhi\u1ec7t \u0111\u1ed9 ph\u00f2ng. M\u1eadt \u0111\u1ed9 l\u00e0 1,23. N\u00f3 t\u01b0\u01a1ng t\u1ef1 nh\u01b0 ph\u1ea1m vi A c\u1ee7a Denka l\u00e0 A-90 v\u00e0 ph\u1ea1m vi AD neoprene c\u1ee7a Du Pont l\u00e0 AD-20.<\/p>\n<p>&nbsp;<\/p>\n<p style=\"text-align: center;\"><strong>D\u00f2ng CR 232<\/strong><\/p>\n<table>\n<tbody>\n<tr>\n<td width=\"344\">M\u1ee5c<\/td>\n<td colspan=\"3\" width=\"585\">M\u1ee5c l\u1ee5c<\/td>\n<\/tr>\n<tr>\n<td width=\"344\"><strong>\u00a0<\/strong><\/p>\n<p>\u0110\u1ed9 nh\u1edbt Mooney (ML 100\u2103 1+4)<\/td>\n<td width=\"181\">CR2321<\/td>\n<td width=\"182\">CR2322<\/td>\n<td width=\"221\">CR2323<\/td>\n<\/tr>\n<tr>\n<td width=\"344\"><\/td>\n<td width=\"181\">35-45<\/td>\n<td width=\"182\">46-55<\/td>\n<td width=\"221\">Theo<\/p>\n<p>nhu c\u1ea7u c\u1ee7a kh\u00e1ch h\u00e0ng<\/td>\n<\/tr>\n<tr>\n<td width=\"344\">Mooney Scorch<\/p>\n<p>(MS t<sub>5<\/sub>, ph\u00fat) \u2265<\/td>\n<td colspan=\"3\" width=\"585\">11<\/td>\n<\/tr>\n<tr>\n<td width=\"344\">\u0110\u1ed9 b\u1ec1n k\u00e9o, MPa \u2265<\/td>\n<td colspan=\"3\" width=\"585\">12<\/td>\n<\/tr>\n<tr>\n<td width=\"344\">M\u00f4 \u0111un \u1edf 500\uff05\uff0cMPa<\/td>\n<td colspan=\"3\" width=\"585\">1~5<\/td>\n<\/tr>\n<tr>\n<td width=\"344\">\u0110\u1ed9 gi\u00e3n d\u00e0i khi \u0111\u1ee9t \uff0c\uff05 \u2265<\/td>\n<td colspan=\"3\" width=\"585\">750<\/td>\n<\/tr>\n<tr>\n<td width=\"344\">Ch\u1ea5t d\u1ec5 bay h\u01a1i\uff0c\uff05 \u2264<\/td>\n<td colspan=\"3\" width=\"585\">1.2<\/td>\n<\/tr>\n<tr>\n<td width=\"344\">H\u00e0m l\u01b0\u1ee3ng tro\uff0c\uff05 \u2264<\/td>\n<td colspan=\"3\" width=\"585\">1.2<\/td>\n<\/tr>\n<\/tbody>\n<\/table>\n<p>&nbsp;<\/p>\n<hr \/>\n<p style=\"text-align: center;\"><strong>D\u00f2ng CR 244<\/strong><\/p>\n<table>\n<tbody>\n<tr>\n<td width=\"331\">M\u1ee5c<\/td>\n<td colspan=\"2\" width=\"663\">M\u1ee5c l\u1ee5c<\/td>\n<\/tr>\n<tr>\n<td width=\"331\"><strong>\u00a0<\/strong><\/p>\n<p>\u0110\u1ed9 nh\u1edbt trong dung d\u1ecbch toluen 5%, mPa.s<\/td>\n<td width=\"331\">CR2441<\/td>\n<td width=\"331\">25-34<\/td>\n<\/tr>\n<tr>\n<td width=\"331\"><\/td>\n<td width=\"331\">CR2442<\/td>\n<td width=\"331\">35-53<\/td>\n<\/tr>\n<tr>\n<td width=\"331\"><\/td>\n<td width=\"331\">CR2443<\/td>\n<td width=\"331\">54-75<\/td>\n<\/tr>\n<tr>\n<td width=\"331\"><\/td>\n<td width=\"331\">CR2444<\/td>\n<td width=\"331\">76-115<\/td>\n<\/tr>\n<tr>\n<td width=\"331\"><\/td>\n<td width=\"331\">CR244A<\/td>\n<td width=\"331\">116-140<\/td>\n<\/tr>\n<tr>\n<td width=\"331\"><\/td>\n<td width=\"331\">CR244B<\/td>\n<td width=\"331\">\u2265 141<\/td>\n<\/tr>\n<tr>\n<td width=\"331\">\u0110\u1ed9 b\u1ec1n b\u00f3c, N\/cm<\/p>\n<p>\u2265<\/td>\n<td colspan=\"2\" width=\"663\">90<\/td>\n<\/tr>\n<tr>\n<td width=\"331\">D\u1ec5 bay h\u01a1i\uff0c% \u2264<\/td>\n<td colspan=\"2\" width=\"663\">1.5<\/td>\n<\/tr>\n<tr>\n<td width=\"331\">Tro\uff0c% \u2264<\/td>\n<td colspan=\"2\" width=\"663\">1.5<\/td>\n<\/tr>\n<\/tbody>\n<\/table>\n<p>&nbsp;<\/p>\n<p><strong>\u1ee8ng d\u1ee5ng<\/strong><\/p>\n<p>\u0110\u1ec3 l\u00e0m keo d\u00e1n Chloroprene. Keo d\u00e1n Chloroprene \u0111\u01b0\u1ee3c s\u1eed d\u1ee5ng \u0111\u1ec3 li\u00ean k\u1ebft cao su, da, s\u1ee3i, kim lo\u1ea1i, g\u1ed7, s\u1ea3n ph\u1ea9m xi m\u0103ng, v.v.<\/p>\n<p><strong>\u0110\u00f3ng g\u00f3i<\/strong><\/p>\n<p>25KG\/T\u00daI<\/p>","protected":false},"excerpt":{"rendered":"<p>T\u00ean s\u1ea3n ph\u1ea9m: Cao su cloropren<br \/>\nS\u1ed1 CAS: 9010-98-4<br \/>\nMF\uff1aC4H5Cl<br \/>\nS\u1ed1 EINECS: 618-463-8<br \/>\nNgo\u1ea1i h\u00ecnh: C\u00e1c m\u1ea3nh v\u1ee5n m\u00e0u tr\u1eafng s\u1eefa<\/p>","protected":false},"featured_media":2201,"template":"","meta":{"_acf_changed":false,"_gspb_post_css":""},"product_brand":[],"product_cat":[62,76],"product_tag":[],"class_list":{"0":"post-2199","1":"product","2":"type-product","3":"status-publish","4":"has-post-thumbnail","6":"product_cat-rubberplastic-ingredients","7":"product_cat-others","9":"first","10":"instock","11":"shipping-taxable","12":"product-type-simple"},"acf":[],"_links":{"self":[{"href":"https:\/\/wpachem.com\/vi\/wp-json\/wp\/v2\/product\/2199","targetHints":{"allow":["GET"]}}],"collection":[{"href":"https:\/\/wpachem.com\/vi\/wp-json\/wp\/v2\/product"}],"about":[{"href":"https:\/\/wpachem.com\/vi\/wp-json\/wp\/v2\/types\/product"}],"version-history":[{"count":0,"href":"https:\/\/wpachem.com\/vi\/wp-json\/wp\/v2\/product\/2199\/revisions"}],"wp:featuredmedia":[{"embeddable":true,"href":"https:\/\/wpachem.com\/vi\/wp-json\/wp\/v2\/media\/2201"}],"wp:attachment":[{"href":"https:\/\/wpachem.com\/vi\/wp-json\/wp\/v2\/media?parent=2199"}],"wp:term":[{"taxonomy":"product_brand","embeddable":true,"href":"https:\/\/wpachem.com\/vi\/wp-json\/wp\/v2\/product_brand?post=2199"},{"taxonomy":"product_cat","embeddable":true,"href":"https:\/\/wpachem.com\/vi\/wp-json\/wp\/v2\/product_cat?post=2199"},{"taxonomy":"product_tag","embeddable":true,"href":"https:\/\/wpachem.com\/vi\/wp-json\/wp\/v2\/product_tag?post=2199"}],"curies":[{"name":"wp","href":"https:\/\/api.w.org\/{rel}","templated":true}]}}