{"id":2206,"date":"2022-07-05T15:05:22","date_gmt":"2022-07-05T15:05:22","guid":{"rendered":"http:\/\/site2.easyceotech.com\/?post_type=product&#038;p=2206"},"modified":"2024-03-12T08:11:25","modified_gmt":"2024-03-12T08:11:25","slug":"epoxy-resin","status":"publish","type":"product","link":"https:\/\/wpachem.com\/vi\/product\/epoxy-resin\/","title":{"rendered":"Nh\u1ef1a Epoxy"},"content":{"rendered":"<p><strong>\u0110\u1eb7c tr\u01b0ng:<\/strong><\/p>\n<p>Nh\u1ef1a Epoxy, \u0111\u01b0\u1ee3c g\u1ecdi l\u00e0 EP, l\u00e0 thu\u1eadt ng\u1eef chung cho c\u00e1c lo\u1ea1i nh\u1ef1a c\u00f3 ch\u1ee9a hai ho\u1eb7c nhi\u1ec1u nh\u00f3m epoxy trong c\u1ea5u tr\u00fac ph\u00e2n t\u1eed c\u1ee7a ch\u00fang. B\u1ea5t k\u1ec3 \u0111\u1ed9 d\u00e0i hay chi\u1ec1u d\u00e0i c\u1ee7a ph\u00e2n t\u1eed, hai \u0111\u1ea7u c\u1ee7a li\u00ean k\u1ebft v\u1ec1 c\u01a1 b\u1ea3n l\u00e0 nh\u00f3m epoxy v\u00e0 m\u1ee9c \u0111\u1ed9 ch\u1ee9c n\u0103ng c\u1ee7a nh\u00f3m epoxy l\u00e0 2. Sau khi li\u00ean k\u1ebft ch\u00e9o v\u1edbi ch\u1ea5t \u0111\u00f3ng r\u1eafn, n\u00f3 c\u00f3 th\u1ec3 t\u1ea1o th\u00e0nh c\u1ea5u tr\u00fac m\u1ea1ng ba chi\u1ec1u, v\u00ec v\u1eady nh\u1ef1a epoxy l\u00e0 m\u1ed9t lo\u1ea1i h\u1ee3p ch\u1ea5t polyme. Theo m\u1ee9c \u0111\u1ed9 tr\u00f9ng h\u1ee3p, c\u00f3 th\u1ec3 chia th\u00e0nh d\u1ea1ng l\u1ecfng ho\u1eb7c d\u1ea1ng r\u1eafn. V\u00ec nh\u00f3m epoxy l\u00e0 v\u00f2ng ba th\u00e0nh ph\u1ea7n, v\u00f2ng ba th\u00e0nh ph\u1ea7n n\u00e0y d\u1ec5 m\u1edf v\u00e0 c\u00f3 kh\u1ea3 n\u0103ng ph\u1ea3n \u1ee9ng m\u1ea1nh, nhi\u1ec1u \u0111\u1eb7c t\u00ednh c\u1ee7a nh\u1ef1a epoxy b\u1eaft ngu\u1ed3n t\u1eeb \u0111i\u1ec1u n\u00e0y. Lo\u1ea1i nh\u1ef1a epoxy quan tr\u1ecdng nh\u1ea5t l\u00e0 nh\u1ef1a epoxy propyl ether lo\u1ea1i epichlorohydrin v\u00e0 bisphenol A tr\u00f9ng ng\u01b0ng; Ngo\u00e0i ra, c\u00f2n c\u00f3 nh\u1ef1a epoxy \u0111\u01b0\u1ee3c t\u1ea1o ra b\u1eb1ng c\u00e1ch ph\u1ea3n \u1ee9ng v\u1edbi c\u00e1c h\u1ee3p ch\u1ea5t c\u00f3 ch\u1ee9a li\u00ean k\u1ebft anken.<\/p>\n<table>\n<tbody>\n<tr>\n<td>Th\u00f4ng tin<\/td>\n<td colspan=\"3\" width=\"702\">Nh\u1ef1a Epoxy c\u00f4ng nghi\u1ec7p CNMI AR-1 l\u00e0 m\u1ed9t lo\u1ea1i nh\u1ef1a epoxy \u0111\u01b0\u1ee3c x\u1eed l\u00fd \u1edf nhi\u1ec7t \u0111\u1ed9 ph\u00f2ng v\u00e0 nhi\u1ec7t \u0111\u1ed9 th\u1ea5p. N\u00f3 c\u00f3 nhi\u1ec7t l\u01b0\u1ee3ng th\u1ea5p<br \/>\ngi\u00e1 tr\u1ecb, \u0111\u1ed9 m\u1ecbn t\u1ed1t, kh\u1ea3 n\u0103ng ch\u1ed1ng t\u1ea1o b\u1ecdt t\u1ef1 nhi\u00ean, \u0111\u1ed9 nh\u1edbt th\u1ea5p, \u0111\u1ed9 b\u1ec1n cao v\u00e0 \u0111\u1ed9 c\u1ee9ng cao. C\u00f3 th\u1ec3 l\u01b0u h\u00f3a \u1edf nhi\u1ec7t \u0111\u1ed9 ph\u00f2ng ho\u1eb7c<br \/>\ns\u01b0\u1edfi \u1ea5m.<\/td>\n<td width=\"89\"><\/td>\n<\/tr>\n<tr>\n<td width=\"82\"><\/td>\n<td>\u0110\u1eb7c \u0111i\u1ec3m k\u1ef9 thu\u1eadt<br \/>\n(1)<\/td>\n<td>Nh\u1ef1a Epoxy<\/td>\n<td width=\"384\">AR-1A<\/td>\n<td width=\"89\">Ti\u00eau chu\u1ea9n<\/td>\n<\/tr>\n<tr>\n<td width=\"82\"><\/td>\n<td><\/td>\n<td>V\u1ebb b\u1ec1 ngo\u00e0i<\/td>\n<td width=\"384\">Ch\u1ea5t l\u1ecfng trong su\u1ed1t kh\u00f4ng m\u00e0u<\/td>\n<td width=\"89\">&#8212;&#8212;-<\/td>\n<\/tr>\n<tr>\n<td width=\"82\"><\/td>\n<td><\/td>\n<td>\u0110\u1ed9 nh\u1edbt (mPa.s 25\u2103)<\/td>\n<td width=\"384\">500-1000<\/td>\n<td width=\"89\">GB\/T 22314-2008<\/td>\n<\/tr>\n<tr>\n<td width=\"82\"><\/td>\n<td><\/td>\n<td>Tr\u1ecdng l\u01b0\u1ee3ng ri\u00eang 25\u2103<\/td>\n<td width=\"384\">1.05<\/td>\n<td width=\"89\">Ti\u00eau chu\u1ea9n GB\/T 4612-2008<\/td>\n<\/tr>\n<tr>\n<td width=\"82\"><\/td>\n<td><\/td>\n<td>Ch\u1ea5t l\u00e0m c\u1ee9ng<\/td>\n<td width=\"384\">AR-1B<\/td>\n<td width=\"89\">Ti\u00eau chu\u1ea9n<\/td>\n<\/tr>\n<tr>\n<td width=\"82\"><\/td>\n<td><\/td>\n<td>V\u1ebb b\u1ec1 ngo\u00e0i<\/td>\n<td width=\"384\">Ch\u1ea5t l\u1ecfng trong su\u1ed1t kh\u00f4ng m\u00e0u<\/td>\n<td width=\"89\">&#8212;&#8212;&#8211;<\/td>\n<\/tr>\n<tr>\n<td width=\"82\"><\/td>\n<td><\/td>\n<td>\u0110\u1ed9 nh\u1edbt (mPa.s 25\u2103)<\/td>\n<td width=\"384\">100<\/td>\n<td width=\"89\">GB\/T 22314-2008<\/td>\n<\/tr>\n<tr>\n<td width=\"82\"><\/td>\n<td><\/td>\n<td>Tr\u1ecdng l\u01b0\u1ee3ng ri\u00eang 25\u2103<\/td>\n<td width=\"384\">0.96<\/td>\n<td width=\"89\">Ti\u00eau chu\u1ea9n GB\/T 4612-2008<\/td>\n<\/tr>\n<\/tbody>\n<\/table>\n<p>&nbsp;<\/p>\n<p><strong>\u1ee8ng d\u1ee5ng<\/strong><\/p>\n<p>Nh\u1ef1a Epoxy \u0111\u01b0\u1ee3c s\u1eed d\u1ee5ng r\u1ed9ng r\u00e3i l\u00e0m ch\u1ea5t k\u1ebft d\u00ednh, v\u1eadt li\u1ec7u ch\u1ed1ng \u0103n m\u00f2n, l\u1edbp ph\u1ee7 c\u00e1ch \u0111i\u1ec7n, v\u1eadt li\u1ec7u c\u00e1n m\u1ecfng, v\u1eadt li\u1ec7u \u0111\u00fac v\u00e0 t\u1ea9m, v\u1eadt li\u1ec7u \u0111\u00fac, v.v. N\u00f3 c\u0169ng c\u00f3 th\u1ec3 \u0111\u01b0\u1ee3c s\u1eed d\u1ee5ng l\u00e0m nh\u1ef1a gia c\u01b0\u1eddng s\u1ee3i th\u1ee7y tinh, c\u00e1c b\u1ed9 ph\u1eadn ch\u00ednh x\u00e1c v\u1ec1 \u0111i\u1ec7n, v\u1eadt li\u1ec7u ch\u1ed1ng s\u1ed1c v\u00e0 h\u1ea5p th\u1ee5 \u00e2m thanh, ch\u1ea5t ho\u00e0n thi\u1ec7n d\u1ec7t may. V\u1ec1 m\u1eb7t l\u1edbp ph\u1ee7, n\u00f3 ch\u1ee7 y\u1ebfu \u0111\u01b0\u1ee3c s\u1eed d\u1ee5ng l\u00e0m l\u1edbp ph\u1ee7 b\u1ea3o v\u1ec7 kim lo\u1ea1i cho t\u00e0u thuy\u1ec1n, c\u00e1c th\u00e0nh ph\u1ea7n s\u1eaft v\u00e0 th\u00e9p, th\u00f9ng ch\u1ee9a kim lo\u1ea1i, v.v. Ngo\u00e0i ra, nh\u01b0 m\u1ed9t ch\u1ea5t mang l\u1edbp ph\u1ee7 \u0111i\u1ec7n di cation, n\u00f3 \u0111\u01b0\u1ee3c s\u1eed d\u1ee5ng r\u1ed9ng r\u00e3i trong l\u1edbp ph\u1ee7 \u0111\u00e1y c\u1ee7a th\u00e2n \u00f4 t\u00f4. N\u00f3 \u0111\u01b0\u1ee3c s\u1eed d\u1ee5ng r\u1ed9ng r\u00e3i l\u00e0m s\u01a1n c\u00e1ch \u0111i\u1ec7n, v\u1eadt li\u1ec7u phun v\u00e0 v\u1eadt li\u1ec7u \u0111\u00fac trong c\u00e1c thi\u1ebft b\u1ecb \u0111i\u1ec7n, \u0111\u1eb7c bi\u1ec7t l\u00e0 trong ng\u00e0nh c\u00f4ng nghi\u1ec7p \u0111i\u1ec7n t\u1eed. Ngo\u00e0i t\u1ea5m \u00e9p, n\u00f3 \u0111\u01b0\u1ee3c s\u1eed d\u1ee5ng r\u1ed9ng r\u00e3i l\u00e0m v\u1eadt li\u1ec7u LSI, IC v\u00e0 c\u00e1c v\u1eadt li\u1ec7u b\u1ecbt k\u00edn kh\u00e1c. Trong x\u00e2y d\u1ef1ng d\u00e2n d\u1ee5ng, n\u00f3 \u0111\u01b0\u1ee3c s\u1eed d\u1ee5ng l\u00e0m v\u1eadt li\u1ec7u ch\u1ed1ng tr\u01b0\u1ee3t, v\u1eadt li\u1ec7u s\u00e0n v\u00e0 v\u1eadt li\u1ec7u v\u1eefa \u0111\u1ec3 \u0111\u00fac \u0111\u01b0\u1eddng b\u00ea t\u00f4ng; L\u00e0 m\u1ed9t ch\u1ea5t k\u1ebft d\u00ednh, c\u00f3 \u0111\u1ed9 b\u00e1m d\u00ednh t\u1ed1t \u0111\u01b0\u1ee3c s\u1eed d\u1ee5ng r\u1ed9ng r\u00e3i trong li\u00ean k\u1ebft kim lo\u1ea1i v\u00e0 v\u1eadt li\u1ec7u phi kim lo\u1ea1i (nh\u01b0 g\u1ed1m s\u1ee9, th\u1ee7y tinh, g\u1ed7, v.v.); C\u0169ng \u0111\u01b0\u1ee3c s\u1eed d\u1ee5ng l\u00e0m nh\u1ef1a, ch\u1ea5t \u1ed5n \u0111\u1ecbnh PVC; L\u1edbp l\u00f3t d\u1ec7t \u0111\u1ec3 ch\u1ed1ng nh\u0103n v\u00e0 co ng\u00f3t.<\/p>\n<p><strong>\u0110\u00f3ng g\u00f3i<\/strong><\/p>\n<p>25KG\/TR\u1ed0NG<\/p>","protected":false},"excerpt":{"rendered":"<p>T\u00ean s\u1ea3n ph\u1ea9m: Nh\u1ef1a Epoxy<br \/>\nS\u1ed1 CAS: 61788-97-4<br \/>\nMF\uff1aC21H23ClFNO2<br \/>\nS\u1ed1 EINECS:\/<br \/>\nNgo\u1ea1i h\u00ecnh: Ch\u1ea5t l\u1ecfng trong su\u1ed1t kh\u00f4ng m\u00e0u<\/p>","protected":false},"featured_media":2212,"template":"","meta":{"_acf_changed":false,"_gspb_post_css":""},"product_brand":[],"product_cat":[62,76],"product_tag":[],"class_list":{"0":"post-2206","1":"product","2":"type-product","3":"status-publish","4":"has-post-thumbnail","6":"product_cat-rubberplastic-ingredients","7":"product_cat-others","9":"first","10":"instock","11":"shipping-taxable","12":"product-type-simple"},"acf":[],"_links":{"self":[{"href":"https:\/\/wpachem.com\/vi\/wp-json\/wp\/v2\/product\/2206","targetHints":{"allow":["GET"]}}],"collection":[{"href":"https:\/\/wpachem.com\/vi\/wp-json\/wp\/v2\/product"}],"about":[{"href":"https:\/\/wpachem.com\/vi\/wp-json\/wp\/v2\/types\/product"}],"version-history":[{"count":0,"href":"https:\/\/wpachem.com\/vi\/wp-json\/wp\/v2\/product\/2206\/revisions"}],"wp:featuredmedia":[{"embeddable":true,"href":"https:\/\/wpachem.com\/vi\/wp-json\/wp\/v2\/media\/2212"}],"wp:attachment":[{"href":"https:\/\/wpachem.com\/vi\/wp-json\/wp\/v2\/media?parent=2206"}],"wp:term":[{"taxonomy":"product_brand","embeddable":true,"href":"https:\/\/wpachem.com\/vi\/wp-json\/wp\/v2\/product_brand?post=2206"},{"taxonomy":"product_cat","embeddable":true,"href":"https:\/\/wpachem.com\/vi\/wp-json\/wp\/v2\/product_cat?post=2206"},{"taxonomy":"product_tag","embeddable":true,"href":"https:\/\/wpachem.com\/vi\/wp-json\/wp\/v2\/product_tag?post=2206"}],"curies":[{"name":"wp","href":"https:\/\/api.w.org\/{rel}","templated":true}]}}