{"id":2213,"date":"2022-07-05T15:10:34","date_gmt":"2022-07-05T15:10:34","guid":{"rendered":"http:\/\/site2.easyceotech.com\/?post_type=product&#038;p=2213"},"modified":"2024-06-12T05:32:52","modified_gmt":"2024-06-12T05:32:52","slug":"titanium-dioxide","status":"publish","type":"product","link":"https:\/\/wpachem.com\/vi\/product\/titanium-dioxide\/","title":{"rendered":"Titan Dioxide Lomon R-996"},"content":{"rendered":"<p>B\u1ed9t m\u00e0u LOMON\u00ae R-996 l\u00e0 b\u1ed9t m\u00e0u titanium dioxide rutile \u0111\u01b0\u1ee3c x\u1eed l\u00fd b\u1eb1ng zirconia v\u00e0 alumina \u0111\u01b0\u1ee3c s\u1ea3n xu\u1ea5t theo quy tr\u00ecnh sunfat. \u0110\u00e2y l\u00e0 lo\u1ea1i b\u1ed9t m\u00e0u c\u00f3 \u0111\u1ed9 b\u1ec1n cao, \u0111a n\u0103ng, ph\u00f9 h\u1ee3p v\u1edbi nhi\u1ec1u \u1ee9ng d\u1ee5ng kh\u00e1c nhau. Ki\u1ec3m so\u00e1t c\u1ea9n th\u1eadn k\u00edch th\u01b0\u1edbc h\u1ea1t TiO2 trong qu\u00e1 tr\u00ecnh s\u1ea3n xu\u1ea5t b\u1ed9t m\u00e0u LOMON\u00ae R-996 t\u1ea1o ra \u0111\u1ed9 s\u00e1ng t\u1ed1t, \u0111\u1ed9 m\u1edd \u0111\u1ee5c cao v\u00e0 kh\u1ea3 n\u0103ng ph\u00e2n t\u00e1n d\u1ec5 d\u00e0ng.<\/p>\n<table>\n<tbody>\n<tr>\n<td width=\"262\">TH\u00d4NG S\u1ed0<\/td>\n<td width=\"264\">GI\u00c1 TR\u1eca<\/td>\n<td width=\"262\">PH\u01af\u01a0NG PH\u00c1P KI\u1ec2M TRA<\/td>\n<\/tr>\n<tr>\n<td width=\"262\">H\u00e0m l\u01b0\u1ee3ng TiO2<\/td>\n<td width=\"264\">95%<\/td>\n<td width=\"262\">X-quang<\/td>\n<\/tr>\n<tr>\n<td width=\"262\">L\u1edbp ph\u1ee7 v\u00f4 c\u01a1<\/td>\n<td width=\"264\">Nh\u00f4m oxit; Zirconia<\/td>\n<td width=\"262\">&#8211;<\/td>\n<\/tr>\n<tr>\n<td width=\"262\">X\u1eed l\u00fd h\u1eefu c\u01a1<\/td>\n<td width=\"264\">Hi\u1ec7n t\u1ea1i<\/td>\n<td width=\"262\">&#8211;<\/td>\n<\/tr>\n<tr>\n<td width=\"262\">\u0110\u1ed9 \u1ea9m khi \u0111\u00f3ng g\u00f3i*<\/td>\n<td width=\"264\">0,5% t\u1ed1i \u0111a<\/td>\n<td width=\"262\">Ti\u00eau chu\u1ea9n ISO787-2<\/td>\n<\/tr>\n<tr>\n<td width=\"262\">Kh\u1ed1i l\u01b0\u1ee3ng ri\u00eang (\u0111\u00e3 n\u00e9n ch\u1eb7t)<\/td>\n<td width=\"264\">1,2g\/cm3<\/td>\n<td width=\"262\">Ti\u00eau chu\u1ea9n ISO787-11<\/td>\n<\/tr>\n<tr>\n<td width=\"262\">H\u1ea5p th\u1ee5 d\u1ea7u<\/td>\n<td width=\"264\">18g\/100g<\/td>\n<td width=\"262\">Ti\u00eau chu\u1ea9n ISO787-5<\/td>\n<\/tr>\n<tr>\n<td width=\"262\">\u0111\u1ed9 pH<\/td>\n<td width=\"264\">7.0<\/td>\n<td width=\"262\">Ti\u00eau chu\u1ea9n ISO787-9<\/td>\n<\/tr>\n<tr>\n<td width=\"262\">Tr\u1ecdng l\u01b0\u1ee3ng ri\u00eang<\/td>\n<td width=\"264\">4,1g\/cm3<\/td>\n<td width=\"262\">Ti\u00eau chu\u1ea9n ISO787-10<\/td>\n<\/tr>\n<tr>\n<td width=\"262\">Ph\u00e2n lo\u1ea1i ISO 591<\/td>\n<td width=\"264\">R2<\/td>\n<td width=\"262\">&#8211;<\/td>\n<\/tr>\n<tr>\n<td width=\"262\">S\u1ed1 CAS<\/td>\n<td width=\"264\">13463-67-7<\/td>\n<td width=\"262\">&#8211;<\/td>\n<\/tr>\n<tr>\n<td width=\"262\">Ch\u1ec9 s\u1ed1 m\u00e0u<\/td>\n<td width=\"264\">S\u1eafc t\u1ed1 tr\u1eafng 6<\/td>\n<td width=\"262\">&#8211;<\/td>\n<\/tr>\n<\/tbody>\n<\/table>\n<p>&nbsp;<\/p>\n<p><strong>\u1ee8ng d\u1ee5ng<\/strong><\/p>\n<p>L\u1edbp ph\u1ee7 c\u00f4ng nghi\u1ec7p<br \/>\nL\u1edbp ph\u1ee7 b\u1ed9t<br \/>\nL\u1edbp ph\u1ee7 ki\u1ebfn tr\u00fac b\u00ean ngo\u00e0i v\u00e0 b\u00ean trong<\/p>\n<p><strong>\u0110\u00f3ng g\u00f3i: <\/strong>25 KG\/T\u00daI, 500 Kg\/T\u00daI, 1000 KG\/T\u00daI<\/p>","protected":false},"excerpt":{"rendered":"<p>T\u00ean s\u1ea3n ph\u1ea9m\uff1aTitanium dioxide Lomon R-996<br \/>\nS\u1ed1 CAS: 1317-80-2<br \/>\nMF\uff1aTio2<br \/>\nS\u1ed1 EINECS: 215-282-2<br \/>\nNgo\u1ea1i quan: B\u1ed9t m\u00e0u tr\u1eafng<\/p>","protected":false},"featured_media":2214,"template":"","meta":{"_acf_changed":false,"_gspb_post_css":""},"product_brand":[],"product_cat":[67,54,66],"product_tag":[],"class_list":{"0":"post-2213","1":"product","2":"type-product","3":"status-publish","4":"has-post-thumbnail","6":"product_cat-sulfate-process","7":"product_cat-inorganic-pigments","8":"product_cat-titanium-dioxide","10":"first","11":"instock","12":"shipping-taxable","13":"product-type-simple"},"acf":[],"_links":{"self":[{"href":"https:\/\/wpachem.com\/vi\/wp-json\/wp\/v2\/product\/2213","targetHints":{"allow":["GET"]}}],"collection":[{"href":"https:\/\/wpachem.com\/vi\/wp-json\/wp\/v2\/product"}],"about":[{"href":"https:\/\/wpachem.com\/vi\/wp-json\/wp\/v2\/types\/product"}],"version-history":[{"count":0,"href":"https:\/\/wpachem.com\/vi\/wp-json\/wp\/v2\/product\/2213\/revisions"}],"wp:featuredmedia":[{"embeddable":true,"href":"https:\/\/wpachem.com\/vi\/wp-json\/wp\/v2\/media\/2214"}],"wp:attachment":[{"href":"https:\/\/wpachem.com\/vi\/wp-json\/wp\/v2\/media?parent=2213"}],"wp:term":[{"taxonomy":"product_brand","embeddable":true,"href":"https:\/\/wpachem.com\/vi\/wp-json\/wp\/v2\/product_brand?post=2213"},{"taxonomy":"product_cat","embeddable":true,"href":"https:\/\/wpachem.com\/vi\/wp-json\/wp\/v2\/product_cat?post=2213"},{"taxonomy":"product_tag","embeddable":true,"href":"https:\/\/wpachem.com\/vi\/wp-json\/wp\/v2\/product_tag?post=2213"}],"curies":[{"name":"wp","href":"https:\/\/api.w.org\/{rel}","templated":true}]}}