{"id":2219,"date":"2022-07-05T15:14:26","date_gmt":"2022-07-05T15:14:26","guid":{"rendered":"http:\/\/site2.easyceotech.com\/?post_type=product&#038;p=2219"},"modified":"2024-03-12T08:11:15","modified_gmt":"2024-03-12T08:11:15","slug":"iron-oxide-red","status":"publish","type":"product","link":"https:\/\/wpachem.com\/vi\/product\/iron-oxide-red\/","title":{"rendered":"S\u1eaft oxit \u0111\u1ecf"},"content":{"rendered":"<p>B\u1ed9t m\u00e0u oxit s\u1eaft l\u00e0 h\u1ee3p ch\u1ea5t h\u00f3a h\u1ecdc c\u00f3 c\u00f4ng th\u1ee9c Fe3O4, l\u00e0 b\u1ed9t m\u00e0u v\u00f4 c\u01a1, c\u00f3 \u0111\u1ed9 \u1ed5n \u0111\u1ecbnh h\u00f3a h\u1ecdc, \u0111\u1ed9 b\u1ec1n m\u00e0u cao, ph\u00e2n t\u00e1n m\u1ecbn v\u00e0 kh\u1ea3 n\u0103ng ch\u1ed1ng \u00e1nh s\u00e1ng, ch\u1ed1ng ch\u1ecbu th\u1eddi ti\u1ebft tuy\u1ec7t v\u1eddi, \u0111\u01b0\u1ee3c s\u1eed d\u1ee5ng r\u1ed9ng r\u00e3i trong s\u01a1n, v\u1eadt li\u1ec7u x\u00e2y d\u1ef1ng, v\u1edbi ph\u1ea1m vi th\u1ecb tr\u01b0\u1eddng r\u1ed9ng.<\/p>\n<table>\n<tbody>\n<tr>\n<td width=\"266\"><strong>Th\u00f4ng s\u1ed1 k\u1ef9 thu\u1eadt<\/strong><\/td>\n<td width=\"315\">N\u1ed9i dung (Fe2O3\u00b7 \u03b1 H2O)<\/td>\n<td width=\"130\">%<\/td>\n<td width=\"142\">\u226596<\/td>\n<td width=\"254\">Ti\u00eau chu\u1ea9n ISO1248<\/td>\n<\/tr>\n<tr>\n<td width=\"266\"><\/td>\n<td width=\"315\">H\u1ea5p th\u1ee5 d\u1ea7u<\/td>\n<td width=\"130\">ml\/100g<\/td>\n<td width=\"142\">15~25<\/td>\n<td width=\"254\">ISO787-5<\/td>\n<\/tr>\n<tr>\n<td width=\"266\"><\/td>\n<td width=\"315\">Res. tr\u00ean l\u01b0\u1edbi 325<\/td>\n<td width=\"130\">%<\/td>\n<td width=\"142\">\u22640,3<\/td>\n<td width=\"254\">ISO787-7<\/td>\n<\/tr>\n<tr>\n<td width=\"266\"><\/td>\n<td width=\"315\">Mu\u1ed1i h\u00f2a tan trong n\u01b0\u1edbc<\/td>\n<td width=\"130\">%<\/td>\n<td width=\"142\">\u22640,3<\/td>\n<td width=\"254\">ISO787-3<\/td>\n<\/tr>\n<tr>\n<td width=\"266\"><\/td>\n<td width=\"315\">\u0110\u1ed9 \u1ea9m<\/td>\n<td width=\"130\">%<\/td>\n<td width=\"142\">\u22641.0<\/td>\n<td width=\"254\">ISO787-2<\/td>\n<\/tr>\n<tr>\n<td width=\"266\"><\/td>\n<td width=\"315\">gi\u00e1 tr\u1ecb pH<\/td>\n<td width=\"130\"><\/td>\n<td width=\"142\">3~7<\/td>\n<td width=\"254\">ISO787-9<\/td>\n<\/tr>\n<tr>\n<td width=\"266\"><\/td>\n<td width=\"315\">M\u1ea5t l\u1eeda (1.000<sup>\u00f4i<\/sup>C, \u00bd gi\u1edd)<\/td>\n<td width=\"130\">%<\/td>\n<td width=\"142\">\u22641.0<\/td>\n<td width=\"254\">DIN55913<\/td>\n<\/tr>\n<tr>\n<td width=\"266\"><\/td>\n<td width=\"315\">M\u1eadt \u0111\u1ed9 kh\u1ed1i<\/td>\n<td width=\"130\">g\/cm<sup>3<\/sup><\/td>\n<td width=\"142\">0.7~1.1<\/td>\n<td width=\"254\">ISO787-11<\/td>\n<\/tr>\n<tr>\n<td width=\"266\"><\/td>\n<td width=\"315\">Tr\u1ecdng l\u01b0\u1ee3ng ri\u00eang<\/td>\n<td width=\"130\">g\/cm<sup>3<\/sup><\/td>\n<td width=\"142\">5.0<\/td>\n<td width=\"254\">ISO787-10<\/td>\n<\/tr>\n<tr>\n<td width=\"266\"><\/td>\n<td width=\"315\">K\u00edch th\u01b0\u1edbc h\u1ea1t BET<\/td>\n<td width=\"130\">\u03bcm<\/td>\n<td width=\"142\">0.17<\/td>\n<td width=\"254\">K\u00ednh hi\u1ec3n vi \u0111i\u1ec7n t\u1eed<\/td>\n<\/tr>\n<tr>\n<td width=\"266\"><\/td>\n<td width=\"315\">Kh\u1ea3 n\u0103ng ph\u00e2n t\u00e1n (Hegman)<\/td>\n<td width=\"130\">\u03bcm<\/td>\n<td width=\"142\">20\/25\/30<\/td>\n<td width=\"254\">ISO787-20<\/td>\n<\/tr>\n<tr>\n<td width=\"266\"><\/td>\n<td width=\"315\">\u0110\u1ed9 b\u1ec1n m\u00e0u (So v\u1edbi ti\u00eau chu\u1ea9n)<\/td>\n<td width=\"130\">%<\/td>\n<td width=\"142\">95~105<\/td>\n<td width=\"254\">ISO787-24<\/td>\n<\/tr>\n<tr>\n<td width=\"266\"><\/td>\n<td width=\"315\">S\u1ef1 kh\u00e1c bi\u1ec7t m\u00e0u s\u1eafc \u25b3E<\/p>\n<p>(So s\u00e1nh v\u1edbi Ti\u00eau chu\u1ea9n)<\/td>\n<td width=\"130\"><\/td>\n<td width=\"142\">\u22641.0<\/td>\n<td width=\"254\">ISO787-1<\/td>\n<\/tr>\n<\/tbody>\n<\/table>\n<p>&nbsp;<\/p>\n<p><strong>\u1ee8ng d\u1ee5ng<\/strong><\/p>\n<p>Trong ng\u00e0nh v\u1eadt li\u1ec7u x\u00e2y d\u1ef1ng, oxit s\u1eaft ch\u1ee7 y\u1ebfu \u0111\u01b0\u1ee3c s\u1eed d\u1ee5ng cho xi m\u0103ng m\u00e0u, g\u1ea1ch l\u00e1t s\u00e0n xi m\u0103ng m\u00e0u, g\u1ea1ch xi m\u0103ng m\u00e0u, g\u1ea1ch men gi\u1ea3, g\u1ea1ch l\u00e1t s\u00e0n b\u00ea t\u00f4ng, v\u1eefa m\u00e0u, nh\u1ef1a \u0111\u01b0\u1eddng m\u00e0u, \u0111\u00e1 m\u00e0i, g\u1ea1ch kh\u1ea3m, \u0111\u00e1 c\u1ea9m th\u1ea1ch nh\u00e2n t\u1ea1o v\u00e0 s\u01a1n t\u01b0\u1eddng, v.v. \u0110\u01b0\u1ee3c s\u1eed d\u1ee5ng cho t\u1ea5t c\u1ea3 c\u00e1c lo\u1ea1i s\u01a1n t\u1ea1o m\u00e0u v\u00e0 ch\u1ea5t b\u1ea3o v\u1ec7, bao g\u1ed3m s\u01a1n ph\u1ee7 ngo\u1ea1i th\u1ea5t v\u00e0 n\u1ed9i th\u1ea5t g\u1ed1c n\u01b0\u1edbc, s\u01a1n ph\u1ee7 b\u1ed9t, v.v. N\u00f3 c\u0169ng c\u00f3 th\u1ec3 \u0111\u01b0\u1ee3c s\u1eed d\u1ee5ng cho s\u01a1n d\u1ea7u bao g\u1ed3m epoxy, alkyd, amino v\u00e0 c\u00e1c lo\u1ea1i s\u01a1n l\u00f3t v\u00e0 s\u01a1n ph\u1ee7 kh\u00e1c; C\u0169ng c\u00f3 th\u1ec3 \u0111\u01b0\u1ee3c s\u1eed d\u1ee5ng cho s\u01a1n \u0111\u1ed3 ch\u01a1i, s\u01a1n trang tr\u00ed, s\u01a1n \u0111\u1ed3 n\u1ed9i th\u1ea5t, s\u01a1n \u0111i\u1ec7n di v\u00e0 men. S\u01a1n l\u00f3t \u0111\u1ecf s\u1eaft c\u00f3 ch\u1ee9c n\u0103ng ch\u1ed1ng g\u1ec9, c\u00f3 th\u1ec3 thay th\u1ebf s\u01a1n ch\u00ec \u0111\u1ecf \u0111\u1eaft ti\u1ec1n, ti\u1ebft ki\u1ec7m kim lo\u1ea1i m\u00e0u.<\/p>\n<p>D\u00f9ng \u0111\u1ec3 t\u1ea1o m\u00e0u cho c\u00e1c s\u1ea3n ph\u1ea9m nh\u1ef1a nh\u01b0 nh\u1ef1a nhi\u1ec7t r\u1eafn v\u00e0 nh\u1ef1a nhi\u1ec7t d\u1ebbo, v\u00e0 c\u00e1c s\u1ea3n ph\u1ea9m cao su nh\u01b0 s\u0103m xe \u00f4 t\u00f4, s\u0103m m\u00e1y bay, s\u0103m xe \u0111\u1ea1p, v.v. D\u00f9ng \u0111\u1ec3 m\u00e0i v\u1eadt li\u1ec7u c\u00f3 \u0111\u1ed9 ch\u00ednh x\u00e1c cao, d\u00f9ng \u0111\u1ec3 \u0111\u00e1nh b\u00f3ng c\u00e1c d\u1ee5ng c\u1ee5 kim lo\u1ea1i ch\u00ednh x\u00e1c, k\u00ednh quang h\u1ecdc, v.v. \u0110\u1ed9 tinh khi\u1ebft cao l\u00e0 v\u1eadt li\u1ec7u c\u01a1 b\u1ea3n ch\u00ednh cho luy\u1ec7n kim b\u1ed9t, d\u00f9ng \u0111\u1ec3 n\u1ea5u ch\u1ea3y c\u00e1c lo\u1ea1i h\u1ee3p kim t\u1eeb t\u00ednh v\u00e0 c\u00e1c lo\u1ea1i th\u00e9p h\u1ee3p kim ti\u00ean ti\u1ebfn kh\u00e1c. B\u1eb1ng c\u00e1ch nung \u1edf nhi\u1ec7t \u0111\u1ed9 cao h\u1ed7n h\u1ee3p s\u1eaft sunfat ho\u1eb7c oxit s\u1eaft v\u00e0ng ho\u1eb7c s\u1eaft ch\u00e2n, ho\u1eb7c l\u00e0m tr\u1ef1c ti\u1ebfp t\u1eeb m\u00f4i tr\u01b0\u1eddng l\u1ecfng.<\/p>\n<p><strong>\u0110\u00f3ng g\u00f3i<\/strong><\/p>\n<p>25KG\/T\u00daI<\/p>","protected":false},"excerpt":{"rendered":"<p>T\u00ean s\u1ea3n ph\u1ea9m: S\u1eaft oxit \u0111\u1ecf<br \/>\nS\u1ed1 CAS: 1332-37-2<br \/>\nMF\uff1aFe2O3<br \/>\nS\u1ed1 EINECS: 215-570-8<br \/>\nNgo\u1ea1i quan: B\u1ed9t m\u00e0u \u0111\u1ecf ho\u1eb7c \u0111\u1ecf s\u1eabm<\/p>","protected":false},"featured_media":2223,"template":"","meta":{"_acf_changed":false,"_gspb_post_css":""},"product_brand":[],"product_cat":[69],"product_tag":[],"class_list":{"0":"post-2219","1":"product","2":"type-product","3":"status-publish","4":"has-post-thumbnail","6":"product_cat-more","8":"first","9":"instock","10":"shipping-taxable","11":"product-type-simple"},"acf":[],"_links":{"self":[{"href":"https:\/\/wpachem.com\/vi\/wp-json\/wp\/v2\/product\/2219","targetHints":{"allow":["GET"]}}],"collection":[{"href":"https:\/\/wpachem.com\/vi\/wp-json\/wp\/v2\/product"}],"about":[{"href":"https:\/\/wpachem.com\/vi\/wp-json\/wp\/v2\/types\/product"}],"version-history":[{"count":0,"href":"https:\/\/wpachem.com\/vi\/wp-json\/wp\/v2\/product\/2219\/revisions"}],"wp:featuredmedia":[{"embeddable":true,"href":"https:\/\/wpachem.com\/vi\/wp-json\/wp\/v2\/media\/2223"}],"wp:attachment":[{"href":"https:\/\/wpachem.com\/vi\/wp-json\/wp\/v2\/media?parent=2219"}],"wp:term":[{"taxonomy":"product_brand","embeddable":true,"href":"https:\/\/wpachem.com\/vi\/wp-json\/wp\/v2\/product_brand?post=2219"},{"taxonomy":"product_cat","embeddable":true,"href":"https:\/\/wpachem.com\/vi\/wp-json\/wp\/v2\/product_cat?post=2219"},{"taxonomy":"product_tag","embeddable":true,"href":"https:\/\/wpachem.com\/vi\/wp-json\/wp\/v2\/product_tag?post=2219"}],"curies":[{"name":"wp","href":"https:\/\/api.w.org\/{rel}","templated":true}]}}