{"id":2999,"date":"2022-08-31T07:44:22","date_gmt":"2022-08-31T07:44:22","guid":{"rendered":"http:\/\/site2.easyceotech.com\/?post_type=product&#038;p=2999"},"modified":"2024-06-12T05:32:51","modified_gmt":"2024-06-12T05:32:51","slug":"titanium-dioxide-blr-895","status":"publish","type":"product","link":"https:\/\/wpachem.com\/vi\/product\/titanium-dioxide-blr-895\/","title":{"rendered":"Titan Dioxit BLR-895"},"content":{"rendered":"<p>B\u1ed9t m\u00e0u BILLIONS\u2122 BLR-895 l\u00e0 b\u1ed9t m\u00e0u titanium dioxide c\u1ea5p l\u1edbp ph\u1ee7 \u0111\u01b0\u1ee3c s\u1ea3n xu\u1ea5t theo quy tr\u00ecnh clorua. N\u00f3 \u0111\u01b0\u1ee3c khuy\u1ebfn ngh\u1ecb cho nhi\u1ec1u \u1ee9ng d\u1ee5ng l\u1edbp ph\u1ee7. B\u1ed9t m\u00e0u BILLIONS\u2122 BLR-895 c\u00f3 hi\u1ec7u su\u1ea5t ph\u00e2n t\u00e1n v\u01b0\u1ee3t tr\u1ed9i, ph\u00e2n t\u00e1n nhanh ch\u00f3ng v\u00e0 d\u1ec5 d\u00e0ng.<\/p>\n<p>N\u00f3 c\u0169ng c\u00f3 \u0111\u1ed9 m\u1edd \u0111\u1ee5c v\u00e0 \u0111\u1ed9 b\u00f3ng tuy\u1ec7t v\u1eddi, v\u00e0 mang l\u1ea1i \u0111\u1ed9 tr\u1eafng s\u00e1ng v\u1edbi t\u00f4ng m\u00e0u xanh s\u1ea1ch. V\u1edbi l\u1edbp ph\u1ee7 b\u1ec1 m\u1eb7t v\u00f4 c\u01a1 \u0111\u01b0\u1ee3c l\u1ef1a ch\u1ecdn c\u1ea9n th\u1eadn, b\u1ed9t m\u00e0u BILLIONS\u2122 BLR-895 mang l\u1ea1i kh\u1ea3 n\u0103ng ch\u1ed1ng ch\u1ecbu th\u1eddi ti\u1ebft cao, gi\u00fap n\u00f3 linh ho\u1ea1t trong c\u1ea3 \u1ee9ng d\u1ee5ng n\u1ed9i th\u1ea5t v\u00e0 ngo\u1ea1i th\u1ea5t.<\/p>\n<p>&nbsp;<\/p>\n<table>\n<tbody>\n<tr>\n<td width=\"252\"><strong>TH\u00d4NG S\u1ed0<\/strong><\/td>\n<td width=\"252\"><strong>GI\u00c1 TR\u1eca<\/strong><\/td>\n<td width=\"252\"><strong>PH\u01af\u01a0NG PH\u00c1P KI\u1ec2M TRA<\/strong><\/td>\n<\/tr>\n<tr>\n<td width=\"252\">H\u00e0m l\u01b0\u1ee3ng Tio2<\/td>\n<td width=\"252\">93%<\/td>\n<td width=\"252\">X-quang<\/td>\n<\/tr>\n<tr>\n<td width=\"252\">L\u1edbp ph\u1ee7 v\u00f4 c\u01a1<\/td>\n<td width=\"252\">Nh\u00f4m oxit; Zirconia<\/td>\n<td width=\"252\">&#8211;<\/td>\n<\/tr>\n<tr>\n<td width=\"252\">X\u1eed l\u00fd h\u1eefu c\u01a1<\/td>\n<td width=\"252\">Hi\u1ec7n t\u1ea1i<\/td>\n<td width=\"252\">&#8211;<\/td>\n<\/tr>\n<tr>\n<td width=\"252\">\u0110\u1ed9 \u1ea9m khi \u0111\u00f3ng g\u00f3i*<\/td>\n<td width=\"252\">0,5% t\u1ed1i \u0111a<\/td>\n<td width=\"252\">Ti\u00eau chu\u1ea9n ISO787-2<\/td>\n<\/tr>\n<tr>\n<td width=\"252\">Kh\u1ed1i l\u01b0\u1ee3ng ri\u00eang (\u0111\u00e3 n\u00e9n ch\u1eb7t)<\/td>\n<td width=\"252\">1,3g\/cm3<\/td>\n<td width=\"252\">Ti\u00eau chu\u1ea9n ISO787-11<\/td>\n<\/tr>\n<tr>\n<td width=\"252\">H\u1ea5p th\u1ee5 d\u1ea7u<\/td>\n<td width=\"252\">16g\/100g<\/td>\n<td width=\"252\">Ti\u00eau chu\u1ea9n ISO787-5<\/td>\n<\/tr>\n<tr>\n<td width=\"252\">\u0111\u1ed9 pH<\/td>\n<td width=\"252\">7.4<\/td>\n<td width=\"252\">Ti\u00eau chu\u1ea9n ISO787-9<\/td>\n<\/tr>\n<tr>\n<td width=\"252\">Tr\u1ecdng l\u01b0\u1ee3ng ri\u00eang<\/td>\n<td width=\"252\">4,1g\/cm3<\/td>\n<td width=\"252\">Ti\u00eau chu\u1ea9n ISO787-10<\/td>\n<\/tr>\n<tr>\n<td width=\"252\">Ph\u00e2n lo\u1ea1i ISO 591<\/td>\n<td width=\"252\">R2<\/td>\n<td width=\"252\">&#8211;<\/td>\n<\/tr>\n<tr>\n<td width=\"252\">S\u1ed1 CAS<\/td>\n<td width=\"252\">13463-67-7<\/td>\n<td width=\"252\">&#8211;<\/td>\n<\/tr>\n<tr>\n<td width=\"252\">Ch\u1ec9 s\u1ed1 m\u00e0u<\/td>\n<td width=\"252\">S\u1eafc t\u1ed1 tr\u1eafng 6<\/td>\n<td width=\"252\">&#8211;<\/td>\n<\/tr>\n<\/tbody>\n<\/table>\n<p>&nbsp;<\/p>\n<p>\u1ee8ng d\u1ee5ng:<\/p>\n<p>1: L\u1edbp ph\u1ee7 ki\u1ebfn tr\u00fac n\u1ed9i th\u1ea5t<\/p>\n<p>2: L\u1edbp ph\u1ee7 ki\u1ebfn tr\u00fac b\u00ean ngo\u00e0i<\/p>\n<p>3: L\u1edbp ph\u1ee7 c\u00f4ng nghi\u1ec7p<\/p>\n<p>&nbsp;<\/p>\n<p>\u0110\u00f3ng g\u00f3i: Bao 25kg, bao 500kg, bao 1000kg.<\/p>","protected":false},"excerpt":{"rendered":"<p>T\u00ean s\u1ea3n ph\u1ea9m: Titan dioxit BLR-895<\/p>\n<p>S\u1ed1 CAS: 1317-80-2<\/p>\n<p>MF: Tio2<\/p>\n<p>S\u1ed1 EINECS: 215-282-2<\/p>\n<p>Ngo\u1ea1i quan: B\u1ed9t m\u00e0u tr\u1eafng<\/p>","protected":false},"featured_media":3005,"template":"","meta":{"_acf_changed":false,"_gspb_post_css":""},"product_brand":[],"product_cat":[67,54,66,68],"product_tag":[],"class_list":{"0":"post-2999","1":"product","2":"type-product","3":"status-publish","4":"has-post-thumbnail","6":"product_cat-sulfate-process","7":"product_cat-inorganic-pigments","8":"product_cat-titanium-dioxide","9":"product_cat-chloride-process","11":"first","12":"instock","13":"shipping-taxable","14":"product-type-simple"},"acf":[],"_links":{"self":[{"href":"https:\/\/wpachem.com\/vi\/wp-json\/wp\/v2\/product\/2999","targetHints":{"allow":["GET"]}}],"collection":[{"href":"https:\/\/wpachem.com\/vi\/wp-json\/wp\/v2\/product"}],"about":[{"href":"https:\/\/wpachem.com\/vi\/wp-json\/wp\/v2\/types\/product"}],"version-history":[{"count":0,"href":"https:\/\/wpachem.com\/vi\/wp-json\/wp\/v2\/product\/2999\/revisions"}],"wp:featuredmedia":[{"embeddable":true,"href":"https:\/\/wpachem.com\/vi\/wp-json\/wp\/v2\/media\/3005"}],"wp:attachment":[{"href":"https:\/\/wpachem.com\/vi\/wp-json\/wp\/v2\/media?parent=2999"}],"wp:term":[{"taxonomy":"product_brand","embeddable":true,"href":"https:\/\/wpachem.com\/vi\/wp-json\/wp\/v2\/product_brand?post=2999"},{"taxonomy":"product_cat","embeddable":true,"href":"https:\/\/wpachem.com\/vi\/wp-json\/wp\/v2\/product_cat?post=2999"},{"taxonomy":"product_tag","embeddable":true,"href":"https:\/\/wpachem.com\/vi\/wp-json\/wp\/v2\/product_tag?post=2999"}],"curies":[{"name":"wp","href":"https:\/\/api.w.org\/{rel}","templated":true}]}}