{"id":3017,"date":"2022-08-31T08:19:32","date_gmt":"2022-08-31T08:19:32","guid":{"rendered":"http:\/\/site2.easyceotech.com\/?post_type=product&#038;p=3017"},"modified":"2024-06-12T05:32:50","modified_gmt":"2024-06-12T05:32:50","slug":"titanium-dioxide-blr-699","status":"publish","type":"product","link":"https:\/\/wpachem.com\/vi\/product\/titanium-dioxide-blr-699\/","title":{"rendered":"Titan dioxit BLR-699"},"content":{"rendered":"<p>B\u1ed9t m\u00e0u BILLIONS\u2122 BLR-699 l\u00e0 b\u1ed9t m\u00e0u titan dioxide d\u1ea1ng rutil, \u0111\u01b0\u1ee3c s\u1ea3n xu\u1ea5t theo quy tr\u00ecnh sunfat v\u00e0 \u0111\u01b0\u1ee3c thi\u1ebft k\u1ebf \u0111\u1ec3 ph\u00f9 h\u1ee3p v\u1edbi nhi\u1ec1u lo\u1ea1i l\u1edbp ph\u1ee7 v\u00e0 \u1ee9ng d\u1ee5ng m\u1ef1c in.<\/p>\n<p>S\u1eafc t\u1ed1 BILLIONS\u2122 BLR-699 c\u00f3 hi\u1ec7u su\u1ea5t quang h\u1ecdc to\u00e0n di\u1ec7n tuy\u1ec7t v\u1eddi v\u00e0 ph\u00e2n t\u00e1n nhanh trong c\u1ea3 c\u00f4ng th\u1ee9c g\u1ed1c n\u01b0\u1edbc v\u00e0 g\u1ed1c dung m\u00f4i. X\u1eed l\u00fd b\u1ec1 m\u1eb7t zirconia v\u00e0 alumina mang l\u1ea1i hi\u1ec7u su\u1ea5t ch\u1ed1ng ch\u1ecbu th\u1eddi ti\u1ebft tuy\u1ec7t v\u1eddi, ngh\u0129a l\u00e0 n\u00f3 c\u00f3 t\u00ednh linh ho\u1ea1t \u0111\u1ec3 ph\u00f9 h\u1ee3p cho c\u1ea3 \u1ee9ng d\u1ee5ng b\u00ean ngo\u00e0i v\u00e0 b\u00ean trong.<\/p>\n<p>&nbsp;<\/p>\n<table>\n<tbody>\n<tr>\n<td width=\"252\">TH\u00d4NG S\u1ed0<\/td>\n<td width=\"252\">GI\u00c1 TR\u1eca<\/td>\n<td width=\"252\">PH\u01af\u01a0NG PH\u00c1P KI\u1ec2M TRA<\/td>\n<\/tr>\n<tr>\n<td width=\"252\">H\u00e0m l\u01b0\u1ee3ng Tio2<\/td>\n<td width=\"252\">94.0%<\/td>\n<td width=\"252\">X-quang<\/td>\n<\/tr>\n<tr>\n<td width=\"252\">L\u1edbp ph\u1ee7 v\u00f4 c\u01a1<\/td>\n<td width=\"252\">Nh\u00f4m oxit; Zirconia<\/td>\n<td width=\"252\">&#8211;<\/td>\n<\/tr>\n<tr>\n<td width=\"252\">X\u1eed l\u00fd h\u1eefu c\u01a1<\/td>\n<td width=\"252\">Hi\u1ec7n t\u1ea1i<\/td>\n<td width=\"252\">&#8211;<\/td>\n<\/tr>\n<tr>\n<td width=\"252\">\u0110\u1ed9 \u1ea9m khi \u0111\u00f3ng g\u00f3i*<\/td>\n<td width=\"252\">0,5% t\u1ed1i \u0111a<\/td>\n<td width=\"252\">Ti\u00eau chu\u1ea9n ISO787-2<\/td>\n<\/tr>\n<tr>\n<td width=\"252\">Kh\u1ed1i l\u01b0\u1ee3ng ri\u00eang (\u0111\u00e3 n\u00e9n ch\u1eb7t)<\/td>\n<td width=\"252\">1,1g\/cm3<\/td>\n<td width=\"252\">Ti\u00eau chu\u1ea9n ISO787-11<\/td>\n<\/tr>\n<tr>\n<td width=\"252\">H\u1ea5p th\u1ee5 d\u1ea7u<\/td>\n<td width=\"252\">17g\/100g<\/td>\n<td width=\"252\">Ti\u00eau chu\u1ea9n ISO787-5<\/td>\n<\/tr>\n<tr>\n<td width=\"252\">\u0111\u1ed9 pH<\/td>\n<td width=\"252\">7.9<\/td>\n<td width=\"252\">Ti\u00eau chu\u1ea9n ISO787-9<\/td>\n<\/tr>\n<tr>\n<td width=\"252\">Tr\u1ecdng l\u01b0\u1ee3ng ri\u00eang<\/td>\n<td width=\"252\">4,1g\/cm3<\/td>\n<td width=\"252\">Ti\u00eau chu\u1ea9n ISO787-10<\/td>\n<\/tr>\n<tr>\n<td width=\"252\">Ph\u00e2n lo\u1ea1i ISO 591<\/td>\n<td width=\"252\">R2<\/td>\n<td width=\"252\">&#8211;<\/td>\n<\/tr>\n<tr>\n<td width=\"252\">S\u1ed1 CAS<\/td>\n<td width=\"252\">13463-67-7<\/td>\n<td width=\"252\">&#8211;<\/td>\n<\/tr>\n<tr>\n<td width=\"252\">Ch\u1ec9 s\u1ed1 m\u00e0u<\/td>\n<td width=\"252\">S\u1eafc t\u1ed1 tr\u1eafng 6<\/td>\n<td width=\"252\">&#8211;<\/td>\n<\/tr>\n<\/tbody>\n<\/table>\n<p>&nbsp;<\/p>\n<p>\u1ee8ng d\u1ee5ng:<\/p>\n<p>1: L\u1edbp ph\u1ee7 ki\u1ebfn tr\u00fac n\u1ed9i th\u1ea5t<\/p>\n<p>2: L\u1edbp ph\u1ee7 ki\u1ebfn tr\u00fac b\u00ean ngo\u00e0i<\/p>\n<p>3: L\u1edbp ph\u1ee7 c\u00f4ng nghi\u1ec7p<\/p>\n<p>4: M\u1ef1c in<\/p>\n<p>&nbsp;<\/p>\n<p>\u0110\u00f3ng g\u00f3i: Bao 25 kg, bao 500 kg, bao 1000 kg.<\/p>","protected":false},"excerpt":{"rendered":"<p>T\u00ean s\u1ea3n ph\u1ea9m: Titan dioxit BLR-699<\/p>\n<p>S\u1ed1 CAS: 1317-80-2<\/p>\n<p>MF: Tio2<\/p>\n<p>S\u1ed1 EINECS: 215-282-2<\/p>\n<p>Ngo\u1ea1i quan: B\u1ed9t m\u00e0u tr\u1eafng<\/p>","protected":false},"featured_media":3005,"template":"","meta":{"_acf_changed":false,"_gspb_post_css":""},"product_brand":[],"product_cat":[67,54,66],"product_tag":[],"class_list":{"0":"post-3017","1":"product","2":"type-product","3":"status-publish","4":"has-post-thumbnail","6":"product_cat-sulfate-process","7":"product_cat-inorganic-pigments","8":"product_cat-titanium-dioxide","10":"first","11":"instock","12":"shipping-taxable","13":"product-type-simple"},"acf":[],"_links":{"self":[{"href":"https:\/\/wpachem.com\/vi\/wp-json\/wp\/v2\/product\/3017","targetHints":{"allow":["GET"]}}],"collection":[{"href":"https:\/\/wpachem.com\/vi\/wp-json\/wp\/v2\/product"}],"about":[{"href":"https:\/\/wpachem.com\/vi\/wp-json\/wp\/v2\/types\/product"}],"version-history":[{"count":0,"href":"https:\/\/wpachem.com\/vi\/wp-json\/wp\/v2\/product\/3017\/revisions"}],"wp:featuredmedia":[{"embeddable":true,"href":"https:\/\/wpachem.com\/vi\/wp-json\/wp\/v2\/media\/3005"}],"wp:attachment":[{"href":"https:\/\/wpachem.com\/vi\/wp-json\/wp\/v2\/media?parent=3017"}],"wp:term":[{"taxonomy":"product_brand","embeddable":true,"href":"https:\/\/wpachem.com\/vi\/wp-json\/wp\/v2\/product_brand?post=3017"},{"taxonomy":"product_cat","embeddable":true,"href":"https:\/\/wpachem.com\/vi\/wp-json\/wp\/v2\/product_cat?post=3017"},{"taxonomy":"product_tag","embeddable":true,"href":"https:\/\/wpachem.com\/vi\/wp-json\/wp\/v2\/product_tag?post=3017"}],"curies":[{"name":"wp","href":"https:\/\/api.w.org\/{rel}","templated":true}]}}